{"id":8766,"date":"2019-10-24T10:53:32","date_gmt":"2019-10-24T09:53:32","guid":{"rendered":"https:\/\/wool-bed.com\/shop\/ukategorisert\/cherry-seed-bag\/"},"modified":"2020-04-17T16:19:57","modified_gmt":"2020-04-17T15:19:57","slug":"cherry-seed-bag","status":"publish","type":"product","link":"https:\/\/wool-bed.com\/nb\/shop\/tilbehor\/cherry-seed-bag\/","title":{"rendered":"K\u00f6rsb\u00e4rsp\u00e5se"},"content":{"rendered":"","protected":false},"excerpt":{"rendered":"<p>Vi i Woolbed har \u00e6ren av \u00e5 presentere nyhetene v\u00e5re, kirseb\u00e6rsekken. Vi har kombinert de fantastiske egenskapene med kirseb\u00e6rkjerner og ull for \u00e5 skape dette fantastiske produktet. Du kan bruke den kald eller varm etter behov.<\/p>\n<p>&nbsp;<\/p>\n<p>[vc_row][vc_column][vc_row_inner][vc_column_inner width=&raquo;1\/2&#8243;][vc_column_text]<\/p>\n<h4>VARM<\/h4>\n<ul>\n<li>Leddgikt<\/li>\n<li>Menstruasjonssmerter<\/li>\n<li>Revmatisme<\/li>\n<li>Kramper<\/li>\n<\/ul>\n<p>[\/vc_column_text][\/vc_column_inner][vc_column_inner width=&raquo;1\/2&#8243;][vc_column_text]<\/p>\n<h4>KALDT<\/h4>\n<ul>\n<li>Forstuvning<\/li>\n<li>Hevelse<\/li>\n<li>Feber<\/li>\n<li>Hodepine<\/li>\n<li>Trette ben<\/li>\n<\/ul>\n<p>[\/vc_column_text][\/vc_column_inner][\/vc_row_inner]<\/p>\n<p>&nbsp;<\/p>\n<p>[qodef_tabs style=\"horizontal_tab\" title_layout=\"without_icon\"][qodef_tab icon_pack=\"font_awesome\" fa_icon=\"\" title=\"Bruk ved behov for varme\"][vc_column_text]Varm sekken UTEN ull i mikrob\u00f8lgeovnen 1:30 sek. Det anbefales \u00e5 varme den sammen med et glass vann for \u00e5 unng\u00e5 dehydrering av kjernene. Prosessen kan gjentas maksimalt tre ganger. N\u00e5r sekken er varm, legg den i ulltrekket. Ullen holder varmen lenger, den vil unng\u00e5 direkte kontakt med huden, den vil f\u00f8les mykere og mer behagelig \u00e5 komme i kontakt med, og den hjelper til med \u00e5 aktivere blodsirkulasjonen p\u00e5 grunn av dens egenskaper.[\/vc_column_text][\/qodef_tab][qodef_tab icon_pack=\"font_awesome\" fa_icon=\"\" title=\"Bruk ved behov for kulde\/nedkj\u00f8ling\"][vc_column_text]Legg sekken med kirseb\u00e6rkjerner UTEN ull i en plastpose for \u00e5 unng\u00e5 fuktighet, sett i fryseren i flere timer. N\u00e5r den er frosset, ta den ut av posen og legg sekken i ulltrekket. Ullen hjelper til med \u00e5 unng\u00e5 direkte kontakt med kuldeposen, den vil f\u00f8les mykere og mer behagelig \u00e5 komme i kontakt med og den hjelper til med \u00e5 aktivere blodsirkulasjonen takket v\u00e6re dens egenskaper. [\/vc_column_text][\/qodef_tab][\/qodef_tabs][\/vc_column][\/vc_row]<\/p>\n<p>M\u00e5l: 45cm x 15cm<\/p>\n","protected":false},"featured_media":8781,"comment_status":"closed","ping_status":"closed","template":"","meta":[],"product_brand":[],"product_cat":[349],"product_tag":[],"class_list":{"0":"post-8766","1":"product","2":"type-product","3":"status-publish","4":"has-post-thumbnail","6":"product_cat-tilbehor","8":"first","9":"instock","10":"shipping-taxable","11":"purchasable","12":"product-type-simple"},"bundle_layout":"","bundled_by":[],"bundled_items":[],"yoast_head":"<!-- This site is optimized with the Yoast SEO plugin v27.5 - https:\/\/yoast.com\/product\/yoast-seo-wordpress\/ -->\n<title>K\u00f6rsb\u00e4rsp\u00e5se | WoolBed | SPESIALISTER I ULL, EKSPERTER P\u00c5 DIN S\u00d8VN<\/title>\n<meta name=\"robots\" content=\"index, follow, max-snippet:-1, max-image-preview:large, max-video-preview:-1\" \/>\n<link rel=\"canonical\" href=\"https:\/\/wool-bed.com\/nb\/shop\/tilbehor\/cherry-seed-bag\/\" \/>\n<meta property=\"og:locale\" content=\"nb_NO\" \/>\n<meta property=\"og:type\" content=\"article\" \/>\n<meta property=\"og:title\" content=\"K\u00f6rsb\u00e4rsp\u00e5se | WoolBed | SPESIALISTER I ULL, EKSPERTER P\u00c5 DIN S\u00d8VN\" \/>\n<meta property=\"og:description\" content=\"Vi i Woolbed har \u00e6ren av \u00e5 presentere nyhetene v\u00e5re, kirseb\u00e6rsekken. Vi har kombinert de fantastiske egenskapene med kirseb\u00e6rkjerner og ull for \u00e5 skape dette fantastiske produktet. Du kan bruke den kald eller varm etter behov.  &nbsp;  [vc_row][vc_column][vc_row_inner][vc_column_inner width=&quot;1\/2&quot;][vc_column_text] VARM   Leddgikt  Menstruasjonssmerter  Revmatisme  Kramper  [\/vc_column_text][\/vc_column_inner][vc_column_inner width=&quot;1\/2&quot;][vc_column_text] KALDT   Forstuvning  Hevelse  Feber  Hodepine  Trette ben  [\/vc_column_text][\/vc_column_inner][\/vc_row_inner]  &nbsp;  [\/vc_column][\/vc_row]  M\u00e5l: 45cm x 15cm\" \/>\n<meta property=\"og:url\" content=\"https:\/\/wool-bed.com\/nb\/shop\/tilbehor\/cherry-seed-bag\/\" \/>\n<meta property=\"og:site_name\" content=\"WoolBed | SPESIALISTER I ULL, EKSPERTER P\u00c5 DIN S\u00d8VN\" \/>\n<meta property=\"article:publisher\" content=\"https:\/\/www.facebook.com\/WoolBed\/\" \/>\n<meta property=\"article:modified_time\" content=\"2020-04-17T15:19:57+00:00\" \/>\n<meta property=\"og:image\" content=\"https:\/\/wool-bed.com\/wp-content\/uploads\/K\u00f6rsb\u00e4rsp\u00e5se-woolbed-collection-detail.jpg\" \/>\n\t<meta property=\"og:image:width\" content=\"800\" \/>\n\t<meta property=\"og:image:height\" content=\"800\" \/>\n\t<meta property=\"og:image:type\" content=\"image\/jpeg\" \/>\n<meta name=\"twitter:card\" content=\"summary_large_image\" \/>\n<script type=\"application\/ld+json\" class=\"yoast-schema-graph\">{\"@context\":\"https:\\\/\\\/schema.org\",\"@graph\":[{\"@type\":\"WebPage\",\"@id\":\"https:\\\/\\\/wool-bed.com\\\/nb\\\/shop\\\/tilbehor\\\/cherry-seed-bag\\\/\",\"url\":\"https:\\\/\\\/wool-bed.com\\\/nb\\\/shop\\\/tilbehor\\\/cherry-seed-bag\\\/\",\"name\":\"K\u00f6rsb\u00e4rsp\u00e5se | WoolBed | SPESIALISTER I ULL, EKSPERTER P\u00c5 DIN S\u00d8VN\",\"isPartOf\":{\"@id\":\"https:\\\/\\\/wool-bed.com\\\/nb\\\/#website\"},\"primaryImageOfPage\":{\"@id\":\"https:\\\/\\\/wool-bed.com\\\/nb\\\/shop\\\/tilbehor\\\/cherry-seed-bag\\\/#primaryimage\"},\"image\":{\"@id\":\"https:\\\/\\\/wool-bed.com\\\/nb\\\/shop\\\/tilbehor\\\/cherry-seed-bag\\\/#primaryimage\"},\"thumbnailUrl\":\"https:\\\/\\\/wool-bed.com\\\/wp-content\\\/uploads\\\/K\u00f6rsb\u00e4rsp\u00e5se-woolbed-collection-detail.jpg\",\"datePublished\":\"2019-10-24T09:53:32+00:00\",\"dateModified\":\"2020-04-17T15:19:57+00:00\",\"breadcrumb\":{\"@id\":\"https:\\\/\\\/wool-bed.com\\\/nb\\\/shop\\\/tilbehor\\\/cherry-seed-bag\\\/#breadcrumb\"},\"inLanguage\":\"nb-NO\",\"potentialAction\":[{\"@type\":\"ReadAction\",\"target\":[\"https:\\\/\\\/wool-bed.com\\\/nb\\\/shop\\\/tilbehor\\\/cherry-seed-bag\\\/\"]}]},{\"@type\":\"ImageObject\",\"inLanguage\":\"nb-NO\",\"@id\":\"https:\\\/\\\/wool-bed.com\\\/nb\\\/shop\\\/tilbehor\\\/cherry-seed-bag\\\/#primaryimage\",\"url\":\"https:\\\/\\\/wool-bed.com\\\/wp-content\\\/uploads\\\/K\u00f6rsb\u00e4rsp\u00e5se-woolbed-collection-detail.jpg\",\"contentUrl\":\"https:\\\/\\\/wool-bed.com\\\/wp-content\\\/uploads\\\/K\u00f6rsb\u00e4rsp\u00e5se-woolbed-collection-detail.jpg\",\"width\":800,\"height\":800},{\"@type\":\"BreadcrumbList\",\"@id\":\"https:\\\/\\\/wool-bed.com\\\/nb\\\/shop\\\/tilbehor\\\/cherry-seed-bag\\\/#breadcrumb\",\"itemListElement\":[{\"@type\":\"ListItem\",\"position\":1,\"name\":\"Home\",\"item\":\"https:\\\/\\\/wool-bed.com\\\/nb\\\/\"},{\"@type\":\"ListItem\",\"position\":2,\"name\":\"Produkter\",\"item\":\"https:\\\/\\\/wool-bed.com\\\/nb\\\/shop\\\/\"},{\"@type\":\"ListItem\",\"position\":3,\"name\":\"K\u00f6rsb\u00e4rsp\u00e5se\"}]},{\"@type\":\"WebSite\",\"@id\":\"https:\\\/\\\/wool-bed.com\\\/nb\\\/#website\",\"url\":\"https:\\\/\\\/wool-bed.com\\\/nb\\\/\",\"name\":\"WoolBed | SPESIALISTER I ULL, EKSPERTER P\u00c5 DIN S\u00d8VN\",\"description\":\"In Woolbed we labour for your rest. Visit our online shop and discover our memory foam mattresses and Merino and Cashmere wool products with Woolmark quality guarantee.\",\"potentialAction\":[{\"@type\":\"SearchAction\",\"target\":{\"@type\":\"EntryPoint\",\"urlTemplate\":\"https:\\\/\\\/wool-bed.com\\\/nb\\\/?s={search_term_string}\"},\"query-input\":{\"@type\":\"PropertyValueSpecification\",\"valueRequired\":true,\"valueName\":\"search_term_string\"}}],\"inLanguage\":\"nb-NO\"}]}<\/script>\n<!-- \/ Yoast SEO plugin. -->","yoast_head_json":{"title":"K\u00f6rsb\u00e4rsp\u00e5se | WoolBed | SPESIALISTER I ULL, EKSPERTER P\u00c5 DIN S\u00d8VN","robots":{"index":"index","follow":"follow","max-snippet":"max-snippet:-1","max-image-preview":"max-image-preview:large","max-video-preview":"max-video-preview:-1"},"canonical":"https:\/\/wool-bed.com\/nb\/shop\/tilbehor\/cherry-seed-bag\/","og_locale":"nb_NO","og_type":"article","og_title":"K\u00f6rsb\u00e4rsp\u00e5se | WoolBed | SPESIALISTER I ULL, EKSPERTER P\u00c5 DIN S\u00d8VN","og_description":"Vi i Woolbed har \u00e6ren av \u00e5 presentere nyhetene v\u00e5re, kirseb\u00e6rsekken. Vi har kombinert de fantastiske egenskapene med kirseb\u00e6rkjerner og ull for \u00e5 skape dette fantastiske produktet. Du kan bruke den kald eller varm etter behov.  &nbsp;  [vc_row][vc_column][vc_row_inner][vc_column_inner width=\"1\/2\"][vc_column_text] VARM   Leddgikt  Menstruasjonssmerter  Revmatisme  Kramper  [\/vc_column_text][\/vc_column_inner][vc_column_inner width=\"1\/2\"][vc_column_text] KALDT   Forstuvning  Hevelse  Feber  Hodepine  Trette ben  [\/vc_column_text][\/vc_column_inner][\/vc_row_inner]  &nbsp;  [\/vc_column][\/vc_row]  M\u00e5l: 45cm x 15cm","og_url":"https:\/\/wool-bed.com\/nb\/shop\/tilbehor\/cherry-seed-bag\/","og_site_name":"WoolBed | SPESIALISTER I ULL, EKSPERTER P\u00c5 DIN S\u00d8VN","article_publisher":"https:\/\/www.facebook.com\/WoolBed\/","article_modified_time":"2020-04-17T15:19:57+00:00","og_image":[{"width":800,"height":800,"url":"https:\/\/wool-bed.com\/wp-content\/uploads\/K\u00f6rsb\u00e4rsp\u00e5se-woolbed-collection-detail.jpg","type":"image\/jpeg"}],"twitter_card":"summary_large_image","schema":{"@context":"https:\/\/schema.org","@graph":[{"@type":"WebPage","@id":"https:\/\/wool-bed.com\/nb\/shop\/tilbehor\/cherry-seed-bag\/","url":"https:\/\/wool-bed.com\/nb\/shop\/tilbehor\/cherry-seed-bag\/","name":"K\u00f6rsb\u00e4rsp\u00e5se | WoolBed | SPESIALISTER I ULL, EKSPERTER P\u00c5 DIN S\u00d8VN","isPartOf":{"@id":"https:\/\/wool-bed.com\/nb\/#website"},"primaryImageOfPage":{"@id":"https:\/\/wool-bed.com\/nb\/shop\/tilbehor\/cherry-seed-bag\/#primaryimage"},"image":{"@id":"https:\/\/wool-bed.com\/nb\/shop\/tilbehor\/cherry-seed-bag\/#primaryimage"},"thumbnailUrl":"https:\/\/wool-bed.com\/wp-content\/uploads\/K\u00f6rsb\u00e4rsp\u00e5se-woolbed-collection-detail.jpg","datePublished":"2019-10-24T09:53:32+00:00","dateModified":"2020-04-17T15:19:57+00:00","breadcrumb":{"@id":"https:\/\/wool-bed.com\/nb\/shop\/tilbehor\/cherry-seed-bag\/#breadcrumb"},"inLanguage":"nb-NO","potentialAction":[{"@type":"ReadAction","target":["https:\/\/wool-bed.com\/nb\/shop\/tilbehor\/cherry-seed-bag\/"]}]},{"@type":"ImageObject","inLanguage":"nb-NO","@id":"https:\/\/wool-bed.com\/nb\/shop\/tilbehor\/cherry-seed-bag\/#primaryimage","url":"https:\/\/wool-bed.com\/wp-content\/uploads\/K\u00f6rsb\u00e4rsp\u00e5se-woolbed-collection-detail.jpg","contentUrl":"https:\/\/wool-bed.com\/wp-content\/uploads\/K\u00f6rsb\u00e4rsp\u00e5se-woolbed-collection-detail.jpg","width":800,"height":800},{"@type":"BreadcrumbList","@id":"https:\/\/wool-bed.com\/nb\/shop\/tilbehor\/cherry-seed-bag\/#breadcrumb","itemListElement":[{"@type":"ListItem","position":1,"name":"Home","item":"https:\/\/wool-bed.com\/nb\/"},{"@type":"ListItem","position":2,"name":"Produkter","item":"https:\/\/wool-bed.com\/nb\/shop\/"},{"@type":"ListItem","position":3,"name":"K\u00f6rsb\u00e4rsp\u00e5se"}]},{"@type":"WebSite","@id":"https:\/\/wool-bed.com\/nb\/#website","url":"https:\/\/wool-bed.com\/nb\/","name":"WoolBed | SPESIALISTER I ULL, EKSPERTER P\u00c5 DIN S\u00d8VN","description":"In Woolbed we labour for your rest. Visit our online shop and discover our memory foam mattresses and Merino and Cashmere wool products with Woolmark quality guarantee.","potentialAction":[{"@type":"SearchAction","target":{"@type":"EntryPoint","urlTemplate":"https:\/\/wool-bed.com\/nb\/?s={search_term_string}"},"query-input":{"@type":"PropertyValueSpecification","valueRequired":true,"valueName":"search_term_string"}}],"inLanguage":"nb-NO"}]}},"_links":{"self":[{"href":"https:\/\/wool-bed.com\/nb\/wp-json\/wp\/v2\/product\/8766","targetHints":{"allow":["GET"]}}],"collection":[{"href":"https:\/\/wool-bed.com\/nb\/wp-json\/wp\/v2\/product"}],"about":[{"href":"https:\/\/wool-bed.com\/nb\/wp-json\/wp\/v2\/types\/product"}],"replies":[{"embeddable":true,"href":"https:\/\/wool-bed.com\/nb\/wp-json\/wp\/v2\/comments?post=8766"}],"wp:featuredmedia":[{"embeddable":true,"href":"https:\/\/wool-bed.com\/nb\/wp-json\/wp\/v2\/media\/8781"}],"wp:attachment":[{"href":"https:\/\/wool-bed.com\/nb\/wp-json\/wp\/v2\/media?parent=8766"}],"wp:term":[{"taxonomy":"product_brand","embeddable":true,"href":"https:\/\/wool-bed.com\/nb\/wp-json\/wp\/v2\/product_brand?post=8766"},{"taxonomy":"product_cat","embeddable":true,"href":"https:\/\/wool-bed.com\/nb\/wp-json\/wp\/v2\/product_cat?post=8766"},{"taxonomy":"product_tag","embeddable":true,"href":"https:\/\/wool-bed.com\/nb\/wp-json\/wp\/v2\/product_tag?post=8766"}],"curies":[{"name":"wp","href":"https:\/\/api.w.org\/{rel}","templated":true}]}}