{"id":7576,"date":"2019-03-13T15:13:32","date_gmt":"2019-03-13T15:13:32","guid":{"rendered":"https:\/\/wool-bed.com\/shop\/ukategorisert\/babytrip\/"},"modified":"2019-03-13T15:17:23","modified_gmt":"2019-03-13T15:17:23","slug":"babytrip","status":"publish","type":"product","link":"https:\/\/wool-bed.com\/nb\/shop\/babywool-nb\/babytrip\/","title":{"rendered":"Babytrip"},"content":{"rendered":"","protected":false},"excerpt":{"rendered":"<p>Hvor mange ganger reiser vi med v\u00e5re babyer, og bekymrer oss for hvordan de skal sove n\u00e5r vi kommer frem til destinasjonen? Vi m\u00e5 reise med tunge reisesenger eller bestille babysenger p\u00e5 hoteller, uten at vi vet om de er gode og i hvilken tilstand.<\/p>\n<p>Vi tenker p\u00e5 alle detaljer, og har designet en reisemadrass, for at din baby alltid sover like godt som hjemme.<br \/>\nDen har 4 cm skum og med ull p\u00e5 oversiden. Den har en glidel\u00e5s rundt, for \u00e5 kunne\u00a0lukke teppet, og bruke den som en sovepose. Den kan rulles sammen, s\u00e5nn at du lett kan ta den med i en koffert.<\/p>\n<p>Trekket kan tas av og vaskes i 30 grader C.<br \/>\nVekt: 1.3 kg<br \/>\nSt\u00f8rrelse: 50 x 100 cm.<\/p>\n","protected":false},"featured_media":7674,"comment_status":"closed","ping_status":"closed","template":"","meta":[],"product_brand":[],"product_cat":[333],"product_tag":[],"class_list":{"0":"post-7576","1":"product","2":"type-product","3":"status-publish","4":"has-post-thumbnail","6":"product_cat-babywool-nb","8":"first","9":"instock","10":"shipping-taxable","11":"purchasable","12":"product-type-simple"},"bundle_layout":"","bundled_by":[],"bundled_items":[],"yoast_head":"<!-- This site is optimized with the Yoast SEO plugin v27.3 - https:\/\/yoast.com\/product\/yoast-seo-wordpress\/ -->\n<title>Babytrip | WoolBed | SPESIALISTER I ULL, EKSPERTER P\u00c5 DIN S\u00d8VN<\/title>\n<meta name=\"robots\" content=\"index, follow, max-snippet:-1, max-image-preview:large, max-video-preview:-1\" \/>\n<link rel=\"canonical\" href=\"https:\/\/wool-bed.com\/nb\/shop\/babywool-nb\/babytrip\/\" \/>\n<meta property=\"og:locale\" content=\"nb_NO\" \/>\n<meta property=\"og:type\" content=\"article\" \/>\n<meta property=\"og:title\" content=\"Babytrip | WoolBed | SPESIALISTER I ULL, EKSPERTER P\u00c5 DIN S\u00d8VN\" \/>\n<meta property=\"og:description\" content=\"Hvor mange ganger reiser vi med v\u00e5re babyer, og bekymrer oss for hvordan de skal sove n\u00e5r vi kommer frem til destinasjonen? Vi m\u00e5 reise med tunge reisesenger eller bestille babysenger p\u00e5 hoteller, uten at vi vet om de er gode og i hvilken tilstand.  Vi tenker p\u00e5 alle detaljer, og har designet en reisemadrass, for at din baby alltid sover like godt som hjemme. Den har 4 cm skum og med ull p\u00e5 oversiden. Den har en glidel\u00e5s rundt, for \u00e5 kunne\u00a0lukke teppet, og bruke den som en sovepose. Den kan rulles sammen, s\u00e5nn at du lett kan ta den med i en koffert.  Trekket kan tas av og vaskes i 30 grader C. Vekt: 1.3 kg St\u00f8rrelse: 50 x 100 cm.\" \/>\n<meta property=\"og:url\" content=\"https:\/\/wool-bed.com\/nb\/shop\/babywool-nb\/babytrip\/\" \/>\n<meta property=\"og:site_name\" content=\"WoolBed | SPESIALISTER I ULL, EKSPERTER P\u00c5 DIN S\u00d8VN\" \/>\n<meta property=\"article:publisher\" content=\"https:\/\/www.facebook.com\/WoolBed\/\" \/>\n<meta property=\"article:modified_time\" content=\"2019-03-13T15:17:23+00:00\" \/>\n<meta property=\"og:image\" content=\"https:\/\/wool-bed.com\/wp-content\/uploads\/detail_2_babytrip_babywool.jpg\" \/>\n\t<meta property=\"og:image:width\" content=\"800\" \/>\n\t<meta property=\"og:image:height\" content=\"800\" \/>\n\t<meta property=\"og:image:type\" content=\"image\/jpeg\" \/>\n<meta name=\"twitter:card\" content=\"summary_large_image\" \/>\n<script type=\"application\/ld+json\" class=\"yoast-schema-graph\">{\"@context\":\"https:\\\/\\\/schema.org\",\"@graph\":[{\"@type\":\"WebPage\",\"@id\":\"https:\\\/\\\/wool-bed.com\\\/nb\\\/shop\\\/babywool-nb\\\/babytrip\\\/\",\"url\":\"https:\\\/\\\/wool-bed.com\\\/nb\\\/shop\\\/babywool-nb\\\/babytrip\\\/\",\"name\":\"Babytrip | WoolBed | SPESIALISTER I ULL, EKSPERTER P\u00c5 DIN S\u00d8VN\",\"isPartOf\":{\"@id\":\"https:\\\/\\\/wool-bed.com\\\/nb\\\/#website\"},\"primaryImageOfPage\":{\"@id\":\"https:\\\/\\\/wool-bed.com\\\/nb\\\/shop\\\/babywool-nb\\\/babytrip\\\/#primaryimage\"},\"image\":{\"@id\":\"https:\\\/\\\/wool-bed.com\\\/nb\\\/shop\\\/babywool-nb\\\/babytrip\\\/#primaryimage\"},\"thumbnailUrl\":\"https:\\\/\\\/wool-bed.com\\\/wp-content\\\/uploads\\\/detail_2_babytrip_babywool.jpg\",\"datePublished\":\"2019-03-13T15:13:32+00:00\",\"dateModified\":\"2019-03-13T15:17:23+00:00\",\"breadcrumb\":{\"@id\":\"https:\\\/\\\/wool-bed.com\\\/nb\\\/shop\\\/babywool-nb\\\/babytrip\\\/#breadcrumb\"},\"inLanguage\":\"nb-NO\",\"potentialAction\":[{\"@type\":\"ReadAction\",\"target\":[\"https:\\\/\\\/wool-bed.com\\\/nb\\\/shop\\\/babywool-nb\\\/babytrip\\\/\"]}]},{\"@type\":\"ImageObject\",\"inLanguage\":\"nb-NO\",\"@id\":\"https:\\\/\\\/wool-bed.com\\\/nb\\\/shop\\\/babywool-nb\\\/babytrip\\\/#primaryimage\",\"url\":\"https:\\\/\\\/wool-bed.com\\\/wp-content\\\/uploads\\\/detail_2_babytrip_babywool.jpg\",\"contentUrl\":\"https:\\\/\\\/wool-bed.com\\\/wp-content\\\/uploads\\\/detail_2_babytrip_babywool.jpg\",\"width\":800,\"height\":800},{\"@type\":\"BreadcrumbList\",\"@id\":\"https:\\\/\\\/wool-bed.com\\\/nb\\\/shop\\\/babywool-nb\\\/babytrip\\\/#breadcrumb\",\"itemListElement\":[{\"@type\":\"ListItem\",\"position\":1,\"name\":\"Home\",\"item\":\"https:\\\/\\\/wool-bed.com\\\/nb\\\/\"},{\"@type\":\"ListItem\",\"position\":2,\"name\":\"Produkter\",\"item\":\"https:\\\/\\\/wool-bed.com\\\/nb\\\/shop\\\/\"},{\"@type\":\"ListItem\",\"position\":3,\"name\":\"Babytrip\"}]},{\"@type\":\"WebSite\",\"@id\":\"https:\\\/\\\/wool-bed.com\\\/nb\\\/#website\",\"url\":\"https:\\\/\\\/wool-bed.com\\\/nb\\\/\",\"name\":\"WoolBed | SPESIALISTER I ULL, EKSPERTER P\u00c5 DIN S\u00d8VN\",\"description\":\"In Woolbed we labour for your rest. Visit our online shop and discover our memory foam mattresses and Merino and Cashmere wool products with Woolmark quality guarantee.\",\"potentialAction\":[{\"@type\":\"SearchAction\",\"target\":{\"@type\":\"EntryPoint\",\"urlTemplate\":\"https:\\\/\\\/wool-bed.com\\\/nb\\\/?s={search_term_string}\"},\"query-input\":{\"@type\":\"PropertyValueSpecification\",\"valueRequired\":true,\"valueName\":\"search_term_string\"}}],\"inLanguage\":\"nb-NO\"}]}<\/script>\n<!-- \/ Yoast SEO plugin. -->","yoast_head_json":{"title":"Babytrip | WoolBed | SPESIALISTER I ULL, EKSPERTER P\u00c5 DIN S\u00d8VN","robots":{"index":"index","follow":"follow","max-snippet":"max-snippet:-1","max-image-preview":"max-image-preview:large","max-video-preview":"max-video-preview:-1"},"canonical":"https:\/\/wool-bed.com\/nb\/shop\/babywool-nb\/babytrip\/","og_locale":"nb_NO","og_type":"article","og_title":"Babytrip | WoolBed | SPESIALISTER I ULL, EKSPERTER P\u00c5 DIN S\u00d8VN","og_description":"Hvor mange ganger reiser vi med v\u00e5re babyer, og bekymrer oss for hvordan de skal sove n\u00e5r vi kommer frem til destinasjonen? Vi m\u00e5 reise med tunge reisesenger eller bestille babysenger p\u00e5 hoteller, uten at vi vet om de er gode og i hvilken tilstand.  Vi tenker p\u00e5 alle detaljer, og har designet en reisemadrass, for at din baby alltid sover like godt som hjemme. Den har 4 cm skum og med ull p\u00e5 oversiden. Den har en glidel\u00e5s rundt, for \u00e5 kunne\u00a0lukke teppet, og bruke den som en sovepose. Den kan rulles sammen, s\u00e5nn at du lett kan ta den med i en koffert.  Trekket kan tas av og vaskes i 30 grader C. Vekt: 1.3 kg St\u00f8rrelse: 50 x 100 cm.","og_url":"https:\/\/wool-bed.com\/nb\/shop\/babywool-nb\/babytrip\/","og_site_name":"WoolBed | SPESIALISTER I ULL, EKSPERTER P\u00c5 DIN S\u00d8VN","article_publisher":"https:\/\/www.facebook.com\/WoolBed\/","article_modified_time":"2019-03-13T15:17:23+00:00","og_image":[{"width":800,"height":800,"url":"https:\/\/wool-bed.com\/wp-content\/uploads\/detail_2_babytrip_babywool.jpg","type":"image\/jpeg"}],"twitter_card":"summary_large_image","schema":{"@context":"https:\/\/schema.org","@graph":[{"@type":"WebPage","@id":"https:\/\/wool-bed.com\/nb\/shop\/babywool-nb\/babytrip\/","url":"https:\/\/wool-bed.com\/nb\/shop\/babywool-nb\/babytrip\/","name":"Babytrip | WoolBed | SPESIALISTER I ULL, EKSPERTER P\u00c5 DIN S\u00d8VN","isPartOf":{"@id":"https:\/\/wool-bed.com\/nb\/#website"},"primaryImageOfPage":{"@id":"https:\/\/wool-bed.com\/nb\/shop\/babywool-nb\/babytrip\/#primaryimage"},"image":{"@id":"https:\/\/wool-bed.com\/nb\/shop\/babywool-nb\/babytrip\/#primaryimage"},"thumbnailUrl":"https:\/\/wool-bed.com\/wp-content\/uploads\/detail_2_babytrip_babywool.jpg","datePublished":"2019-03-13T15:13:32+00:00","dateModified":"2019-03-13T15:17:23+00:00","breadcrumb":{"@id":"https:\/\/wool-bed.com\/nb\/shop\/babywool-nb\/babytrip\/#breadcrumb"},"inLanguage":"nb-NO","potentialAction":[{"@type":"ReadAction","target":["https:\/\/wool-bed.com\/nb\/shop\/babywool-nb\/babytrip\/"]}]},{"@type":"ImageObject","inLanguage":"nb-NO","@id":"https:\/\/wool-bed.com\/nb\/shop\/babywool-nb\/babytrip\/#primaryimage","url":"https:\/\/wool-bed.com\/wp-content\/uploads\/detail_2_babytrip_babywool.jpg","contentUrl":"https:\/\/wool-bed.com\/wp-content\/uploads\/detail_2_babytrip_babywool.jpg","width":800,"height":800},{"@type":"BreadcrumbList","@id":"https:\/\/wool-bed.com\/nb\/shop\/babywool-nb\/babytrip\/#breadcrumb","itemListElement":[{"@type":"ListItem","position":1,"name":"Home","item":"https:\/\/wool-bed.com\/nb\/"},{"@type":"ListItem","position":2,"name":"Produkter","item":"https:\/\/wool-bed.com\/nb\/shop\/"},{"@type":"ListItem","position":3,"name":"Babytrip"}]},{"@type":"WebSite","@id":"https:\/\/wool-bed.com\/nb\/#website","url":"https:\/\/wool-bed.com\/nb\/","name":"WoolBed | SPESIALISTER I ULL, EKSPERTER P\u00c5 DIN S\u00d8VN","description":"In Woolbed we labour for your rest. Visit our online shop and discover our memory foam mattresses and Merino and Cashmere wool products with Woolmark quality guarantee.","potentialAction":[{"@type":"SearchAction","target":{"@type":"EntryPoint","urlTemplate":"https:\/\/wool-bed.com\/nb\/?s={search_term_string}"},"query-input":{"@type":"PropertyValueSpecification","valueRequired":true,"valueName":"search_term_string"}}],"inLanguage":"nb-NO"}]}},"_links":{"self":[{"href":"https:\/\/wool-bed.com\/nb\/wp-json\/wp\/v2\/product\/7576","targetHints":{"allow":["GET"]}}],"collection":[{"href":"https:\/\/wool-bed.com\/nb\/wp-json\/wp\/v2\/product"}],"about":[{"href":"https:\/\/wool-bed.com\/nb\/wp-json\/wp\/v2\/types\/product"}],"replies":[{"embeddable":true,"href":"https:\/\/wool-bed.com\/nb\/wp-json\/wp\/v2\/comments?post=7576"}],"wp:featuredmedia":[{"embeddable":true,"href":"https:\/\/wool-bed.com\/nb\/wp-json\/wp\/v2\/media\/7674"}],"wp:attachment":[{"href":"https:\/\/wool-bed.com\/nb\/wp-json\/wp\/v2\/media?parent=7576"}],"wp:term":[{"taxonomy":"product_brand","embeddable":true,"href":"https:\/\/wool-bed.com\/nb\/wp-json\/wp\/v2\/product_brand?post=7576"},{"taxonomy":"product_cat","embeddable":true,"href":"https:\/\/wool-bed.com\/nb\/wp-json\/wp\/v2\/product_cat?post=7576"},{"taxonomy":"product_tag","embeddable":true,"href":"https:\/\/wool-bed.com\/nb\/wp-json\/wp\/v2\/product_tag?post=7576"}],"curies":[{"name":"wp","href":"https:\/\/api.w.org\/{rel}","templated":true}]}}