{"id":7559,"date":"2019-03-13T14:50:40","date_gmt":"2019-03-13T14:50:40","guid":{"rendered":"https:\/\/wool-bed.com\/shop\/ukategorisert\/babysack\/"},"modified":"2019-03-13T15:08:16","modified_gmt":"2019-03-13T15:08:16","slug":"babysack","status":"publish","type":"product","link":"https:\/\/wool-bed.com\/nb\/shop\/babywool-nb\/babysack\/","title":{"rendered":"Babysack"},"content":{"rendered":"","protected":false},"excerpt":{"rendered":"<p>V\u00e5r &laquo;Babysack&raquo; er et av de mest solgte produktene fra dette merket. Tanken er \u00e5 gi\u00a0produktet bedre bruk,\u00a0i forhold til babyens etapper.<\/p>\n<p>Du kan bruke den som et teppe, eller lukke den igjen som en pose\/sekk, for at din baby er god og varm mens den sover, og ikke sparker av seg teppet\/posen. En side er dekket med ull, og den andre siden er dekket med fl\u00f8yel.<\/p>\n<p>Vi disponerer 3 farger i dette merket; Gr\u00e5, bl\u00e5 og lilla.<\/p>\n<p>St\u00f8rrelser: \u00c5pen 80 x 110 cm \/\u00a0Lukket 50x x 80 cm.<\/p>\n","protected":false},"featured_media":7942,"comment_status":"closed","ping_status":"closed","template":"","meta":[],"product_brand":[],"product_cat":[333],"product_tag":[],"class_list":{"0":"post-7559","1":"product","2":"type-product","3":"status-publish","4":"has-post-thumbnail","6":"product_cat-babywool-nb","8":"first","9":"instock","10":"shipping-taxable","11":"purchasable","12":"product-type-variable"},"bundle_layout":"","bundled_by":["9849"],"bundled_items":[],"yoast_head":"<!-- This site is optimized with the Yoast SEO plugin v27.4 - https:\/\/yoast.com\/product\/yoast-seo-wordpress\/ -->\n<title>Babysack | WoolBed | SPESIALISTER I ULL, EKSPERTER P\u00c5 DIN S\u00d8VN<\/title>\n<meta name=\"robots\" content=\"index, follow, max-snippet:-1, max-image-preview:large, max-video-preview:-1\" \/>\n<link rel=\"canonical\" href=\"https:\/\/wool-bed.com\/nb\/shop\/babywool-nb\/babysack\/\" \/>\n<meta property=\"og:locale\" content=\"nb_NO\" \/>\n<meta property=\"og:type\" content=\"article\" \/>\n<meta property=\"og:title\" content=\"Babysack | WoolBed | SPESIALISTER I ULL, EKSPERTER P\u00c5 DIN S\u00d8VN\" \/>\n<meta property=\"og:description\" content=\"V\u00e5r &quot;Babysack&quot; er et av de mest solgte produktene fra dette merket. Tanken er \u00e5 gi\u00a0produktet bedre bruk,\u00a0i forhold til babyens etapper.  Du kan bruke den som et teppe, eller lukke den igjen som en pose\/sekk, for at din baby er god og varm mens den sover, og ikke sparker av seg teppet\/posen. En side er dekket med ull, og den andre siden er dekket med fl\u00f8yel.  Vi disponerer 3 farger i dette merket; Gr\u00e5, bl\u00e5 og lilla.  St\u00f8rrelser: \u00c5pen 80 x 110 cm \/\u00a0Lukket 50x x 80 cm.\" \/>\n<meta property=\"og:url\" content=\"https:\/\/wool-bed.com\/nb\/shop\/babywool-nb\/babysack\/\" \/>\n<meta property=\"og:site_name\" content=\"WoolBed | SPESIALISTER I ULL, EKSPERTER P\u00c5 DIN S\u00d8VN\" \/>\n<meta property=\"article:publisher\" content=\"https:\/\/www.facebook.com\/WoolBed\/\" \/>\n<meta property=\"article:modified_time\" content=\"2019-03-13T15:08:16+00:00\" \/>\n<meta property=\"og:image\" content=\"https:\/\/wool-bed.com\/wp-content\/uploads\/Babysack_in_detail_babywool.jpg\" \/>\n\t<meta property=\"og:image:width\" content=\"800\" \/>\n\t<meta property=\"og:image:height\" content=\"800\" \/>\n\t<meta property=\"og:image:type\" content=\"image\/jpeg\" \/>\n<meta name=\"twitter:card\" content=\"summary_large_image\" \/>\n<script type=\"application\/ld+json\" class=\"yoast-schema-graph\">{\"@context\":\"https:\\\/\\\/schema.org\",\"@graph\":[{\"@type\":\"WebPage\",\"@id\":\"https:\\\/\\\/wool-bed.com\\\/nb\\\/shop\\\/babywool-nb\\\/babysack\\\/\",\"url\":\"https:\\\/\\\/wool-bed.com\\\/nb\\\/shop\\\/babywool-nb\\\/babysack\\\/\",\"name\":\"Babysack | WoolBed | SPESIALISTER I ULL, EKSPERTER P\u00c5 DIN S\u00d8VN\",\"isPartOf\":{\"@id\":\"https:\\\/\\\/wool-bed.com\\\/nb\\\/#website\"},\"primaryImageOfPage\":{\"@id\":\"https:\\\/\\\/wool-bed.com\\\/nb\\\/shop\\\/babywool-nb\\\/babysack\\\/#primaryimage\"},\"image\":{\"@id\":\"https:\\\/\\\/wool-bed.com\\\/nb\\\/shop\\\/babywool-nb\\\/babysack\\\/#primaryimage\"},\"thumbnailUrl\":\"https:\\\/\\\/wool-bed.com\\\/wp-content\\\/uploads\\\/Babysack_in_detail_babywool.jpg\",\"datePublished\":\"2019-03-13T14:50:40+00:00\",\"dateModified\":\"2019-03-13T15:08:16+00:00\",\"breadcrumb\":{\"@id\":\"https:\\\/\\\/wool-bed.com\\\/nb\\\/shop\\\/babywool-nb\\\/babysack\\\/#breadcrumb\"},\"inLanguage\":\"nb-NO\",\"potentialAction\":[{\"@type\":\"ReadAction\",\"target\":[\"https:\\\/\\\/wool-bed.com\\\/nb\\\/shop\\\/babywool-nb\\\/babysack\\\/\"]}]},{\"@type\":\"ImageObject\",\"inLanguage\":\"nb-NO\",\"@id\":\"https:\\\/\\\/wool-bed.com\\\/nb\\\/shop\\\/babywool-nb\\\/babysack\\\/#primaryimage\",\"url\":\"https:\\\/\\\/wool-bed.com\\\/wp-content\\\/uploads\\\/Babysack_in_detail_babywool.jpg\",\"contentUrl\":\"https:\\\/\\\/wool-bed.com\\\/wp-content\\\/uploads\\\/Babysack_in_detail_babywool.jpg\",\"width\":800,\"height\":800},{\"@type\":\"BreadcrumbList\",\"@id\":\"https:\\\/\\\/wool-bed.com\\\/nb\\\/shop\\\/babywool-nb\\\/babysack\\\/#breadcrumb\",\"itemListElement\":[{\"@type\":\"ListItem\",\"position\":1,\"name\":\"Home\",\"item\":\"https:\\\/\\\/wool-bed.com\\\/nb\\\/\"},{\"@type\":\"ListItem\",\"position\":2,\"name\":\"Produkter\",\"item\":\"https:\\\/\\\/wool-bed.com\\\/nb\\\/shop\\\/\"},{\"@type\":\"ListItem\",\"position\":3,\"name\":\"Babysack\"}]},{\"@type\":\"WebSite\",\"@id\":\"https:\\\/\\\/wool-bed.com\\\/nb\\\/#website\",\"url\":\"https:\\\/\\\/wool-bed.com\\\/nb\\\/\",\"name\":\"WoolBed | SPESIALISTER I ULL, EKSPERTER P\u00c5 DIN S\u00d8VN\",\"description\":\"In Woolbed we labour for your rest. Visit our online shop and discover our memory foam mattresses and Merino and Cashmere wool products with Woolmark quality guarantee.\",\"potentialAction\":[{\"@type\":\"SearchAction\",\"target\":{\"@type\":\"EntryPoint\",\"urlTemplate\":\"https:\\\/\\\/wool-bed.com\\\/nb\\\/?s={search_term_string}\"},\"query-input\":{\"@type\":\"PropertyValueSpecification\",\"valueRequired\":true,\"valueName\":\"search_term_string\"}}],\"inLanguage\":\"nb-NO\"}]}<\/script>\n<!-- \/ Yoast SEO plugin. -->","yoast_head_json":{"title":"Babysack | WoolBed | SPESIALISTER I ULL, EKSPERTER P\u00c5 DIN S\u00d8VN","robots":{"index":"index","follow":"follow","max-snippet":"max-snippet:-1","max-image-preview":"max-image-preview:large","max-video-preview":"max-video-preview:-1"},"canonical":"https:\/\/wool-bed.com\/nb\/shop\/babywool-nb\/babysack\/","og_locale":"nb_NO","og_type":"article","og_title":"Babysack | WoolBed | SPESIALISTER I ULL, EKSPERTER P\u00c5 DIN S\u00d8VN","og_description":"V\u00e5r \"Babysack\" er et av de mest solgte produktene fra dette merket. Tanken er \u00e5 gi\u00a0produktet bedre bruk,\u00a0i forhold til babyens etapper.  Du kan bruke den som et teppe, eller lukke den igjen som en pose\/sekk, for at din baby er god og varm mens den sover, og ikke sparker av seg teppet\/posen. En side er dekket med ull, og den andre siden er dekket med fl\u00f8yel.  Vi disponerer 3 farger i dette merket; Gr\u00e5, bl\u00e5 og lilla.  St\u00f8rrelser: \u00c5pen 80 x 110 cm \/\u00a0Lukket 50x x 80 cm.","og_url":"https:\/\/wool-bed.com\/nb\/shop\/babywool-nb\/babysack\/","og_site_name":"WoolBed | SPESIALISTER I ULL, EKSPERTER P\u00c5 DIN S\u00d8VN","article_publisher":"https:\/\/www.facebook.com\/WoolBed\/","article_modified_time":"2019-03-13T15:08:16+00:00","og_image":[{"width":800,"height":800,"url":"https:\/\/wool-bed.com\/wp-content\/uploads\/Babysack_in_detail_babywool.jpg","type":"image\/jpeg"}],"twitter_card":"summary_large_image","schema":{"@context":"https:\/\/schema.org","@graph":[{"@type":"WebPage","@id":"https:\/\/wool-bed.com\/nb\/shop\/babywool-nb\/babysack\/","url":"https:\/\/wool-bed.com\/nb\/shop\/babywool-nb\/babysack\/","name":"Babysack | WoolBed | SPESIALISTER I ULL, EKSPERTER P\u00c5 DIN S\u00d8VN","isPartOf":{"@id":"https:\/\/wool-bed.com\/nb\/#website"},"primaryImageOfPage":{"@id":"https:\/\/wool-bed.com\/nb\/shop\/babywool-nb\/babysack\/#primaryimage"},"image":{"@id":"https:\/\/wool-bed.com\/nb\/shop\/babywool-nb\/babysack\/#primaryimage"},"thumbnailUrl":"https:\/\/wool-bed.com\/wp-content\/uploads\/Babysack_in_detail_babywool.jpg","datePublished":"2019-03-13T14:50:40+00:00","dateModified":"2019-03-13T15:08:16+00:00","breadcrumb":{"@id":"https:\/\/wool-bed.com\/nb\/shop\/babywool-nb\/babysack\/#breadcrumb"},"inLanguage":"nb-NO","potentialAction":[{"@type":"ReadAction","target":["https:\/\/wool-bed.com\/nb\/shop\/babywool-nb\/babysack\/"]}]},{"@type":"ImageObject","inLanguage":"nb-NO","@id":"https:\/\/wool-bed.com\/nb\/shop\/babywool-nb\/babysack\/#primaryimage","url":"https:\/\/wool-bed.com\/wp-content\/uploads\/Babysack_in_detail_babywool.jpg","contentUrl":"https:\/\/wool-bed.com\/wp-content\/uploads\/Babysack_in_detail_babywool.jpg","width":800,"height":800},{"@type":"BreadcrumbList","@id":"https:\/\/wool-bed.com\/nb\/shop\/babywool-nb\/babysack\/#breadcrumb","itemListElement":[{"@type":"ListItem","position":1,"name":"Home","item":"https:\/\/wool-bed.com\/nb\/"},{"@type":"ListItem","position":2,"name":"Produkter","item":"https:\/\/wool-bed.com\/nb\/shop\/"},{"@type":"ListItem","position":3,"name":"Babysack"}]},{"@type":"WebSite","@id":"https:\/\/wool-bed.com\/nb\/#website","url":"https:\/\/wool-bed.com\/nb\/","name":"WoolBed | SPESIALISTER I ULL, EKSPERTER P\u00c5 DIN S\u00d8VN","description":"In Woolbed we labour for your rest. Visit our online shop and discover our memory foam mattresses and Merino and Cashmere wool products with Woolmark quality guarantee.","potentialAction":[{"@type":"SearchAction","target":{"@type":"EntryPoint","urlTemplate":"https:\/\/wool-bed.com\/nb\/?s={search_term_string}"},"query-input":{"@type":"PropertyValueSpecification","valueRequired":true,"valueName":"search_term_string"}}],"inLanguage":"nb-NO"}]}},"_links":{"self":[{"href":"https:\/\/wool-bed.com\/nb\/wp-json\/wp\/v2\/product\/7559","targetHints":{"allow":["GET"]}}],"collection":[{"href":"https:\/\/wool-bed.com\/nb\/wp-json\/wp\/v2\/product"}],"about":[{"href":"https:\/\/wool-bed.com\/nb\/wp-json\/wp\/v2\/types\/product"}],"replies":[{"embeddable":true,"href":"https:\/\/wool-bed.com\/nb\/wp-json\/wp\/v2\/comments?post=7559"}],"wp:featuredmedia":[{"embeddable":true,"href":"https:\/\/wool-bed.com\/nb\/wp-json\/wp\/v2\/media\/7942"}],"wp:attachment":[{"href":"https:\/\/wool-bed.com\/nb\/wp-json\/wp\/v2\/media?parent=7559"}],"wp:term":[{"taxonomy":"product_brand","embeddable":true,"href":"https:\/\/wool-bed.com\/nb\/wp-json\/wp\/v2\/product_brand?post=7559"},{"taxonomy":"product_cat","embeddable":true,"href":"https:\/\/wool-bed.com\/nb\/wp-json\/wp\/v2\/product_cat?post=7559"},{"taxonomy":"product_tag","embeddable":true,"href":"https:\/\/wool-bed.com\/nb\/wp-json\/wp\/v2\/product_tag?post=7559"}],"curies":[{"name":"wp","href":"https:\/\/api.w.org\/{rel}","templated":true}]}}