{"id":4743,"date":"2015-09-08T12:09:09","date_gmt":"2016-09-08T11:09:09","guid":{"rendered":"http:\/\/wool-bed.com\/product\/wool-pilllow-set-2\/"},"modified":"2016-11-10T11:43:02","modified_gmt":"2016-11-10T11:43:02","slug":"putetrekk-putevar","status":"publish","type":"product","link":"https:\/\/wool-bed.com\/nb\/shop\/tilbehor\/putetrekk-putevar\/","title":{"rendered":"\u00d6rngott"},"content":{"rendered":"","protected":false},"excerpt":{"rendered":"<p>V\u00e5r putevar i merino og kasjmir ull kommer i pakker p\u00e5 to enheter.<\/p>\n<p>Du kan velge mellom v\u00e5re forskjellige farger, r\u00f8d, gr\u00e5 eller hvit.<\/p>\n<p>De er helt vaskbare i 30\u00baC.<\/p>\n<p>Hvis du trenger en spesiell st\u00f8rrelse, kan du sende en e-post til<br \/>\n<a href=\"mailto:sizes@wool-bed.com\"><span style=\"font-size: medium;\">sizes@wool-bed.com<\/span><\/a><\/p>\n","protected":false},"featured_media":4725,"comment_status":"closed","ping_status":"closed","template":"","meta":[],"product_brand":[],"product_cat":[349],"product_tag":[],"class_list":{"0":"post-4743","1":"product","2":"type-product","3":"status-publish","4":"has-post-thumbnail","6":"product_cat-tilbehor","8":"first","9":"instock","10":"shipping-taxable","11":"purchasable","12":"product-type-variable"},"bundle_layout":"","bundled_by":[],"bundled_items":[],"yoast_head":"<!-- This site is optimized with the Yoast SEO plugin v27.5 - https:\/\/yoast.com\/product\/yoast-seo-wordpress\/ -->\n<title>ULL PUTETREKK | WoolBed | SPESIALISTER I ULL, EKSPERTER P\u00c5 DIN S\u00d8VN<\/title>\n<meta name=\"robots\" content=\"index, follow, max-snippet:-1, max-image-preview:large, max-video-preview:-1\" \/>\n<link rel=\"canonical\" href=\"https:\/\/wool-bed.com\/nb\/shop\/tilbehor\/putetrekk-putevar\/\" \/>\n<meta property=\"og:locale\" content=\"nb_NO\" \/>\n<meta property=\"og:type\" content=\"article\" \/>\n<meta property=\"og:title\" content=\"ULL PUTETREKK | WoolBed | SPESIALISTER I ULL, EKSPERTER P\u00c5 DIN S\u00d8VN\" \/>\n<meta property=\"og:description\" content=\"V\u00e5r putevar i merino og kasjmir ull kommer i pakker p\u00e5 to enheter.  Du kan velge mellom v\u00e5re forskjellige farger, r\u00f8d, gr\u00e5 eller hvit.  De er helt vaskbare i 30\u00baC.  Hvis du trenger en spesiell st\u00f8rrelse, kan du sende en e-post til sizes@wool-bed.com\" \/>\n<meta property=\"og:url\" content=\"https:\/\/wool-bed.com\/nb\/shop\/tilbehor\/putetrekk-putevar\/\" \/>\n<meta property=\"og:site_name\" content=\"WoolBed | SPESIALISTER I ULL, EKSPERTER P\u00c5 DIN S\u00d8VN\" \/>\n<meta property=\"article:publisher\" content=\"https:\/\/www.facebook.com\/WoolBed\/\" \/>\n<meta property=\"article:modified_time\" content=\"2016-11-10T11:43:02+00:00\" \/>\n<meta property=\"og:image\" content=\"https:\/\/wool-bed.com\/wp-content\/uploads\/2016\/09\/Wool_Pilllow_Set.jpg\" \/>\n\t<meta property=\"og:image:width\" content=\"800\" \/>\n\t<meta property=\"og:image:height\" content=\"800\" \/>\n\t<meta property=\"og:image:type\" content=\"image\/jpeg\" \/>\n<meta name=\"twitter:card\" content=\"summary_large_image\" \/>\n<script type=\"application\/ld+json\" class=\"yoast-schema-graph\">{\"@context\":\"https:\\\/\\\/schema.org\",\"@graph\":[{\"@type\":\"WebPage\",\"@id\":\"https:\\\/\\\/wool-bed.com\\\/nb\\\/shop\\\/tilbehor\\\/putetrekk-putevar\\\/\",\"url\":\"https:\\\/\\\/wool-bed.com\\\/nb\\\/shop\\\/tilbehor\\\/putetrekk-putevar\\\/\",\"name\":\"ULL PUTETREKK | WoolBed | SPESIALISTER I ULL, EKSPERTER P\u00c5 DIN S\u00d8VN\",\"isPartOf\":{\"@id\":\"https:\\\/\\\/wool-bed.com\\\/nb\\\/#website\"},\"primaryImageOfPage\":{\"@id\":\"https:\\\/\\\/wool-bed.com\\\/nb\\\/shop\\\/tilbehor\\\/putetrekk-putevar\\\/#primaryimage\"},\"image\":{\"@id\":\"https:\\\/\\\/wool-bed.com\\\/nb\\\/shop\\\/tilbehor\\\/putetrekk-putevar\\\/#primaryimage\"},\"thumbnailUrl\":\"https:\\\/\\\/wool-bed.com\\\/wp-content\\\/uploads\\\/2016\\\/09\\\/Wool_Pilllow_Set.jpg\",\"datePublished\":\"2016-09-08T11:09:09+00:00\",\"dateModified\":\"2016-11-10T11:43:02+00:00\",\"breadcrumb\":{\"@id\":\"https:\\\/\\\/wool-bed.com\\\/nb\\\/shop\\\/tilbehor\\\/putetrekk-putevar\\\/#breadcrumb\"},\"inLanguage\":\"nb-NO\",\"potentialAction\":[{\"@type\":\"ReadAction\",\"target\":[\"https:\\\/\\\/wool-bed.com\\\/nb\\\/shop\\\/tilbehor\\\/putetrekk-putevar\\\/\"]}]},{\"@type\":\"ImageObject\",\"inLanguage\":\"nb-NO\",\"@id\":\"https:\\\/\\\/wool-bed.com\\\/nb\\\/shop\\\/tilbehor\\\/putetrekk-putevar\\\/#primaryimage\",\"url\":\"https:\\\/\\\/wool-bed.com\\\/wp-content\\\/uploads\\\/2016\\\/09\\\/Wool_Pilllow_Set.jpg\",\"contentUrl\":\"https:\\\/\\\/wool-bed.com\\\/wp-content\\\/uploads\\\/2016\\\/09\\\/Wool_Pilllow_Set.jpg\",\"width\":800,\"height\":800},{\"@type\":\"BreadcrumbList\",\"@id\":\"https:\\\/\\\/wool-bed.com\\\/nb\\\/shop\\\/tilbehor\\\/putetrekk-putevar\\\/#breadcrumb\",\"itemListElement\":[{\"@type\":\"ListItem\",\"position\":1,\"name\":\"Home\",\"item\":\"https:\\\/\\\/wool-bed.com\\\/nb\\\/\"},{\"@type\":\"ListItem\",\"position\":2,\"name\":\"Produkter\",\"item\":\"https:\\\/\\\/wool-bed.com\\\/nb\\\/shop\\\/\"},{\"@type\":\"ListItem\",\"position\":3,\"name\":\"\u00d6rngott\"}]},{\"@type\":\"WebSite\",\"@id\":\"https:\\\/\\\/wool-bed.com\\\/nb\\\/#website\",\"url\":\"https:\\\/\\\/wool-bed.com\\\/nb\\\/\",\"name\":\"WoolBed | SPESIALISTER I ULL, EKSPERTER P\u00c5 DIN S\u00d8VN\",\"description\":\"In Woolbed we labour for your rest. Visit our online shop and discover our memory foam mattresses and Merino and Cashmere wool products with Woolmark quality guarantee.\",\"potentialAction\":[{\"@type\":\"SearchAction\",\"target\":{\"@type\":\"EntryPoint\",\"urlTemplate\":\"https:\\\/\\\/wool-bed.com\\\/nb\\\/?s={search_term_string}\"},\"query-input\":{\"@type\":\"PropertyValueSpecification\",\"valueRequired\":true,\"valueName\":\"search_term_string\"}}],\"inLanguage\":\"nb-NO\"}]}<\/script>\n<!-- \/ Yoast SEO plugin. -->","yoast_head_json":{"title":"ULL PUTETREKK | WoolBed | SPESIALISTER I ULL, EKSPERTER P\u00c5 DIN S\u00d8VN","robots":{"index":"index","follow":"follow","max-snippet":"max-snippet:-1","max-image-preview":"max-image-preview:large","max-video-preview":"max-video-preview:-1"},"canonical":"https:\/\/wool-bed.com\/nb\/shop\/tilbehor\/putetrekk-putevar\/","og_locale":"nb_NO","og_type":"article","og_title":"ULL PUTETREKK | WoolBed | SPESIALISTER I ULL, EKSPERTER P\u00c5 DIN S\u00d8VN","og_description":"V\u00e5r putevar i merino og kasjmir ull kommer i pakker p\u00e5 to enheter.  Du kan velge mellom v\u00e5re forskjellige farger, r\u00f8d, gr\u00e5 eller hvit.  De er helt vaskbare i 30\u00baC.  Hvis du trenger en spesiell st\u00f8rrelse, kan du sende en e-post til sizes@wool-bed.com","og_url":"https:\/\/wool-bed.com\/nb\/shop\/tilbehor\/putetrekk-putevar\/","og_site_name":"WoolBed | SPESIALISTER I ULL, EKSPERTER P\u00c5 DIN S\u00d8VN","article_publisher":"https:\/\/www.facebook.com\/WoolBed\/","article_modified_time":"2016-11-10T11:43:02+00:00","og_image":[{"width":800,"height":800,"url":"https:\/\/wool-bed.com\/wp-content\/uploads\/2016\/09\/Wool_Pilllow_Set.jpg","type":"image\/jpeg"}],"twitter_card":"summary_large_image","schema":{"@context":"https:\/\/schema.org","@graph":[{"@type":"WebPage","@id":"https:\/\/wool-bed.com\/nb\/shop\/tilbehor\/putetrekk-putevar\/","url":"https:\/\/wool-bed.com\/nb\/shop\/tilbehor\/putetrekk-putevar\/","name":"ULL PUTETREKK | WoolBed | SPESIALISTER I ULL, EKSPERTER P\u00c5 DIN S\u00d8VN","isPartOf":{"@id":"https:\/\/wool-bed.com\/nb\/#website"},"primaryImageOfPage":{"@id":"https:\/\/wool-bed.com\/nb\/shop\/tilbehor\/putetrekk-putevar\/#primaryimage"},"image":{"@id":"https:\/\/wool-bed.com\/nb\/shop\/tilbehor\/putetrekk-putevar\/#primaryimage"},"thumbnailUrl":"https:\/\/wool-bed.com\/wp-content\/uploads\/2016\/09\/Wool_Pilllow_Set.jpg","datePublished":"2016-09-08T11:09:09+00:00","dateModified":"2016-11-10T11:43:02+00:00","breadcrumb":{"@id":"https:\/\/wool-bed.com\/nb\/shop\/tilbehor\/putetrekk-putevar\/#breadcrumb"},"inLanguage":"nb-NO","potentialAction":[{"@type":"ReadAction","target":["https:\/\/wool-bed.com\/nb\/shop\/tilbehor\/putetrekk-putevar\/"]}]},{"@type":"ImageObject","inLanguage":"nb-NO","@id":"https:\/\/wool-bed.com\/nb\/shop\/tilbehor\/putetrekk-putevar\/#primaryimage","url":"https:\/\/wool-bed.com\/wp-content\/uploads\/2016\/09\/Wool_Pilllow_Set.jpg","contentUrl":"https:\/\/wool-bed.com\/wp-content\/uploads\/2016\/09\/Wool_Pilllow_Set.jpg","width":800,"height":800},{"@type":"BreadcrumbList","@id":"https:\/\/wool-bed.com\/nb\/shop\/tilbehor\/putetrekk-putevar\/#breadcrumb","itemListElement":[{"@type":"ListItem","position":1,"name":"Home","item":"https:\/\/wool-bed.com\/nb\/"},{"@type":"ListItem","position":2,"name":"Produkter","item":"https:\/\/wool-bed.com\/nb\/shop\/"},{"@type":"ListItem","position":3,"name":"\u00d6rngott"}]},{"@type":"WebSite","@id":"https:\/\/wool-bed.com\/nb\/#website","url":"https:\/\/wool-bed.com\/nb\/","name":"WoolBed | SPESIALISTER I ULL, EKSPERTER P\u00c5 DIN S\u00d8VN","description":"In Woolbed we labour for your rest. Visit our online shop and discover our memory foam mattresses and Merino and Cashmere wool products with Woolmark quality guarantee.","potentialAction":[{"@type":"SearchAction","target":{"@type":"EntryPoint","urlTemplate":"https:\/\/wool-bed.com\/nb\/?s={search_term_string}"},"query-input":{"@type":"PropertyValueSpecification","valueRequired":true,"valueName":"search_term_string"}}],"inLanguage":"nb-NO"}]}},"_links":{"self":[{"href":"https:\/\/wool-bed.com\/nb\/wp-json\/wp\/v2\/product\/4743","targetHints":{"allow":["GET"]}}],"collection":[{"href":"https:\/\/wool-bed.com\/nb\/wp-json\/wp\/v2\/product"}],"about":[{"href":"https:\/\/wool-bed.com\/nb\/wp-json\/wp\/v2\/types\/product"}],"replies":[{"embeddable":true,"href":"https:\/\/wool-bed.com\/nb\/wp-json\/wp\/v2\/comments?post=4743"}],"wp:featuredmedia":[{"embeddable":true,"href":"https:\/\/wool-bed.com\/nb\/wp-json\/wp\/v2\/media\/4725"}],"wp:attachment":[{"href":"https:\/\/wool-bed.com\/nb\/wp-json\/wp\/v2\/media?parent=4743"}],"wp:term":[{"taxonomy":"product_brand","embeddable":true,"href":"https:\/\/wool-bed.com\/nb\/wp-json\/wp\/v2\/product_brand?post=4743"},{"taxonomy":"product_cat","embeddable":true,"href":"https:\/\/wool-bed.com\/nb\/wp-json\/wp\/v2\/product_cat?post=4743"},{"taxonomy":"product_tag","embeddable":true,"href":"https:\/\/wool-bed.com\/nb\/wp-json\/wp\/v2\/product_tag?post=4743"}],"curies":[{"name":"wp","href":"https:\/\/api.w.org\/{rel}","templated":true}]}}