{"id":2588,"date":"2015-10-02T13:02:55","date_gmt":"2015-10-02T12:02:55","guid":{"rendered":"http:\/\/wool-bed.com\/product\/madrass-sensation-21-2\/"},"modified":"2025-11-21T16:32:09","modified_gmt":"2025-11-21T16:32:09","slug":"ortopedisk-madrass-sensation-21","status":"publish","type":"product","link":"https:\/\/wool-bed.com\/nb\/shop\/seng-madrass\/ortopedisk-madrass-sensation-21\/","title":{"rendered":"MADRASS SENSATION 21"},"content":{"rendered":"","protected":false},"excerpt":{"rendered":"<h3 style=\"text-align: left;\" align=\"CENTER\"><span style=\"color: #a40000;\">V\u00e5r adaptive madrass som tilpasser seg kroppsvekten din<\/span><\/h3>\n<p>Vi i Woolbed har lansert den optimale madrassen etter \u00e5 ha gjort flere forbedringer av v\u00e5r popul\u00e6re \u201cOriginal Madrass\u201d. Vi \u00f8nsker velkommen v\u00e5r \u201c<strong>Madrass Sensation 21<\/strong>\u201d. Denne madrassen, med en tykkelse p\u00e5 21 cm, gir kroppen maksimal komfort og st\u00f8tte som vi trenger for \u00e5 f\u00e5 bedre s\u00f8vn og hvile. Madrassen er utviklet p\u00e5 en m\u00e5te som gir en mikromassasje, som igjen aktiverer blodsirkulasjonen og motvirker at du ligger og vrir og vender deg om natten, samtidig som den tilpasser seg din egen kroppsvekt. V\u00e5r madrass er ergonomisk og ortopedisk og er fullt ut laget av naturmaterialer.<br \/>\nMadrass Sensation 21 har et avtakbart og vaskbart trekk i bomull med en smidig glidel\u00e5s p\u00e5 undersiden og antigli-funksjon for \u00e5 sikre at madrassen ligger st\u00f8dig p\u00e5 plass.<\/p>\n<ul>\n<li>Avtakbart og vaskbart bomullstrekk med praktisk glidel\u00e5s<\/li>\n<li>Antiskli-effekt for stabil plassering<\/li>\n<li>Ergonomisk og ortopedisk madrass som former seg etter kroppsvekten din<\/li>\n<li>En tykkelse p\u00e5 hele 21 cm for maksimal komfort<\/li>\n<li>Madrassbeskytteren er testet etter \u00d6KO Standard 100<\/li>\n<\/ul>\n<p>Hvis du trenger en spesialtilpasset st\u00f8rrelse, send oss en e-post p\u00e5 <span style=\"color: #b20838;\"><a style=\"color: #b20838;\" href=\"mailto:sizes@wool-bed.com\"><span style=\"font-size: medium;\">sizes@wool-bed.com<\/span><\/a><\/span><\/p>\n","protected":false},"featured_media":5923,"comment_status":"closed","ping_status":"closed","template":"","meta":[],"product_brand":[],"product_cat":[214],"product_tag":[],"class_list":{"0":"post-2588","1":"product","2":"type-product","3":"status-publish","4":"has-post-thumbnail","6":"product_cat-seng-madrass","8":"first","9":"instock","10":"shipping-taxable","11":"purchasable","12":"product-type-variable"},"bundle_layout":"","bundled_by":["1131","9634"],"bundled_items":[],"yoast_head":"<!-- This site is optimized with the Yoast SEO plugin v27.5 - https:\/\/yoast.com\/product\/yoast-seo-wordpress\/ -->\n<title>SENG MADRASS SENSATION 21 | WoolBed | EXPERTS IN YOUR SLEEP<\/title>\n<meta name=\"robots\" content=\"index, follow, max-snippet:-1, max-image-preview:large, max-video-preview:-1\" \/>\n<link rel=\"canonical\" href=\"https:\/\/wool-bed.com\/nb\/shop\/seng-madrass\/ortopedisk-madrass-sensation-21\/\" \/>\n<meta property=\"og:locale\" content=\"nb_NO\" \/>\n<meta property=\"og:type\" content=\"article\" \/>\n<meta property=\"og:title\" content=\"SENG MADRASS SENSATION 21 | WoolBed | EXPERTS IN YOUR SLEEP\" \/>\n<meta property=\"og:description\" content=\"V\u00e5r adaptive madrass som tilpasser seg kroppsvekten din Vi i Woolbed har lansert den optimale madrassen etter \u00e5 ha gjort flere forbedringer av v\u00e5r popul\u00e6re \u201cOriginal Madrass\u201d. Vi \u00f8nsker velkommen v\u00e5r \u201cMadrass Sensation 21\u201d. Denne madrassen, med en tykkelse p\u00e5 21 cm, gir kroppen maksimal komfort og st\u00f8tte som vi trenger for \u00e5 f\u00e5 bedre s\u00f8vn og hvile. Madrassen er utviklet p\u00e5 en m\u00e5te som gir en mikromassasje, som igjen aktiverer blodsirkulasjonen og motvirker at du ligger og vrir og vender deg om natten, samtidig som den tilpasser seg din egen kroppsvekt. V\u00e5r madrass er ergonomisk og ortopedisk og er fullt ut laget av naturmaterialer. Madrass Sensation 21 har et avtakbart og vaskbart trekk i bomull med en smidig glidel\u00e5s p\u00e5 undersiden og antigli-funksjon for \u00e5 sikre at madrassen ligger st\u00f8dig p\u00e5 plass.   Avtakbart og vaskbart bomullstrekk med praktisk glidel\u00e5s  Antiskli-effekt for stabil plassering  Ergonomisk og ortopedisk madrass som former seg etter kroppsvekten din  En tykkelse p\u00e5 hele 21 cm for maksimal komfort  Madrassbeskytteren er testet etter \u00d6KO Standard 100  Hvis du trenger en spesialtilpasset st\u00f8rrelse, send oss en e-post p\u00e5 sizes@wool-bed.com\" \/>\n<meta property=\"og:url\" content=\"https:\/\/wool-bed.com\/nb\/shop\/seng-madrass\/ortopedisk-madrass-sensation-21\/\" \/>\n<meta property=\"og:site_name\" content=\"WoolBed | SPESIALISTER I ULL, EKSPERTER P\u00c5 DIN S\u00d8VN\" \/>\n<meta property=\"article:publisher\" content=\"https:\/\/www.facebook.com\/WoolBed\/\" \/>\n<meta property=\"article:modified_time\" content=\"2025-11-21T16:32:09+00:00\" \/>\n<meta property=\"og:image\" content=\"https:\/\/wool-bed.com\/wp-content\/uploads\/Madrass_Sensation21.jpg\" \/>\n\t<meta property=\"og:image:width\" content=\"800\" \/>\n\t<meta property=\"og:image:height\" content=\"800\" \/>\n\t<meta property=\"og:image:type\" content=\"image\/jpeg\" \/>\n<meta name=\"twitter:card\" content=\"summary_large_image\" \/>\n<script type=\"application\/ld+json\" class=\"yoast-schema-graph\">{\"@context\":\"https:\\\/\\\/schema.org\",\"@graph\":[{\"@type\":\"WebPage\",\"@id\":\"https:\\\/\\\/wool-bed.com\\\/nb\\\/shop\\\/seng-madrass\\\/ortopedisk-madrass-sensation-21\\\/\",\"url\":\"https:\\\/\\\/wool-bed.com\\\/nb\\\/shop\\\/seng-madrass\\\/ortopedisk-madrass-sensation-21\\\/\",\"name\":\"SENG MADRASS SENSATION 21 | WoolBed | EXPERTS IN YOUR SLEEP\",\"isPartOf\":{\"@id\":\"https:\\\/\\\/wool-bed.com\\\/nb\\\/#website\"},\"primaryImageOfPage\":{\"@id\":\"https:\\\/\\\/wool-bed.com\\\/nb\\\/shop\\\/seng-madrass\\\/ortopedisk-madrass-sensation-21\\\/#primaryimage\"},\"image\":{\"@id\":\"https:\\\/\\\/wool-bed.com\\\/nb\\\/shop\\\/seng-madrass\\\/ortopedisk-madrass-sensation-21\\\/#primaryimage\"},\"thumbnailUrl\":\"https:\\\/\\\/wool-bed.com\\\/wp-content\\\/uploads\\\/Madrass_Sensation21.jpg\",\"datePublished\":\"2015-10-02T12:02:55+00:00\",\"dateModified\":\"2025-11-21T16:32:09+00:00\",\"breadcrumb\":{\"@id\":\"https:\\\/\\\/wool-bed.com\\\/nb\\\/shop\\\/seng-madrass\\\/ortopedisk-madrass-sensation-21\\\/#breadcrumb\"},\"inLanguage\":\"nb-NO\",\"potentialAction\":[{\"@type\":\"ReadAction\",\"target\":[\"https:\\\/\\\/wool-bed.com\\\/nb\\\/shop\\\/seng-madrass\\\/ortopedisk-madrass-sensation-21\\\/\"]}]},{\"@type\":\"ImageObject\",\"inLanguage\":\"nb-NO\",\"@id\":\"https:\\\/\\\/wool-bed.com\\\/nb\\\/shop\\\/seng-madrass\\\/ortopedisk-madrass-sensation-21\\\/#primaryimage\",\"url\":\"https:\\\/\\\/wool-bed.com\\\/wp-content\\\/uploads\\\/Madrass_Sensation21.jpg\",\"contentUrl\":\"https:\\\/\\\/wool-bed.com\\\/wp-content\\\/uploads\\\/Madrass_Sensation21.jpg\",\"width\":800,\"height\":800},{\"@type\":\"BreadcrumbList\",\"@id\":\"https:\\\/\\\/wool-bed.com\\\/nb\\\/shop\\\/seng-madrass\\\/ortopedisk-madrass-sensation-21\\\/#breadcrumb\",\"itemListElement\":[{\"@type\":\"ListItem\",\"position\":1,\"name\":\"Home\",\"item\":\"https:\\\/\\\/wool-bed.com\\\/nb\\\/\"},{\"@type\":\"ListItem\",\"position\":2,\"name\":\"Produkter\",\"item\":\"https:\\\/\\\/wool-bed.com\\\/nb\\\/shop\\\/\"},{\"@type\":\"ListItem\",\"position\":3,\"name\":\"MADRASS SENSATION 21\"}]},{\"@type\":\"WebSite\",\"@id\":\"https:\\\/\\\/wool-bed.com\\\/nb\\\/#website\",\"url\":\"https:\\\/\\\/wool-bed.com\\\/nb\\\/\",\"name\":\"WoolBed | SPESIALISTER I ULL, EKSPERTER P\u00c5 DIN S\u00d8VN\",\"description\":\"In Woolbed we labour for your rest. Visit our online shop and discover our memory foam mattresses and Merino and Cashmere wool products with Woolmark quality guarantee.\",\"potentialAction\":[{\"@type\":\"SearchAction\",\"target\":{\"@type\":\"EntryPoint\",\"urlTemplate\":\"https:\\\/\\\/wool-bed.com\\\/nb\\\/?s={search_term_string}\"},\"query-input\":{\"@type\":\"PropertyValueSpecification\",\"valueRequired\":true,\"valueName\":\"search_term_string\"}}],\"inLanguage\":\"nb-NO\"}]}<\/script>\n<!-- \/ Yoast SEO plugin. -->","yoast_head_json":{"title":"SENG MADRASS SENSATION 21 | WoolBed | EXPERTS IN YOUR SLEEP","robots":{"index":"index","follow":"follow","max-snippet":"max-snippet:-1","max-image-preview":"max-image-preview:large","max-video-preview":"max-video-preview:-1"},"canonical":"https:\/\/wool-bed.com\/nb\/shop\/seng-madrass\/ortopedisk-madrass-sensation-21\/","og_locale":"nb_NO","og_type":"article","og_title":"SENG MADRASS SENSATION 21 | WoolBed | EXPERTS IN YOUR SLEEP","og_description":"V\u00e5r adaptive madrass som tilpasser seg kroppsvekten din Vi i Woolbed har lansert den optimale madrassen etter \u00e5 ha gjort flere forbedringer av v\u00e5r popul\u00e6re \u201cOriginal Madrass\u201d. Vi \u00f8nsker velkommen v\u00e5r \u201cMadrass Sensation 21\u201d. Denne madrassen, med en tykkelse p\u00e5 21 cm, gir kroppen maksimal komfort og st\u00f8tte som vi trenger for \u00e5 f\u00e5 bedre s\u00f8vn og hvile. Madrassen er utviklet p\u00e5 en m\u00e5te som gir en mikromassasje, som igjen aktiverer blodsirkulasjonen og motvirker at du ligger og vrir og vender deg om natten, samtidig som den tilpasser seg din egen kroppsvekt. V\u00e5r madrass er ergonomisk og ortopedisk og er fullt ut laget av naturmaterialer. Madrass Sensation 21 har et avtakbart og vaskbart trekk i bomull med en smidig glidel\u00e5s p\u00e5 undersiden og antigli-funksjon for \u00e5 sikre at madrassen ligger st\u00f8dig p\u00e5 plass.   Avtakbart og vaskbart bomullstrekk med praktisk glidel\u00e5s  Antiskli-effekt for stabil plassering  Ergonomisk og ortopedisk madrass som former seg etter kroppsvekten din  En tykkelse p\u00e5 hele 21 cm for maksimal komfort  Madrassbeskytteren er testet etter \u00d6KO Standard 100  Hvis du trenger en spesialtilpasset st\u00f8rrelse, send oss en e-post p\u00e5 sizes@wool-bed.com","og_url":"https:\/\/wool-bed.com\/nb\/shop\/seng-madrass\/ortopedisk-madrass-sensation-21\/","og_site_name":"WoolBed | SPESIALISTER I ULL, EKSPERTER P\u00c5 DIN S\u00d8VN","article_publisher":"https:\/\/www.facebook.com\/WoolBed\/","article_modified_time":"2025-11-21T16:32:09+00:00","og_image":[{"width":800,"height":800,"url":"https:\/\/wool-bed.com\/wp-content\/uploads\/Madrass_Sensation21.jpg","type":"image\/jpeg"}],"twitter_card":"summary_large_image","schema":{"@context":"https:\/\/schema.org","@graph":[{"@type":"WebPage","@id":"https:\/\/wool-bed.com\/nb\/shop\/seng-madrass\/ortopedisk-madrass-sensation-21\/","url":"https:\/\/wool-bed.com\/nb\/shop\/seng-madrass\/ortopedisk-madrass-sensation-21\/","name":"SENG MADRASS SENSATION 21 | WoolBed | EXPERTS IN YOUR SLEEP","isPartOf":{"@id":"https:\/\/wool-bed.com\/nb\/#website"},"primaryImageOfPage":{"@id":"https:\/\/wool-bed.com\/nb\/shop\/seng-madrass\/ortopedisk-madrass-sensation-21\/#primaryimage"},"image":{"@id":"https:\/\/wool-bed.com\/nb\/shop\/seng-madrass\/ortopedisk-madrass-sensation-21\/#primaryimage"},"thumbnailUrl":"https:\/\/wool-bed.com\/wp-content\/uploads\/Madrass_Sensation21.jpg","datePublished":"2015-10-02T12:02:55+00:00","dateModified":"2025-11-21T16:32:09+00:00","breadcrumb":{"@id":"https:\/\/wool-bed.com\/nb\/shop\/seng-madrass\/ortopedisk-madrass-sensation-21\/#breadcrumb"},"inLanguage":"nb-NO","potentialAction":[{"@type":"ReadAction","target":["https:\/\/wool-bed.com\/nb\/shop\/seng-madrass\/ortopedisk-madrass-sensation-21\/"]}]},{"@type":"ImageObject","inLanguage":"nb-NO","@id":"https:\/\/wool-bed.com\/nb\/shop\/seng-madrass\/ortopedisk-madrass-sensation-21\/#primaryimage","url":"https:\/\/wool-bed.com\/wp-content\/uploads\/Madrass_Sensation21.jpg","contentUrl":"https:\/\/wool-bed.com\/wp-content\/uploads\/Madrass_Sensation21.jpg","width":800,"height":800},{"@type":"BreadcrumbList","@id":"https:\/\/wool-bed.com\/nb\/shop\/seng-madrass\/ortopedisk-madrass-sensation-21\/#breadcrumb","itemListElement":[{"@type":"ListItem","position":1,"name":"Home","item":"https:\/\/wool-bed.com\/nb\/"},{"@type":"ListItem","position":2,"name":"Produkter","item":"https:\/\/wool-bed.com\/nb\/shop\/"},{"@type":"ListItem","position":3,"name":"MADRASS SENSATION 21"}]},{"@type":"WebSite","@id":"https:\/\/wool-bed.com\/nb\/#website","url":"https:\/\/wool-bed.com\/nb\/","name":"WoolBed | SPESIALISTER I ULL, EKSPERTER P\u00c5 DIN S\u00d8VN","description":"In Woolbed we labour for your rest. Visit our online shop and discover our memory foam mattresses and Merino and Cashmere wool products with Woolmark quality guarantee.","potentialAction":[{"@type":"SearchAction","target":{"@type":"EntryPoint","urlTemplate":"https:\/\/wool-bed.com\/nb\/?s={search_term_string}"},"query-input":{"@type":"PropertyValueSpecification","valueRequired":true,"valueName":"search_term_string"}}],"inLanguage":"nb-NO"}]}},"_links":{"self":[{"href":"https:\/\/wool-bed.com\/nb\/wp-json\/wp\/v2\/product\/2588","targetHints":{"allow":["GET"]}}],"collection":[{"href":"https:\/\/wool-bed.com\/nb\/wp-json\/wp\/v2\/product"}],"about":[{"href":"https:\/\/wool-bed.com\/nb\/wp-json\/wp\/v2\/types\/product"}],"replies":[{"embeddable":true,"href":"https:\/\/wool-bed.com\/nb\/wp-json\/wp\/v2\/comments?post=2588"}],"wp:featuredmedia":[{"embeddable":true,"href":"https:\/\/wool-bed.com\/nb\/wp-json\/wp\/v2\/media\/5923"}],"wp:attachment":[{"href":"https:\/\/wool-bed.com\/nb\/wp-json\/wp\/v2\/media?parent=2588"}],"wp:term":[{"taxonomy":"product_brand","embeddable":true,"href":"https:\/\/wool-bed.com\/nb\/wp-json\/wp\/v2\/product_brand?post=2588"},{"taxonomy":"product_cat","embeddable":true,"href":"https:\/\/wool-bed.com\/nb\/wp-json\/wp\/v2\/product_cat?post=2588"},{"taxonomy":"product_tag","embeddable":true,"href":"https:\/\/wool-bed.com\/nb\/wp-json\/wp\/v2\/product_tag?post=2588"}],"curies":[{"name":"wp","href":"https:\/\/api.w.org\/{rel}","templated":true}]}}