{"id":2529,"date":"2015-10-02T13:09:11","date_gmt":"2015-10-02T12:09:11","guid":{"rendered":"http:\/\/wool-bed.com\/product\/vast-2\/"},"modified":"2016-11-10T12:22:39","modified_gmt":"2016-11-10T12:22:39","slug":"kashmir-vest-ullvester","status":"publish","type":"product","link":"https:\/\/wool-bed.com\/nb\/shop\/tilbud\/kashmir-vest-ullvester\/","title":{"rendered":"V\u00c4ST"},"content":{"rendered":"","protected":false},"excerpt":{"rendered":"<p>Vi introduserer den nye Woolbed vesten.<br \/>\nVesten er laget for dem som liker \u00e5 v\u00e6re ute og nyte de kalde vinterdager.<br \/>\nMed den nye Woolbed vesten kan du gj\u00f8re hagearbeid, fiske, turer i skogen, p\u00e5 jakt &#8230; Den holder kroppstemperaturen og skaper et behagelig velv\u00e6re, takket v\u00e6re den eksklusive og moderne designet i Kashmir.<br \/>\nDen er tilgjengelig i forskjellige st\u00f8rrelser og to farger, hvit og kamel.<\/p>\n","protected":false},"featured_media":4418,"comment_status":"closed","ping_status":"closed","template":"","meta":[],"product_brand":[],"product_cat":[349,287],"product_tag":[],"class_list":{"0":"post-2529","1":"product","2":"type-product","3":"status-publish","4":"has-post-thumbnail","6":"product_cat-tilbehor","7":"product_cat-tilbud","9":"first","10":"instock","11":"shipping-taxable","12":"purchasable","13":"product-type-variable"},"bundle_layout":"","bundled_by":[],"bundled_items":[],"yoast_head":"<!-- This site is optimized with the Yoast SEO plugin v27.3 - https:\/\/yoast.com\/product\/yoast-seo-wordpress\/ -->\n<title>ULLVESTER | WoolBed | SPESIALISTER I ULL, EKSPERTER P\u00c5 DIN S\u00d8VN<\/title>\n<meta name=\"robots\" content=\"index, follow, max-snippet:-1, max-image-preview:large, max-video-preview:-1\" \/>\n<link rel=\"canonical\" href=\"https:\/\/wool-bed.com\/nb\/shop\/tilbud\/kashmir-vest-ullvester\/\" \/>\n<meta property=\"og:locale\" content=\"nb_NO\" \/>\n<meta property=\"og:type\" content=\"article\" \/>\n<meta property=\"og:title\" content=\"ULLVESTER | WoolBed | SPESIALISTER I ULL, EKSPERTER P\u00c5 DIN S\u00d8VN\" \/>\n<meta property=\"og:description\" content=\"Vi introduserer den nye Woolbed vesten. Vesten er laget for dem som liker \u00e5 v\u00e6re ute og nyte de kalde vinterdager. Med den nye Woolbed vesten kan du gj\u00f8re hagearbeid, fiske, turer i skogen, p\u00e5 jakt ... Den holder kroppstemperaturen og skaper et behagelig velv\u00e6re, takket v\u00e6re den eksklusive og moderne designet i Kashmir. Den er tilgjengelig i forskjellige st\u00f8rrelser og to farger, hvit og kamel.\" \/>\n<meta property=\"og:url\" content=\"https:\/\/wool-bed.com\/nb\/shop\/tilbud\/kashmir-vest-ullvester\/\" \/>\n<meta property=\"og:site_name\" content=\"WoolBed | SPESIALISTER I ULL, EKSPERTER P\u00c5 DIN S\u00d8VN\" \/>\n<meta property=\"article:publisher\" content=\"https:\/\/www.facebook.com\/WoolBed\/\" \/>\n<meta property=\"article:modified_time\" content=\"2016-11-10T12:22:39+00:00\" \/>\n<meta property=\"og:image\" content=\"https:\/\/wool-bed.com\/wp-content\/uploads\/2015\/10\/vast1.jpg\" \/>\n\t<meta property=\"og:image:width\" content=\"800\" \/>\n\t<meta property=\"og:image:height\" content=\"800\" \/>\n\t<meta property=\"og:image:type\" content=\"image\/jpeg\" \/>\n<meta name=\"twitter:card\" content=\"summary_large_image\" \/>\n<script type=\"application\/ld+json\" class=\"yoast-schema-graph\">{\"@context\":\"https:\\\/\\\/schema.org\",\"@graph\":[{\"@type\":\"WebPage\",\"@id\":\"https:\\\/\\\/wool-bed.com\\\/nb\\\/shop\\\/tilbud\\\/kashmir-vest-ullvester\\\/\",\"url\":\"https:\\\/\\\/wool-bed.com\\\/nb\\\/shop\\\/tilbud\\\/kashmir-vest-ullvester\\\/\",\"name\":\"ULLVESTER | WoolBed | SPESIALISTER I ULL, EKSPERTER P\u00c5 DIN S\u00d8VN\",\"isPartOf\":{\"@id\":\"https:\\\/\\\/wool-bed.com\\\/nb\\\/#website\"},\"primaryImageOfPage\":{\"@id\":\"https:\\\/\\\/wool-bed.com\\\/nb\\\/shop\\\/tilbud\\\/kashmir-vest-ullvester\\\/#primaryimage\"},\"image\":{\"@id\":\"https:\\\/\\\/wool-bed.com\\\/nb\\\/shop\\\/tilbud\\\/kashmir-vest-ullvester\\\/#primaryimage\"},\"thumbnailUrl\":\"https:\\\/\\\/wool-bed.com\\\/wp-content\\\/uploads\\\/2015\\\/10\\\/vast1.jpg\",\"datePublished\":\"2015-10-02T12:09:11+00:00\",\"dateModified\":\"2016-11-10T12:22:39+00:00\",\"breadcrumb\":{\"@id\":\"https:\\\/\\\/wool-bed.com\\\/nb\\\/shop\\\/tilbud\\\/kashmir-vest-ullvester\\\/#breadcrumb\"},\"inLanguage\":\"nb-NO\",\"potentialAction\":[{\"@type\":\"ReadAction\",\"target\":[\"https:\\\/\\\/wool-bed.com\\\/nb\\\/shop\\\/tilbud\\\/kashmir-vest-ullvester\\\/\"]}]},{\"@type\":\"ImageObject\",\"inLanguage\":\"nb-NO\",\"@id\":\"https:\\\/\\\/wool-bed.com\\\/nb\\\/shop\\\/tilbud\\\/kashmir-vest-ullvester\\\/#primaryimage\",\"url\":\"https:\\\/\\\/wool-bed.com\\\/wp-content\\\/uploads\\\/2015\\\/10\\\/vast1.jpg\",\"contentUrl\":\"https:\\\/\\\/wool-bed.com\\\/wp-content\\\/uploads\\\/2015\\\/10\\\/vast1.jpg\",\"width\":800,\"height\":800},{\"@type\":\"BreadcrumbList\",\"@id\":\"https:\\\/\\\/wool-bed.com\\\/nb\\\/shop\\\/tilbud\\\/kashmir-vest-ullvester\\\/#breadcrumb\",\"itemListElement\":[{\"@type\":\"ListItem\",\"position\":1,\"name\":\"Home\",\"item\":\"https:\\\/\\\/wool-bed.com\\\/nb\\\/\"},{\"@type\":\"ListItem\",\"position\":2,\"name\":\"Produkter\",\"item\":\"https:\\\/\\\/wool-bed.com\\\/nb\\\/shop\\\/\"},{\"@type\":\"ListItem\",\"position\":3,\"name\":\"V\u00c4ST\"}]},{\"@type\":\"WebSite\",\"@id\":\"https:\\\/\\\/wool-bed.com\\\/nb\\\/#website\",\"url\":\"https:\\\/\\\/wool-bed.com\\\/nb\\\/\",\"name\":\"WoolBed | SPESIALISTER I ULL, EKSPERTER P\u00c5 DIN S\u00d8VN\",\"description\":\"In Woolbed we labour for your rest. Visit our online shop and discover our memory foam mattresses and Merino and Cashmere wool products with Woolmark quality guarantee.\",\"potentialAction\":[{\"@type\":\"SearchAction\",\"target\":{\"@type\":\"EntryPoint\",\"urlTemplate\":\"https:\\\/\\\/wool-bed.com\\\/nb\\\/?s={search_term_string}\"},\"query-input\":{\"@type\":\"PropertyValueSpecification\",\"valueRequired\":true,\"valueName\":\"search_term_string\"}}],\"inLanguage\":\"nb-NO\"}]}<\/script>\n<!-- \/ Yoast SEO plugin. -->","yoast_head_json":{"title":"ULLVESTER | WoolBed | SPESIALISTER I ULL, EKSPERTER P\u00c5 DIN S\u00d8VN","robots":{"index":"index","follow":"follow","max-snippet":"max-snippet:-1","max-image-preview":"max-image-preview:large","max-video-preview":"max-video-preview:-1"},"canonical":"https:\/\/wool-bed.com\/nb\/shop\/tilbud\/kashmir-vest-ullvester\/","og_locale":"nb_NO","og_type":"article","og_title":"ULLVESTER | WoolBed | SPESIALISTER I ULL, EKSPERTER P\u00c5 DIN S\u00d8VN","og_description":"Vi introduserer den nye Woolbed vesten. Vesten er laget for dem som liker \u00e5 v\u00e6re ute og nyte de kalde vinterdager. Med den nye Woolbed vesten kan du gj\u00f8re hagearbeid, fiske, turer i skogen, p\u00e5 jakt ... Den holder kroppstemperaturen og skaper et behagelig velv\u00e6re, takket v\u00e6re den eksklusive og moderne designet i Kashmir. Den er tilgjengelig i forskjellige st\u00f8rrelser og to farger, hvit og kamel.","og_url":"https:\/\/wool-bed.com\/nb\/shop\/tilbud\/kashmir-vest-ullvester\/","og_site_name":"WoolBed | SPESIALISTER I ULL, EKSPERTER P\u00c5 DIN S\u00d8VN","article_publisher":"https:\/\/www.facebook.com\/WoolBed\/","article_modified_time":"2016-11-10T12:22:39+00:00","og_image":[{"width":800,"height":800,"url":"https:\/\/wool-bed.com\/wp-content\/uploads\/2015\/10\/vast1.jpg","type":"image\/jpeg"}],"twitter_card":"summary_large_image","schema":{"@context":"https:\/\/schema.org","@graph":[{"@type":"WebPage","@id":"https:\/\/wool-bed.com\/nb\/shop\/tilbud\/kashmir-vest-ullvester\/","url":"https:\/\/wool-bed.com\/nb\/shop\/tilbud\/kashmir-vest-ullvester\/","name":"ULLVESTER | WoolBed | SPESIALISTER I ULL, EKSPERTER P\u00c5 DIN S\u00d8VN","isPartOf":{"@id":"https:\/\/wool-bed.com\/nb\/#website"},"primaryImageOfPage":{"@id":"https:\/\/wool-bed.com\/nb\/shop\/tilbud\/kashmir-vest-ullvester\/#primaryimage"},"image":{"@id":"https:\/\/wool-bed.com\/nb\/shop\/tilbud\/kashmir-vest-ullvester\/#primaryimage"},"thumbnailUrl":"https:\/\/wool-bed.com\/wp-content\/uploads\/2015\/10\/vast1.jpg","datePublished":"2015-10-02T12:09:11+00:00","dateModified":"2016-11-10T12:22:39+00:00","breadcrumb":{"@id":"https:\/\/wool-bed.com\/nb\/shop\/tilbud\/kashmir-vest-ullvester\/#breadcrumb"},"inLanguage":"nb-NO","potentialAction":[{"@type":"ReadAction","target":["https:\/\/wool-bed.com\/nb\/shop\/tilbud\/kashmir-vest-ullvester\/"]}]},{"@type":"ImageObject","inLanguage":"nb-NO","@id":"https:\/\/wool-bed.com\/nb\/shop\/tilbud\/kashmir-vest-ullvester\/#primaryimage","url":"https:\/\/wool-bed.com\/wp-content\/uploads\/2015\/10\/vast1.jpg","contentUrl":"https:\/\/wool-bed.com\/wp-content\/uploads\/2015\/10\/vast1.jpg","width":800,"height":800},{"@type":"BreadcrumbList","@id":"https:\/\/wool-bed.com\/nb\/shop\/tilbud\/kashmir-vest-ullvester\/#breadcrumb","itemListElement":[{"@type":"ListItem","position":1,"name":"Home","item":"https:\/\/wool-bed.com\/nb\/"},{"@type":"ListItem","position":2,"name":"Produkter","item":"https:\/\/wool-bed.com\/nb\/shop\/"},{"@type":"ListItem","position":3,"name":"V\u00c4ST"}]},{"@type":"WebSite","@id":"https:\/\/wool-bed.com\/nb\/#website","url":"https:\/\/wool-bed.com\/nb\/","name":"WoolBed | SPESIALISTER I ULL, EKSPERTER P\u00c5 DIN S\u00d8VN","description":"In Woolbed we labour for your rest. Visit our online shop and discover our memory foam mattresses and Merino and Cashmere wool products with Woolmark quality guarantee.","potentialAction":[{"@type":"SearchAction","target":{"@type":"EntryPoint","urlTemplate":"https:\/\/wool-bed.com\/nb\/?s={search_term_string}"},"query-input":{"@type":"PropertyValueSpecification","valueRequired":true,"valueName":"search_term_string"}}],"inLanguage":"nb-NO"}]}},"_links":{"self":[{"href":"https:\/\/wool-bed.com\/nb\/wp-json\/wp\/v2\/product\/2529","targetHints":{"allow":["GET"]}}],"collection":[{"href":"https:\/\/wool-bed.com\/nb\/wp-json\/wp\/v2\/product"}],"about":[{"href":"https:\/\/wool-bed.com\/nb\/wp-json\/wp\/v2\/types\/product"}],"replies":[{"embeddable":true,"href":"https:\/\/wool-bed.com\/nb\/wp-json\/wp\/v2\/comments?post=2529"}],"wp:featuredmedia":[{"embeddable":true,"href":"https:\/\/wool-bed.com\/nb\/wp-json\/wp\/v2\/media\/4418"}],"wp:attachment":[{"href":"https:\/\/wool-bed.com\/nb\/wp-json\/wp\/v2\/media?parent=2529"}],"wp:term":[{"taxonomy":"product_brand","embeddable":true,"href":"https:\/\/wool-bed.com\/nb\/wp-json\/wp\/v2\/product_brand?post=2529"},{"taxonomy":"product_cat","embeddable":true,"href":"https:\/\/wool-bed.com\/nb\/wp-json\/wp\/v2\/product_cat?post=2529"},{"taxonomy":"product_tag","embeddable":true,"href":"https:\/\/wool-bed.com\/nb\/wp-json\/wp\/v2\/product_tag?post=2529"}],"curies":[{"name":"wp","href":"https:\/\/api.w.org\/{rel}","templated":true}]}}