{"id":2521,"date":"2015-10-02T12:51:57","date_gmt":"2015-10-02T11:51:57","guid":{"rendered":"http:\/\/wool-bed.com\/product\/topper-7-2\/"},"modified":"2025-11-21T16:43:57","modified_gmt":"2025-11-21T16:43:57","slug":"toppmadrass","status":"publish","type":"product","link":"https:\/\/wool-bed.com\/nb\/shop\/seng-madrass\/toppmadrass\/","title":{"rendered":"TOPPMADRASS 7"},"content":{"rendered":"","protected":false},"excerpt":{"rendered":"<h3><span style=\"color: #a40000;\">En komfortabel overmadrass som gir st\u00f8tte til kroppens trykkpunkter<\/span><\/h3>\n<p>V\u00e5r Toppmadrass 7 er utformet for \u00e5 gi deg ekstra st\u00f8tte og tilpasse seg kroppsvekten din.<\/p>\n<p>Takket v\u00e6re den h\u00f8ye komforten bidrar den til \u00e5 forebygge smerter i omr\u00e5der med stor belastning, som hofter, rygg og skuldre. Toppmadrass 7 plasseres opp\u00e5 din eksisterende madrass, forutsatt at den er i god stand, og gir dermed komfort og st\u00f8tte fra f\u00f8rste dag.<\/p>\n<p>Toppmadrass 7 er designet med 5 cm naturgummi og 2 cm visko, og kommer med et mykt, avtagbart og vaskbart overtrekk. P\u00e5 undersiden finnes en glidel\u00e5s som gj\u00f8r vask og plassering enklere, samt et lag med antisklieffekt som sikrer perfekt stabilitet.<\/p>\n<ul>\n<li>Avtagbart og vaskbart bomullstrekk med praktisk glidel\u00e5s<\/li>\n<li>Antisklieffekt for stabil plassering<\/li>\n<li>Naturgummi og visko for optimal komfort<\/li>\n<li>Perfekt \u00e5 bruke opp\u00e5 en eksisterende madrass som er i utmerket stand<\/li>\n<li>Madrassbeskytteren er testet etter \u00d6KO Standard 100<\/li>\n<\/ul>\n<p>Hvis du trenger en spesialtilpasset st\u00f8rrelse, send oss en e-post p\u00e5 <span style=\"color: #b20838;\"><a style=\"color: #b20838;\" href=\"mailto:sizes@wool-bed.com\"><span style=\"font-size: medium;\">sizes@wool-bed.com<\/span><\/a><\/span><\/p>\n","protected":false},"featured_media":8626,"comment_status":"closed","ping_status":"closed","template":"","meta":[],"product_brand":[],"product_cat":[214],"product_tag":[],"class_list":{"0":"post-2521","1":"product","2":"type-product","3":"status-publish","4":"has-post-thumbnail","6":"product_cat-seng-madrass","8":"first","9":"instock","10":"shipping-taxable","11":"purchasable","12":"product-type-variable"},"bundle_layout":"","bundled_by":["2597","2652","2648","2644","2597","9649","9653","9658"],"bundled_items":[],"yoast_head":"<!-- This site is optimized with the Yoast SEO plugin v27.4 - https:\/\/yoast.com\/product\/yoast-seo-wordpress\/ -->\n<title>TOPPMADRASS | WoolBed | SPESIALISTER I ULL, EKSPERTER P\u00c5 DIN S\u00d8VN<\/title>\n<meta name=\"robots\" content=\"index, follow, max-snippet:-1, max-image-preview:large, max-video-preview:-1\" \/>\n<link rel=\"canonical\" href=\"https:\/\/wool-bed.com\/nb\/shop\/seng-madrass\/toppmadrass\/\" \/>\n<meta property=\"og:locale\" content=\"nb_NO\" \/>\n<meta property=\"og:type\" content=\"article\" \/>\n<meta property=\"og:title\" content=\"TOPPMADRASS | WoolBed | SPESIALISTER I ULL, EKSPERTER P\u00c5 DIN S\u00d8VN\" \/>\n<meta property=\"og:description\" content=\"En komfortabel overmadrass som gir st\u00f8tte til kroppens trykkpunkter V\u00e5r Toppmadrass 7 er utformet for \u00e5 gi deg ekstra st\u00f8tte og tilpasse seg kroppsvekten din.  Takket v\u00e6re den h\u00f8ye komforten bidrar den til \u00e5 forebygge smerter i omr\u00e5der med stor belastning, som hofter, rygg og skuldre. Toppmadrass 7 plasseres opp\u00e5 din eksisterende madrass, forutsatt at den er i god stand, og gir dermed komfort og st\u00f8tte fra f\u00f8rste dag.  Toppmadrass 7 er designet med 5 cm naturgummi og 2 cm visko, og kommer med et mykt, avtagbart og vaskbart overtrekk. P\u00e5 undersiden finnes en glidel\u00e5s som gj\u00f8r vask og plassering enklere, samt et lag med antisklieffekt som sikrer perfekt stabilitet.   Avtagbart og vaskbart bomullstrekk med praktisk glidel\u00e5s  Antisklieffekt for stabil plassering  Naturgummi og visko for optimal komfort  Perfekt \u00e5 bruke opp\u00e5 en eksisterende madrass som er i utmerket stand  Madrassbeskytteren er testet etter \u00d6KO Standard 100  Hvis du trenger en spesialtilpasset st\u00f8rrelse, send oss en e-post p\u00e5 sizes@wool-bed.com\" \/>\n<meta property=\"og:url\" content=\"https:\/\/wool-bed.com\/nb\/shop\/seng-madrass\/toppmadrass\/\" \/>\n<meta property=\"og:site_name\" content=\"WoolBed | SPESIALISTER I ULL, EKSPERTER P\u00c5 DIN S\u00d8VN\" \/>\n<meta property=\"article:publisher\" content=\"https:\/\/www.facebook.com\/WoolBed\/\" \/>\n<meta property=\"article:modified_time\" content=\"2025-11-21T16:43:57+00:00\" \/>\n<meta property=\"og:image\" content=\"https:\/\/wool-bed.com\/wp-content\/uploads\/toppmadrass7-woolbed-collection-2019-detail-.jpg\" \/>\n\t<meta property=\"og:image:width\" content=\"800\" \/>\n\t<meta property=\"og:image:height\" content=\"800\" \/>\n\t<meta property=\"og:image:type\" content=\"image\/jpeg\" \/>\n<meta name=\"twitter:card\" content=\"summary_large_image\" \/>\n<script type=\"application\/ld+json\" class=\"yoast-schema-graph\">{\"@context\":\"https:\\\/\\\/schema.org\",\"@graph\":[{\"@type\":\"WebPage\",\"@id\":\"https:\\\/\\\/wool-bed.com\\\/nb\\\/shop\\\/seng-madrass\\\/toppmadrass\\\/\",\"url\":\"https:\\\/\\\/wool-bed.com\\\/nb\\\/shop\\\/seng-madrass\\\/toppmadrass\\\/\",\"name\":\"TOPPMADRASS | WoolBed | SPESIALISTER I ULL, EKSPERTER P\u00c5 DIN S\u00d8VN\",\"isPartOf\":{\"@id\":\"https:\\\/\\\/wool-bed.com\\\/nb\\\/#website\"},\"primaryImageOfPage\":{\"@id\":\"https:\\\/\\\/wool-bed.com\\\/nb\\\/shop\\\/seng-madrass\\\/toppmadrass\\\/#primaryimage\"},\"image\":{\"@id\":\"https:\\\/\\\/wool-bed.com\\\/nb\\\/shop\\\/seng-madrass\\\/toppmadrass\\\/#primaryimage\"},\"thumbnailUrl\":\"https:\\\/\\\/wool-bed.com\\\/wp-content\\\/uploads\\\/toppmadrass7-woolbed-collection-2019-detail-.jpg\",\"datePublished\":\"2015-10-02T11:51:57+00:00\",\"dateModified\":\"2025-11-21T16:43:57+00:00\",\"breadcrumb\":{\"@id\":\"https:\\\/\\\/wool-bed.com\\\/nb\\\/shop\\\/seng-madrass\\\/toppmadrass\\\/#breadcrumb\"},\"inLanguage\":\"nb-NO\",\"potentialAction\":[{\"@type\":\"ReadAction\",\"target\":[\"https:\\\/\\\/wool-bed.com\\\/nb\\\/shop\\\/seng-madrass\\\/toppmadrass\\\/\"]}]},{\"@type\":\"ImageObject\",\"inLanguage\":\"nb-NO\",\"@id\":\"https:\\\/\\\/wool-bed.com\\\/nb\\\/shop\\\/seng-madrass\\\/toppmadrass\\\/#primaryimage\",\"url\":\"https:\\\/\\\/wool-bed.com\\\/wp-content\\\/uploads\\\/toppmadrass7-woolbed-collection-2019-detail-.jpg\",\"contentUrl\":\"https:\\\/\\\/wool-bed.com\\\/wp-content\\\/uploads\\\/toppmadrass7-woolbed-collection-2019-detail-.jpg\",\"width\":800,\"height\":800},{\"@type\":\"BreadcrumbList\",\"@id\":\"https:\\\/\\\/wool-bed.com\\\/nb\\\/shop\\\/seng-madrass\\\/toppmadrass\\\/#breadcrumb\",\"itemListElement\":[{\"@type\":\"ListItem\",\"position\":1,\"name\":\"Home\",\"item\":\"https:\\\/\\\/wool-bed.com\\\/nb\\\/\"},{\"@type\":\"ListItem\",\"position\":2,\"name\":\"Produkter\",\"item\":\"https:\\\/\\\/wool-bed.com\\\/nb\\\/shop\\\/\"},{\"@type\":\"ListItem\",\"position\":3,\"name\":\"TOPPMADRASS 7\"}]},{\"@type\":\"WebSite\",\"@id\":\"https:\\\/\\\/wool-bed.com\\\/nb\\\/#website\",\"url\":\"https:\\\/\\\/wool-bed.com\\\/nb\\\/\",\"name\":\"WoolBed | SPESIALISTER I ULL, EKSPERTER P\u00c5 DIN S\u00d8VN\",\"description\":\"In Woolbed we labour for your rest. Visit our online shop and discover our memory foam mattresses and Merino and Cashmere wool products with Woolmark quality guarantee.\",\"potentialAction\":[{\"@type\":\"SearchAction\",\"target\":{\"@type\":\"EntryPoint\",\"urlTemplate\":\"https:\\\/\\\/wool-bed.com\\\/nb\\\/?s={search_term_string}\"},\"query-input\":{\"@type\":\"PropertyValueSpecification\",\"valueRequired\":true,\"valueName\":\"search_term_string\"}}],\"inLanguage\":\"nb-NO\"}]}<\/script>\n<!-- \/ Yoast SEO plugin. -->","yoast_head_json":{"title":"TOPPMADRASS | WoolBed | SPESIALISTER I ULL, EKSPERTER P\u00c5 DIN S\u00d8VN","robots":{"index":"index","follow":"follow","max-snippet":"max-snippet:-1","max-image-preview":"max-image-preview:large","max-video-preview":"max-video-preview:-1"},"canonical":"https:\/\/wool-bed.com\/nb\/shop\/seng-madrass\/toppmadrass\/","og_locale":"nb_NO","og_type":"article","og_title":"TOPPMADRASS | WoolBed | SPESIALISTER I ULL, EKSPERTER P\u00c5 DIN S\u00d8VN","og_description":"En komfortabel overmadrass som gir st\u00f8tte til kroppens trykkpunkter V\u00e5r Toppmadrass 7 er utformet for \u00e5 gi deg ekstra st\u00f8tte og tilpasse seg kroppsvekten din.  Takket v\u00e6re den h\u00f8ye komforten bidrar den til \u00e5 forebygge smerter i omr\u00e5der med stor belastning, som hofter, rygg og skuldre. Toppmadrass 7 plasseres opp\u00e5 din eksisterende madrass, forutsatt at den er i god stand, og gir dermed komfort og st\u00f8tte fra f\u00f8rste dag.  Toppmadrass 7 er designet med 5 cm naturgummi og 2 cm visko, og kommer med et mykt, avtagbart og vaskbart overtrekk. P\u00e5 undersiden finnes en glidel\u00e5s som gj\u00f8r vask og plassering enklere, samt et lag med antisklieffekt som sikrer perfekt stabilitet.   Avtagbart og vaskbart bomullstrekk med praktisk glidel\u00e5s  Antisklieffekt for stabil plassering  Naturgummi og visko for optimal komfort  Perfekt \u00e5 bruke opp\u00e5 en eksisterende madrass som er i utmerket stand  Madrassbeskytteren er testet etter \u00d6KO Standard 100  Hvis du trenger en spesialtilpasset st\u00f8rrelse, send oss en e-post p\u00e5 sizes@wool-bed.com","og_url":"https:\/\/wool-bed.com\/nb\/shop\/seng-madrass\/toppmadrass\/","og_site_name":"WoolBed | SPESIALISTER I ULL, EKSPERTER P\u00c5 DIN S\u00d8VN","article_publisher":"https:\/\/www.facebook.com\/WoolBed\/","article_modified_time":"2025-11-21T16:43:57+00:00","og_image":[{"width":800,"height":800,"url":"https:\/\/wool-bed.com\/wp-content\/uploads\/toppmadrass7-woolbed-collection-2019-detail-.jpg","type":"image\/jpeg"}],"twitter_card":"summary_large_image","schema":{"@context":"https:\/\/schema.org","@graph":[{"@type":"WebPage","@id":"https:\/\/wool-bed.com\/nb\/shop\/seng-madrass\/toppmadrass\/","url":"https:\/\/wool-bed.com\/nb\/shop\/seng-madrass\/toppmadrass\/","name":"TOPPMADRASS | WoolBed | SPESIALISTER I ULL, EKSPERTER P\u00c5 DIN S\u00d8VN","isPartOf":{"@id":"https:\/\/wool-bed.com\/nb\/#website"},"primaryImageOfPage":{"@id":"https:\/\/wool-bed.com\/nb\/shop\/seng-madrass\/toppmadrass\/#primaryimage"},"image":{"@id":"https:\/\/wool-bed.com\/nb\/shop\/seng-madrass\/toppmadrass\/#primaryimage"},"thumbnailUrl":"https:\/\/wool-bed.com\/wp-content\/uploads\/toppmadrass7-woolbed-collection-2019-detail-.jpg","datePublished":"2015-10-02T11:51:57+00:00","dateModified":"2025-11-21T16:43:57+00:00","breadcrumb":{"@id":"https:\/\/wool-bed.com\/nb\/shop\/seng-madrass\/toppmadrass\/#breadcrumb"},"inLanguage":"nb-NO","potentialAction":[{"@type":"ReadAction","target":["https:\/\/wool-bed.com\/nb\/shop\/seng-madrass\/toppmadrass\/"]}]},{"@type":"ImageObject","inLanguage":"nb-NO","@id":"https:\/\/wool-bed.com\/nb\/shop\/seng-madrass\/toppmadrass\/#primaryimage","url":"https:\/\/wool-bed.com\/wp-content\/uploads\/toppmadrass7-woolbed-collection-2019-detail-.jpg","contentUrl":"https:\/\/wool-bed.com\/wp-content\/uploads\/toppmadrass7-woolbed-collection-2019-detail-.jpg","width":800,"height":800},{"@type":"BreadcrumbList","@id":"https:\/\/wool-bed.com\/nb\/shop\/seng-madrass\/toppmadrass\/#breadcrumb","itemListElement":[{"@type":"ListItem","position":1,"name":"Home","item":"https:\/\/wool-bed.com\/nb\/"},{"@type":"ListItem","position":2,"name":"Produkter","item":"https:\/\/wool-bed.com\/nb\/shop\/"},{"@type":"ListItem","position":3,"name":"TOPPMADRASS 7"}]},{"@type":"WebSite","@id":"https:\/\/wool-bed.com\/nb\/#website","url":"https:\/\/wool-bed.com\/nb\/","name":"WoolBed | SPESIALISTER I ULL, EKSPERTER P\u00c5 DIN S\u00d8VN","description":"In Woolbed we labour for your rest. Visit our online shop and discover our memory foam mattresses and Merino and Cashmere wool products with Woolmark quality guarantee.","potentialAction":[{"@type":"SearchAction","target":{"@type":"EntryPoint","urlTemplate":"https:\/\/wool-bed.com\/nb\/?s={search_term_string}"},"query-input":{"@type":"PropertyValueSpecification","valueRequired":true,"valueName":"search_term_string"}}],"inLanguage":"nb-NO"}]}},"_links":{"self":[{"href":"https:\/\/wool-bed.com\/nb\/wp-json\/wp\/v2\/product\/2521","targetHints":{"allow":["GET"]}}],"collection":[{"href":"https:\/\/wool-bed.com\/nb\/wp-json\/wp\/v2\/product"}],"about":[{"href":"https:\/\/wool-bed.com\/nb\/wp-json\/wp\/v2\/types\/product"}],"replies":[{"embeddable":true,"href":"https:\/\/wool-bed.com\/nb\/wp-json\/wp\/v2\/comments?post=2521"}],"wp:featuredmedia":[{"embeddable":true,"href":"https:\/\/wool-bed.com\/nb\/wp-json\/wp\/v2\/media\/8626"}],"wp:attachment":[{"href":"https:\/\/wool-bed.com\/nb\/wp-json\/wp\/v2\/media?parent=2521"}],"wp:term":[{"taxonomy":"product_brand","embeddable":true,"href":"https:\/\/wool-bed.com\/nb\/wp-json\/wp\/v2\/product_brand?post=2521"},{"taxonomy":"product_cat","embeddable":true,"href":"https:\/\/wool-bed.com\/nb\/wp-json\/wp\/v2\/product_cat?post=2521"},{"taxonomy":"product_tag","embeddable":true,"href":"https:\/\/wool-bed.com\/nb\/wp-json\/wp\/v2\/product_tag?post=2521"}],"curies":[{"name":"wp","href":"https:\/\/api.w.org\/{rel}","templated":true}]}}