{"id":1673,"date":"2015-05-07T17:02:04","date_gmt":"2015-08-13T11:40:13","guid":{"rendered":"http:\/\/wool-bed.com\/?post_type=product&#038;p=1673"},"modified":"2023-04-27T15:23:33","modified_gmt":"2023-04-27T14:23:33","slug":"dekorations-tacke-kuddset","status":"publish","type":"product","link":"https:\/\/wool-bed.com\/nb\/shop\/ull-sengesett\/dekorations-tacke-kuddset\/","title":{"rendered":"dekorationst\u00e4cke med kuddset"},"content":{"rendered":"","protected":false},"excerpt":{"rendered":"<p>En praktisk og elegant dyne med matchende pute.<\/p>\n<p>Teppet er laget med to sider, en side best\u00e5r av merinoull og den andre av bomull.<\/p>\n<p>Teppet er tilgjengelig i r\u00f8d \/ gr\u00e5 \/ brun bomull eller hvit silke \/ sateng.<\/p>\n<p>Sommart\u00e4cke: 140x200cm<br \/>\nSommarkudde: 40x60cm<\/p>\n<p>Hvis du trenger et spesiell m\u00e5l p\u00e5 bestilling, send oss en mail til <a href=\"mailto:sizes@wool-bed.com\"><span style=\"font-size: medium;\">sizes@wool-bed.com<\/span><\/a><\/p>\n","protected":false},"featured_media":8073,"comment_status":"open","ping_status":"closed","template":"","meta":[],"product_brand":[],"product_cat":[59],"product_tag":[],"class_list":{"0":"post-1673","1":"product","2":"type-product","3":"status-publish","4":"has-post-thumbnail","6":"product_cat-ull-sengesett","8":"first","9":"instock","10":"shipping-taxable","11":"purchasable","12":"product-type-variable"},"bundle_layout":"","bundled_by":[],"bundled_items":[],"yoast_head":"<!-- This site is optimized with the Yoast SEO plugin v27.3 - https:\/\/yoast.com\/product\/yoast-seo-wordpress\/ -->\n<title>dekorationst\u00e4cke med kuddset | WoolBed | SPESIALISTER I ULL, EKSPERTER P\u00c5 DIN S\u00d8VN<\/title>\n<meta name=\"robots\" content=\"index, follow, max-snippet:-1, max-image-preview:large, max-video-preview:-1\" \/>\n<link rel=\"canonical\" href=\"https:\/\/wool-bed.com\/nb\/shop\/ull-sengesett\/dekorations-tacke-kuddset\/\" \/>\n<meta property=\"og:locale\" content=\"nb_NO\" \/>\n<meta property=\"og:type\" content=\"article\" \/>\n<meta property=\"og:title\" content=\"dekorationst\u00e4cke med kuddset | WoolBed | SPESIALISTER I ULL, EKSPERTER P\u00c5 DIN S\u00d8VN\" \/>\n<meta property=\"og:description\" content=\"En praktisk og elegant dyne med matchende pute.  Teppet er laget med to sider, en side best\u00e5r av merinoull og den andre av bomull.  Teppet er tilgjengelig i r\u00f8d \/ gr\u00e5 \/ brun bomull eller hvit silke \/ sateng.  Sommart\u00e4cke: 140x200cm Sommarkudde: 40x60cm  Hvis du trenger et spesiell m\u00e5l p\u00e5 bestilling, send oss en mail til sizes@wool-bed.com\" \/>\n<meta property=\"og:url\" content=\"https:\/\/wool-bed.com\/nb\/shop\/ull-sengesett\/dekorations-tacke-kuddset\/\" \/>\n<meta property=\"og:site_name\" content=\"WoolBed | SPESIALISTER I ULL, EKSPERTER P\u00c5 DIN S\u00d8VN\" \/>\n<meta property=\"article:publisher\" content=\"https:\/\/www.facebook.com\/WoolBed\/\" \/>\n<meta property=\"article:modified_time\" content=\"2023-04-27T14:23:33+00:00\" \/>\n<meta property=\"og:image\" content=\"https:\/\/wool-bed.com\/wp-content\/uploads\/dekorationst\u00e4cke-kuddset-woolbed-collection-2019-brown-.jpg\" \/>\n\t<meta property=\"og:image:width\" content=\"800\" \/>\n\t<meta property=\"og:image:height\" content=\"800\" \/>\n\t<meta property=\"og:image:type\" content=\"image\/jpeg\" \/>\n<meta name=\"twitter:card\" content=\"summary_large_image\" \/>\n<script type=\"application\/ld+json\" class=\"yoast-schema-graph\">{\"@context\":\"https:\\\/\\\/schema.org\",\"@graph\":[{\"@type\":\"WebPage\",\"@id\":\"https:\\\/\\\/wool-bed.com\\\/nb\\\/shop\\\/ull-sengesett\\\/dekorations-tacke-kuddset\\\/\",\"url\":\"https:\\\/\\\/wool-bed.com\\\/nb\\\/shop\\\/ull-sengesett\\\/dekorations-tacke-kuddset\\\/\",\"name\":\"dekorationst\u00e4cke med kuddset | WoolBed | SPESIALISTER I ULL, EKSPERTER P\u00c5 DIN S\u00d8VN\",\"isPartOf\":{\"@id\":\"https:\\\/\\\/wool-bed.com\\\/nb\\\/#website\"},\"primaryImageOfPage\":{\"@id\":\"https:\\\/\\\/wool-bed.com\\\/nb\\\/shop\\\/ull-sengesett\\\/dekorations-tacke-kuddset\\\/#primaryimage\"},\"image\":{\"@id\":\"https:\\\/\\\/wool-bed.com\\\/nb\\\/shop\\\/ull-sengesett\\\/dekorations-tacke-kuddset\\\/#primaryimage\"},\"thumbnailUrl\":\"https:\\\/\\\/wool-bed.com\\\/wp-content\\\/uploads\\\/dekorationst\u00e4cke-kuddset-woolbed-collection-2019-tacke.jpg\",\"datePublished\":\"2015-08-13T11:40:13+00:00\",\"dateModified\":\"2023-04-27T14:23:33+00:00\",\"breadcrumb\":{\"@id\":\"https:\\\/\\\/wool-bed.com\\\/nb\\\/shop\\\/ull-sengesett\\\/dekorations-tacke-kuddset\\\/#breadcrumb\"},\"inLanguage\":\"nb-NO\",\"potentialAction\":[{\"@type\":\"ReadAction\",\"target\":[\"https:\\\/\\\/wool-bed.com\\\/nb\\\/shop\\\/ull-sengesett\\\/dekorations-tacke-kuddset\\\/\"]}]},{\"@type\":\"ImageObject\",\"inLanguage\":\"nb-NO\",\"@id\":\"https:\\\/\\\/wool-bed.com\\\/nb\\\/shop\\\/ull-sengesett\\\/dekorations-tacke-kuddset\\\/#primaryimage\",\"url\":\"https:\\\/\\\/wool-bed.com\\\/wp-content\\\/uploads\\\/dekorationst\u00e4cke-kuddset-woolbed-collection-2019-tacke.jpg\",\"contentUrl\":\"https:\\\/\\\/wool-bed.com\\\/wp-content\\\/uploads\\\/dekorationst\u00e4cke-kuddset-woolbed-collection-2019-tacke.jpg\",\"width\":800,\"height\":800,\"caption\":\"dekorationst\u00e4cke-kuddset-woolbed-collection-2019-tacke\"},{\"@type\":\"BreadcrumbList\",\"@id\":\"https:\\\/\\\/wool-bed.com\\\/nb\\\/shop\\\/ull-sengesett\\\/dekorations-tacke-kuddset\\\/#breadcrumb\",\"itemListElement\":[{\"@type\":\"ListItem\",\"position\":1,\"name\":\"Home\",\"item\":\"https:\\\/\\\/wool-bed.com\\\/nb\\\/\"},{\"@type\":\"ListItem\",\"position\":2,\"name\":\"Produkter\",\"item\":\"https:\\\/\\\/wool-bed.com\\\/nb\\\/shop\\\/\"},{\"@type\":\"ListItem\",\"position\":3,\"name\":\"dekorationst\u00e4cke med kuddset\"}]},{\"@type\":\"WebSite\",\"@id\":\"https:\\\/\\\/wool-bed.com\\\/nb\\\/#website\",\"url\":\"https:\\\/\\\/wool-bed.com\\\/nb\\\/\",\"name\":\"WoolBed | SPESIALISTER I ULL, EKSPERTER P\u00c5 DIN S\u00d8VN\",\"description\":\"In Woolbed we labour for your rest. Visit our online shop and discover our memory foam mattresses and Merino and Cashmere wool products with Woolmark quality guarantee.\",\"potentialAction\":[{\"@type\":\"SearchAction\",\"target\":{\"@type\":\"EntryPoint\",\"urlTemplate\":\"https:\\\/\\\/wool-bed.com\\\/nb\\\/?s={search_term_string}\"},\"query-input\":{\"@type\":\"PropertyValueSpecification\",\"valueRequired\":true,\"valueName\":\"search_term_string\"}}],\"inLanguage\":\"nb-NO\"}]}<\/script>\n<!-- \/ Yoast SEO plugin. -->","yoast_head_json":{"title":"dekorationst\u00e4cke med kuddset | WoolBed | SPESIALISTER I ULL, EKSPERTER P\u00c5 DIN S\u00d8VN","robots":{"index":"index","follow":"follow","max-snippet":"max-snippet:-1","max-image-preview":"max-image-preview:large","max-video-preview":"max-video-preview:-1"},"canonical":"https:\/\/wool-bed.com\/nb\/shop\/ull-sengesett\/dekorations-tacke-kuddset\/","og_locale":"nb_NO","og_type":"article","og_title":"dekorationst\u00e4cke med kuddset | WoolBed | SPESIALISTER I ULL, EKSPERTER P\u00c5 DIN S\u00d8VN","og_description":"En praktisk og elegant dyne med matchende pute.  Teppet er laget med to sider, en side best\u00e5r av merinoull og den andre av bomull.  Teppet er tilgjengelig i r\u00f8d \/ gr\u00e5 \/ brun bomull eller hvit silke \/ sateng.  Sommart\u00e4cke: 140x200cm Sommarkudde: 40x60cm  Hvis du trenger et spesiell m\u00e5l p\u00e5 bestilling, send oss en mail til sizes@wool-bed.com","og_url":"https:\/\/wool-bed.com\/nb\/shop\/ull-sengesett\/dekorations-tacke-kuddset\/","og_site_name":"WoolBed | SPESIALISTER I ULL, EKSPERTER P\u00c5 DIN S\u00d8VN","article_publisher":"https:\/\/www.facebook.com\/WoolBed\/","article_modified_time":"2023-04-27T14:23:33+00:00","og_image":[{"width":800,"height":800,"url":"https:\/\/wool-bed.com\/wp-content\/uploads\/dekorationst\u00e4cke-kuddset-woolbed-collection-2019-brown-.jpg","type":"image\/jpeg"}],"twitter_card":"summary_large_image","schema":{"@context":"https:\/\/schema.org","@graph":[{"@type":"WebPage","@id":"https:\/\/wool-bed.com\/nb\/shop\/ull-sengesett\/dekorations-tacke-kuddset\/","url":"https:\/\/wool-bed.com\/nb\/shop\/ull-sengesett\/dekorations-tacke-kuddset\/","name":"dekorationst\u00e4cke med kuddset | WoolBed | SPESIALISTER I ULL, EKSPERTER P\u00c5 DIN S\u00d8VN","isPartOf":{"@id":"https:\/\/wool-bed.com\/nb\/#website"},"primaryImageOfPage":{"@id":"https:\/\/wool-bed.com\/nb\/shop\/ull-sengesett\/dekorations-tacke-kuddset\/#primaryimage"},"image":{"@id":"https:\/\/wool-bed.com\/nb\/shop\/ull-sengesett\/dekorations-tacke-kuddset\/#primaryimage"},"thumbnailUrl":"https:\/\/wool-bed.com\/wp-content\/uploads\/dekorationst\u00e4cke-kuddset-woolbed-collection-2019-tacke.jpg","datePublished":"2015-08-13T11:40:13+00:00","dateModified":"2023-04-27T14:23:33+00:00","breadcrumb":{"@id":"https:\/\/wool-bed.com\/nb\/shop\/ull-sengesett\/dekorations-tacke-kuddset\/#breadcrumb"},"inLanguage":"nb-NO","potentialAction":[{"@type":"ReadAction","target":["https:\/\/wool-bed.com\/nb\/shop\/ull-sengesett\/dekorations-tacke-kuddset\/"]}]},{"@type":"ImageObject","inLanguage":"nb-NO","@id":"https:\/\/wool-bed.com\/nb\/shop\/ull-sengesett\/dekorations-tacke-kuddset\/#primaryimage","url":"https:\/\/wool-bed.com\/wp-content\/uploads\/dekorationst\u00e4cke-kuddset-woolbed-collection-2019-tacke.jpg","contentUrl":"https:\/\/wool-bed.com\/wp-content\/uploads\/dekorationst\u00e4cke-kuddset-woolbed-collection-2019-tacke.jpg","width":800,"height":800,"caption":"dekorationst\u00e4cke-kuddset-woolbed-collection-2019-tacke"},{"@type":"BreadcrumbList","@id":"https:\/\/wool-bed.com\/nb\/shop\/ull-sengesett\/dekorations-tacke-kuddset\/#breadcrumb","itemListElement":[{"@type":"ListItem","position":1,"name":"Home","item":"https:\/\/wool-bed.com\/nb\/"},{"@type":"ListItem","position":2,"name":"Produkter","item":"https:\/\/wool-bed.com\/nb\/shop\/"},{"@type":"ListItem","position":3,"name":"dekorationst\u00e4cke med kuddset"}]},{"@type":"WebSite","@id":"https:\/\/wool-bed.com\/nb\/#website","url":"https:\/\/wool-bed.com\/nb\/","name":"WoolBed | SPESIALISTER I ULL, EKSPERTER P\u00c5 DIN S\u00d8VN","description":"In Woolbed we labour for your rest. Visit our online shop and discover our memory foam mattresses and Merino and Cashmere wool products with Woolmark quality guarantee.","potentialAction":[{"@type":"SearchAction","target":{"@type":"EntryPoint","urlTemplate":"https:\/\/wool-bed.com\/nb\/?s={search_term_string}"},"query-input":{"@type":"PropertyValueSpecification","valueRequired":true,"valueName":"search_term_string"}}],"inLanguage":"nb-NO"}]}},"_links":{"self":[{"href":"https:\/\/wool-bed.com\/nb\/wp-json\/wp\/v2\/product\/1673","targetHints":{"allow":["GET"]}}],"collection":[{"href":"https:\/\/wool-bed.com\/nb\/wp-json\/wp\/v2\/product"}],"about":[{"href":"https:\/\/wool-bed.com\/nb\/wp-json\/wp\/v2\/types\/product"}],"replies":[{"embeddable":true,"href":"https:\/\/wool-bed.com\/nb\/wp-json\/wp\/v2\/comments?post=1673"}],"wp:featuredmedia":[{"embeddable":true,"href":"https:\/\/wool-bed.com\/nb\/wp-json\/wp\/v2\/media\/8073"}],"wp:attachment":[{"href":"https:\/\/wool-bed.com\/nb\/wp-json\/wp\/v2\/media?parent=1673"}],"wp:term":[{"taxonomy":"product_brand","embeddable":true,"href":"https:\/\/wool-bed.com\/nb\/wp-json\/wp\/v2\/product_brand?post=1673"},{"taxonomy":"product_cat","embeddable":true,"href":"https:\/\/wool-bed.com\/nb\/wp-json\/wp\/v2\/product_cat?post=1673"},{"taxonomy":"product_tag","embeddable":true,"href":"https:\/\/wool-bed.com\/nb\/wp-json\/wp\/v2\/product_tag?post=1673"}],"curies":[{"name":"wp","href":"https:\/\/api.w.org\/{rel}","templated":true}]}}