{"id":1023,"date":"2015-05-07T16:32:51","date_gmt":"2015-05-07T15:32:51","guid":{"rendered":"http:\/\/wool-bed.com\/product\/pillow-2\/"},"modified":"2025-01-22T16:27:30","modified_gmt":"2025-01-22T16:27:30","slug":"pute","status":"publish","type":"product","link":"https:\/\/wool-bed.com\/nb\/shop\/naturlig-organisk-ull-cashmere\/pute\/","title":{"rendered":"KUDDE"},"content":{"rendered":"","protected":false},"excerpt":{"rendered":"<p>Woolbed pute best\u00e5r av et avtakbart putetrekk i merino lammull. Den indre puten er fylt med luftige bomullskuler i silikon, slik at du kan justere h\u00f8yden for \u00e5 passe dine behov.<\/p>\n<p>Puten er tilgjengelig med r\u00f8dt, gr\u00e5tt eller hvitt dekorativt b\u00e5nd. Den indre puten med innholdet kan vaskes p\u00e5 90 grader. Putetrekk i cashmere og merino kan vaskes p\u00e5 30 grader.<\/p>\n<p>Hvis du trenger et spesiell m\u00e5l p\u00e5 bestilling, send oss en mail til <a href=\"mailto:sizes@wool-bed.com\"><span style=\"font-size: medium;\">sizes@wool-bed.com<\/span><\/a><\/p>\n","protected":false},"featured_media":8149,"comment_status":"closed","ping_status":"closed","template":"","meta":[],"product_brand":[],"product_cat":[61],"product_tag":[],"class_list":{"0":"post-1023","1":"product","2":"type-product","3":"status-publish","4":"has-post-thumbnail","6":"product_cat-naturlig-organisk-ull-cashmere","8":"first","9":"instock","10":"featured","11":"shipping-taxable","12":"purchasable","13":"product-type-variable"},"bundle_layout":"","bundled_by":["2597","2644","1119","2597","1131","9634","9637","9658"],"bundled_items":[],"yoast_head":"<!-- This site is optimized with the Yoast SEO plugin v27.4 - https:\/\/yoast.com\/product\/yoast-seo-wordpress\/ -->\n<title>ULL PUTE | WoolBed | SPESIALISTER I ULL, EKSPERTER P\u00c5 DIN S\u00d8VN<\/title>\n<meta name=\"robots\" content=\"index, follow, max-snippet:-1, max-image-preview:large, max-video-preview:-1\" \/>\n<link rel=\"canonical\" href=\"https:\/\/wool-bed.com\/nb\/shop\/naturlig-organisk-ull-cashmere\/pute\/\" \/>\n<meta property=\"og:locale\" content=\"nb_NO\" \/>\n<meta property=\"og:type\" content=\"article\" \/>\n<meta property=\"og:title\" content=\"ULL PUTE | WoolBed | SPESIALISTER I ULL, EKSPERTER P\u00c5 DIN S\u00d8VN\" \/>\n<meta property=\"og:description\" content=\"Woolbed pute best\u00e5r av et avtakbart putetrekk i merino lammull. Den indre puten er fylt med luftige bomullskuler i silikon, slik at du kan justere h\u00f8yden for \u00e5 passe dine behov.  Puten er tilgjengelig med r\u00f8dt, gr\u00e5tt eller hvitt dekorativt b\u00e5nd. Den indre puten med innholdet kan vaskes p\u00e5 90 grader. Putetrekk i cashmere og merino kan vaskes p\u00e5 30 grader.  Hvis du trenger et spesiell m\u00e5l p\u00e5 bestilling, send oss en mail til sizes@wool-bed.com\" \/>\n<meta property=\"og:url\" content=\"https:\/\/wool-bed.com\/nb\/shop\/naturlig-organisk-ull-cashmere\/pute\/\" \/>\n<meta property=\"og:site_name\" content=\"WoolBed | SPESIALISTER I ULL, EKSPERTER P\u00c5 DIN S\u00d8VN\" \/>\n<meta property=\"article:publisher\" content=\"https:\/\/www.facebook.com\/WoolBed\/\" \/>\n<meta property=\"article:modified_time\" content=\"2025-01-22T16:27:30+00:00\" \/>\n<meta property=\"og:image\" content=\"https:\/\/wool-bed.com\/wp-content\/uploads\/kudde-woolbed-collection-2019.jpg\" \/>\n\t<meta property=\"og:image:width\" content=\"800\" \/>\n\t<meta property=\"og:image:height\" content=\"800\" \/>\n\t<meta property=\"og:image:type\" content=\"image\/jpeg\" \/>\n<meta name=\"twitter:card\" content=\"summary_large_image\" \/>\n<script type=\"application\/ld+json\" class=\"yoast-schema-graph\">{\"@context\":\"https:\\\/\\\/schema.org\",\"@graph\":[{\"@type\":\"WebPage\",\"@id\":\"https:\\\/\\\/wool-bed.com\\\/nb\\\/shop\\\/naturlig-organisk-ull-cashmere\\\/pute\\\/\",\"url\":\"https:\\\/\\\/wool-bed.com\\\/nb\\\/shop\\\/naturlig-organisk-ull-cashmere\\\/pute\\\/\",\"name\":\"ULL PUTE | WoolBed | SPESIALISTER I ULL, EKSPERTER P\u00c5 DIN S\u00d8VN\",\"isPartOf\":{\"@id\":\"https:\\\/\\\/wool-bed.com\\\/nb\\\/#website\"},\"primaryImageOfPage\":{\"@id\":\"https:\\\/\\\/wool-bed.com\\\/nb\\\/shop\\\/naturlig-organisk-ull-cashmere\\\/pute\\\/#primaryimage\"},\"image\":{\"@id\":\"https:\\\/\\\/wool-bed.com\\\/nb\\\/shop\\\/naturlig-organisk-ull-cashmere\\\/pute\\\/#primaryimage\"},\"thumbnailUrl\":\"https:\\\/\\\/wool-bed.com\\\/wp-content\\\/uploads\\\/kudde-woolbed-collection-2019.jpg\",\"datePublished\":\"2015-05-07T15:32:51+00:00\",\"dateModified\":\"2025-01-22T16:27:30+00:00\",\"breadcrumb\":{\"@id\":\"https:\\\/\\\/wool-bed.com\\\/nb\\\/shop\\\/naturlig-organisk-ull-cashmere\\\/pute\\\/#breadcrumb\"},\"inLanguage\":\"nb-NO\",\"potentialAction\":[{\"@type\":\"ReadAction\",\"target\":[\"https:\\\/\\\/wool-bed.com\\\/nb\\\/shop\\\/naturlig-organisk-ull-cashmere\\\/pute\\\/\"]}]},{\"@type\":\"ImageObject\",\"inLanguage\":\"nb-NO\",\"@id\":\"https:\\\/\\\/wool-bed.com\\\/nb\\\/shop\\\/naturlig-organisk-ull-cashmere\\\/pute\\\/#primaryimage\",\"url\":\"https:\\\/\\\/wool-bed.com\\\/wp-content\\\/uploads\\\/kudde-woolbed-collection-2019.jpg\",\"contentUrl\":\"https:\\\/\\\/wool-bed.com\\\/wp-content\\\/uploads\\\/kudde-woolbed-collection-2019.jpg\",\"width\":800,\"height\":800},{\"@type\":\"BreadcrumbList\",\"@id\":\"https:\\\/\\\/wool-bed.com\\\/nb\\\/shop\\\/naturlig-organisk-ull-cashmere\\\/pute\\\/#breadcrumb\",\"itemListElement\":[{\"@type\":\"ListItem\",\"position\":1,\"name\":\"Home\",\"item\":\"https:\\\/\\\/wool-bed.com\\\/nb\\\/\"},{\"@type\":\"ListItem\",\"position\":2,\"name\":\"Produkter\",\"item\":\"https:\\\/\\\/wool-bed.com\\\/nb\\\/shop\\\/\"},{\"@type\":\"ListItem\",\"position\":3,\"name\":\"KUDDE\"}]},{\"@type\":\"WebSite\",\"@id\":\"https:\\\/\\\/wool-bed.com\\\/nb\\\/#website\",\"url\":\"https:\\\/\\\/wool-bed.com\\\/nb\\\/\",\"name\":\"WoolBed | SPESIALISTER I ULL, EKSPERTER P\u00c5 DIN S\u00d8VN\",\"description\":\"In Woolbed we labour for your rest. Visit our online shop and discover our memory foam mattresses and Merino and Cashmere wool products with Woolmark quality guarantee.\",\"potentialAction\":[{\"@type\":\"SearchAction\",\"target\":{\"@type\":\"EntryPoint\",\"urlTemplate\":\"https:\\\/\\\/wool-bed.com\\\/nb\\\/?s={search_term_string}\"},\"query-input\":{\"@type\":\"PropertyValueSpecification\",\"valueRequired\":true,\"valueName\":\"search_term_string\"}}],\"inLanguage\":\"nb-NO\"}]}<\/script>\n<!-- \/ Yoast SEO plugin. -->","yoast_head_json":{"title":"ULL PUTE | WoolBed | SPESIALISTER I ULL, EKSPERTER P\u00c5 DIN S\u00d8VN","robots":{"index":"index","follow":"follow","max-snippet":"max-snippet:-1","max-image-preview":"max-image-preview:large","max-video-preview":"max-video-preview:-1"},"canonical":"https:\/\/wool-bed.com\/nb\/shop\/naturlig-organisk-ull-cashmere\/pute\/","og_locale":"nb_NO","og_type":"article","og_title":"ULL PUTE | WoolBed | SPESIALISTER I ULL, EKSPERTER P\u00c5 DIN S\u00d8VN","og_description":"Woolbed pute best\u00e5r av et avtakbart putetrekk i merino lammull. Den indre puten er fylt med luftige bomullskuler i silikon, slik at du kan justere h\u00f8yden for \u00e5 passe dine behov.  Puten er tilgjengelig med r\u00f8dt, gr\u00e5tt eller hvitt dekorativt b\u00e5nd. Den indre puten med innholdet kan vaskes p\u00e5 90 grader. Putetrekk i cashmere og merino kan vaskes p\u00e5 30 grader.  Hvis du trenger et spesiell m\u00e5l p\u00e5 bestilling, send oss en mail til sizes@wool-bed.com","og_url":"https:\/\/wool-bed.com\/nb\/shop\/naturlig-organisk-ull-cashmere\/pute\/","og_site_name":"WoolBed | SPESIALISTER I ULL, EKSPERTER P\u00c5 DIN S\u00d8VN","article_publisher":"https:\/\/www.facebook.com\/WoolBed\/","article_modified_time":"2025-01-22T16:27:30+00:00","og_image":[{"width":800,"height":800,"url":"https:\/\/wool-bed.com\/wp-content\/uploads\/kudde-woolbed-collection-2019.jpg","type":"image\/jpeg"}],"twitter_card":"summary_large_image","schema":{"@context":"https:\/\/schema.org","@graph":[{"@type":"WebPage","@id":"https:\/\/wool-bed.com\/nb\/shop\/naturlig-organisk-ull-cashmere\/pute\/","url":"https:\/\/wool-bed.com\/nb\/shop\/naturlig-organisk-ull-cashmere\/pute\/","name":"ULL PUTE | WoolBed | SPESIALISTER I ULL, EKSPERTER P\u00c5 DIN S\u00d8VN","isPartOf":{"@id":"https:\/\/wool-bed.com\/nb\/#website"},"primaryImageOfPage":{"@id":"https:\/\/wool-bed.com\/nb\/shop\/naturlig-organisk-ull-cashmere\/pute\/#primaryimage"},"image":{"@id":"https:\/\/wool-bed.com\/nb\/shop\/naturlig-organisk-ull-cashmere\/pute\/#primaryimage"},"thumbnailUrl":"https:\/\/wool-bed.com\/wp-content\/uploads\/kudde-woolbed-collection-2019.jpg","datePublished":"2015-05-07T15:32:51+00:00","dateModified":"2025-01-22T16:27:30+00:00","breadcrumb":{"@id":"https:\/\/wool-bed.com\/nb\/shop\/naturlig-organisk-ull-cashmere\/pute\/#breadcrumb"},"inLanguage":"nb-NO","potentialAction":[{"@type":"ReadAction","target":["https:\/\/wool-bed.com\/nb\/shop\/naturlig-organisk-ull-cashmere\/pute\/"]}]},{"@type":"ImageObject","inLanguage":"nb-NO","@id":"https:\/\/wool-bed.com\/nb\/shop\/naturlig-organisk-ull-cashmere\/pute\/#primaryimage","url":"https:\/\/wool-bed.com\/wp-content\/uploads\/kudde-woolbed-collection-2019.jpg","contentUrl":"https:\/\/wool-bed.com\/wp-content\/uploads\/kudde-woolbed-collection-2019.jpg","width":800,"height":800},{"@type":"BreadcrumbList","@id":"https:\/\/wool-bed.com\/nb\/shop\/naturlig-organisk-ull-cashmere\/pute\/#breadcrumb","itemListElement":[{"@type":"ListItem","position":1,"name":"Home","item":"https:\/\/wool-bed.com\/nb\/"},{"@type":"ListItem","position":2,"name":"Produkter","item":"https:\/\/wool-bed.com\/nb\/shop\/"},{"@type":"ListItem","position":3,"name":"KUDDE"}]},{"@type":"WebSite","@id":"https:\/\/wool-bed.com\/nb\/#website","url":"https:\/\/wool-bed.com\/nb\/","name":"WoolBed | SPESIALISTER I ULL, EKSPERTER P\u00c5 DIN S\u00d8VN","description":"In Woolbed we labour for your rest. Visit our online shop and discover our memory foam mattresses and Merino and Cashmere wool products with Woolmark quality guarantee.","potentialAction":[{"@type":"SearchAction","target":{"@type":"EntryPoint","urlTemplate":"https:\/\/wool-bed.com\/nb\/?s={search_term_string}"},"query-input":{"@type":"PropertyValueSpecification","valueRequired":true,"valueName":"search_term_string"}}],"inLanguage":"nb-NO"}]}},"_links":{"self":[{"href":"https:\/\/wool-bed.com\/nb\/wp-json\/wp\/v2\/product\/1023","targetHints":{"allow":["GET"]}}],"collection":[{"href":"https:\/\/wool-bed.com\/nb\/wp-json\/wp\/v2\/product"}],"about":[{"href":"https:\/\/wool-bed.com\/nb\/wp-json\/wp\/v2\/types\/product"}],"replies":[{"embeddable":true,"href":"https:\/\/wool-bed.com\/nb\/wp-json\/wp\/v2\/comments?post=1023"}],"wp:featuredmedia":[{"embeddable":true,"href":"https:\/\/wool-bed.com\/nb\/wp-json\/wp\/v2\/media\/8149"}],"wp:attachment":[{"href":"https:\/\/wool-bed.com\/nb\/wp-json\/wp\/v2\/media?parent=1023"}],"wp:term":[{"taxonomy":"product_brand","embeddable":true,"href":"https:\/\/wool-bed.com\/nb\/wp-json\/wp\/v2\/product_brand?post=1023"},{"taxonomy":"product_cat","embeddable":true,"href":"https:\/\/wool-bed.com\/nb\/wp-json\/wp\/v2\/product_cat?post=1023"},{"taxonomy":"product_tag","embeddable":true,"href":"https:\/\/wool-bed.com\/nb\/wp-json\/wp\/v2\/product_tag?post=1023"}],"curies":[{"name":"wp","href":"https:\/\/api.w.org\/{rel}","templated":true}]}}