{"id":933,"date":"2015-04-15T17:14:38","date_gmt":"2015-04-15T16:14:38","guid":{"rendered":"http:\/\/wool-bed.com\/about-our-wool-2\/"},"modified":"2025-11-21T16:22:28","modified_gmt":"2025-11-21T16:22:28","slug":"woolbed-og-var-ull","status":"publish","type":"page","link":"https:\/\/wool-bed.com\/nb\/woolbed-og-var-ull\/","title":{"rendered":"Woolbed og var ull"},"content":{"rendered":"<div class=\"wpb-content-wrapper\"><p>[vc_row row_type=&raquo;parallax&raquo; content_aligment=&raquo;center&raquo; full_screen_section_height=&raquo;no&raquo; parallax_background_image=&raquo;8687&#8243; parallax_speed=&raquo;0&#8243;][vc_column][vc_row_inner content_aligment=&raquo;center&raquo; css=&raquo;.vc_custom_1572437509863{border-top-width: 2px !important;border-bottom-width: 2px !important;padding-right: 10% !important;padding-left: 10% !important;background-color: rgba(255,255,255,0.55) !important;*background-color: rgb(255,255,255) !important;border-top-color: #ffffff !important;border-top-style: solid !important;border-bottom-color: #ffffff !important;border-bottom-style: solid !important;}&raquo;][vc_column_inner][vc_empty_space height=&raquo;100px&raquo;][vc_text_separator title=&raquo;Om v\u00e5r ull&raquo; color=&raquo;custom&raquo; css=&raquo;.vc_custom_1515409855654{padding-bottom: 30px !important;}&raquo; accent_color=&raquo;#b20838&#8243;][vc_column_text css=&raquo;&raquo;]<\/p>\n<h2 style=\"text-align: center;\">Velg \u00e5 sove rent og i et allergivennlig materiale<\/h2>\n<p>Mennesker har sovet i ull siden tidenes morgen. Ull inneholder et naturlig fett som kalles lanolin. Lanolin er en unik blanding av naturlige vokser som har en fantastisk evne til \u00e5 f\u00e5 fukt og smuss til \u00e5 fordampe fra ullen. P\u00e5 denne m\u00e5ten forblir ullen alltid t\u00f8rr og dermed fri for bakterier, ettersom bakterier foretrekker et fuktig milj\u00f8.<\/p>\n<p>Vi i Woolbed anbefaler alle som er allergiske mot husst\u00f8vmidd \u00e5 sove i ull, ettersom ullens t\u00f8rre milj\u00f8 er det eneste som hjelper i kampen mot midden. Husst\u00f8vmidd er et mikroskopisk lite edderkoppdyr som lever i sengene v\u00e5re og regnes som et av de mest skadelige skadedyrene for mennesker. Dette lille skadedyret for\u00e5rsaker de fleste tilfeller av astma og allergier hvert \u00e5r. Ull er det reneste og mest allergivennlige materialet vi kan sove i. Ytterligere fordeler er at ull regulerer kroppstemperaturen og forbedrer blodsirkulasjonen. N\u00e5r ull kommer i kontakt med huden, skapes en liten friksjon som kalles \u00abmikromassasje\u00bb, som setter i gang blodsirkulasjonen.<\/p>\n<p>Merinolamull kommer fra merinolammet. Lammene avles kun for ullen sin og klippes n\u00e5r de er 9\u201312 m\u00e5neder gamle. Vi i Woolbed importerer kun merinolamull fra New Zealand. Den utrolig myke og silkeaktige kashmiren kommer fra kashmirgeiten. De lever i sv\u00e6rt kalde klima i Tibet, Kina, Pakistan og India. Kashmir kammes og sorteres for h\u00e5nd, da fibrene er sv\u00e6rt delikate. Hver geit gir omtrent 120 gram kashmir, noe som forklarer de h\u00f8ye prisene p\u00e5 grunn av den lave avkastningen.<\/p>\n<p>[\/vc_column_text][vc_empty_space height=&raquo;100px&raquo;][\/vc_column_inner][\/vc_row_inner][\/vc_column][\/vc_row][vc_row][vc_column][vc_column_text]<\/p>\n<p>[\/vc_column_text][\/vc_column][\/vc_row][vc_row row_type=&raquo;parallax&raquo; content_aligment=&raquo;center&raquo; full_screen_section_height=&raquo;no&raquo; parallax_background_image=&raquo;8687&#8243; parallax_speed=&raquo;0&#8243; el_id=&raquo;care&raquo;][vc_column][vc_row_inner content_aligment=&raquo;center&raquo; css=&raquo;.vc_custom_1761139118466{border-top-width: 2px !important;padding-right: 10% !important;padding-left: 10% !important;background-color: rgba(255,255,255,0.55) !important;*background-color: rgb(255,255,255) !important;}&raquo;][vc_column_inner][vc_empty_space height=&raquo;100px&raquo;][vc_text_separator title=&raquo;Vaske- &#038; vedlikeholdsr\u00e5d \u2013 v\u00e5re madrassover trekk&raquo; color=&raquo;custom&raquo; css=&raquo;.vc_custom_1761138650561{padding-bottom: 30px !important;}&raquo; accent_color=&raquo;#b20838&#8243;][vc_empty_space height=&raquo;20px&raquo;][vc_column_text css=&raquo;.vc_custom_1761138773628{margin-bottom: 0px !important;}&raquo; disable_pattern=&raquo;true&raquo; align=&raquo;left&raquo; margin_bottom=&raquo;0&#8243;]Madrassbeskytteren er testet og godkjent etter \u00d8ko Standard 100. Den er avtagbar og kan vaskes p\u00e5 40 grader i vaskemaskin.<\/p>\n<p style=\"text-align: left;\"><strong><span style=\"color: #b20838;\">1.<\/span><\/strong> Start med \u00e5 ta av madrassovertekken og lukk glidel\u00e5sen helt.<\/p>\n<p style=\"text-align: left;\"><strong><span style=\"color: #b20838;\">2.<\/span><\/strong> Vask madrassovertekken med lukket glidel\u00e5s p\u00e5 40 grader i vaskemaskin.<\/p>\n<p style=\"text-align: left;\"><span style=\"color: #b20838;\"><strong>3.<\/strong><\/span> La madrassovertekken t\u00f8rke helt f\u00f8r du setter den p\u00e5 igjen.<\/p>\n<p>[\/vc_column_text][vc_empty_space height=&raquo;100px&raquo;][\/vc_column_inner][\/vc_row_inner][\/vc_column][\/vc_row][vc_row row_type=&raquo;parallax&raquo; content_aligment=&raquo;center&raquo; full_screen_section_height=&raquo;no&raquo; parallax_background_image=&raquo;8687&#8243; parallax_speed=&raquo;0&#8243;][vc_column][vc_row_inner content_aligment=&raquo;center&raquo; css=&raquo;.vc_custom_1761139129887{border-top-width: 2px !important;padding-right: 10% !important;padding-left: 10% !important;background-color: rgba(255,255,255,0.55) !important;*background-color: rgb(255,255,255) !important;}&raquo;][vc_column_inner][vc_text_separator title=&raquo;Vaske- &#038; vedlikeholdsr\u00e5d \u2013 v\u00e5re ullprodukter&raquo; color=&raquo;custom&raquo; css=&raquo;.vc_custom_1761138788555{padding-bottom: 30px !important;}&raquo; accent_color=&raquo;#b20838&#8243;][vc_empty_space height=&raquo;20px&raquo;][vc_column_text css=&raquo;.vc_custom_1762184945846{margin-bottom: 0px !important;}&raquo; disable_pattern=&raquo;true&raquo; align=&raquo;left&raquo; margin_bottom=&raquo;0&#8243;]<\/p>\n<p style=\"text-align: left;\"><strong><span style=\"color: #b20838;\">1.<\/span><\/strong> Rist og luft ullproduktene f\u00f8r bruk; ved behov kan de st\u00f8vsuges.<\/p>\n<p style=\"text-align: left;\"><strong><span style=\"color: #b20838;\">2.<\/span><\/strong> Luft ullproduktene ved behov. Ull trives best i frisk og fuktig luft; unng\u00e5 direkte sollys. Ved \u00e5 henge ull ut i fuktig v\u00e6r renses og friskes fibrene naturlig opp, og eventuell lukt forsvinner.<\/p>\n<p style=\"text-align: left;\"><span style=\"color: #b20838;\"><strong>3.<\/strong><\/span> Ull kan vaskes p\u00e5 maks 30 grader eller i kaldt vann med utvannet gr\u00f8nns\u00e5pe eller ullsjampo. Ved flekker, vask kun flekken for h\u00e5nd \u2013 ikke hele produktet.<\/p>\n<p style=\"text-align: left;\"><span style=\"color: #b20838;\"><strong>4.<\/strong><\/span> Ull skal ikke ligge lenge i bl\u00f8t, vris eller b\u00f8rstes. Etter vask, klem forsiktig ut overfl\u00f8dig vann.<\/p>\n<p style=\"text-align: left;\"><span style=\"color: #b20838;\"><strong>5.<\/strong><\/span> Ved godt brukte ullprodukter, etter flere vask, kan nytt lanolin tilf\u00f8res. Dette finnes p\u00e5 apotek i sprayform.<\/p>\n<p style=\"text-align: left;\"><span style=\"color: #b20838;\"><strong>6.<\/strong><\/span> Ved behov, lever inn produktet etter 5 \u00e5r til en grundig rens for naturh\u00e5rprodukter.<\/p>\n<p>[\/vc_column_text][vc_empty_space height=&raquo;100px&raquo;][\/vc_column_inner][\/vc_row_inner][vc_column_text css=&raquo;.vc_custom_1572946484222{margin-right: -15px !important;margin-left: -15px !important;padding-top: 15px !important;padding-right: 30px !important;padding-bottom: 15px !important;padding-left: 30px !important;background-color: #b20838 !important;}&raquo; disable_pattern=&raquo;false&raquo; align=&raquo;center&raquo; margin_bottom=&raquo;0&#8243;]<\/p>\n<h5 style=\"text-align: center;\"><span style=\"color: #ffffff;\">10 \u00e5rs garanti gjelder n\u00e5r vedlikeholdsr\u00e5dene over er fulgt<\/span><\/h5>\n<p>[\/vc_column_text][\/vc_column][\/vc_row]<\/p>\n<\/div>","protected":false},"excerpt":{"rendered":"<p>[vc_row row_type=&raquo;parallax&raquo; content_aligment=&raquo;center&raquo; full_screen_section_height=&raquo;no&raquo; parallax_background_image=&raquo;8687&#8243; parallax_speed=&raquo;0&#8243;][vc_column][vc_row_inner content_aligment=&raquo;center&raquo; css=&raquo;.vc_custom_1572437509863{border-top-width: 2px !important;border-bottom-width: 2px !important;padding-right: 10% !important;padding-left: 10% !important;background-color: rgba(255,255,255,0.55) !important;*background-color: rgb(255,255,255) !important;border-top-color: #ffffff !important;border-top-style: solid !important;border-bottom-color: #ffffff !important;border-bottom-style: solid !important;}&raquo;][vc_column_inner][vc_empty_space height=&raquo;100px&raquo;][vc_text_separator title=&raquo;Om v\u00e5r ull&raquo; color=&raquo;custom&raquo; css=&raquo;.vc_custom_1515409855654{padding-bottom: 30px !important;}&raquo; accent_color=&raquo;#b20838&#8243;][vc_column_text css=&raquo;&raquo;] Velg \u00e5 sove rent og i et&#8230;<\/p>\n","protected":false},"author":1,"featured_media":0,"parent":0,"menu_order":0,"comment_status":"closed","ping_status":"closed","template":"full-width.php","meta":{"footnotes":""},"class_list":["post-933","page","type-page","status-publish","hentry"],"yoast_head":"<!-- This site is optimized with the Yoast SEO plugin v27.3 - https:\/\/yoast.com\/product\/yoast-seo-wordpress\/ -->\n<title>Woolbed og var ull | WoolBed | SPESIALISTER I ULL, EKSPERTER P\u00c5 DIN S\u00d8VN<\/title>\n<meta name=\"description\" content=\"Woolbed ble grunnlagt i 1995 da vi kom til de vakre Kanari\u00f8yene i Spania. Gradvis har vi vokst og utvidet til andre destinasjoner som Palma de Mallorca\" \/>\n<meta name=\"robots\" content=\"index, follow, max-snippet:-1, max-image-preview:large, max-video-preview:-1\" \/>\n<link rel=\"canonical\" href=\"https:\/\/wool-bed.com\/nb\/woolbed-og-var-ull\/\" \/>\n<meta property=\"og:locale\" content=\"nb_NO\" \/>\n<meta property=\"og:type\" content=\"article\" \/>\n<meta property=\"og:title\" content=\"Woolbed og var ull | WoolBed | SPESIALISTER I ULL, EKSPERTER P\u00c5 DIN S\u00d8VN\" \/>\n<meta property=\"og:description\" content=\"Woolbed ble grunnlagt i 1995 da vi kom til de vakre Kanari\u00f8yene i Spania. Gradvis har vi vokst og utvidet til andre destinasjoner som Palma de Mallorca\" \/>\n<meta property=\"og:url\" content=\"https:\/\/wool-bed.com\/nb\/woolbed-og-var-ull\/\" \/>\n<meta property=\"og:site_name\" content=\"WoolBed | SPESIALISTER I ULL, EKSPERTER P\u00c5 DIN S\u00d8VN\" \/>\n<meta property=\"article:publisher\" content=\"https:\/\/www.facebook.com\/WoolBed\/\" \/>\n<meta property=\"article:modified_time\" content=\"2025-11-21T16:22:28+00:00\" \/>\n<meta name=\"twitter:card\" content=\"summary_large_image\" \/>\n<meta name=\"twitter:label1\" content=\"Ansl. lesetid\" \/>\n\t<meta name=\"twitter:data1\" content=\"4 minutter\" \/>\n<script type=\"application\/ld+json\" class=\"yoast-schema-graph\">{\"@context\":\"https:\\\/\\\/schema.org\",\"@graph\":[{\"@type\":\"WebPage\",\"@id\":\"https:\\\/\\\/wool-bed.com\\\/nb\\\/woolbed-og-var-ull\\\/\",\"url\":\"https:\\\/\\\/wool-bed.com\\\/nb\\\/woolbed-og-var-ull\\\/\",\"name\":\"Woolbed og var ull | WoolBed | SPESIALISTER I ULL, EKSPERTER P\u00c5 DIN S\u00d8VN\",\"isPartOf\":{\"@id\":\"https:\\\/\\\/wool-bed.com\\\/nb\\\/#website\"},\"datePublished\":\"2015-04-15T16:14:38+00:00\",\"dateModified\":\"2025-11-21T16:22:28+00:00\",\"description\":\"Woolbed ble grunnlagt i 1995 da vi kom til de vakre Kanari\u00f8yene i Spania. Gradvis har vi vokst og utvidet til andre destinasjoner som Palma de Mallorca\",\"breadcrumb\":{\"@id\":\"https:\\\/\\\/wool-bed.com\\\/nb\\\/woolbed-og-var-ull\\\/#breadcrumb\"},\"inLanguage\":\"nb-NO\",\"potentialAction\":[{\"@type\":\"ReadAction\",\"target\":[\"https:\\\/\\\/wool-bed.com\\\/nb\\\/woolbed-og-var-ull\\\/\"]}]},{\"@type\":\"BreadcrumbList\",\"@id\":\"https:\\\/\\\/wool-bed.com\\\/nb\\\/woolbed-og-var-ull\\\/#breadcrumb\",\"itemListElement\":[{\"@type\":\"ListItem\",\"position\":1,\"name\":\"Home\",\"item\":\"https:\\\/\\\/wool-bed.com\\\/nb\\\/\"},{\"@type\":\"ListItem\",\"position\":2,\"name\":\"Woolbed og var ull\"}]},{\"@type\":\"WebSite\",\"@id\":\"https:\\\/\\\/wool-bed.com\\\/nb\\\/#website\",\"url\":\"https:\\\/\\\/wool-bed.com\\\/nb\\\/\",\"name\":\"WoolBed | SPESIALISTER I ULL, EKSPERTER P\u00c5 DIN S\u00d8VN\",\"description\":\"In Woolbed we labour for your rest. Visit our online shop and discover our memory foam mattresses and Merino and Cashmere wool products with Woolmark quality guarantee.\",\"potentialAction\":[{\"@type\":\"SearchAction\",\"target\":{\"@type\":\"EntryPoint\",\"urlTemplate\":\"https:\\\/\\\/wool-bed.com\\\/nb\\\/?s={search_term_string}\"},\"query-input\":{\"@type\":\"PropertyValueSpecification\",\"valueRequired\":true,\"valueName\":\"search_term_string\"}}],\"inLanguage\":\"nb-NO\"}]}<\/script>\n<!-- \/ Yoast SEO plugin. -->","yoast_head_json":{"title":"Woolbed og var ull | WoolBed | SPESIALISTER I ULL, EKSPERTER P\u00c5 DIN S\u00d8VN","description":"Woolbed ble grunnlagt i 1995 da vi kom til de vakre Kanari\u00f8yene i Spania. Gradvis har vi vokst og utvidet til andre destinasjoner som Palma de Mallorca","robots":{"index":"index","follow":"follow","max-snippet":"max-snippet:-1","max-image-preview":"max-image-preview:large","max-video-preview":"max-video-preview:-1"},"canonical":"https:\/\/wool-bed.com\/nb\/woolbed-og-var-ull\/","og_locale":"nb_NO","og_type":"article","og_title":"Woolbed og var ull | WoolBed | SPESIALISTER I ULL, EKSPERTER P\u00c5 DIN S\u00d8VN","og_description":"Woolbed ble grunnlagt i 1995 da vi kom til de vakre Kanari\u00f8yene i Spania. Gradvis har vi vokst og utvidet til andre destinasjoner som Palma de Mallorca","og_url":"https:\/\/wool-bed.com\/nb\/woolbed-og-var-ull\/","og_site_name":"WoolBed | SPESIALISTER I ULL, EKSPERTER P\u00c5 DIN S\u00d8VN","article_publisher":"https:\/\/www.facebook.com\/WoolBed\/","article_modified_time":"2025-11-21T16:22:28+00:00","twitter_card":"summary_large_image","twitter_misc":{"Ansl. lesetid":"4 minutter"},"schema":{"@context":"https:\/\/schema.org","@graph":[{"@type":"WebPage","@id":"https:\/\/wool-bed.com\/nb\/woolbed-og-var-ull\/","url":"https:\/\/wool-bed.com\/nb\/woolbed-og-var-ull\/","name":"Woolbed og var ull | WoolBed | SPESIALISTER I ULL, EKSPERTER P\u00c5 DIN S\u00d8VN","isPartOf":{"@id":"https:\/\/wool-bed.com\/nb\/#website"},"datePublished":"2015-04-15T16:14:38+00:00","dateModified":"2025-11-21T16:22:28+00:00","description":"Woolbed ble grunnlagt i 1995 da vi kom til de vakre Kanari\u00f8yene i Spania. Gradvis har vi vokst og utvidet til andre destinasjoner som Palma de Mallorca","breadcrumb":{"@id":"https:\/\/wool-bed.com\/nb\/woolbed-og-var-ull\/#breadcrumb"},"inLanguage":"nb-NO","potentialAction":[{"@type":"ReadAction","target":["https:\/\/wool-bed.com\/nb\/woolbed-og-var-ull\/"]}]},{"@type":"BreadcrumbList","@id":"https:\/\/wool-bed.com\/nb\/woolbed-og-var-ull\/#breadcrumb","itemListElement":[{"@type":"ListItem","position":1,"name":"Home","item":"https:\/\/wool-bed.com\/nb\/"},{"@type":"ListItem","position":2,"name":"Woolbed og var ull"}]},{"@type":"WebSite","@id":"https:\/\/wool-bed.com\/nb\/#website","url":"https:\/\/wool-bed.com\/nb\/","name":"WoolBed | SPESIALISTER I ULL, EKSPERTER P\u00c5 DIN S\u00d8VN","description":"In Woolbed we labour for your rest. Visit our online shop and discover our memory foam mattresses and Merino and Cashmere wool products with Woolmark quality guarantee.","potentialAction":[{"@type":"SearchAction","target":{"@type":"EntryPoint","urlTemplate":"https:\/\/wool-bed.com\/nb\/?s={search_term_string}"},"query-input":{"@type":"PropertyValueSpecification","valueRequired":true,"valueName":"search_term_string"}}],"inLanguage":"nb-NO"}]}},"_links":{"self":[{"href":"https:\/\/wool-bed.com\/nb\/wp-json\/wp\/v2\/pages\/933","targetHints":{"allow":["GET"]}}],"collection":[{"href":"https:\/\/wool-bed.com\/nb\/wp-json\/wp\/v2\/pages"}],"about":[{"href":"https:\/\/wool-bed.com\/nb\/wp-json\/wp\/v2\/types\/page"}],"author":[{"embeddable":true,"href":"https:\/\/wool-bed.com\/nb\/wp-json\/wp\/v2\/users\/1"}],"replies":[{"embeddable":true,"href":"https:\/\/wool-bed.com\/nb\/wp-json\/wp\/v2\/comments?post=933"}],"version-history":[{"count":2,"href":"https:\/\/wool-bed.com\/nb\/wp-json\/wp\/v2\/pages\/933\/revisions"}],"predecessor-version":[{"id":11309,"href":"https:\/\/wool-bed.com\/nb\/wp-json\/wp\/v2\/pages\/933\/revisions\/11309"}],"wp:attachment":[{"href":"https:\/\/wool-bed.com\/nb\/wp-json\/wp\/v2\/media?parent=933"}],"curies":[{"name":"wp","href":"https:\/\/api.w.org\/{rel}","templated":true}]}}