{"id":924,"date":"2015-04-15T13:33:57","date_gmt":"2015-04-15T12:33:57","guid":{"rendered":"http:\/\/wool-bed.com\/sample-page-2\/"},"modified":"2025-11-21T15:54:25","modified_gmt":"2025-11-21T15:54:25","slug":"hjem","status":"publish","type":"page","link":"https:\/\/wool-bed.com\/nb\/","title":{"rendered":"Hjem"},"content":{"rendered":"<div class=\"wpb-content-wrapper\"><p>[vc_row css=&raquo;.vc_custom_1572347627556{margin-top: -80px !important;}&raquo;][vc_column offset=&raquo;vc_hidden-sm vc_hidden-xs&raquo;][rev_slider_vc alias=&raquo;Home&raquo;][\/vc_column][\/vc_row][vc_row][vc_column offset=&raquo;vc_hidden-lg vc_hidden-md&raquo;][rev_slider_vc alias=&raquo;Home&raquo;][\/vc_column][\/vc_row][vc_row css=&raquo;.vc_custom_1517492999024{padding-top: 50px !important;}&raquo;][vc_column][vc_row_inner][vc_column_inner][vc_column_text css=&raquo;.vc_custom_1761045520389{padding-top: 10px !important;padding-right: 10% !important;padding-bottom: 50px !important;padding-left: 10% !important;}&raquo;]<\/p>\n<h1 style=\"text-align: center;\">Velkommen til Woolbed, eksperter p\u00e5 s\u00f8vn<\/h1>\n<p>&nbsp;<\/p>\n<p><strong>I en tid der en god natts s\u00f8vn har blitt en luksus,<\/strong> jobber vi i Woolbed kontinuerlig med \u00e5 utvikle produktene v\u00e5re for \u00e5 kunne tilby det aller beste p\u00e5 markedet. <strong>En god natts s\u00f8vn er grunnleggende for v\u00e5rt velv\u00e6re og for bedre livskvalitet.<\/strong> Hemmeligheten ligger i \u00e5 velge de <strong>riktige produktene<\/strong> og forst\u00e5 hva som passer best for akkurat dine behov for \u00e5 f\u00e5 maksimal hvile og ro.<\/p>\n<p>Woolbeds s\u00f8vn\u00adeksperter har <strong>lansert en silkemyk ullkolleksjon<\/strong> av h\u00f8yeste kvalitet, en kolleksjon som vi er alene p\u00e5 markedet om \u00e5 kunne tilby. Vi har mer enn 30 \u00e5rs erfaring med <strong>kvalitetsrike sengeartikler i merino- og kasjmirull, samt v\u00e5re ergonomiske viskoelastiske madrasser.<\/strong><\/p>\n<p>G\u00e5 inn under fanen <strong>\u201cV\u00e5r butikk\u201d<\/strong> for \u00e5 se hele v\u00e5rt sortiment og f\u00e5 de beste forutsetningene du trenger for \u00e5 forbedre s\u00f8vnen og livskvaliteten din.<\/p>\n<p>[\/vc_column_text][\/vc_column_inner][\/vc_row_inner][\/vc_column][\/vc_row][vc_row][vc_column][vc_column_text]<\/p>\n<p>[\/vc_column_text][\/vc_column][\/vc_row][vc_row][vc_column][vc_text_separator title=&raquo;Hvorfor b\u00f8r man sove i ull&raquo; css=&raquo;.vc_custom_1761045655312{padding-top: 20px !important;padding-bottom: 35px !important;}&raquo;][vc_row_inner css=&raquo;.vc_custom_1572347762045{padding-top: 20px !important;padding-right: 10% !important;padding-bottom: 10px !important;padding-left: 10% !important;}&raquo;][vc_column_inner width=&raquo;1\/5&#8243; css=&raquo;.vc_custom_1510228719597{padding-right: 20px !important;padding-left: 20px !important;}&raquo;]<div class=\"qodef-iwt clearfix qodef-iwt-icon-top qodef-iwt-icon-small\">\n    <div class=\"qodef-iwt-icon-holder\">\n                    \n    <span class=\"qodef-icon-shortcode normal qodef-icon-small\"  data-color=\"#81d742\">\n        \n        <i class=\"qodef-icon-font-awesome fa fa-tint qodef-icon-element\" style=\"color: #81d742\" ><\/i>\n            <\/span>\n\n            <\/div>\n    <div class=\"qodef-iwt-content-holder\" >\n        <div class=\"qodef-iwt-title-holder\">\n            <h6 >Naturmateriale<\/h6>\n        <\/div>\n        <div class=\"qodef-iwt-text-holder\">\n            <p >Ull er et av verdens eldste naturmaterialer og regulerer kroppstemperaturen som ingen andre materialer. Du kan bruke det \u00e5ret rundt, uansett klima \u2013 ull holder deg sval n\u00e5r det er varmt og varm n\u00e5r det er kj\u00f8lig.<\/p>\n\n                    <\/div>\n    <\/div>\n<\/div>[vc_empty_space height=&raquo;50px&raquo;][\/vc_column_inner][vc_column_inner width=&raquo;1\/5&#8243; css=&raquo;.vc_custom_1510228737253{padding-right: 20px !important;padding-left: 20px !important;}&raquo;]<div class=\"qodef-iwt clearfix qodef-iwt-icon-top qodef-iwt-icon-small\">\n    <div class=\"qodef-iwt-icon-holder\">\n                    \n    <span class=\"qodef-icon-shortcode normal qodef-icon-small\"  data-color=\"#81d742\">\n        \n        <i class=\"qodef-icon-font-awesome fa fa-tint qodef-icon-element\" style=\"color: #81d742\" ><\/i>\n            <\/span>\n\n            <\/div>\n    <div class=\"qodef-iwt-content-holder\" >\n        <div class=\"qodef-iwt-title-holder\">\n            <h6 >T\u00f8rt milj\u00f8<\/h6>\n        <\/div>\n        <div class=\"qodef-iwt-text-holder\">\n            <p >Ull holder seg t\u00f8rt, noe som motvirker utviklingen av midd.<\/p>\n\n                    <\/div>\n    <\/div>\n<\/div>[vc_empty_space height=&raquo;50px&raquo;][\/vc_column_inner][vc_column_inner width=&raquo;1\/5&#8243;]<div class=\"qodef-iwt clearfix qodef-iwt-icon-top qodef-iwt-icon-small\">\n    <div class=\"qodef-iwt-icon-holder\">\n                    \n    <span class=\"qodef-icon-shortcode normal qodef-icon-small\"  data-color=\"#81d742\">\n        \n        <i class=\"qodef-icon-font-awesome fa fa-heartbeat qodef-icon-element\" style=\"color: #81d742\" ><\/i>\n            <\/span>\n\n            <\/div>\n    <div class=\"qodef-iwt-content-holder\" >\n        <div class=\"qodef-iwt-title-holder\">\n            <h6 >Blodsirkulasjon<\/h6>\n        <\/div>\n        <div class=\"qodef-iwt-text-holder\">\n            <p >Ull gir kroppen en mikromassasje mens vi sover, noe som stimulerer og forbedrer blodsirkulasjonen.<\/p>\n\n                    <\/div>\n    <\/div>\n<\/div>[vc_empty_space height=&raquo;50px&raquo;][\/vc_column_inner][vc_column_inner width=&raquo;1\/5&#8243;]<div class=\"qodef-iwt clearfix qodef-iwt-icon-top qodef-iwt-icon-small\">\n    <div class=\"qodef-iwt-icon-holder\">\n                    \n    <span class=\"qodef-icon-shortcode normal qodef-icon-small\"  data-color=\"#81d742\">\n        \n        <i class=\"qodef-icon-font-awesome fa fa-check qodef-icon-element\" style=\"color: #81d742\" ><\/i>\n            <\/span>\n\n            <\/div>\n    <div class=\"qodef-iwt-content-holder\" >\n        <div class=\"qodef-iwt-title-holder\">\n            <h6 >Hypoallergen<\/h6>\n        <\/div>\n        <div class=\"qodef-iwt-text-holder\">\n            <p >Det er et allergivennlig naturmateriale som holder seg rent takket v\u00e6re sitt naturlige lanolin.<\/p>\n\n                    <\/div>\n    <\/div>\n<\/div>[vc_empty_space height=&raquo;50px&raquo;][\/vc_column_inner][vc_column_inner width=&raquo;1\/5&#8243;]<div class=\"qodef-iwt clearfix qodef-iwt-icon-top qodef-iwt-icon-small\">\n    <div class=\"qodef-iwt-icon-holder\">\n                    \n    <span class=\"qodef-icon-shortcode normal qodef-icon-small\"  data-color=\"#81d742\">\n        \n        <i class=\"qodef-icon-font-awesome fa fa-area-chart qodef-icon-element\" style=\"color: #81d742\" ><\/i>\n            <\/span>\n\n            <\/div>\n    <div class=\"qodef-iwt-content-holder\" >\n        <div class=\"qodef-iwt-title-holder\">\n            <h6 >Naturlig termisk regulator<\/h6>\n        <\/div>\n        <div class=\"qodef-iwt-text-holder\">\n            <p >Ull regulerer kroppstemperaturen gjennom alle \u00e5rstider.<\/p>\n\n                    <\/div>\n    <\/div>\n<\/div>[vc_empty_space height=&raquo;50px&raquo;][\/vc_column_inner][\/vc_row_inner][\/vc_column][\/vc_row][vc_row][vc_column][vc_column_text]<\/p>\n<p>[\/vc_column_text][\/vc_column][\/vc_row][vc_row row_type=&raquo;parallax&raquo; content_aligment=&raquo;center&raquo; full_screen_section_height=&raquo;no&raquo; parallax_background_image=&raquo;8719&#8243; parallax_speed=&raquo;0&#8243; css=&raquo;.vc_custom_1731675269624{border-top-width: 2px !important;border-bottom-width: 2px !important;border-top-color: #ffffff !important;border-top-style: solid !important;border-bottom-color: #ffffff !important;border-bottom-style: solid !important;}&raquo;][vc_column][vc_empty_space height=&raquo;150px&raquo;][vc_row_inner content_aligment=&raquo;center&raquo; css=&raquo;.vc_custom_1763739237396{border-bottom-width: 2px !important;background-color: rgba(255,255,255,0.94) !important;*background-color: rgb(255,255,255) !important;border-bottom-style: solid !important;border-color: #A40000 !important;}&raquo;][vc_column_inner][vc_empty_space height=&raquo;20px&raquo;][vc_single_image image=&raquo;10234&#8243; img_size=&raquo;150&#215;150&#8243; alignment=&raquo;center&raquo;][vc_column_text]<\/p>\n<h1 style=\"text-align: center;\"><span style=\"color: #000000;\">Vi feirer v\u00e5rt 30-\u00e5rsjubileum!!!<\/span><\/h1>\n<p>[\/vc_column_text][vc_empty_space height=&raquo;30px&raquo;]<a href=\"https:\/\/wool-bed.com\/nb\/ull-seng-merino-kasjmir-butikk\/\" target=\"_self\"  class=\"qodef-btn qodef-btn-medium qodef-btn-outline\"  >\n    <span  class=\"qodef-btn-text\">Woolbed original<\/span>\n    <\/a>[vc_empty_space height=&raquo;50px&raquo;][\/vc_column_inner][\/vc_row_inner][vc_row_inner content_aligment=&raquo;center&raquo; css=&raquo;.vc_custom_1763739088618{background-color: rgba(255,255,255,0.94) !important;*background-color: rgb(255,255,255) !important;border-color: #b20838 !important;}&raquo;][vc_column_inner][vc_column_text css=&raquo;.vc_custom_1763739114869{padding-top: 50px !important;padding-bottom: 10px !important;}&raquo;]<\/p>\n<h1 style=\"text-align: center;\"><span style=\"color: #000000; font-family: 'Cinzel Decorative'; font-size: 46px; font-weight: 500; letter-spacing: -3px;\">WOOLBED LYX<\/span><\/h1>\n<h1 style=\"text-align: center;\"><strong><span style=\"color: #000000; font-family: 'Cinzel Decorative';\">LUXURY COLLECTION<\/span><\/strong><\/h1>\n<p>[\/vc_column_text][vc_column_text]<\/p>\n<h3 align=\"CENTER\"><span style=\"color: #a40000;\"><b>V\u00c5R MEST EKSKLUSIVE OG LUKSURI\u00d8SE KOLLEKSJON.<\/b><\/span><\/h3>\n<p style=\"text-align: center;\">N\u00e5 har v\u00e5r originalkolleksjon blitt enda bedre.<\/p>\n<p>[\/vc_column_text][vc_empty_space height=&raquo;30px&raquo;]<a href=\"https:\/\/wool-bed.com\/nb\/lyx-shop\/\" target=\"_self\"  class=\"qodef-btn qodef-btn-medium qodef-btn-outline\"  >\n    <span  class=\"qodef-btn-text\">Woolbed LYXKOLLEKSJON<\/span>\n    <\/a>[vc_empty_space height=&raquo;50px&raquo;][\/vc_column_inner][\/vc_row_inner][vc_empty_space height=&raquo;150px&raquo;][\/vc_column][\/vc_row][vc_row][vc_column][vc_column_text]<\/p>\n<p>[\/vc_column_text][\/vc_column][\/vc_row][vc_row row_type=&raquo;parallax&raquo; content_aligment=&raquo;center&raquo; full_screen_section_height=&raquo;no&raquo; parallax_background_image=&raquo;7838&#8243; parallax_speed=&raquo;0&#8243;][vc_column width=&raquo;1\/2&#8243;][vc_empty_space height=&raquo;150px&raquo;][vc_column_text]<\/p>\n<h1 style=\"text-align: center;\">Oppdag v\u00e5r kolleksjon for de sm\u00e5<\/h1>\n<p>[\/vc_column_text][vc_empty_space height=&raquo;20px&raquo;][vc_single_image image=&raquo;7620&#8243; img_size=&raquo;full&raquo; alignment=&raquo;center&raquo; onclick=&raquo;custom_link&raquo; img_link_target=&raquo;_blank&raquo; link=&raquo;https:\/\/www.woolmark.com\/&raquo;][vc_empty_space height=&raquo;30px&raquo;]<a href=\"https:\/\/wool-bed.com\/nb\/babywool\/\" target=\"_self\"  class=\"qodef-btn qodef-btn-medium qodef-btn-outline\"  >\n    <span  class=\"qodef-btn-text\">Klikk for \u00e5 se v\u00e5r kolleksjon<\/span>\n    <\/a>[vc_empty_space height=&raquo;150px&raquo;][\/vc_column][vc_column width=&raquo;1\/2&#8243;][\/vc_column][\/vc_row][vc_row][vc_column][vc_column_text]<\/p>\n<p>[\/vc_column_text][\/vc_column][\/vc_row][vc_row css=&raquo;.vc_custom_1571846575649{padding-right: 10% !important;padding-left: 10% !important;background-color: #ffffff !important;}&raquo;][vc_column width=&raquo;2\/3&#8243;][vc_empty_space height=&raquo;50px&raquo;][vc_column_text css=&raquo;.vc_custom_1513163868732{padding-top: 30px !important;padding-bottom: 10px !important;}&raquo;]<\/p>\n<h4 style=\"text-align: center;\">WOOLMARK, ET SYMBOL P\u00c5 KVALITET OG OMSORG<\/h4>\n<p>[\/vc_column_text][vc_column_text css=&raquo;&raquo; disable_pattern=&raquo;false&raquo; align=&raquo;left&raquo; margin_bottom=&raquo;0&#8243;]<\/p>\n<p>Woolmark er en global organisasjon som garanterer at produktet inneholder ren, ny ull. Det er et av verdens mest kjente tekstilmerker, og symbolet st\u00e5r for kvalitet og p\u00e5litelighet.<\/p>\n<p>Alle v\u00e5re produkter er godkjent av <strong>\u201cThe Woolmark Company\u201d<\/strong>, noe som inneb\u00e6rer at de har gjennomg\u00e5tt <strong>strenge kvalitetskontroller<\/strong> og oppfyller alle kravene som organisasjonen stiller. P\u00e5 denne m\u00e5ten kan vi garantere v\u00e5re kunder <strong>ull av h\u00f8yest mulig kvalitet \u2013 over hele verden.<\/strong><br \/>\n[\/vc_column_text][vc_empty_space height=&raquo;20px&raquo;][vc_single_image image=&raquo;7092&#8243; img_size=&raquo;125&#215;131&#8243; alignment=&raquo;center&raquo; onclick=&raquo;custom_link&raquo; img_link_target=&raquo;_blank&raquo; link=&raquo;https:\/\/www.woolmark.com\/&raquo;][vc_empty_space height=&raquo;50px&raquo;][\/vc_column][vc_column width=&raquo;1\/3&#8243;][vc_empty_space height=&raquo;100px&raquo;][vc_video link=&raquo;https:\/\/vimeo.com\/169612787&#8243; align=&raquo;center&raquo;][vc_empty_space height=&raquo;100px&raquo;][\/vc_column][\/vc_row]<\/p>\n<\/div>","protected":false},"excerpt":{"rendered":"<p>[vc_row css=&raquo;.vc_custom_1572347627556{margin-top: -80px !important;}&raquo;][vc_column offset=&raquo;vc_hidden-sm vc_hidden-xs&raquo;][rev_slider_vc alias=&raquo;Home&raquo;][\/vc_column][\/vc_row][vc_row][vc_column offset=&raquo;vc_hidden-lg vc_hidden-md&raquo;][rev_slider_vc alias=&raquo;Home&raquo;][\/vc_column][\/vc_row][vc_row css=&raquo;.vc_custom_1517492999024{padding-top: 50px !important;}&raquo;][vc_column][vc_row_inner][vc_column_inner][vc_column_text css=&raquo;.vc_custom_1761045520389{padding-top: 10px !important;padding-right: 10% !important;padding-bottom: 50px !important;padding-left: 10% !important;}&raquo;] Velkommen til Woolbed, eksperter p\u00e5 s\u00f8vn &nbsp; I en tid der en god natts s\u00f8vn har blitt en luksus, jobber vi i Woolbed&#8230;<\/p>\n","protected":false},"author":1,"featured_media":0,"parent":0,"menu_order":0,"comment_status":"closed","ping_status":"closed","template":"full-width.php","meta":{"footnotes":""},"class_list":["post-924","page","type-page","status-publish","hentry"],"yoast_head":"<!-- This site is optimized with the Yoast SEO plugin v27.4 - https:\/\/yoast.com\/product\/yoast-seo-wordpress\/ -->\n<title>WoolBed | EKSPERTER P\u00c5 DIN S\u00d8VN<\/title>\n<meta name=\"description\" content=\"I Woolbed jobber vi for din hvile. Bes\u00f8k v\u00e5r nettbutikk og oppdag v\u00e5re memory foam madrasser og merinoull og kasjmirprodukter med Woolmark kvalitetssikring.\" \/>\n<meta name=\"robots\" content=\"index, follow, max-snippet:-1, max-image-preview:large, max-video-preview:-1\" \/>\n<link rel=\"canonical\" href=\"https:\/\/wool-bed.com\/nb\/\" \/>\n<meta property=\"og:locale\" content=\"nb_NO\" \/>\n<meta property=\"og:type\" content=\"article\" \/>\n<meta property=\"og:title\" content=\"WoolBed | EKSPERTER P\u00c5 DIN S\u00d8VN\" \/>\n<meta property=\"og:description\" content=\"I Woolbed jobber vi for din hvile. Bes\u00f8k v\u00e5r nettbutikk og oppdag v\u00e5re memory foam madrasser og merinoull og kasjmirprodukter med Woolmark kvalitetssikring.\" \/>\n<meta property=\"og:url\" content=\"https:\/\/wool-bed.com\/nb\/\" \/>\n<meta property=\"og:site_name\" content=\"WoolBed | SPESIALISTER I ULL, EKSPERTER P\u00c5 DIN S\u00d8VN\" \/>\n<meta property=\"article:publisher\" content=\"https:\/\/www.facebook.com\/WoolBed\/\" \/>\n<meta property=\"article:modified_time\" content=\"2025-11-21T15:54:25+00:00\" \/>\n<meta name=\"twitter:card\" content=\"summary_large_image\" \/>\n<meta name=\"twitter:label1\" content=\"Ansl. lesetid\" \/>\n\t<meta name=\"twitter:data1\" content=\"2 minutter\" \/>\n<script type=\"application\/ld+json\" class=\"yoast-schema-graph\">{\"@context\":\"https:\\\/\\\/schema.org\",\"@graph\":[{\"@type\":\"WebPage\",\"@id\":\"https:\\\/\\\/wool-bed.com\\\/nb\\\/\",\"url\":\"https:\\\/\\\/wool-bed.com\\\/nb\\\/\",\"name\":\"WoolBed | EKSPERTER P\u00c5 DIN S\u00d8VN\",\"isPartOf\":{\"@id\":\"https:\\\/\\\/wool-bed.com\\\/nb\\\/#website\"},\"datePublished\":\"2015-04-15T12:33:57+00:00\",\"dateModified\":\"2025-11-21T15:54:25+00:00\",\"description\":\"I Woolbed jobber vi for din hvile. Bes\u00f8k v\u00e5r nettbutikk og oppdag v\u00e5re memory foam madrasser og merinoull og kasjmirprodukter med Woolmark kvalitetssikring.\",\"breadcrumb\":{\"@id\":\"https:\\\/\\\/wool-bed.com\\\/nb\\\/#breadcrumb\"},\"inLanguage\":\"nb-NO\",\"potentialAction\":[{\"@type\":\"ReadAction\",\"target\":[\"https:\\\/\\\/wool-bed.com\\\/nb\\\/\"]}]},{\"@type\":\"BreadcrumbList\",\"@id\":\"https:\\\/\\\/wool-bed.com\\\/nb\\\/#breadcrumb\",\"itemListElement\":[{\"@type\":\"ListItem\",\"position\":1,\"name\":\"Home\",\"item\":\"https:\\\/\\\/wool-bed.com\\\/nb\\\/\"},{\"@type\":\"ListItem\",\"position\":2,\"name\":\"Hjem\"}]},{\"@type\":\"WebSite\",\"@id\":\"https:\\\/\\\/wool-bed.com\\\/nb\\\/#website\",\"url\":\"https:\\\/\\\/wool-bed.com\\\/nb\\\/\",\"name\":\"WoolBed | SPESIALISTER I ULL, EKSPERTER P\u00c5 DIN S\u00d8VN\",\"description\":\"In Woolbed we labour for your rest. Visit our online shop and discover our memory foam mattresses and Merino and Cashmere wool products with Woolmark quality guarantee.\",\"potentialAction\":[{\"@type\":\"SearchAction\",\"target\":{\"@type\":\"EntryPoint\",\"urlTemplate\":\"https:\\\/\\\/wool-bed.com\\\/nb\\\/?s={search_term_string}\"},\"query-input\":{\"@type\":\"PropertyValueSpecification\",\"valueRequired\":true,\"valueName\":\"search_term_string\"}}],\"inLanguage\":\"nb-NO\"}]}<\/script>\n<!-- \/ Yoast SEO plugin. -->","yoast_head_json":{"title":"WoolBed | EKSPERTER P\u00c5 DIN S\u00d8VN","description":"I Woolbed jobber vi for din hvile. Bes\u00f8k v\u00e5r nettbutikk og oppdag v\u00e5re memory foam madrasser og merinoull og kasjmirprodukter med Woolmark kvalitetssikring.","robots":{"index":"index","follow":"follow","max-snippet":"max-snippet:-1","max-image-preview":"max-image-preview:large","max-video-preview":"max-video-preview:-1"},"canonical":"https:\/\/wool-bed.com\/nb\/","og_locale":"nb_NO","og_type":"article","og_title":"WoolBed | EKSPERTER P\u00c5 DIN S\u00d8VN","og_description":"I Woolbed jobber vi for din hvile. Bes\u00f8k v\u00e5r nettbutikk og oppdag v\u00e5re memory foam madrasser og merinoull og kasjmirprodukter med Woolmark kvalitetssikring.","og_url":"https:\/\/wool-bed.com\/nb\/","og_site_name":"WoolBed | SPESIALISTER I ULL, EKSPERTER P\u00c5 DIN S\u00d8VN","article_publisher":"https:\/\/www.facebook.com\/WoolBed\/","article_modified_time":"2025-11-21T15:54:25+00:00","twitter_card":"summary_large_image","twitter_misc":{"Ansl. lesetid":"2 minutter"},"schema":{"@context":"https:\/\/schema.org","@graph":[{"@type":"WebPage","@id":"https:\/\/wool-bed.com\/nb\/","url":"https:\/\/wool-bed.com\/nb\/","name":"WoolBed | EKSPERTER P\u00c5 DIN S\u00d8VN","isPartOf":{"@id":"https:\/\/wool-bed.com\/nb\/#website"},"datePublished":"2015-04-15T12:33:57+00:00","dateModified":"2025-11-21T15:54:25+00:00","description":"I Woolbed jobber vi for din hvile. Bes\u00f8k v\u00e5r nettbutikk og oppdag v\u00e5re memory foam madrasser og merinoull og kasjmirprodukter med Woolmark kvalitetssikring.","breadcrumb":{"@id":"https:\/\/wool-bed.com\/nb\/#breadcrumb"},"inLanguage":"nb-NO","potentialAction":[{"@type":"ReadAction","target":["https:\/\/wool-bed.com\/nb\/"]}]},{"@type":"BreadcrumbList","@id":"https:\/\/wool-bed.com\/nb\/#breadcrumb","itemListElement":[{"@type":"ListItem","position":1,"name":"Home","item":"https:\/\/wool-bed.com\/nb\/"},{"@type":"ListItem","position":2,"name":"Hjem"}]},{"@type":"WebSite","@id":"https:\/\/wool-bed.com\/nb\/#website","url":"https:\/\/wool-bed.com\/nb\/","name":"WoolBed | SPESIALISTER I ULL, EKSPERTER P\u00c5 DIN S\u00d8VN","description":"In Woolbed we labour for your rest. Visit our online shop and discover our memory foam mattresses and Merino and Cashmere wool products with Woolmark quality guarantee.","potentialAction":[{"@type":"SearchAction","target":{"@type":"EntryPoint","urlTemplate":"https:\/\/wool-bed.com\/nb\/?s={search_term_string}"},"query-input":{"@type":"PropertyValueSpecification","valueRequired":true,"valueName":"search_term_string"}}],"inLanguage":"nb-NO"}]}},"_links":{"self":[{"href":"https:\/\/wool-bed.com\/nb\/wp-json\/wp\/v2\/pages\/924","targetHints":{"allow":["GET"]}}],"collection":[{"href":"https:\/\/wool-bed.com\/nb\/wp-json\/wp\/v2\/pages"}],"about":[{"href":"https:\/\/wool-bed.com\/nb\/wp-json\/wp\/v2\/types\/page"}],"author":[{"embeddable":true,"href":"https:\/\/wool-bed.com\/nb\/wp-json\/wp\/v2\/users\/1"}],"replies":[{"embeddable":true,"href":"https:\/\/wool-bed.com\/nb\/wp-json\/wp\/v2\/comments?post=924"}],"version-history":[{"count":8,"href":"https:\/\/wool-bed.com\/nb\/wp-json\/wp\/v2\/pages\/924\/revisions"}],"predecessor-version":[{"id":11282,"href":"https:\/\/wool-bed.com\/nb\/wp-json\/wp\/v2\/pages\/924\/revisions\/11282"}],"wp:attachment":[{"href":"https:\/\/wool-bed.com\/nb\/wp-json\/wp\/v2\/media?parent=924"}],"curies":[{"name":"wp","href":"https:\/\/api.w.org\/{rel}","templated":true}]}}