{"id":6089,"date":"2017-12-20T11:48:58","date_gmt":"2017-12-20T11:48:58","guid":{"rendered":"http:\/\/wool-bed.com\/?page_id=6089"},"modified":"2019-11-05T10:09:05","modified_gmt":"2019-11-05T10:09:05","slug":"spara-bestallning","status":"publish","type":"page","link":"https:\/\/wool-bed.com\/nb\/spara-bestallning\/","title":{"rendered":"Sp\u00e5ra best\u00e4llning"},"content":{"rendered":"<div class=\"wpb-content-wrapper\"><p>[vc_row content_width=&raquo;grid&raquo; content_aligment=&raquo;center&raquo; css=&raquo;.vc_custom_1508920424922{padding-bottom: 50px !important;}&raquo;][vc_column css=&raquo;.vc_custom_1508920634614{margin-top: -30px !important;}&raquo;][vc_empty_space height=&raquo;30px&raquo;][vc_column_text css=&raquo;.vc_custom_1508920182889{margin-top: 20px !important;border-top-width: 1px !important;padding-top: 10px !important;padding-bottom: 10px !important;border-top-color: rgba(178,8,56,0.3) !important;border-top-style: solid !important;}&raquo;]<\/p>\n<h1 style=\"text-align: center;\">Spore bestillingen<\/h1>\n<p>[\/vc_column_text][vc_row_inner][vc_column_inner width=&raquo;1\/2&#8243;][vc_column_text]<\/p>\n<h4 style=\"text-align: center;\">N\u00e5r du fullf\u00f8rer bestillingen<\/h4>\n<p>[\/vc_column_text][vc_empty_space height=&raquo;30px&raquo;][vc_single_image image=&raquo;8168&#8243; img_size=&raquo;full&raquo;][\/vc_column_inner][vc_column_inner width=&raquo;1\/2&#8243;][vc_column_text]<\/p>\n<h4 style=\"text-align: center;\">E-mail mottatt<\/h4>\n<p>[\/vc_column_text][vc_empty_space height=&raquo;30px&raquo;][vc_single_image image=&raquo;8164&#8243; img_size=&raquo;full&raquo;][\/vc_column_inner][\/vc_row_inner][vc_empty_space height=&raquo;30px&raquo;]<div class=\"woocommerce\"><\/div>[\/vc_column][\/vc_row]<\/p>\n<\/div>","protected":false},"excerpt":{"rendered":"<p>[vc_row content_width=&raquo;grid&raquo; content_aligment=&raquo;center&raquo; css=&raquo;.vc_custom_1508920424922{padding-bottom: 50px !important;}&raquo;][vc_column css=&raquo;.vc_custom_1508920634614{margin-top: -30px !important;}&raquo;][vc_empty_space height=&raquo;30px&raquo;][vc_column_text css=&raquo;.vc_custom_1508920182889{margin-top: 20px !important;border-top-width: 1px !important;padding-top: 10px !important;padding-bottom: 10px !important;border-top-color: rgba(178,8,56,0.3) !important;border-top-style: solid !important;}&raquo;] Spore bestillingen [\/vc_column_text][vc_row_inner][vc_column_inner width=&raquo;1\/2&#8243;][vc_column_text] N\u00e5r du fullf\u00f8rer bestillingen [\/vc_column_text][vc_empty_space height=&raquo;30px&raquo;][vc_single_image image=&raquo;8168&#8243; img_size=&raquo;full&raquo;][\/vc_column_inner][vc_column_inner width=&raquo;1\/2&#8243;][vc_column_text] E-mail mottatt [\/vc_column_text][vc_empty_space height=&raquo;30px&raquo;][vc_single_image image=&raquo;8164&#8243; img_size=&raquo;full&raquo;][\/vc_column_inner][\/vc_row_inner][vc_empty_space height=&raquo;30px&raquo;][\/vc_column][\/vc_row]<\/p>\n","protected":false},"author":1,"featured_media":0,"parent":0,"menu_order":0,"comment_status":"closed","ping_status":"closed","template":"","meta":{"footnotes":""},"class_list":["post-6089","page","type-page","status-publish","hentry"],"yoast_head":"<!-- This site is optimized with the Yoast SEO plugin v27.3 - https:\/\/yoast.com\/product\/yoast-seo-wordpress\/ -->\n<title>Sp\u00e5ra best\u00e4llning | WoolBed | SPESIALISTER I ULL, EKSPERTER P\u00c5 DIN S\u00d8VN<\/title>\n<meta name=\"robots\" content=\"index, follow, max-snippet:-1, max-image-preview:large, max-video-preview:-1\" \/>\n<link rel=\"canonical\" href=\"https:\/\/wool-bed.com\/nb\/spara-bestallning\/\" \/>\n<meta property=\"og:locale\" content=\"nb_NO\" \/>\n<meta property=\"og:type\" content=\"article\" \/>\n<meta property=\"og:title\" content=\"Sp\u00e5ra best\u00e4llning | WoolBed | SPESIALISTER I ULL, EKSPERTER P\u00c5 DIN S\u00d8VN\" \/>\n<meta property=\"og:description\" content=\"[vc_row content_width=&raquo;grid&raquo; content_aligment=&raquo;center&raquo; css=&raquo;.vc_custom_1508920424922{padding-bottom: 50px !important;}&raquo;][vc_column css=&raquo;.vc_custom_1508920634614{margin-top: -30px !important;}&raquo;][vc_empty_space height=&raquo;30px&raquo;][vc_column_text css=&raquo;.vc_custom_1508920182889{margin-top: 20px !important;border-top-width: 1px !important;padding-top: 10px !important;padding-bottom: 10px !important;border-top-color: rgba(178,8,56,0.3) !important;border-top-style: solid !important;}&raquo;] Spore bestillingen [\/vc_column_text][vc_row_inner][vc_column_inner width=&raquo;1\/2&#8243;][vc_column_text] N\u00e5r du fullf\u00f8rer bestillingen [\/vc_column_text][vc_empty_space height=&raquo;30px&raquo;][vc_single_image image=&raquo;8168&#8243; img_size=&raquo;full&raquo;][\/vc_column_inner][vc_column_inner width=&raquo;1\/2&#8243;][vc_column_text] E-mail mottatt [\/vc_column_text][vc_empty_space height=&raquo;30px&raquo;][vc_single_image image=&raquo;8164&#8243; img_size=&raquo;full&raquo;][\/vc_column_inner][\/vc_row_inner][vc_empty_space height=&raquo;30px&raquo;][\/vc_column][\/vc_row]\" \/>\n<meta property=\"og:url\" content=\"https:\/\/wool-bed.com\/nb\/spara-bestallning\/\" \/>\n<meta property=\"og:site_name\" content=\"WoolBed | SPESIALISTER I ULL, EKSPERTER P\u00c5 DIN S\u00d8VN\" \/>\n<meta property=\"article:publisher\" content=\"https:\/\/www.facebook.com\/WoolBed\/\" \/>\n<meta property=\"article:modified_time\" content=\"2019-11-05T10:09:05+00:00\" \/>\n<meta name=\"twitter:card\" content=\"summary_large_image\" \/>\n<meta name=\"twitter:label1\" content=\"Ansl. lesetid\" \/>\n\t<meta name=\"twitter:data1\" content=\"1 minutt\" \/>\n<script type=\"application\/ld+json\" class=\"yoast-schema-graph\">{\"@context\":\"https:\\\/\\\/schema.org\",\"@graph\":[{\"@type\":\"WebPage\",\"@id\":\"https:\\\/\\\/wool-bed.com\\\/nb\\\/spara-bestallning\\\/\",\"url\":\"https:\\\/\\\/wool-bed.com\\\/nb\\\/spara-bestallning\\\/\",\"name\":\"Sp\u00e5ra best\u00e4llning | WoolBed | SPESIALISTER I ULL, EKSPERTER P\u00c5 DIN S\u00d8VN\",\"isPartOf\":{\"@id\":\"https:\\\/\\\/wool-bed.com\\\/nb\\\/#website\"},\"datePublished\":\"2017-12-20T11:48:58+00:00\",\"dateModified\":\"2019-11-05T10:09:05+00:00\",\"breadcrumb\":{\"@id\":\"https:\\\/\\\/wool-bed.com\\\/nb\\\/spara-bestallning\\\/#breadcrumb\"},\"inLanguage\":\"nb-NO\",\"potentialAction\":[{\"@type\":\"ReadAction\",\"target\":[\"https:\\\/\\\/wool-bed.com\\\/nb\\\/spara-bestallning\\\/\"]}]},{\"@type\":\"BreadcrumbList\",\"@id\":\"https:\\\/\\\/wool-bed.com\\\/nb\\\/spara-bestallning\\\/#breadcrumb\",\"itemListElement\":[{\"@type\":\"ListItem\",\"position\":1,\"name\":\"Home\",\"item\":\"https:\\\/\\\/wool-bed.com\\\/nb\\\/\"},{\"@type\":\"ListItem\",\"position\":2,\"name\":\"Sp\u00e5ra best\u00e4llning\"}]},{\"@type\":\"WebSite\",\"@id\":\"https:\\\/\\\/wool-bed.com\\\/nb\\\/#website\",\"url\":\"https:\\\/\\\/wool-bed.com\\\/nb\\\/\",\"name\":\"WoolBed | SPESIALISTER I ULL, EKSPERTER P\u00c5 DIN S\u00d8VN\",\"description\":\"In Woolbed we labour for your rest. Visit our online shop and discover our memory foam mattresses and Merino and Cashmere wool products with Woolmark quality guarantee.\",\"potentialAction\":[{\"@type\":\"SearchAction\",\"target\":{\"@type\":\"EntryPoint\",\"urlTemplate\":\"https:\\\/\\\/wool-bed.com\\\/nb\\\/?s={search_term_string}\"},\"query-input\":{\"@type\":\"PropertyValueSpecification\",\"valueRequired\":true,\"valueName\":\"search_term_string\"}}],\"inLanguage\":\"nb-NO\"}]}<\/script>\n<!-- \/ Yoast SEO plugin. -->","yoast_head_json":{"title":"Sp\u00e5ra best\u00e4llning | WoolBed | SPESIALISTER I ULL, EKSPERTER P\u00c5 DIN S\u00d8VN","robots":{"index":"index","follow":"follow","max-snippet":"max-snippet:-1","max-image-preview":"max-image-preview:large","max-video-preview":"max-video-preview:-1"},"canonical":"https:\/\/wool-bed.com\/nb\/spara-bestallning\/","og_locale":"nb_NO","og_type":"article","og_title":"Sp\u00e5ra best\u00e4llning | WoolBed | SPESIALISTER I ULL, EKSPERTER P\u00c5 DIN S\u00d8VN","og_description":"[vc_row content_width=&raquo;grid&raquo; content_aligment=&raquo;center&raquo; css=&raquo;.vc_custom_1508920424922{padding-bottom: 50px !important;}&raquo;][vc_column css=&raquo;.vc_custom_1508920634614{margin-top: -30px !important;}&raquo;][vc_empty_space height=&raquo;30px&raquo;][vc_column_text css=&raquo;.vc_custom_1508920182889{margin-top: 20px !important;border-top-width: 1px !important;padding-top: 10px !important;padding-bottom: 10px !important;border-top-color: rgba(178,8,56,0.3) !important;border-top-style: solid !important;}&raquo;] Spore bestillingen [\/vc_column_text][vc_row_inner][vc_column_inner width=&raquo;1\/2&#8243;][vc_column_text] N\u00e5r du fullf\u00f8rer bestillingen [\/vc_column_text][vc_empty_space height=&raquo;30px&raquo;][vc_single_image image=&raquo;8168&#8243; img_size=&raquo;full&raquo;][\/vc_column_inner][vc_column_inner width=&raquo;1\/2&#8243;][vc_column_text] E-mail mottatt [\/vc_column_text][vc_empty_space height=&raquo;30px&raquo;][vc_single_image image=&raquo;8164&#8243; img_size=&raquo;full&raquo;][\/vc_column_inner][\/vc_row_inner][vc_empty_space height=&raquo;30px&raquo;][\/vc_column][\/vc_row]","og_url":"https:\/\/wool-bed.com\/nb\/spara-bestallning\/","og_site_name":"WoolBed | SPESIALISTER I ULL, EKSPERTER P\u00c5 DIN S\u00d8VN","article_publisher":"https:\/\/www.facebook.com\/WoolBed\/","article_modified_time":"2019-11-05T10:09:05+00:00","twitter_card":"summary_large_image","twitter_misc":{"Ansl. lesetid":"1 minutt"},"schema":{"@context":"https:\/\/schema.org","@graph":[{"@type":"WebPage","@id":"https:\/\/wool-bed.com\/nb\/spara-bestallning\/","url":"https:\/\/wool-bed.com\/nb\/spara-bestallning\/","name":"Sp\u00e5ra best\u00e4llning | WoolBed | SPESIALISTER I ULL, EKSPERTER P\u00c5 DIN S\u00d8VN","isPartOf":{"@id":"https:\/\/wool-bed.com\/nb\/#website"},"datePublished":"2017-12-20T11:48:58+00:00","dateModified":"2019-11-05T10:09:05+00:00","breadcrumb":{"@id":"https:\/\/wool-bed.com\/nb\/spara-bestallning\/#breadcrumb"},"inLanguage":"nb-NO","potentialAction":[{"@type":"ReadAction","target":["https:\/\/wool-bed.com\/nb\/spara-bestallning\/"]}]},{"@type":"BreadcrumbList","@id":"https:\/\/wool-bed.com\/nb\/spara-bestallning\/#breadcrumb","itemListElement":[{"@type":"ListItem","position":1,"name":"Home","item":"https:\/\/wool-bed.com\/nb\/"},{"@type":"ListItem","position":2,"name":"Sp\u00e5ra best\u00e4llning"}]},{"@type":"WebSite","@id":"https:\/\/wool-bed.com\/nb\/#website","url":"https:\/\/wool-bed.com\/nb\/","name":"WoolBed | SPESIALISTER I ULL, EKSPERTER P\u00c5 DIN S\u00d8VN","description":"In Woolbed we labour for your rest. Visit our online shop and discover our memory foam mattresses and Merino and Cashmere wool products with Woolmark quality guarantee.","potentialAction":[{"@type":"SearchAction","target":{"@type":"EntryPoint","urlTemplate":"https:\/\/wool-bed.com\/nb\/?s={search_term_string}"},"query-input":{"@type":"PropertyValueSpecification","valueRequired":true,"valueName":"search_term_string"}}],"inLanguage":"nb-NO"}]}},"_links":{"self":[{"href":"https:\/\/wool-bed.com\/nb\/wp-json\/wp\/v2\/pages\/6089","targetHints":{"allow":["GET"]}}],"collection":[{"href":"https:\/\/wool-bed.com\/nb\/wp-json\/wp\/v2\/pages"}],"about":[{"href":"https:\/\/wool-bed.com\/nb\/wp-json\/wp\/v2\/types\/page"}],"author":[{"embeddable":true,"href":"https:\/\/wool-bed.com\/nb\/wp-json\/wp\/v2\/users\/1"}],"replies":[{"embeddable":true,"href":"https:\/\/wool-bed.com\/nb\/wp-json\/wp\/v2\/comments?post=6089"}],"version-history":[{"count":0,"href":"https:\/\/wool-bed.com\/nb\/wp-json\/wp\/v2\/pages\/6089\/revisions"}],"wp:attachment":[{"href":"https:\/\/wool-bed.com\/nb\/wp-json\/wp\/v2\/media?parent=6089"}],"curies":[{"name":"wp","href":"https:\/\/api.w.org\/{rel}","templated":true}]}}