{"id":11241,"date":"2025-10-21T13:08:08","date_gmt":"2025-10-21T12:08:08","guid":{"rendered":"https:\/\/wool-bed.com\/vilka-ar-vi\/"},"modified":"2025-11-21T15:14:42","modified_gmt":"2025-11-21T15:14:42","slug":"hvem-er-vi","status":"publish","type":"page","link":"https:\/\/wool-bed.com\/nb\/hvem-er-vi\/","title":{"rendered":"Hvem er vi?"},"content":{"rendered":"<div class=\"wpb-content-wrapper\"><p>[vc_row row_type=&raquo;parallax&raquo; content_aligment=&raquo;center&raquo; full_screen_section_height=&raquo;yes&raquo; vertically_align_content_in_middle=&raquo;yes&raquo; parallax_background_image=&raquo;8687&#8243; parallax_speed=&raquo;0&#8243; css=&raquo;.vc_custom_1572358540070{margin-top: -80px !important;}&raquo;][vc_column][vc_empty_space][vc_row_inner content_aligment=&raquo;center&raquo; css=&raquo;.vc_custom_1572437539278{border-top-width: 2px !important;border-bottom-width: 2px !important;padding-right: 10% !important;padding-left: 10% !important;background-color: rgba(255,255,255,0.55) !important;*background-color: rgb(255,255,255) !important;border-top-color: #ffffff !important;border-top-style: solid !important;border-bottom-color: #ffffff !important;border-bottom-style: solid !important;}&raquo;][vc_column_inner][vc_empty_space height=&raquo;30px&raquo;][vc_column_text css=&raquo;&raquo;]<\/p>\n<h1 style=\"text-align: center; color: #b20838;\">VI ER WOOLBED<\/h1>\n<p style=\"text-align: center;\">Woolbed ble grunnlagt i 1995 da virksomheten etablerte seg p\u00e5 Kanari\u00f8yene i Spania. Gjennom \u00e5rene har vi utvidet til flere destinasjoner som Palma de Mallorca i Spania, Madeira i Portugal og ogs\u00e5 til USA.<\/p>\n<p>[\/vc_column_text][vc_empty_space height=&raquo;30px&raquo;][vc_column_text css=&raquo;&raquo;]<\/p>\n<h2 style=\"text-align: center; color: #b20838;\">KONKURRANSEDYKTIGE PRISER<\/h2>\n<p style=\"text-align: center;\">Vi jobber hovedsakelig med nordisk turisme. V\u00e5re kunder kommer fra land som Sverige, Norge, Danmark og Finland. Vi gir v\u00e5re kunder muligheten til \u00e5 ta del i hele v\u00e5r kolleksjon og selvsagt pr\u00f8ve v\u00e5re produkter \u2013 alt sammen med v\u00e5re s\u00f8vn\u00adeksperter. Vi arbeider kun med den best mulige kvaliteten og kan tilby betydelig lavere priser enn i Norden.<\/p>\n<p>[\/vc_column_text][vc_empty_space height=&raquo;30px&raquo;][vc_column_text css=&raquo;&raquo;]<\/p>\n<h2 style=\"text-align: center; color: #b20838;\">GARANTI &amp; TRYGGHET<\/h2>\n<p style=\"text-align: center;\">Alle v\u00e5re produkter produseres i Tyskland, der mange av dem lages for h\u00e5nd. Produktene er sertifisert med Woolmark-garantisymbolet. Vi gjennomf\u00f8rer kontinuerlige kvalitetskontroller for \u00e5 kunne tilby v\u00e5re h\u00f8ykvalitetsprodukter.<\/p>\n<p>[\/vc_column_text][vc_empty_space height=&raquo;30px&raquo;][vc_column_text css=&raquo;&raquo;]<\/p>\n<h2 style=\"text-align: center; color: #b20838;\">KONTAKT OSS<\/h2>\n<p style=\"text-align: center;\">Ikke n\u00f8l med \u00e5 kontakte oss ved \u00e5 klikke p\u00e5 <a href=\"https:\/\/wool-bed.com\/kontakt\/\">Kontakt<\/a> hvis dere har noen sp\u00f8rsm\u00e5l eller \u00f8nsker en forklaring fra v\u00e5re eksperter, som gjerne svarer p\u00e5 deres henvendelser.<\/p>\n<p>[\/vc_column_text][vc_empty_space height=&raquo;30px&raquo;][vc_column_text css=&raquo;&raquo;]<\/p>\n<h2 style=\"text-align: center; color: #b20838;\">V\u00c5RE S\u00d8MN\u00adEKSPERTER<\/h2>\n<p style=\"text-align: center;\">Nedenfor finner dere v\u00e5re s\u00f8vn\u00adeksperter, som har mange \u00e5rs erfaring med v\u00e5re produkter. Hvis dere allerede er en del av v\u00e5r kundebase og \u00f8nsker personlig service fra akkurat deres ekspert, klikk p\u00e5 bildet nedenfor s\u00e5 kontakter vi dere snart.<\/p>\n<p>[\/vc_column_text][vc_empty_space height=&raquo;50px&raquo;][vc_empty_space height=&raquo;50px&raquo;][\/vc_column_inner][\/vc_row_inner][\/vc_column][\/vc_row][vc_row content_width=&raquo;grid&raquo;][vc_column][vc_empty_space height=&raquo;50px&raquo;][vc_empty_space height=&raquo;50px&raquo;][vc_column_text css=&raquo;&raquo;]<\/p>\n<h1 style=\"text-align: center; color: #b20838;\">WOOLBEDS S\u00d8MN\u00adEKSPERTER<\/h1>\n<p>[\/vc_column_text][vc_empty_space height=&raquo;20px&raquo;][vc_column_text css=&raquo;&raquo;]<\/p>\n<h3 style=\"text-align: center; color: #b20838;\">Hos Woolbed setter vi v\u00e5re kunder h\u00f8yt og fokuserer p\u00e5 at dere skal f\u00e5 svar p\u00e5 deres sp\u00f8rsm\u00e5l, takket v\u00e6re v\u00e5r omfattende ekspertise.<\/h3>\n<p>[\/vc_column_text][vc_column_text css=&raquo;&raquo;]<\/p>\n<p style=\"text-align: center;\">Hvis dere allerede er kunder hos oss og \u00f8nsker \u00e5 ta kontakt med deres s\u00f8vn\u00adekspert, klikk p\u00e5 e-posten nedenfor til den \u00f8nskede eksperten for \u00e5 komme i kontakt med oss.<\/p>\n<p>[\/vc_column_text][vc_empty_space height=&raquo;50px&raquo;][vc_row_inner content_width=&raquo;grid&raquo;][vc_column_inner width=&raquo;1\/3&#8243; css=&raquo;.vc_custom_1761666089723{padding-right: 25px !important;padding-left: 25px !important;}&raquo;][vc_single_image image=&raquo;11109&#8243; img_size=&raquo;full&raquo; alignment=&raquo;center&raquo; style=&raquo;vc_box_shadow_circle&raquo; css=&raquo;&raquo;][vc_empty_space height=&raquo;20px&raquo;][vc_column_text css=&raquo;&raquo;]<\/p>\n<h1 style=\"text-align: center; color: #b20838;\">Ylva Sj\u00f6din<\/h1>\n<p>[\/vc_column_text][vc_column_text css=&raquo;&raquo;]<\/p>\n<p style=\"text-align: center;\"><span style=\"color: #003366;\"><a style=\"color: #003366;\" href=\"mailto:ylva@wool-bed.com\">ylva@wool-bed.com<\/a><\/span><\/p>\n<p>[\/vc_column_text][vc_column_text css=&raquo;&raquo;]Jeg heter Ylva, kommer fra Stockholm og har bodd og jobbet p\u00e5 Gran Canaria i 28 \u00e5r \u2013 med v\u00e5re fantastiske ullprodukter som har blitt en naturlig del av livet og hverdagen min. Helse og god s\u00f8vn har alltid v\u00e6rt viktig for meg, og det er ogs\u00e5 min st\u00f8rste drivkraft \u2013 \u00e5 hjelpe mennesker med \u00e5 sove bedre og dermed ogs\u00e5 f\u00f8le seg bedre. Hver dag m\u00f8ter jeg kunder som forteller hvordan ullen har endret s\u00f8vnen og livskvaliteten deres \u2013 og det gj\u00f8r meg like glad hver gang. Barna mine har vokst opp med ullsengekl\u00e6r og ville aldri valgt noe annet. At ullen ogs\u00e5 har blitt en naturlig del av deres liv betyr mye for meg. Jeg \u00f8nsker virkelig at flere f\u00e5r oppleve den samme fantastiske s\u00f8vnkvaliteten som jeg, familien min og mange av v\u00e5re venner allerede gj\u00f8r. P\u00e5 fritiden holder jeg meg i balanse med trening, dans og tid med familie og venner \u2013 det gir meg energi b\u00e5de mentalt og fysisk. \u00c5 sove i ull er ikke bare behagelig \u2013 det er en gave til b\u00e5de kropp og velv\u00e6re. Jeg har selv opplevd hvilken forskjell det gj\u00f8r, og det er nettopp derfor jeg \u00f8nsker \u00e5 dele det med deg. Hos oss finner du naturlige produkter som er valgt med omhu, basert p\u00e5 mange \u00e5rs erfaring og et hjerte som brenner for god s\u00f8vn. Jeg er her for \u00e5 hjelpe deg med \u00e5 finne det som passer akkurat deg \u2013 slik at du ogs\u00e5 kan v\u00e5kne uthvilt og f\u00f8le deg bra, hver dag, \u00e5ret rundt.[\/vc_column_text][vc_empty_space height=&raquo;50px&raquo;][\/vc_column_inner][vc_column_inner width=&raquo;1\/3&#8243; css=&raquo;.vc_custom_1761666241174{padding-right: 25px !important;padding-left: 25px !important;}&raquo;][vc_single_image image=&raquo;11114&#8243; img_size=&raquo;full&raquo; alignment=&raquo;center&raquo; style=&raquo;vc_box_shadow_circle&raquo; css=&raquo;&raquo;][vc_empty_space height=&raquo;20px&raquo;][vc_column_text css=&raquo;&raquo;]<\/p>\n<h1 style=\"text-align: center; color: #b20838;\">Siw Martinsen<\/h1>\n<p>[\/vc_column_text][vc_column_text css=&raquo;&raquo;]<\/p>\n<p style=\"text-align: center;\"><span style=\"color: #003366;\"><a style=\"color: #003366;\" href=\"mailto:siw@wool-bed.com\">siw@wool-bed.com<\/a><\/span><\/p>\n<p>[\/vc_column_text][vc_column_text css=&raquo;&raquo;]<\/p>\n<p align=\"JUSTIFY\">Jeg heter Siw og kommer fra vakre Holmestrand i Vestfold. Jeg har jobbet med ull nesten hele livet.<\/p>\n<p align=\"JUSTIFY\">For meg har ull aldri bare v\u00e6rt et materiale \u2013 det har v\u00e6rt en livsstil, og en l\u00f8sning p\u00e5 b\u00e5de s\u00f8vnproblemer, smerter og ulike helseutfordringer.<\/p>\n<p align=\"JUSTIFY\">Gjennom egne helseplager har jeg selv erfart hvor stor forskjell de riktige ullproduktene kan gj\u00f8re. Bedre s\u00f8vn, mindre smerter og en helt ny hverdag. Det er grunnen til at jeg fortsatt gj\u00f8r dette \u2013 fordi jeg ser hvilken enorm verdi ull gir, ogs\u00e5 for kundene mine.<\/p>\n<p align=\"JUSTIFY\">I over 30 \u00e5r har jeg jobbet med f\u00f8rsteklasses ullprodukter, og det gir meg ekte glede \u00e5 kunne dele min erfaring med deg. N\u00e5r kundene mine forteller hvordan produktene har endret livet deres, vet jeg at jeg er p\u00e5 riktig vei.<\/p>\n<p align=\"JUSTIFY\">P\u00e5 fritiden nyter jeg tiden med familie og gode venner, strandturer og lange, gode samtaler \u2013 men lidenskapen for ull og helse tar jeg med meg overalt.<\/p>\n<p align=\"JUSTIFY\">Velkommen til meg \u2013 jeg hjelper deg gjerne til en bedre hverdag og \u00f8kt livskvalitet.<\/p>\n<p>[\/vc_column_text][vc_empty_space height=&raquo;50px&raquo;][\/vc_column_inner][vc_column_inner width=&raquo;1\/3&#8243; css=&raquo;.vc_custom_1761666248902{padding-right: 25px !important;padding-left: 25px !important;}&raquo;][vc_single_image image=&raquo;11119&#8243; img_size=&raquo;full&raquo; alignment=&raquo;center&raquo; style=&raquo;vc_box_shadow_circle&raquo; css=&raquo;&raquo;][vc_empty_space height=&raquo;20px&raquo;][vc_column_text css=&raquo;&raquo;]<\/p>\n<h1 style=\"text-align: center; color: #b20838;\">Anna Andersson<\/h1>\n<p>[\/vc_column_text][vc_column_text css=&raquo;&raquo;]<\/p>\n<p style=\"text-align: center;\"><span style=\"color: #003366;\"><a style=\"color: #003366;\" href=\"mailto:anna@wool-bed.com\">anna@wool-bed.com<\/a><\/span><\/p>\n<p>[\/vc_column_text][vc_column_text css=&raquo;&raquo;]Jeg heter Anna og kommer fra Halmstad \u2013 Sveriges egen sommerby p\u00e5 vestkysten! Min f\u00f8rste reise til Kanari\u00f8yene gjorde jeg allerede som barn, og det var kj\u00e6rlighet ved f\u00f8rste solstr\u00e5le. Siden den gang har \u00f8yene v\u00e6rt et selvsagt reisem\u00e5l for meg og familien min \u2013 vi fikk rett og slett ikke nok av solen, varmen og den avslappede livsstilen. Da jeg fylte 22 bestemte jeg meg for \u00e5 f\u00f8lge hjertet og flytte til Gran Canaria, og det er en av de beste avgj\u00f8relsene jeg noen gang har tatt. Her fant jeg ikke bare et hjem, men ogs\u00e5 et yrke jeg virkelig brenner for \u2013 hos Woolbed. Jeg har jobbet med Woolbed siden 2019 og vet hvilken utrolig forskjell naturmaterialer kan gj\u00f8re for b\u00e5de s\u00f8vn og livskvalitet. Oppvokst med ull i b\u00e5de kl\u00e6r og hjem har jeg alltid forst\u00e5tt dens unike egenskaper \u2013 varme\u00adregulerende, allergivennlige og helt naturlige. Det vi velger \u00e5 omgi oss med \u2013 spesielt n\u00e5r vi sover \u2013 p\u00e5virker b\u00e5de hvordan vi har det og hvordan vi lever. \u00c5 sove godt er ikke en luksus \u2013 det er en investering i helsen din. Vil du vite hvordan ull kan forandre s\u00f8vnen din? Ta kontakt med meg \u2013 jeg hjelper deg gjerne \u00e5 finne det som passer deg!<\/p>\n<p>[\/vc_column_text][vc_empty_space height=&raquo;50px&raquo;][\/vc_column_inner][\/vc_row_inner][\/vc_column][\/vc_row][vc_row content_width=&raquo;grid&raquo; css=&raquo;.vc_custom_1761665857820{background-color: #F4F4F4 !important;}&raquo;][vc_column][vc_empty_space height=&raquo;20px&raquo;][vc_column_text css=&raquo;&raquo;]<\/p>\n<h2 style=\"text-align: center; color: #b20838;\">BES\u00d8K V\u00c5R BUTIKK &amp; UTFORSK V\u00c5RE KOLLEKSJONER &amp; TILBUD<\/h2>\n<p>[\/vc_column_text][vc_empty_space height=&raquo;20px&raquo;][vc_btn title=&raquo;Butikk&raquo; style=&raquo;custom&raquo; custom_background=&raquo;#B20838&#8243; custom_text=&raquo;#FFFFFF&raquo; shape=&raquo;round&raquo; align=&raquo;center&raquo; i_align=&raquo;right&raquo; i_icon_fontawesome=&raquo;fas fa-shopping-cart&raquo; css=&raquo;&raquo; add_icon=&raquo;true&raquo; link=&raquo;url:https%3A%2F%2Fwool-bed.com%2Fnb%2Full-seng-merino-kasjmir-butikk%2F|title:Butik&raquo;][\/vc_column][\/vc_row]<\/p>\n<\/div>","protected":false},"excerpt":{"rendered":"<p>[vc_row row_type=&raquo;parallax&raquo; content_aligment=&raquo;center&raquo; full_screen_section_height=&raquo;yes&raquo; vertically_align_content_in_middle=&raquo;yes&raquo; parallax_background_image=&raquo;8687&#8243; parallax_speed=&raquo;0&#8243; css=&raquo;.vc_custom_1572358540070{margin-top: -80px !important;}&raquo;][vc_column][vc_empty_space][vc_row_inner content_aligment=&raquo;center&raquo; css=&raquo;.vc_custom_1572437539278{border-top-width: 2px !important;border-bottom-width: 2px !important;padding-right: 10% !important;padding-left: 10% !important;background-color: rgba(255,255,255,0.55) !important;*background-color: rgb(255,255,255) !important;border-top-color: #ffffff !important;border-top-style: solid !important;border-bottom-color: #ffffff !important;border-bottom-style: solid !important;}&raquo;][vc_column_inner][vc_empty_space height=&raquo;30px&raquo;][vc_column_text css=&raquo;&raquo;] VI ER WOOLBED Woolbed ble grunnlagt i 1995 da virksomheten etablerte&#8230;<\/p>\n","protected":false},"author":1,"featured_media":0,"parent":0,"menu_order":0,"comment_status":"closed","ping_status":"closed","template":"full-width.php","meta":{"footnotes":""},"class_list":["post-11241","page","type-page","status-publish","hentry"],"yoast_head":"<!-- This site is optimized with the Yoast SEO plugin v27.3 - https:\/\/yoast.com\/product\/yoast-seo-wordpress\/ -->\n<title>Hvem er vi? | WoolBed | SPESIALISTER I ULL, EKSPERTER P\u00c5 DIN S\u00d8VN<\/title>\n<meta name=\"description\" content=\"Tack vare det fantastiska klimatet p\u00e5 v\u00e5ra destinationer har vi slutit avtal med researrang\u00f6rer och utflyktsbyr\u00e5er f\u00f6r att kunna erbjuda\" \/>\n<meta name=\"robots\" content=\"index, follow, max-snippet:-1, max-image-preview:large, max-video-preview:-1\" \/>\n<link rel=\"canonical\" href=\"https:\/\/wool-bed.com\/nb\/hvem-er-vi\/\" \/>\n<meta property=\"og:locale\" content=\"nb_NO\" \/>\n<meta property=\"og:type\" content=\"article\" \/>\n<meta property=\"og:title\" content=\"Hvem er vi? | WoolBed | SPESIALISTER I ULL, EKSPERTER P\u00c5 DIN S\u00d8VN\" \/>\n<meta property=\"og:description\" content=\"Tack vare det fantastiska klimatet p\u00e5 v\u00e5ra destinationer har vi slutit avtal med researrang\u00f6rer och utflyktsbyr\u00e5er f\u00f6r att kunna erbjuda\" \/>\n<meta property=\"og:url\" content=\"https:\/\/wool-bed.com\/nb\/hvem-er-vi\/\" \/>\n<meta property=\"og:site_name\" content=\"WoolBed | SPESIALISTER I ULL, EKSPERTER P\u00c5 DIN S\u00d8VN\" \/>\n<meta property=\"article:publisher\" content=\"https:\/\/www.facebook.com\/WoolBed\/\" \/>\n<meta property=\"article:modified_time\" content=\"2025-11-21T15:14:42+00:00\" \/>\n<meta name=\"twitter:card\" content=\"summary_large_image\" \/>\n<meta name=\"twitter:label1\" content=\"Ansl. lesetid\" \/>\n\t<meta name=\"twitter:data1\" content=\"4 minutter\" \/>\n<script type=\"application\/ld+json\" class=\"yoast-schema-graph\">{\"@context\":\"https:\\\/\\\/schema.org\",\"@graph\":[{\"@type\":\"WebPage\",\"@id\":\"https:\\\/\\\/wool-bed.com\\\/nb\\\/hvem-er-vi\\\/\",\"url\":\"https:\\\/\\\/wool-bed.com\\\/nb\\\/hvem-er-vi\\\/\",\"name\":\"Hvem er vi? | WoolBed | SPESIALISTER I ULL, EKSPERTER P\u00c5 DIN S\u00d8VN\",\"isPartOf\":{\"@id\":\"https:\\\/\\\/wool-bed.com\\\/nb\\\/#website\"},\"datePublished\":\"2025-10-21T12:08:08+00:00\",\"dateModified\":\"2025-11-21T15:14:42+00:00\",\"description\":\"Tack vare det fantastiska klimatet p\u00e5 v\u00e5ra destinationer har vi slutit avtal med researrang\u00f6rer och utflyktsbyr\u00e5er f\u00f6r att kunna erbjuda\",\"breadcrumb\":{\"@id\":\"https:\\\/\\\/wool-bed.com\\\/nb\\\/hvem-er-vi\\\/#breadcrumb\"},\"inLanguage\":\"nb-NO\",\"potentialAction\":[{\"@type\":\"ReadAction\",\"target\":[\"https:\\\/\\\/wool-bed.com\\\/nb\\\/hvem-er-vi\\\/\"]}]},{\"@type\":\"BreadcrumbList\",\"@id\":\"https:\\\/\\\/wool-bed.com\\\/nb\\\/hvem-er-vi\\\/#breadcrumb\",\"itemListElement\":[{\"@type\":\"ListItem\",\"position\":1,\"name\":\"Home\",\"item\":\"https:\\\/\\\/wool-bed.com\\\/nb\\\/\"},{\"@type\":\"ListItem\",\"position\":2,\"name\":\"Hvem er vi?\"}]},{\"@type\":\"WebSite\",\"@id\":\"https:\\\/\\\/wool-bed.com\\\/nb\\\/#website\",\"url\":\"https:\\\/\\\/wool-bed.com\\\/nb\\\/\",\"name\":\"WoolBed | SPESIALISTER I ULL, EKSPERTER P\u00c5 DIN S\u00d8VN\",\"description\":\"In Woolbed we labour for your rest. Visit our online shop and discover our memory foam mattresses and Merino and Cashmere wool products with Woolmark quality guarantee.\",\"potentialAction\":[{\"@type\":\"SearchAction\",\"target\":{\"@type\":\"EntryPoint\",\"urlTemplate\":\"https:\\\/\\\/wool-bed.com\\\/nb\\\/?s={search_term_string}\"},\"query-input\":{\"@type\":\"PropertyValueSpecification\",\"valueRequired\":true,\"valueName\":\"search_term_string\"}}],\"inLanguage\":\"nb-NO\"}]}<\/script>\n<!-- \/ Yoast SEO plugin. -->","yoast_head_json":{"title":"Hvem er vi? | WoolBed | SPESIALISTER I ULL, EKSPERTER P\u00c5 DIN S\u00d8VN","description":"Tack vare det fantastiska klimatet p\u00e5 v\u00e5ra destinationer har vi slutit avtal med researrang\u00f6rer och utflyktsbyr\u00e5er f\u00f6r att kunna erbjuda","robots":{"index":"index","follow":"follow","max-snippet":"max-snippet:-1","max-image-preview":"max-image-preview:large","max-video-preview":"max-video-preview:-1"},"canonical":"https:\/\/wool-bed.com\/nb\/hvem-er-vi\/","og_locale":"nb_NO","og_type":"article","og_title":"Hvem er vi? | WoolBed | SPESIALISTER I ULL, EKSPERTER P\u00c5 DIN S\u00d8VN","og_description":"Tack vare det fantastiska klimatet p\u00e5 v\u00e5ra destinationer har vi slutit avtal med researrang\u00f6rer och utflyktsbyr\u00e5er f\u00f6r att kunna erbjuda","og_url":"https:\/\/wool-bed.com\/nb\/hvem-er-vi\/","og_site_name":"WoolBed | SPESIALISTER I ULL, EKSPERTER P\u00c5 DIN S\u00d8VN","article_publisher":"https:\/\/www.facebook.com\/WoolBed\/","article_modified_time":"2025-11-21T15:14:42+00:00","twitter_card":"summary_large_image","twitter_misc":{"Ansl. lesetid":"4 minutter"},"schema":{"@context":"https:\/\/schema.org","@graph":[{"@type":"WebPage","@id":"https:\/\/wool-bed.com\/nb\/hvem-er-vi\/","url":"https:\/\/wool-bed.com\/nb\/hvem-er-vi\/","name":"Hvem er vi? | WoolBed | SPESIALISTER I ULL, EKSPERTER P\u00c5 DIN S\u00d8VN","isPartOf":{"@id":"https:\/\/wool-bed.com\/nb\/#website"},"datePublished":"2025-10-21T12:08:08+00:00","dateModified":"2025-11-21T15:14:42+00:00","description":"Tack vare det fantastiska klimatet p\u00e5 v\u00e5ra destinationer har vi slutit avtal med researrang\u00f6rer och utflyktsbyr\u00e5er f\u00f6r att kunna erbjuda","breadcrumb":{"@id":"https:\/\/wool-bed.com\/nb\/hvem-er-vi\/#breadcrumb"},"inLanguage":"nb-NO","potentialAction":[{"@type":"ReadAction","target":["https:\/\/wool-bed.com\/nb\/hvem-er-vi\/"]}]},{"@type":"BreadcrumbList","@id":"https:\/\/wool-bed.com\/nb\/hvem-er-vi\/#breadcrumb","itemListElement":[{"@type":"ListItem","position":1,"name":"Home","item":"https:\/\/wool-bed.com\/nb\/"},{"@type":"ListItem","position":2,"name":"Hvem er vi?"}]},{"@type":"WebSite","@id":"https:\/\/wool-bed.com\/nb\/#website","url":"https:\/\/wool-bed.com\/nb\/","name":"WoolBed | SPESIALISTER I ULL, EKSPERTER P\u00c5 DIN S\u00d8VN","description":"In Woolbed we labour for your rest. Visit our online shop and discover our memory foam mattresses and Merino and Cashmere wool products with Woolmark quality guarantee.","potentialAction":[{"@type":"SearchAction","target":{"@type":"EntryPoint","urlTemplate":"https:\/\/wool-bed.com\/nb\/?s={search_term_string}"},"query-input":{"@type":"PropertyValueSpecification","valueRequired":true,"valueName":"search_term_string"}}],"inLanguage":"nb-NO"}]}},"_links":{"self":[{"href":"https:\/\/wool-bed.com\/nb\/wp-json\/wp\/v2\/pages\/11241","targetHints":{"allow":["GET"]}}],"collection":[{"href":"https:\/\/wool-bed.com\/nb\/wp-json\/wp\/v2\/pages"}],"about":[{"href":"https:\/\/wool-bed.com\/nb\/wp-json\/wp\/v2\/types\/page"}],"author":[{"embeddable":true,"href":"https:\/\/wool-bed.com\/nb\/wp-json\/wp\/v2\/users\/1"}],"replies":[{"embeddable":true,"href":"https:\/\/wool-bed.com\/nb\/wp-json\/wp\/v2\/comments?post=11241"}],"version-history":[{"count":5,"href":"https:\/\/wool-bed.com\/nb\/wp-json\/wp\/v2\/pages\/11241\/revisions"}],"predecessor-version":[{"id":11260,"href":"https:\/\/wool-bed.com\/nb\/wp-json\/wp\/v2\/pages\/11241\/revisions\/11260"}],"wp:attachment":[{"href":"https:\/\/wool-bed.com\/nb\/wp-json\/wp\/v2\/media?parent=11241"}],"curies":[{"name":"wp","href":"https:\/\/api.w.org\/{rel}","templated":true}]}}