{"id":985,"date":"2016-10-12T15:18:09","date_gmt":"2015-08-06T14:03:43","guid":{"rendered":"http:\/\/wool-bed.com\/?post_type=product&#038;p=985"},"modified":"2020-03-06T16:11:32","modified_gmt":"2020-03-06T16:11:32","slug":"selanlammitin-villainen-alaselkavyo","status":"publish","type":"product","link":"https:\/\/wool-bed.com\/fi\/shop\/lisatarvikkeet\/selanlammitin-villainen-alaselkavyo\/","title":{"rendered":"NJUR-B\u00c4LTE"},"content":{"rendered":"","protected":false},"excerpt":{"rendered":"<p>Jos k\u00e4rsit kivuista ristisel\u00e4ss\u00e4 tai lantiossa, sel\u00e4nl\u00e4mmitin on juuri sinulle tarkoitettu. Se pit\u00e4\u00e4 ruumiin l\u00e4mp\u00f6tilan tasaisena ja lihakset pehmein\u00e4. Se on puhdasta merinovillaa ja koon voi s\u00e4\u00e4t\u00e4\u00e4 sopivaksi joustavilla lenkeill\u00e4 jotka pit\u00e4v\u00e4t sen paikoillaan.<\/p>\n","protected":false},"featured_media":8116,"comment_status":"closed","ping_status":"closed","template":"","meta":[],"product_brand":[],"product_cat":[350],"product_tag":[],"class_list":{"0":"post-985","1":"product","2":"type-product","3":"status-publish","4":"has-post-thumbnail","6":"product_cat-lisatarvikkeet","8":"first","9":"instock","10":"shipping-taxable","11":"purchasable","12":"product-type-simple"},"bundle_layout":"","bundled_by":["6935","7009"],"bundled_items":[],"yoast_head":"<!-- This site is optimized with the Yoast SEO plugin v27.5 - https:\/\/yoast.com\/product\/yoast-seo-wordpress\/ -->\n<title>SEL\u00c4NL\u00c4MMITIN | WoolBed | ERIKOISTUNEITA VILLAAN, UNIEKSPERTTISI<\/title>\n<meta name=\"robots\" content=\"index, follow, max-snippet:-1, max-image-preview:large, max-video-preview:-1\" \/>\n<link rel=\"canonical\" href=\"https:\/\/wool-bed.com\/fi\/shop\/lisatarvikkeet\/selanlammitin-villainen-alaselkavyo\/\" \/>\n<meta property=\"og:locale\" content=\"fi_FI\" \/>\n<meta property=\"og:type\" content=\"article\" \/>\n<meta property=\"og:title\" content=\"SEL\u00c4NL\u00c4MMITIN | WoolBed | ERIKOISTUNEITA VILLAAN, UNIEKSPERTTISI\" \/>\n<meta property=\"og:description\" content=\"Jos k\u00e4rsit kivuista ristisel\u00e4ss\u00e4 tai lantiossa, sel\u00e4nl\u00e4mmitin on juuri sinulle tarkoitettu. Se pit\u00e4\u00e4 ruumiin l\u00e4mp\u00f6tilan tasaisena ja lihakset pehmein\u00e4. Se on puhdasta merinovillaa ja koon voi s\u00e4\u00e4t\u00e4\u00e4 sopivaksi joustavilla lenkeill\u00e4 jotka pit\u00e4v\u00e4t sen paikoillaan.\" \/>\n<meta property=\"og:url\" content=\"https:\/\/wool-bed.com\/fi\/shop\/lisatarvikkeet\/selanlammitin-villainen-alaselkavyo\/\" \/>\n<meta property=\"og:site_name\" content=\"WoolBed | SPECIALISTS IN WOOL, EXPERTS IN YOUR SLEEP\" \/>\n<meta property=\"article:publisher\" content=\"https:\/\/www.facebook.com\/WoolBed\/\" \/>\n<meta property=\"article:modified_time\" content=\"2020-03-06T16:11:32+00:00\" \/>\n<meta property=\"og:image\" content=\"https:\/\/wool-bed.com\/wp-content\/uploads\/njur-balte-woolbed-collection-2019.jpg\" \/>\n\t<meta property=\"og:image:width\" content=\"800\" \/>\n\t<meta property=\"og:image:height\" content=\"800\" \/>\n\t<meta property=\"og:image:type\" content=\"image\/jpeg\" \/>\n<meta name=\"twitter:card\" content=\"summary_large_image\" \/>\n<script type=\"application\/ld+json\" class=\"yoast-schema-graph\">{\"@context\":\"https:\\\/\\\/schema.org\",\"@graph\":[{\"@type\":\"WebPage\",\"@id\":\"https:\\\/\\\/wool-bed.com\\\/fi\\\/shop\\\/lisatarvikkeet\\\/selanlammitin-villainen-alaselkavyo\\\/\",\"url\":\"https:\\\/\\\/wool-bed.com\\\/fi\\\/shop\\\/lisatarvikkeet\\\/selanlammitin-villainen-alaselkavyo\\\/\",\"name\":\"SEL\u00c4NL\u00c4MMITIN | WoolBed | ERIKOISTUNEITA VILLAAN, UNIEKSPERTTISI\",\"isPartOf\":{\"@id\":\"https:\\\/\\\/wool-bed.com\\\/fi\\\/#website\"},\"primaryImageOfPage\":{\"@id\":\"https:\\\/\\\/wool-bed.com\\\/fi\\\/shop\\\/lisatarvikkeet\\\/selanlammitin-villainen-alaselkavyo\\\/#primaryimage\"},\"image\":{\"@id\":\"https:\\\/\\\/wool-bed.com\\\/fi\\\/shop\\\/lisatarvikkeet\\\/selanlammitin-villainen-alaselkavyo\\\/#primaryimage\"},\"thumbnailUrl\":\"https:\\\/\\\/wool-bed.com\\\/wp-content\\\/uploads\\\/njur-balte-woolbed-collection-2019.jpg\",\"datePublished\":\"2015-08-06T14:03:43+00:00\",\"dateModified\":\"2020-03-06T16:11:32+00:00\",\"breadcrumb\":{\"@id\":\"https:\\\/\\\/wool-bed.com\\\/fi\\\/shop\\\/lisatarvikkeet\\\/selanlammitin-villainen-alaselkavyo\\\/#breadcrumb\"},\"inLanguage\":\"fi\",\"potentialAction\":[{\"@type\":\"ReadAction\",\"target\":[\"https:\\\/\\\/wool-bed.com\\\/fi\\\/shop\\\/lisatarvikkeet\\\/selanlammitin-villainen-alaselkavyo\\\/\"]}]},{\"@type\":\"ImageObject\",\"inLanguage\":\"fi\",\"@id\":\"https:\\\/\\\/wool-bed.com\\\/fi\\\/shop\\\/lisatarvikkeet\\\/selanlammitin-villainen-alaselkavyo\\\/#primaryimage\",\"url\":\"https:\\\/\\\/wool-bed.com\\\/wp-content\\\/uploads\\\/njur-balte-woolbed-collection-2019.jpg\",\"contentUrl\":\"https:\\\/\\\/wool-bed.com\\\/wp-content\\\/uploads\\\/njur-balte-woolbed-collection-2019.jpg\",\"width\":800,\"height\":800,\"caption\":\"njur-balte-woolbed-collection-2019\"},{\"@type\":\"BreadcrumbList\",\"@id\":\"https:\\\/\\\/wool-bed.com\\\/fi\\\/shop\\\/lisatarvikkeet\\\/selanlammitin-villainen-alaselkavyo\\\/#breadcrumb\",\"itemListElement\":[{\"@type\":\"ListItem\",\"position\":1,\"name\":\"Home\",\"item\":\"https:\\\/\\\/wool-bed.com\\\/fi\\\/\"},{\"@type\":\"ListItem\",\"position\":2,\"name\":\"Tuotteet\",\"item\":\"https:\\\/\\\/wool-bed.com\\\/fi\\\/shop\\\/\"},{\"@type\":\"ListItem\",\"position\":3,\"name\":\"NJUR-B\u00c4LTE\"}]},{\"@type\":\"WebSite\",\"@id\":\"https:\\\/\\\/wool-bed.com\\\/fi\\\/#website\",\"url\":\"https:\\\/\\\/wool-bed.com\\\/fi\\\/\",\"name\":\"WoolBed | SPECIALISTS IN WOOL, EXPERTS IN YOUR SLEEP\",\"description\":\"In Woolbed we labour for your rest. Visit our online shop and discover our memory foam mattresses and Merino and Cashmere wool products with Woolmark quality guarantee.\",\"potentialAction\":[{\"@type\":\"SearchAction\",\"target\":{\"@type\":\"EntryPoint\",\"urlTemplate\":\"https:\\\/\\\/wool-bed.com\\\/fi\\\/?s={search_term_string}\"},\"query-input\":{\"@type\":\"PropertyValueSpecification\",\"valueRequired\":true,\"valueName\":\"search_term_string\"}}],\"inLanguage\":\"fi\"}]}<\/script>\n<!-- \/ Yoast SEO plugin. -->","yoast_head_json":{"title":"SEL\u00c4NL\u00c4MMITIN | WoolBed | ERIKOISTUNEITA VILLAAN, UNIEKSPERTTISI","robots":{"index":"index","follow":"follow","max-snippet":"max-snippet:-1","max-image-preview":"max-image-preview:large","max-video-preview":"max-video-preview:-1"},"canonical":"https:\/\/wool-bed.com\/fi\/shop\/lisatarvikkeet\/selanlammitin-villainen-alaselkavyo\/","og_locale":"fi_FI","og_type":"article","og_title":"SEL\u00c4NL\u00c4MMITIN | WoolBed | ERIKOISTUNEITA VILLAAN, UNIEKSPERTTISI","og_description":"Jos k\u00e4rsit kivuista ristisel\u00e4ss\u00e4 tai lantiossa, sel\u00e4nl\u00e4mmitin on juuri sinulle tarkoitettu. Se pit\u00e4\u00e4 ruumiin l\u00e4mp\u00f6tilan tasaisena ja lihakset pehmein\u00e4. Se on puhdasta merinovillaa ja koon voi s\u00e4\u00e4t\u00e4\u00e4 sopivaksi joustavilla lenkeill\u00e4 jotka pit\u00e4v\u00e4t sen paikoillaan.","og_url":"https:\/\/wool-bed.com\/fi\/shop\/lisatarvikkeet\/selanlammitin-villainen-alaselkavyo\/","og_site_name":"WoolBed | SPECIALISTS IN WOOL, EXPERTS IN YOUR SLEEP","article_publisher":"https:\/\/www.facebook.com\/WoolBed\/","article_modified_time":"2020-03-06T16:11:32+00:00","og_image":[{"width":800,"height":800,"url":"https:\/\/wool-bed.com\/wp-content\/uploads\/njur-balte-woolbed-collection-2019.jpg","type":"image\/jpeg"}],"twitter_card":"summary_large_image","schema":{"@context":"https:\/\/schema.org","@graph":[{"@type":"WebPage","@id":"https:\/\/wool-bed.com\/fi\/shop\/lisatarvikkeet\/selanlammitin-villainen-alaselkavyo\/","url":"https:\/\/wool-bed.com\/fi\/shop\/lisatarvikkeet\/selanlammitin-villainen-alaselkavyo\/","name":"SEL\u00c4NL\u00c4MMITIN | WoolBed | ERIKOISTUNEITA VILLAAN, UNIEKSPERTTISI","isPartOf":{"@id":"https:\/\/wool-bed.com\/fi\/#website"},"primaryImageOfPage":{"@id":"https:\/\/wool-bed.com\/fi\/shop\/lisatarvikkeet\/selanlammitin-villainen-alaselkavyo\/#primaryimage"},"image":{"@id":"https:\/\/wool-bed.com\/fi\/shop\/lisatarvikkeet\/selanlammitin-villainen-alaselkavyo\/#primaryimage"},"thumbnailUrl":"https:\/\/wool-bed.com\/wp-content\/uploads\/njur-balte-woolbed-collection-2019.jpg","datePublished":"2015-08-06T14:03:43+00:00","dateModified":"2020-03-06T16:11:32+00:00","breadcrumb":{"@id":"https:\/\/wool-bed.com\/fi\/shop\/lisatarvikkeet\/selanlammitin-villainen-alaselkavyo\/#breadcrumb"},"inLanguage":"fi","potentialAction":[{"@type":"ReadAction","target":["https:\/\/wool-bed.com\/fi\/shop\/lisatarvikkeet\/selanlammitin-villainen-alaselkavyo\/"]}]},{"@type":"ImageObject","inLanguage":"fi","@id":"https:\/\/wool-bed.com\/fi\/shop\/lisatarvikkeet\/selanlammitin-villainen-alaselkavyo\/#primaryimage","url":"https:\/\/wool-bed.com\/wp-content\/uploads\/njur-balte-woolbed-collection-2019.jpg","contentUrl":"https:\/\/wool-bed.com\/wp-content\/uploads\/njur-balte-woolbed-collection-2019.jpg","width":800,"height":800,"caption":"njur-balte-woolbed-collection-2019"},{"@type":"BreadcrumbList","@id":"https:\/\/wool-bed.com\/fi\/shop\/lisatarvikkeet\/selanlammitin-villainen-alaselkavyo\/#breadcrumb","itemListElement":[{"@type":"ListItem","position":1,"name":"Home","item":"https:\/\/wool-bed.com\/fi\/"},{"@type":"ListItem","position":2,"name":"Tuotteet","item":"https:\/\/wool-bed.com\/fi\/shop\/"},{"@type":"ListItem","position":3,"name":"NJUR-B\u00c4LTE"}]},{"@type":"WebSite","@id":"https:\/\/wool-bed.com\/fi\/#website","url":"https:\/\/wool-bed.com\/fi\/","name":"WoolBed | SPECIALISTS IN WOOL, EXPERTS IN YOUR SLEEP","description":"In Woolbed we labour for your rest. Visit our online shop and discover our memory foam mattresses and Merino and Cashmere wool products with Woolmark quality guarantee.","potentialAction":[{"@type":"SearchAction","target":{"@type":"EntryPoint","urlTemplate":"https:\/\/wool-bed.com\/fi\/?s={search_term_string}"},"query-input":{"@type":"PropertyValueSpecification","valueRequired":true,"valueName":"search_term_string"}}],"inLanguage":"fi"}]}},"_links":{"self":[{"href":"https:\/\/wool-bed.com\/fi\/wp-json\/wp\/v2\/product\/985","targetHints":{"allow":["GET"]}}],"collection":[{"href":"https:\/\/wool-bed.com\/fi\/wp-json\/wp\/v2\/product"}],"about":[{"href":"https:\/\/wool-bed.com\/fi\/wp-json\/wp\/v2\/types\/product"}],"replies":[{"embeddable":true,"href":"https:\/\/wool-bed.com\/fi\/wp-json\/wp\/v2\/comments?post=985"}],"wp:featuredmedia":[{"embeddable":true,"href":"https:\/\/wool-bed.com\/fi\/wp-json\/wp\/v2\/media\/8116"}],"wp:attachment":[{"href":"https:\/\/wool-bed.com\/fi\/wp-json\/wp\/v2\/media?parent=985"}],"wp:term":[{"taxonomy":"product_brand","embeddable":true,"href":"https:\/\/wool-bed.com\/fi\/wp-json\/wp\/v2\/product_brand?post=985"},{"taxonomy":"product_cat","embeddable":true,"href":"https:\/\/wool-bed.com\/fi\/wp-json\/wp\/v2\/product_cat?post=985"},{"taxonomy":"product_tag","embeddable":true,"href":"https:\/\/wool-bed.com\/fi\/wp-json\/wp\/v2\/product_tag?post=985"}],"curies":[{"name":"wp","href":"https:\/\/api.w.org\/{rel}","templated":true}]}}