{"id":8765,"date":"2019-10-24T10:53:32","date_gmt":"2019-10-24T09:53:32","guid":{"rendered":"https:\/\/wool-bed.com\/shop\/Ei-luokiteltu\/cherry-seed-bag\/"},"modified":"2020-04-17T16:19:57","modified_gmt":"2020-04-17T15:19:57","slug":"kirsikka-laukku","status":"publish","type":"product","link":"https:\/\/wool-bed.com\/fi\/shop\/lisatarvikkeet\/kirsikka-laukku\/","title":{"rendered":"K\u00f6rsb\u00e4rsp\u00e5se"},"content":{"rendered":"","protected":false},"excerpt":{"rendered":"<p>Woolbedilla on kunnia esitell\u00e4 uutuutemme, kirsikkakivipussi. Olemme yhdist\u00e4neet kirsikankiven ja villan uskomattomat ominaisuudet luodaksemme t\u00e4m\u00e4n mahtavan tuotteen. Voit k\u00e4ytt\u00e4\u00e4 sit\u00e4 kylm\u00e4n\u00e4 tai kuumana tarpeen mukaan.<\/p>\n<p>&nbsp;<\/p>\n<p>[vc_row][vc_column][vc_row_inner][vc_column_inner width=&#8221;1\/2&#8243;][vc_column_text]<\/p>\n<h4>KUUMANA<\/h4>\n<ul>\n<li>Niveltulehdus<\/li>\n<li>Kuukautiskipu<\/li>\n<li>Reuma<\/li>\n<li>Kouristukset<\/li>\n<\/ul>\n<p>[\/vc_column_text][\/vc_column_inner][vc_column_inner width=&#8221;1\/2&#8243;][vc_column_text]<\/p>\n<h4>KYLM\u00c4N\u00c4<\/h4>\n<ul>\n<li>Nyrj\u00e4hdykset<\/li>\n<li>Turvotukset<\/li>\n<li>Kuume<\/li>\n<li>P\u00e4\u00e4ns\u00e4rky<\/li>\n<li>V\u00e4syneet jalat<\/li>\n<\/ul>\n<p>[\/vc_column_text][\/vc_column_inner][\/vc_row_inner]<\/p>\n<p>&nbsp;<\/p>\n<p>[qodef_tabs style=\"horizontal_tab\" title_layout=\"without_icon\"][qodef_tab icon_pack=\"font_awesome\" fa_icon=\"\" title=\"K\u00e4ytt\u00f6 l\u00e4mp\u00f6\u00e4 tarvittaessa\"][vc_column_text]L\u00e4mmit\u00e4 pussi ILMAN villaa mikroaaltouunissa n. 1:30 sek. On suositeltavaa l\u00e4mmitt\u00e4\u00e4 se yhdess\u00e4 vesilasillisen kanssa, jotta v\u00e4ltet\u00e4\u00e4n kivien kuivuminen. Toimenpide voidaan toistaa enint\u00e4\u00e4n kolme kertaa. Kun pussi on l\u00e4mmin, laita se villasuojuksen sis\u00e4\u00e4n. Villa pit\u00e4\u00e4 l\u00e4mp\u00f6\u00e4 kauemmin, se v\u00e4ltt\u00e4\u00e4 suoraa kosketusta ihon kanssa, se tuntuu pehme\u00e4mm\u00e4lt\u00e4 ja mukavammalta iholla ja auttaa aktivoimaan verenkiertoa ihmeellisten ominaisuuksiensa vuoksi.[\/vc_column_text][\/qodef_tab][qodef_tab icon_pack=\"font_awesome\" fa_icon=\"\" title=\"K\u00e4ytt\u00f6 kylm\u00e4n\u00e4\"][vc_column_text]Aseta kirsikkakivipussi ILMAN villaa muovipussiin kosteuden v\u00e4ltt\u00e4miseksi, ja laita se pakastimeen useaksi tunniksi. Kun se on j\u00e4\u00e4tynyt, ota se muovipussista ja laita pussi villasuojuksen sis\u00e4\u00e4n. Villa auttaa v\u00e4ltt\u00e4m\u00e4\u00e4n kylm\u00e4n suoran kosketuksen, se on pehme\u00e4mp\u00e4\u00e4 ja mukavampaa iholla ja auttaa aktivoimaan verenkiertoa ihmeellisten ominaisuuksiensa ansiosta. [\/vc_column_text][\/qodef_tab][\/qodef_tabs][\/vc_column][\/vc_row]<\/p>\n<p>Mitat: 45cm x 15cm<\/p>\n","protected":false},"featured_media":8780,"comment_status":"closed","ping_status":"closed","template":"","meta":[],"product_brand":[],"product_cat":[350],"product_tag":[],"class_list":{"0":"post-8765","1":"product","2":"type-product","3":"status-publish","4":"has-post-thumbnail","6":"product_cat-lisatarvikkeet","8":"first","9":"instock","10":"shipping-taxable","11":"purchasable","12":"product-type-simple"},"bundle_layout":"","bundled_by":[],"bundled_items":[],"yoast_head":"<!-- This site is optimized with the Yoast SEO plugin v27.4 - https:\/\/yoast.com\/product\/yoast-seo-wordpress\/ -->\n<title>K\u00f6rsb\u00e4rsp\u00e5se | WoolBed | SPECIALISTS IN WOOL, EXPERTS IN YOUR SLEEP<\/title>\n<meta name=\"robots\" content=\"index, follow, max-snippet:-1, max-image-preview:large, max-video-preview:-1\" \/>\n<link rel=\"canonical\" href=\"https:\/\/wool-bed.com\/fi\/shop\/lisatarvikkeet\/kirsikka-laukku\/\" \/>\n<meta property=\"og:locale\" content=\"fi_FI\" \/>\n<meta property=\"og:type\" content=\"article\" \/>\n<meta property=\"og:title\" content=\"K\u00f6rsb\u00e4rsp\u00e5se | WoolBed | SPECIALISTS IN WOOL, EXPERTS IN YOUR SLEEP\" \/>\n<meta property=\"og:description\" content=\"Woolbedilla on kunnia esitell\u00e4 uutuutemme, kirsikkakivipussi. Olemme yhdist\u00e4neet kirsikankiven ja villan uskomattomat ominaisuudet luodaksemme t\u00e4m\u00e4n mahtavan tuotteen. Voit k\u00e4ytt\u00e4\u00e4 sit\u00e4 kylm\u00e4n\u00e4 tai kuumana tarpeen mukaan.  &nbsp;  [vc_row][vc_column][vc_row_inner][vc_column_inner width=&quot;1\/2&quot;][vc_column_text] KUUMANA   Niveltulehdus  Kuukautiskipu  Reuma  Kouristukset  [\/vc_column_text][\/vc_column_inner][vc_column_inner width=&quot;1\/2&quot;][vc_column_text] KYLM\u00c4N\u00c4   Nyrj\u00e4hdykset  Turvotukset  Kuume  P\u00e4\u00e4ns\u00e4rky  V\u00e4syneet jalat  [\/vc_column_text][\/vc_column_inner][\/vc_row_inner]  &nbsp;  [\/vc_column][\/vc_row]  Mitat: 45cm x 15cm\" \/>\n<meta property=\"og:url\" content=\"https:\/\/wool-bed.com\/fi\/shop\/lisatarvikkeet\/kirsikka-laukku\/\" \/>\n<meta property=\"og:site_name\" content=\"WoolBed | SPECIALISTS IN WOOL, EXPERTS IN YOUR SLEEP\" \/>\n<meta property=\"article:publisher\" content=\"https:\/\/www.facebook.com\/WoolBed\/\" \/>\n<meta property=\"article:modified_time\" content=\"2020-04-17T15:19:57+00:00\" \/>\n<meta property=\"og:image\" content=\"https:\/\/wool-bed.com\/wp-content\/uploads\/K\u00f6rsb\u00e4rsp\u00e5se-woolbed-collection-detail.jpg\" \/>\n\t<meta property=\"og:image:width\" content=\"800\" \/>\n\t<meta property=\"og:image:height\" content=\"800\" \/>\n\t<meta property=\"og:image:type\" content=\"image\/jpeg\" \/>\n<meta name=\"twitter:card\" content=\"summary_large_image\" \/>\n<script type=\"application\/ld+json\" class=\"yoast-schema-graph\">{\"@context\":\"https:\\\/\\\/schema.org\",\"@graph\":[{\"@type\":\"WebPage\",\"@id\":\"https:\\\/\\\/wool-bed.com\\\/fi\\\/shop\\\/lisatarvikkeet\\\/kirsikka-laukku\\\/\",\"url\":\"https:\\\/\\\/wool-bed.com\\\/fi\\\/shop\\\/lisatarvikkeet\\\/kirsikka-laukku\\\/\",\"name\":\"K\u00f6rsb\u00e4rsp\u00e5se | WoolBed | SPECIALISTS IN WOOL, EXPERTS IN YOUR SLEEP\",\"isPartOf\":{\"@id\":\"https:\\\/\\\/wool-bed.com\\\/fi\\\/#website\"},\"primaryImageOfPage\":{\"@id\":\"https:\\\/\\\/wool-bed.com\\\/fi\\\/shop\\\/lisatarvikkeet\\\/kirsikka-laukku\\\/#primaryimage\"},\"image\":{\"@id\":\"https:\\\/\\\/wool-bed.com\\\/fi\\\/shop\\\/lisatarvikkeet\\\/kirsikka-laukku\\\/#primaryimage\"},\"thumbnailUrl\":\"https:\\\/\\\/wool-bed.com\\\/wp-content\\\/uploads\\\/K\u00f6rsb\u00e4rsp\u00e5se-woolbed-collection-detail.jpg\",\"datePublished\":\"2019-10-24T09:53:32+00:00\",\"dateModified\":\"2020-04-17T15:19:57+00:00\",\"breadcrumb\":{\"@id\":\"https:\\\/\\\/wool-bed.com\\\/fi\\\/shop\\\/lisatarvikkeet\\\/kirsikka-laukku\\\/#breadcrumb\"},\"inLanguage\":\"fi\",\"potentialAction\":[{\"@type\":\"ReadAction\",\"target\":[\"https:\\\/\\\/wool-bed.com\\\/fi\\\/shop\\\/lisatarvikkeet\\\/kirsikka-laukku\\\/\"]}]},{\"@type\":\"ImageObject\",\"inLanguage\":\"fi\",\"@id\":\"https:\\\/\\\/wool-bed.com\\\/fi\\\/shop\\\/lisatarvikkeet\\\/kirsikka-laukku\\\/#primaryimage\",\"url\":\"https:\\\/\\\/wool-bed.com\\\/wp-content\\\/uploads\\\/K\u00f6rsb\u00e4rsp\u00e5se-woolbed-collection-detail.jpg\",\"contentUrl\":\"https:\\\/\\\/wool-bed.com\\\/wp-content\\\/uploads\\\/K\u00f6rsb\u00e4rsp\u00e5se-woolbed-collection-detail.jpg\",\"width\":800,\"height\":800},{\"@type\":\"BreadcrumbList\",\"@id\":\"https:\\\/\\\/wool-bed.com\\\/fi\\\/shop\\\/lisatarvikkeet\\\/kirsikka-laukku\\\/#breadcrumb\",\"itemListElement\":[{\"@type\":\"ListItem\",\"position\":1,\"name\":\"Home\",\"item\":\"https:\\\/\\\/wool-bed.com\\\/fi\\\/\"},{\"@type\":\"ListItem\",\"position\":2,\"name\":\"Tuotteet\",\"item\":\"https:\\\/\\\/wool-bed.com\\\/fi\\\/shop\\\/\"},{\"@type\":\"ListItem\",\"position\":3,\"name\":\"K\u00f6rsb\u00e4rsp\u00e5se\"}]},{\"@type\":\"WebSite\",\"@id\":\"https:\\\/\\\/wool-bed.com\\\/fi\\\/#website\",\"url\":\"https:\\\/\\\/wool-bed.com\\\/fi\\\/\",\"name\":\"WoolBed | SPECIALISTS IN WOOL, EXPERTS IN YOUR SLEEP\",\"description\":\"In Woolbed we labour for your rest. Visit our online shop and discover our memory foam mattresses and Merino and Cashmere wool products with Woolmark quality guarantee.\",\"potentialAction\":[{\"@type\":\"SearchAction\",\"target\":{\"@type\":\"EntryPoint\",\"urlTemplate\":\"https:\\\/\\\/wool-bed.com\\\/fi\\\/?s={search_term_string}\"},\"query-input\":{\"@type\":\"PropertyValueSpecification\",\"valueRequired\":true,\"valueName\":\"search_term_string\"}}],\"inLanguage\":\"fi\"}]}<\/script>\n<!-- \/ Yoast SEO plugin. -->","yoast_head_json":{"title":"K\u00f6rsb\u00e4rsp\u00e5se | WoolBed | SPECIALISTS IN WOOL, EXPERTS IN YOUR SLEEP","robots":{"index":"index","follow":"follow","max-snippet":"max-snippet:-1","max-image-preview":"max-image-preview:large","max-video-preview":"max-video-preview:-1"},"canonical":"https:\/\/wool-bed.com\/fi\/shop\/lisatarvikkeet\/kirsikka-laukku\/","og_locale":"fi_FI","og_type":"article","og_title":"K\u00f6rsb\u00e4rsp\u00e5se | WoolBed | SPECIALISTS IN WOOL, EXPERTS IN YOUR SLEEP","og_description":"Woolbedilla on kunnia esitell\u00e4 uutuutemme, kirsikkakivipussi. Olemme yhdist\u00e4neet kirsikankiven ja villan uskomattomat ominaisuudet luodaksemme t\u00e4m\u00e4n mahtavan tuotteen. Voit k\u00e4ytt\u00e4\u00e4 sit\u00e4 kylm\u00e4n\u00e4 tai kuumana tarpeen mukaan.  &nbsp;  [vc_row][vc_column][vc_row_inner][vc_column_inner width=\"1\/2\"][vc_column_text] KUUMANA   Niveltulehdus  Kuukautiskipu  Reuma  Kouristukset  [\/vc_column_text][\/vc_column_inner][vc_column_inner width=\"1\/2\"][vc_column_text] KYLM\u00c4N\u00c4   Nyrj\u00e4hdykset  Turvotukset  Kuume  P\u00e4\u00e4ns\u00e4rky  V\u00e4syneet jalat  [\/vc_column_text][\/vc_column_inner][\/vc_row_inner]  &nbsp;  [\/vc_column][\/vc_row]  Mitat: 45cm x 15cm","og_url":"https:\/\/wool-bed.com\/fi\/shop\/lisatarvikkeet\/kirsikka-laukku\/","og_site_name":"WoolBed | SPECIALISTS IN WOOL, EXPERTS IN YOUR SLEEP","article_publisher":"https:\/\/www.facebook.com\/WoolBed\/","article_modified_time":"2020-04-17T15:19:57+00:00","og_image":[{"width":800,"height":800,"url":"https:\/\/wool-bed.com\/wp-content\/uploads\/K\u00f6rsb\u00e4rsp\u00e5se-woolbed-collection-detail.jpg","type":"image\/jpeg"}],"twitter_card":"summary_large_image","schema":{"@context":"https:\/\/schema.org","@graph":[{"@type":"WebPage","@id":"https:\/\/wool-bed.com\/fi\/shop\/lisatarvikkeet\/kirsikka-laukku\/","url":"https:\/\/wool-bed.com\/fi\/shop\/lisatarvikkeet\/kirsikka-laukku\/","name":"K\u00f6rsb\u00e4rsp\u00e5se | WoolBed | SPECIALISTS IN WOOL, EXPERTS IN YOUR SLEEP","isPartOf":{"@id":"https:\/\/wool-bed.com\/fi\/#website"},"primaryImageOfPage":{"@id":"https:\/\/wool-bed.com\/fi\/shop\/lisatarvikkeet\/kirsikka-laukku\/#primaryimage"},"image":{"@id":"https:\/\/wool-bed.com\/fi\/shop\/lisatarvikkeet\/kirsikka-laukku\/#primaryimage"},"thumbnailUrl":"https:\/\/wool-bed.com\/wp-content\/uploads\/K\u00f6rsb\u00e4rsp\u00e5se-woolbed-collection-detail.jpg","datePublished":"2019-10-24T09:53:32+00:00","dateModified":"2020-04-17T15:19:57+00:00","breadcrumb":{"@id":"https:\/\/wool-bed.com\/fi\/shop\/lisatarvikkeet\/kirsikka-laukku\/#breadcrumb"},"inLanguage":"fi","potentialAction":[{"@type":"ReadAction","target":["https:\/\/wool-bed.com\/fi\/shop\/lisatarvikkeet\/kirsikka-laukku\/"]}]},{"@type":"ImageObject","inLanguage":"fi","@id":"https:\/\/wool-bed.com\/fi\/shop\/lisatarvikkeet\/kirsikka-laukku\/#primaryimage","url":"https:\/\/wool-bed.com\/wp-content\/uploads\/K\u00f6rsb\u00e4rsp\u00e5se-woolbed-collection-detail.jpg","contentUrl":"https:\/\/wool-bed.com\/wp-content\/uploads\/K\u00f6rsb\u00e4rsp\u00e5se-woolbed-collection-detail.jpg","width":800,"height":800},{"@type":"BreadcrumbList","@id":"https:\/\/wool-bed.com\/fi\/shop\/lisatarvikkeet\/kirsikka-laukku\/#breadcrumb","itemListElement":[{"@type":"ListItem","position":1,"name":"Home","item":"https:\/\/wool-bed.com\/fi\/"},{"@type":"ListItem","position":2,"name":"Tuotteet","item":"https:\/\/wool-bed.com\/fi\/shop\/"},{"@type":"ListItem","position":3,"name":"K\u00f6rsb\u00e4rsp\u00e5se"}]},{"@type":"WebSite","@id":"https:\/\/wool-bed.com\/fi\/#website","url":"https:\/\/wool-bed.com\/fi\/","name":"WoolBed | SPECIALISTS IN WOOL, EXPERTS IN YOUR SLEEP","description":"In Woolbed we labour for your rest. Visit our online shop and discover our memory foam mattresses and Merino and Cashmere wool products with Woolmark quality guarantee.","potentialAction":[{"@type":"SearchAction","target":{"@type":"EntryPoint","urlTemplate":"https:\/\/wool-bed.com\/fi\/?s={search_term_string}"},"query-input":{"@type":"PropertyValueSpecification","valueRequired":true,"valueName":"search_term_string"}}],"inLanguage":"fi"}]}},"_links":{"self":[{"href":"https:\/\/wool-bed.com\/fi\/wp-json\/wp\/v2\/product\/8765","targetHints":{"allow":["GET"]}}],"collection":[{"href":"https:\/\/wool-bed.com\/fi\/wp-json\/wp\/v2\/product"}],"about":[{"href":"https:\/\/wool-bed.com\/fi\/wp-json\/wp\/v2\/types\/product"}],"replies":[{"embeddable":true,"href":"https:\/\/wool-bed.com\/fi\/wp-json\/wp\/v2\/comments?post=8765"}],"wp:featuredmedia":[{"embeddable":true,"href":"https:\/\/wool-bed.com\/fi\/wp-json\/wp\/v2\/media\/8780"}],"wp:attachment":[{"href":"https:\/\/wool-bed.com\/fi\/wp-json\/wp\/v2\/media?parent=8765"}],"wp:term":[{"taxonomy":"product_brand","embeddable":true,"href":"https:\/\/wool-bed.com\/fi\/wp-json\/wp\/v2\/product_brand?post=8765"},{"taxonomy":"product_cat","embeddable":true,"href":"https:\/\/wool-bed.com\/fi\/wp-json\/wp\/v2\/product_cat?post=8765"},{"taxonomy":"product_tag","embeddable":true,"href":"https:\/\/wool-bed.com\/fi\/wp-json\/wp\/v2\/product_tag?post=8765"}],"curies":[{"name":"wp","href":"https:\/\/api.w.org\/{rel}","templated":true}]}}