{"id":7575,"date":"2019-03-13T15:13:32","date_gmt":"2019-03-13T15:13:32","guid":{"rendered":"https:\/\/wool-bed.com\/shop\/Ei-luokiteltu\/babytrip\/"},"modified":"2020-03-09T12:38:11","modified_gmt":"2020-03-09T12:38:11","slug":"babytrip","status":"publish","type":"product","link":"https:\/\/wool-bed.com\/fi\/shop\/babywool-fi\/babytrip\/","title":{"rendered":"Babytrip"},"content":{"rendered":"","protected":false},"excerpt":{"rendered":"<p>Kuinka usein matkustammekaan vauvojemme kanssa ja murehdimme, miten he nukkuvat m\u00e4\u00e4r\u00e4np\u00e4\u00e4ss\u00e4? Meid\u00e4n on matkustettava raskaiden matkas\u00e4nkyjen kanssa tai pyydett\u00e4v\u00e4 hotelleissa vauvans\u00e4nkyj\u00e4, joista emme tied\u00e4 miss\u00e4 kunnossa ne ovat. <\/p>\n<p>Olemme suunnitelleet matkapatjan ottaen huomioon jokaisen yksityiskohdan, niin ett\u00e4 vauva nukkuu aina kuin kotona. Se on 4 cm vaahtokumia ja p\u00e4\u00e4llimm\u00e4inen osa villaa. <\/p>\n<p>Siin\u00e4 on vetoketju, jonka avulla voit yhdist\u00e4\u00e4 peiton ja k\u00e4ytt\u00e4\u00e4 sit\u00e4 makuupussina. Sen voi k\u00e4\u00e4ri\u00e4 rullalle, jotta voit kuljettaa sen mukavasti matkalaukussa.<\/p>\n<p>Irrotettava ja pest\u00e4v\u00e4 30\u00b0C:ssa<br \/>\nPaino: 1300 g.<br \/>\nMitat: 50 x 100 cm.<\/p>\n","protected":false},"featured_media":7673,"comment_status":"closed","ping_status":"closed","template":"","meta":[],"product_brand":[],"product_cat":[332],"product_tag":[],"class_list":{"0":"post-7575","1":"product","2":"type-product","3":"status-publish","4":"has-post-thumbnail","6":"product_cat-babywool-fi","8":"first","9":"instock","10":"shipping-taxable","11":"purchasable","12":"product-type-simple"},"bundle_layout":"","bundled_by":[],"bundled_items":[],"yoast_head":"<!-- This site is optimized with the Yoast SEO plugin v27.3 - https:\/\/yoast.com\/product\/yoast-seo-wordpress\/ -->\n<title>Babytrip | WoolBed | SPECIALISTS IN WOOL, EXPERTS IN YOUR SLEEP<\/title>\n<meta name=\"robots\" content=\"index, follow, max-snippet:-1, max-image-preview:large, max-video-preview:-1\" \/>\n<link rel=\"canonical\" href=\"https:\/\/wool-bed.com\/fi\/shop\/babywool-fi\/babytrip\/\" \/>\n<meta property=\"og:locale\" content=\"fi_FI\" \/>\n<meta property=\"og:type\" content=\"article\" \/>\n<meta property=\"og:title\" content=\"Babytrip | WoolBed | SPECIALISTS IN WOOL, EXPERTS IN YOUR SLEEP\" \/>\n<meta property=\"og:description\" content=\"Kuinka usein matkustammekaan vauvojemme kanssa ja murehdimme, miten he nukkuvat m\u00e4\u00e4r\u00e4np\u00e4\u00e4ss\u00e4? Meid\u00e4n on matkustettava raskaiden matkas\u00e4nkyjen kanssa tai pyydett\u00e4v\u00e4 hotelleissa vauvans\u00e4nkyj\u00e4, joista emme tied\u00e4 miss\u00e4 kunnossa ne ovat.   Olemme suunnitelleet matkapatjan ottaen huomioon jokaisen yksityiskohdan, niin ett\u00e4 vauva nukkuu aina kuin kotona. Se on 4 cm vaahtokumia ja p\u00e4\u00e4llimm\u00e4inen osa villaa.   Siin\u00e4 on vetoketju, jonka avulla voit yhdist\u00e4\u00e4 peiton ja k\u00e4ytt\u00e4\u00e4 sit\u00e4 makuupussina. Sen voi k\u00e4\u00e4ri\u00e4 rullalle, jotta voit kuljettaa sen mukavasti matkalaukussa.  Irrotettava ja pest\u00e4v\u00e4 30\u00b0C:ssa Paino: 1300 g. Mitat: 50 x 100 cm.\" \/>\n<meta property=\"og:url\" content=\"https:\/\/wool-bed.com\/fi\/shop\/babywool-fi\/babytrip\/\" \/>\n<meta property=\"og:site_name\" content=\"WoolBed | SPECIALISTS IN WOOL, EXPERTS IN YOUR SLEEP\" \/>\n<meta property=\"article:publisher\" content=\"https:\/\/www.facebook.com\/WoolBed\/\" \/>\n<meta property=\"article:modified_time\" content=\"2020-03-09T12:38:11+00:00\" \/>\n<meta property=\"og:image\" content=\"https:\/\/wool-bed.com\/wp-content\/uploads\/detail_2_babytrip_babywool.jpg\" \/>\n\t<meta property=\"og:image:width\" content=\"800\" \/>\n\t<meta property=\"og:image:height\" content=\"800\" \/>\n\t<meta property=\"og:image:type\" content=\"image\/jpeg\" \/>\n<meta name=\"twitter:card\" content=\"summary_large_image\" \/>\n<script type=\"application\/ld+json\" class=\"yoast-schema-graph\">{\"@context\":\"https:\\\/\\\/schema.org\",\"@graph\":[{\"@type\":\"WebPage\",\"@id\":\"https:\\\/\\\/wool-bed.com\\\/fi\\\/shop\\\/babywool-fi\\\/babytrip\\\/\",\"url\":\"https:\\\/\\\/wool-bed.com\\\/fi\\\/shop\\\/babywool-fi\\\/babytrip\\\/\",\"name\":\"Babytrip | WoolBed | SPECIALISTS IN WOOL, EXPERTS IN YOUR SLEEP\",\"isPartOf\":{\"@id\":\"https:\\\/\\\/wool-bed.com\\\/fi\\\/#website\"},\"primaryImageOfPage\":{\"@id\":\"https:\\\/\\\/wool-bed.com\\\/fi\\\/shop\\\/babywool-fi\\\/babytrip\\\/#primaryimage\"},\"image\":{\"@id\":\"https:\\\/\\\/wool-bed.com\\\/fi\\\/shop\\\/babywool-fi\\\/babytrip\\\/#primaryimage\"},\"thumbnailUrl\":\"https:\\\/\\\/wool-bed.com\\\/wp-content\\\/uploads\\\/detail_2_babytrip_babywool.jpg\",\"datePublished\":\"2019-03-13T15:13:32+00:00\",\"dateModified\":\"2020-03-09T12:38:11+00:00\",\"breadcrumb\":{\"@id\":\"https:\\\/\\\/wool-bed.com\\\/fi\\\/shop\\\/babywool-fi\\\/babytrip\\\/#breadcrumb\"},\"inLanguage\":\"fi\",\"potentialAction\":[{\"@type\":\"ReadAction\",\"target\":[\"https:\\\/\\\/wool-bed.com\\\/fi\\\/shop\\\/babywool-fi\\\/babytrip\\\/\"]}]},{\"@type\":\"ImageObject\",\"inLanguage\":\"fi\",\"@id\":\"https:\\\/\\\/wool-bed.com\\\/fi\\\/shop\\\/babywool-fi\\\/babytrip\\\/#primaryimage\",\"url\":\"https:\\\/\\\/wool-bed.com\\\/wp-content\\\/uploads\\\/detail_2_babytrip_babywool.jpg\",\"contentUrl\":\"https:\\\/\\\/wool-bed.com\\\/wp-content\\\/uploads\\\/detail_2_babytrip_babywool.jpg\",\"width\":800,\"height\":800},{\"@type\":\"BreadcrumbList\",\"@id\":\"https:\\\/\\\/wool-bed.com\\\/fi\\\/shop\\\/babywool-fi\\\/babytrip\\\/#breadcrumb\",\"itemListElement\":[{\"@type\":\"ListItem\",\"position\":1,\"name\":\"Home\",\"item\":\"https:\\\/\\\/wool-bed.com\\\/fi\\\/\"},{\"@type\":\"ListItem\",\"position\":2,\"name\":\"Tuotteet\",\"item\":\"https:\\\/\\\/wool-bed.com\\\/fi\\\/shop\\\/\"},{\"@type\":\"ListItem\",\"position\":3,\"name\":\"Babytrip\"}]},{\"@type\":\"WebSite\",\"@id\":\"https:\\\/\\\/wool-bed.com\\\/fi\\\/#website\",\"url\":\"https:\\\/\\\/wool-bed.com\\\/fi\\\/\",\"name\":\"WoolBed | SPECIALISTS IN WOOL, EXPERTS IN YOUR SLEEP\",\"description\":\"In Woolbed we labour for your rest. Visit our online shop and discover our memory foam mattresses and Merino and Cashmere wool products with Woolmark quality guarantee.\",\"potentialAction\":[{\"@type\":\"SearchAction\",\"target\":{\"@type\":\"EntryPoint\",\"urlTemplate\":\"https:\\\/\\\/wool-bed.com\\\/fi\\\/?s={search_term_string}\"},\"query-input\":{\"@type\":\"PropertyValueSpecification\",\"valueRequired\":true,\"valueName\":\"search_term_string\"}}],\"inLanguage\":\"fi\"}]}<\/script>\n<!-- \/ Yoast SEO plugin. -->","yoast_head_json":{"title":"Babytrip | WoolBed | SPECIALISTS IN WOOL, EXPERTS IN YOUR SLEEP","robots":{"index":"index","follow":"follow","max-snippet":"max-snippet:-1","max-image-preview":"max-image-preview:large","max-video-preview":"max-video-preview:-1"},"canonical":"https:\/\/wool-bed.com\/fi\/shop\/babywool-fi\/babytrip\/","og_locale":"fi_FI","og_type":"article","og_title":"Babytrip | WoolBed | SPECIALISTS IN WOOL, EXPERTS IN YOUR SLEEP","og_description":"Kuinka usein matkustammekaan vauvojemme kanssa ja murehdimme, miten he nukkuvat m\u00e4\u00e4r\u00e4np\u00e4\u00e4ss\u00e4? Meid\u00e4n on matkustettava raskaiden matkas\u00e4nkyjen kanssa tai pyydett\u00e4v\u00e4 hotelleissa vauvans\u00e4nkyj\u00e4, joista emme tied\u00e4 miss\u00e4 kunnossa ne ovat.   Olemme suunnitelleet matkapatjan ottaen huomioon jokaisen yksityiskohdan, niin ett\u00e4 vauva nukkuu aina kuin kotona. Se on 4 cm vaahtokumia ja p\u00e4\u00e4llimm\u00e4inen osa villaa.   Siin\u00e4 on vetoketju, jonka avulla voit yhdist\u00e4\u00e4 peiton ja k\u00e4ytt\u00e4\u00e4 sit\u00e4 makuupussina. Sen voi k\u00e4\u00e4ri\u00e4 rullalle, jotta voit kuljettaa sen mukavasti matkalaukussa.  Irrotettava ja pest\u00e4v\u00e4 30\u00b0C:ssa Paino: 1300 g. Mitat: 50 x 100 cm.","og_url":"https:\/\/wool-bed.com\/fi\/shop\/babywool-fi\/babytrip\/","og_site_name":"WoolBed | SPECIALISTS IN WOOL, EXPERTS IN YOUR SLEEP","article_publisher":"https:\/\/www.facebook.com\/WoolBed\/","article_modified_time":"2020-03-09T12:38:11+00:00","og_image":[{"width":800,"height":800,"url":"https:\/\/wool-bed.com\/wp-content\/uploads\/detail_2_babytrip_babywool.jpg","type":"image\/jpeg"}],"twitter_card":"summary_large_image","schema":{"@context":"https:\/\/schema.org","@graph":[{"@type":"WebPage","@id":"https:\/\/wool-bed.com\/fi\/shop\/babywool-fi\/babytrip\/","url":"https:\/\/wool-bed.com\/fi\/shop\/babywool-fi\/babytrip\/","name":"Babytrip | WoolBed | SPECIALISTS IN WOOL, EXPERTS IN YOUR SLEEP","isPartOf":{"@id":"https:\/\/wool-bed.com\/fi\/#website"},"primaryImageOfPage":{"@id":"https:\/\/wool-bed.com\/fi\/shop\/babywool-fi\/babytrip\/#primaryimage"},"image":{"@id":"https:\/\/wool-bed.com\/fi\/shop\/babywool-fi\/babytrip\/#primaryimage"},"thumbnailUrl":"https:\/\/wool-bed.com\/wp-content\/uploads\/detail_2_babytrip_babywool.jpg","datePublished":"2019-03-13T15:13:32+00:00","dateModified":"2020-03-09T12:38:11+00:00","breadcrumb":{"@id":"https:\/\/wool-bed.com\/fi\/shop\/babywool-fi\/babytrip\/#breadcrumb"},"inLanguage":"fi","potentialAction":[{"@type":"ReadAction","target":["https:\/\/wool-bed.com\/fi\/shop\/babywool-fi\/babytrip\/"]}]},{"@type":"ImageObject","inLanguage":"fi","@id":"https:\/\/wool-bed.com\/fi\/shop\/babywool-fi\/babytrip\/#primaryimage","url":"https:\/\/wool-bed.com\/wp-content\/uploads\/detail_2_babytrip_babywool.jpg","contentUrl":"https:\/\/wool-bed.com\/wp-content\/uploads\/detail_2_babytrip_babywool.jpg","width":800,"height":800},{"@type":"BreadcrumbList","@id":"https:\/\/wool-bed.com\/fi\/shop\/babywool-fi\/babytrip\/#breadcrumb","itemListElement":[{"@type":"ListItem","position":1,"name":"Home","item":"https:\/\/wool-bed.com\/fi\/"},{"@type":"ListItem","position":2,"name":"Tuotteet","item":"https:\/\/wool-bed.com\/fi\/shop\/"},{"@type":"ListItem","position":3,"name":"Babytrip"}]},{"@type":"WebSite","@id":"https:\/\/wool-bed.com\/fi\/#website","url":"https:\/\/wool-bed.com\/fi\/","name":"WoolBed | SPECIALISTS IN WOOL, EXPERTS IN YOUR SLEEP","description":"In Woolbed we labour for your rest. Visit our online shop and discover our memory foam mattresses and Merino and Cashmere wool products with Woolmark quality guarantee.","potentialAction":[{"@type":"SearchAction","target":{"@type":"EntryPoint","urlTemplate":"https:\/\/wool-bed.com\/fi\/?s={search_term_string}"},"query-input":{"@type":"PropertyValueSpecification","valueRequired":true,"valueName":"search_term_string"}}],"inLanguage":"fi"}]}},"_links":{"self":[{"href":"https:\/\/wool-bed.com\/fi\/wp-json\/wp\/v2\/product\/7575","targetHints":{"allow":["GET"]}}],"collection":[{"href":"https:\/\/wool-bed.com\/fi\/wp-json\/wp\/v2\/product"}],"about":[{"href":"https:\/\/wool-bed.com\/fi\/wp-json\/wp\/v2\/types\/product"}],"replies":[{"embeddable":true,"href":"https:\/\/wool-bed.com\/fi\/wp-json\/wp\/v2\/comments?post=7575"}],"wp:featuredmedia":[{"embeddable":true,"href":"https:\/\/wool-bed.com\/fi\/wp-json\/wp\/v2\/media\/7673"}],"wp:attachment":[{"href":"https:\/\/wool-bed.com\/fi\/wp-json\/wp\/v2\/media?parent=7575"}],"wp:term":[{"taxonomy":"product_brand","embeddable":true,"href":"https:\/\/wool-bed.com\/fi\/wp-json\/wp\/v2\/product_brand?post=7575"},{"taxonomy":"product_cat","embeddable":true,"href":"https:\/\/wool-bed.com\/fi\/wp-json\/wp\/v2\/product_cat?post=7575"},{"taxonomy":"product_tag","embeddable":true,"href":"https:\/\/wool-bed.com\/fi\/wp-json\/wp\/v2\/product_tag?post=7575"}],"curies":[{"name":"wp","href":"https:\/\/api.w.org\/{rel}","templated":true}]}}