{"id":7555,"date":"2019-03-13T14:50:40","date_gmt":"2019-03-13T14:50:40","guid":{"rendered":"https:\/\/wool-bed.com\/shop\/Ei-luokiteltu\/babysack\/"},"modified":"2020-03-09T12:36:44","modified_gmt":"2020-03-09T12:36:44","slug":"babysack","status":"publish","type":"product","link":"https:\/\/wool-bed.com\/fi\/shop\/babywool-fi\/babysack\/","title":{"rendered":"Babysack"},"content":{"rendered":"","protected":false},"excerpt":{"rendered":"<p>&#8221;Babysack&#8221; on yksi linjan parhaiten myyvist\u00e4 tuotteista. Se on suunniteltu antamaan sinulle parhaan mahdollisen k\u00e4yt\u00f6n vauvan vaiheiden mukaan. <\/p>\n<p>Voit k\u00e4ytt\u00e4\u00e4 sit\u00e4 peittona tai sulkea sen kuin pussin, jotta vauvan iho ei j\u00e4\u00e4 paljaaksi nukkumisen aikana. Toinen puoli on villaa ja toinen samettia. <\/p>\n<p>Linjallamme l\u00f6ytyy kolme v\u00e4ri\u00e4; harmaa, sininen ja lila. <\/p>\n<p>Mitat: Avattuna 80 x 110 cm \/\u00a0Suljettuna: 50 x 80 cm.<\/p>\n","protected":false},"featured_media":7941,"comment_status":"closed","ping_status":"closed","template":"","meta":[],"product_brand":[],"product_cat":[332],"product_tag":[],"class_list":{"0":"post-7555","1":"product","2":"type-product","3":"status-publish","4":"has-post-thumbnail","6":"product_cat-babywool-fi","8":"first","9":"instock","10":"shipping-taxable","11":"purchasable","12":"product-type-variable"},"bundle_layout":"","bundled_by":["9848"],"bundled_items":[],"yoast_head":"<!-- This site is optimized with the Yoast SEO plugin v27.4 - https:\/\/yoast.com\/product\/yoast-seo-wordpress\/ -->\n<title>Babysack | WoolBed | SPECIALISTS IN WOOL, EXPERTS IN YOUR SLEEP<\/title>\n<meta name=\"robots\" content=\"index, follow, max-snippet:-1, max-image-preview:large, max-video-preview:-1\" \/>\n<link rel=\"canonical\" href=\"https:\/\/wool-bed.com\/fi\/shop\/babywool-fi\/babysack\/\" \/>\n<meta property=\"og:locale\" content=\"fi_FI\" \/>\n<meta property=\"og:type\" content=\"article\" \/>\n<meta property=\"og:title\" content=\"Babysack | WoolBed | SPECIALISTS IN WOOL, EXPERTS IN YOUR SLEEP\" \/>\n<meta property=\"og:description\" content=\"&quot;Babysack&quot; on yksi linjan parhaiten myyvist\u00e4 tuotteista. Se on suunniteltu antamaan sinulle parhaan mahdollisen k\u00e4yt\u00f6n vauvan vaiheiden mukaan.   Voit k\u00e4ytt\u00e4\u00e4 sit\u00e4 peittona tai sulkea sen kuin pussin, jotta vauvan iho ei j\u00e4\u00e4 paljaaksi nukkumisen aikana. Toinen puoli on villaa ja toinen samettia.   Linjallamme l\u00f6ytyy kolme v\u00e4ri\u00e4; harmaa, sininen ja lila.   Mitat: Avattuna 80 x 110 cm \/\u00a0Suljettuna: 50 x 80 cm.\" \/>\n<meta property=\"og:url\" content=\"https:\/\/wool-bed.com\/fi\/shop\/babywool-fi\/babysack\/\" \/>\n<meta property=\"og:site_name\" content=\"WoolBed | SPECIALISTS IN WOOL, EXPERTS IN YOUR SLEEP\" \/>\n<meta property=\"article:publisher\" content=\"https:\/\/www.facebook.com\/WoolBed\/\" \/>\n<meta property=\"article:modified_time\" content=\"2020-03-09T12:36:44+00:00\" \/>\n<meta property=\"og:image\" content=\"https:\/\/wool-bed.com\/wp-content\/uploads\/Babysack_in_detail_babywool.jpg\" \/>\n\t<meta property=\"og:image:width\" content=\"800\" \/>\n\t<meta property=\"og:image:height\" content=\"800\" \/>\n\t<meta property=\"og:image:type\" content=\"image\/jpeg\" \/>\n<meta name=\"twitter:card\" content=\"summary_large_image\" \/>\n<script type=\"application\/ld+json\" class=\"yoast-schema-graph\">{\"@context\":\"https:\\\/\\\/schema.org\",\"@graph\":[{\"@type\":\"WebPage\",\"@id\":\"https:\\\/\\\/wool-bed.com\\\/fi\\\/shop\\\/babywool-fi\\\/babysack\\\/\",\"url\":\"https:\\\/\\\/wool-bed.com\\\/fi\\\/shop\\\/babywool-fi\\\/babysack\\\/\",\"name\":\"Babysack | WoolBed | SPECIALISTS IN WOOL, EXPERTS IN YOUR SLEEP\",\"isPartOf\":{\"@id\":\"https:\\\/\\\/wool-bed.com\\\/fi\\\/#website\"},\"primaryImageOfPage\":{\"@id\":\"https:\\\/\\\/wool-bed.com\\\/fi\\\/shop\\\/babywool-fi\\\/babysack\\\/#primaryimage\"},\"image\":{\"@id\":\"https:\\\/\\\/wool-bed.com\\\/fi\\\/shop\\\/babywool-fi\\\/babysack\\\/#primaryimage\"},\"thumbnailUrl\":\"https:\\\/\\\/wool-bed.com\\\/wp-content\\\/uploads\\\/Babysack_in_detail_babywool.jpg\",\"datePublished\":\"2019-03-13T14:50:40+00:00\",\"dateModified\":\"2020-03-09T12:36:44+00:00\",\"breadcrumb\":{\"@id\":\"https:\\\/\\\/wool-bed.com\\\/fi\\\/shop\\\/babywool-fi\\\/babysack\\\/#breadcrumb\"},\"inLanguage\":\"fi\",\"potentialAction\":[{\"@type\":\"ReadAction\",\"target\":[\"https:\\\/\\\/wool-bed.com\\\/fi\\\/shop\\\/babywool-fi\\\/babysack\\\/\"]}]},{\"@type\":\"ImageObject\",\"inLanguage\":\"fi\",\"@id\":\"https:\\\/\\\/wool-bed.com\\\/fi\\\/shop\\\/babywool-fi\\\/babysack\\\/#primaryimage\",\"url\":\"https:\\\/\\\/wool-bed.com\\\/wp-content\\\/uploads\\\/Babysack_in_detail_babywool.jpg\",\"contentUrl\":\"https:\\\/\\\/wool-bed.com\\\/wp-content\\\/uploads\\\/Babysack_in_detail_babywool.jpg\",\"width\":800,\"height\":800},{\"@type\":\"BreadcrumbList\",\"@id\":\"https:\\\/\\\/wool-bed.com\\\/fi\\\/shop\\\/babywool-fi\\\/babysack\\\/#breadcrumb\",\"itemListElement\":[{\"@type\":\"ListItem\",\"position\":1,\"name\":\"Home\",\"item\":\"https:\\\/\\\/wool-bed.com\\\/fi\\\/\"},{\"@type\":\"ListItem\",\"position\":2,\"name\":\"Tuotteet\",\"item\":\"https:\\\/\\\/wool-bed.com\\\/fi\\\/shop\\\/\"},{\"@type\":\"ListItem\",\"position\":3,\"name\":\"Babysack\"}]},{\"@type\":\"WebSite\",\"@id\":\"https:\\\/\\\/wool-bed.com\\\/fi\\\/#website\",\"url\":\"https:\\\/\\\/wool-bed.com\\\/fi\\\/\",\"name\":\"WoolBed | SPECIALISTS IN WOOL, EXPERTS IN YOUR SLEEP\",\"description\":\"In Woolbed we labour for your rest. Visit our online shop and discover our memory foam mattresses and Merino and Cashmere wool products with Woolmark quality guarantee.\",\"potentialAction\":[{\"@type\":\"SearchAction\",\"target\":{\"@type\":\"EntryPoint\",\"urlTemplate\":\"https:\\\/\\\/wool-bed.com\\\/fi\\\/?s={search_term_string}\"},\"query-input\":{\"@type\":\"PropertyValueSpecification\",\"valueRequired\":true,\"valueName\":\"search_term_string\"}}],\"inLanguage\":\"fi\"}]}<\/script>\n<!-- \/ Yoast SEO plugin. -->","yoast_head_json":{"title":"Babysack | WoolBed | SPECIALISTS IN WOOL, EXPERTS IN YOUR SLEEP","robots":{"index":"index","follow":"follow","max-snippet":"max-snippet:-1","max-image-preview":"max-image-preview:large","max-video-preview":"max-video-preview:-1"},"canonical":"https:\/\/wool-bed.com\/fi\/shop\/babywool-fi\/babysack\/","og_locale":"fi_FI","og_type":"article","og_title":"Babysack | WoolBed | SPECIALISTS IN WOOL, EXPERTS IN YOUR SLEEP","og_description":"\"Babysack\" on yksi linjan parhaiten myyvist\u00e4 tuotteista. Se on suunniteltu antamaan sinulle parhaan mahdollisen k\u00e4yt\u00f6n vauvan vaiheiden mukaan.   Voit k\u00e4ytt\u00e4\u00e4 sit\u00e4 peittona tai sulkea sen kuin pussin, jotta vauvan iho ei j\u00e4\u00e4 paljaaksi nukkumisen aikana. Toinen puoli on villaa ja toinen samettia.   Linjallamme l\u00f6ytyy kolme v\u00e4ri\u00e4; harmaa, sininen ja lila.   Mitat: Avattuna 80 x 110 cm \/\u00a0Suljettuna: 50 x 80 cm.","og_url":"https:\/\/wool-bed.com\/fi\/shop\/babywool-fi\/babysack\/","og_site_name":"WoolBed | SPECIALISTS IN WOOL, EXPERTS IN YOUR SLEEP","article_publisher":"https:\/\/www.facebook.com\/WoolBed\/","article_modified_time":"2020-03-09T12:36:44+00:00","og_image":[{"width":800,"height":800,"url":"https:\/\/wool-bed.com\/wp-content\/uploads\/Babysack_in_detail_babywool.jpg","type":"image\/jpeg"}],"twitter_card":"summary_large_image","schema":{"@context":"https:\/\/schema.org","@graph":[{"@type":"WebPage","@id":"https:\/\/wool-bed.com\/fi\/shop\/babywool-fi\/babysack\/","url":"https:\/\/wool-bed.com\/fi\/shop\/babywool-fi\/babysack\/","name":"Babysack | WoolBed | SPECIALISTS IN WOOL, EXPERTS IN YOUR SLEEP","isPartOf":{"@id":"https:\/\/wool-bed.com\/fi\/#website"},"primaryImageOfPage":{"@id":"https:\/\/wool-bed.com\/fi\/shop\/babywool-fi\/babysack\/#primaryimage"},"image":{"@id":"https:\/\/wool-bed.com\/fi\/shop\/babywool-fi\/babysack\/#primaryimage"},"thumbnailUrl":"https:\/\/wool-bed.com\/wp-content\/uploads\/Babysack_in_detail_babywool.jpg","datePublished":"2019-03-13T14:50:40+00:00","dateModified":"2020-03-09T12:36:44+00:00","breadcrumb":{"@id":"https:\/\/wool-bed.com\/fi\/shop\/babywool-fi\/babysack\/#breadcrumb"},"inLanguage":"fi","potentialAction":[{"@type":"ReadAction","target":["https:\/\/wool-bed.com\/fi\/shop\/babywool-fi\/babysack\/"]}]},{"@type":"ImageObject","inLanguage":"fi","@id":"https:\/\/wool-bed.com\/fi\/shop\/babywool-fi\/babysack\/#primaryimage","url":"https:\/\/wool-bed.com\/wp-content\/uploads\/Babysack_in_detail_babywool.jpg","contentUrl":"https:\/\/wool-bed.com\/wp-content\/uploads\/Babysack_in_detail_babywool.jpg","width":800,"height":800},{"@type":"BreadcrumbList","@id":"https:\/\/wool-bed.com\/fi\/shop\/babywool-fi\/babysack\/#breadcrumb","itemListElement":[{"@type":"ListItem","position":1,"name":"Home","item":"https:\/\/wool-bed.com\/fi\/"},{"@type":"ListItem","position":2,"name":"Tuotteet","item":"https:\/\/wool-bed.com\/fi\/shop\/"},{"@type":"ListItem","position":3,"name":"Babysack"}]},{"@type":"WebSite","@id":"https:\/\/wool-bed.com\/fi\/#website","url":"https:\/\/wool-bed.com\/fi\/","name":"WoolBed | SPECIALISTS IN WOOL, EXPERTS IN YOUR SLEEP","description":"In Woolbed we labour for your rest. Visit our online shop and discover our memory foam mattresses and Merino and Cashmere wool products with Woolmark quality guarantee.","potentialAction":[{"@type":"SearchAction","target":{"@type":"EntryPoint","urlTemplate":"https:\/\/wool-bed.com\/fi\/?s={search_term_string}"},"query-input":{"@type":"PropertyValueSpecification","valueRequired":true,"valueName":"search_term_string"}}],"inLanguage":"fi"}]}},"_links":{"self":[{"href":"https:\/\/wool-bed.com\/fi\/wp-json\/wp\/v2\/product\/7555","targetHints":{"allow":["GET"]}}],"collection":[{"href":"https:\/\/wool-bed.com\/fi\/wp-json\/wp\/v2\/product"}],"about":[{"href":"https:\/\/wool-bed.com\/fi\/wp-json\/wp\/v2\/types\/product"}],"replies":[{"embeddable":true,"href":"https:\/\/wool-bed.com\/fi\/wp-json\/wp\/v2\/comments?post=7555"}],"wp:featuredmedia":[{"embeddable":true,"href":"https:\/\/wool-bed.com\/fi\/wp-json\/wp\/v2\/media\/7941"}],"wp:attachment":[{"href":"https:\/\/wool-bed.com\/fi\/wp-json\/wp\/v2\/media?parent=7555"}],"wp:term":[{"taxonomy":"product_brand","embeddable":true,"href":"https:\/\/wool-bed.com\/fi\/wp-json\/wp\/v2\/product_brand?post=7555"},{"taxonomy":"product_cat","embeddable":true,"href":"https:\/\/wool-bed.com\/fi\/wp-json\/wp\/v2\/product_cat?post=7555"},{"taxonomy":"product_tag","embeddable":true,"href":"https:\/\/wool-bed.com\/fi\/wp-json\/wp\/v2\/product_tag?post=7555"}],"curies":[{"name":"wp","href":"https:\/\/api.w.org\/{rel}","templated":true}]}}