{"id":7540,"date":"2019-03-13T14:10:04","date_gmt":"2019-03-13T14:10:04","guid":{"rendered":"https:\/\/wool-bed.com\/shop\/Ei-luokiteltu\/babymatt\/"},"modified":"2020-03-09T12:34:53","modified_gmt":"2020-03-09T12:34:53","slug":"babymatt","status":"publish","type":"product","link":"https:\/\/wool-bed.com\/fi\/shop\/babywool-fi\/babymatt\/","title":{"rendered":"Babymatt"},"content":{"rendered":"","protected":false},"excerpt":{"rendered":"<p>Esittelemme vauvan patjamme 10 cm:n vaahtomuovilla ja 2 cm:n viskoelastaanilla, jota ymp\u00e4r\u00f6i kaksipuolinen villahuopa. Vauva voi nukkua suoraan villassa ja nauttia kaikista sen eduista saadakseen syvemm\u00e4n levon. Siin\u00e4 on vetoketju, joka helpottaa p\u00e4\u00e4llyksen irrottamista ja takaisin laittamista pesun yhteydess\u00e4. <\/p>\n<p>Pest\u00e4\u00e4n 30\u00b0C:ssa. <\/p>\n<p>Standardimitta 120X60. <\/p>\n<p>Jos tarvitset erityismitat, voit l\u00e4hett\u00e4\u00e4 meille s\u00e4hk\u00f6postiviestin <a href=\"mailto:sizes@wool-bed.com\"><span style=\"font-size: medium;\">sizes@wool-bed.com<\/span><\/a><\/p>\n","protected":false},"featured_media":7891,"comment_status":"closed","ping_status":"closed","template":"","meta":[],"product_brand":[],"product_cat":[332],"product_tag":[],"class_list":{"0":"post-7540","1":"product","2":"type-product","3":"status-publish","4":"has-post-thumbnail","6":"product_cat-babywool-fi","8":"first","9":"instock","10":"shipping-taxable","11":"purchasable","12":"product-type-simple"},"bundle_layout":"","bundled_by":[],"bundled_items":[],"yoast_head":"<!-- This site is optimized with the Yoast SEO plugin v27.3 - https:\/\/yoast.com\/product\/yoast-seo-wordpress\/ -->\n<title>Babymatt | WoolBed | SPECIALISTS IN WOOL, EXPERTS IN YOUR SLEEP<\/title>\n<meta name=\"robots\" content=\"index, follow, max-snippet:-1, max-image-preview:large, max-video-preview:-1\" \/>\n<link rel=\"canonical\" href=\"https:\/\/wool-bed.com\/fi\/shop\/babywool-fi\/babymatt\/\" \/>\n<meta property=\"og:locale\" content=\"fi_FI\" \/>\n<meta property=\"og:type\" content=\"article\" \/>\n<meta property=\"og:title\" content=\"Babymatt | WoolBed | SPECIALISTS IN WOOL, EXPERTS IN YOUR SLEEP\" \/>\n<meta property=\"og:description\" content=\"Esittelemme vauvan patjamme 10 cm:n vaahtomuovilla ja 2 cm:n viskoelastaanilla, jota ymp\u00e4r\u00f6i kaksipuolinen villahuopa. Vauva voi nukkua suoraan villassa ja nauttia kaikista sen eduista saadakseen syvemm\u00e4n levon. Siin\u00e4 on vetoketju, joka helpottaa p\u00e4\u00e4llyksen irrottamista ja takaisin laittamista pesun yhteydess\u00e4.   Pest\u00e4\u00e4n 30\u00b0C:ssa.   Standardimitta 120X60.   Jos tarvitset erityismitat, voit l\u00e4hett\u00e4\u00e4 meille s\u00e4hk\u00f6postiviestin sizes@wool-bed.com\" \/>\n<meta property=\"og:url\" content=\"https:\/\/wool-bed.com\/fi\/shop\/babywool-fi\/babymatt\/\" \/>\n<meta property=\"og:site_name\" content=\"WoolBed | SPECIALISTS IN WOOL, EXPERTS IN YOUR SLEEP\" \/>\n<meta property=\"article:publisher\" content=\"https:\/\/www.facebook.com\/WoolBed\/\" \/>\n<meta property=\"article:modified_time\" content=\"2020-03-09T12:34:53+00:00\" \/>\n<meta property=\"og:image\" content=\"https:\/\/wool-bed.com\/wp-content\/uploads\/Babymatt_babywool__.jpg\" \/>\n\t<meta property=\"og:image:width\" content=\"800\" \/>\n\t<meta property=\"og:image:height\" content=\"800\" \/>\n\t<meta property=\"og:image:type\" content=\"image\/jpeg\" \/>\n<meta name=\"twitter:card\" content=\"summary_large_image\" \/>\n<script type=\"application\/ld+json\" class=\"yoast-schema-graph\">{\"@context\":\"https:\\\/\\\/schema.org\",\"@graph\":[{\"@type\":\"WebPage\",\"@id\":\"https:\\\/\\\/wool-bed.com\\\/fi\\\/shop\\\/babywool-fi\\\/babymatt\\\/\",\"url\":\"https:\\\/\\\/wool-bed.com\\\/fi\\\/shop\\\/babywool-fi\\\/babymatt\\\/\",\"name\":\"Babymatt | WoolBed | SPECIALISTS IN WOOL, EXPERTS IN YOUR SLEEP\",\"isPartOf\":{\"@id\":\"https:\\\/\\\/wool-bed.com\\\/fi\\\/#website\"},\"primaryImageOfPage\":{\"@id\":\"https:\\\/\\\/wool-bed.com\\\/fi\\\/shop\\\/babywool-fi\\\/babymatt\\\/#primaryimage\"},\"image\":{\"@id\":\"https:\\\/\\\/wool-bed.com\\\/fi\\\/shop\\\/babywool-fi\\\/babymatt\\\/#primaryimage\"},\"thumbnailUrl\":\"https:\\\/\\\/wool-bed.com\\\/wp-content\\\/uploads\\\/Babymatt_babywool__.jpg\",\"datePublished\":\"2019-03-13T14:10:04+00:00\",\"dateModified\":\"2020-03-09T12:34:53+00:00\",\"breadcrumb\":{\"@id\":\"https:\\\/\\\/wool-bed.com\\\/fi\\\/shop\\\/babywool-fi\\\/babymatt\\\/#breadcrumb\"},\"inLanguage\":\"fi\",\"potentialAction\":[{\"@type\":\"ReadAction\",\"target\":[\"https:\\\/\\\/wool-bed.com\\\/fi\\\/shop\\\/babywool-fi\\\/babymatt\\\/\"]}]},{\"@type\":\"ImageObject\",\"inLanguage\":\"fi\",\"@id\":\"https:\\\/\\\/wool-bed.com\\\/fi\\\/shop\\\/babywool-fi\\\/babymatt\\\/#primaryimage\",\"url\":\"https:\\\/\\\/wool-bed.com\\\/wp-content\\\/uploads\\\/Babymatt_babywool__.jpg\",\"contentUrl\":\"https:\\\/\\\/wool-bed.com\\\/wp-content\\\/uploads\\\/Babymatt_babywool__.jpg\",\"width\":800,\"height\":800},{\"@type\":\"BreadcrumbList\",\"@id\":\"https:\\\/\\\/wool-bed.com\\\/fi\\\/shop\\\/babywool-fi\\\/babymatt\\\/#breadcrumb\",\"itemListElement\":[{\"@type\":\"ListItem\",\"position\":1,\"name\":\"Home\",\"item\":\"https:\\\/\\\/wool-bed.com\\\/fi\\\/\"},{\"@type\":\"ListItem\",\"position\":2,\"name\":\"Tuotteet\",\"item\":\"https:\\\/\\\/wool-bed.com\\\/fi\\\/shop\\\/\"},{\"@type\":\"ListItem\",\"position\":3,\"name\":\"Babymatt\"}]},{\"@type\":\"WebSite\",\"@id\":\"https:\\\/\\\/wool-bed.com\\\/fi\\\/#website\",\"url\":\"https:\\\/\\\/wool-bed.com\\\/fi\\\/\",\"name\":\"WoolBed | SPECIALISTS IN WOOL, EXPERTS IN YOUR SLEEP\",\"description\":\"In Woolbed we labour for your rest. Visit our online shop and discover our memory foam mattresses and Merino and Cashmere wool products with Woolmark quality guarantee.\",\"potentialAction\":[{\"@type\":\"SearchAction\",\"target\":{\"@type\":\"EntryPoint\",\"urlTemplate\":\"https:\\\/\\\/wool-bed.com\\\/fi\\\/?s={search_term_string}\"},\"query-input\":{\"@type\":\"PropertyValueSpecification\",\"valueRequired\":true,\"valueName\":\"search_term_string\"}}],\"inLanguage\":\"fi\"}]}<\/script>\n<!-- \/ Yoast SEO plugin. -->","yoast_head_json":{"title":"Babymatt | WoolBed | SPECIALISTS IN WOOL, EXPERTS IN YOUR SLEEP","robots":{"index":"index","follow":"follow","max-snippet":"max-snippet:-1","max-image-preview":"max-image-preview:large","max-video-preview":"max-video-preview:-1"},"canonical":"https:\/\/wool-bed.com\/fi\/shop\/babywool-fi\/babymatt\/","og_locale":"fi_FI","og_type":"article","og_title":"Babymatt | WoolBed | SPECIALISTS IN WOOL, EXPERTS IN YOUR SLEEP","og_description":"Esittelemme vauvan patjamme 10 cm:n vaahtomuovilla ja 2 cm:n viskoelastaanilla, jota ymp\u00e4r\u00f6i kaksipuolinen villahuopa. Vauva voi nukkua suoraan villassa ja nauttia kaikista sen eduista saadakseen syvemm\u00e4n levon. Siin\u00e4 on vetoketju, joka helpottaa p\u00e4\u00e4llyksen irrottamista ja takaisin laittamista pesun yhteydess\u00e4.   Pest\u00e4\u00e4n 30\u00b0C:ssa.   Standardimitta 120X60.   Jos tarvitset erityismitat, voit l\u00e4hett\u00e4\u00e4 meille s\u00e4hk\u00f6postiviestin sizes@wool-bed.com","og_url":"https:\/\/wool-bed.com\/fi\/shop\/babywool-fi\/babymatt\/","og_site_name":"WoolBed | SPECIALISTS IN WOOL, EXPERTS IN YOUR SLEEP","article_publisher":"https:\/\/www.facebook.com\/WoolBed\/","article_modified_time":"2020-03-09T12:34:53+00:00","og_image":[{"width":800,"height":800,"url":"https:\/\/wool-bed.com\/wp-content\/uploads\/Babymatt_babywool__.jpg","type":"image\/jpeg"}],"twitter_card":"summary_large_image","schema":{"@context":"https:\/\/schema.org","@graph":[{"@type":"WebPage","@id":"https:\/\/wool-bed.com\/fi\/shop\/babywool-fi\/babymatt\/","url":"https:\/\/wool-bed.com\/fi\/shop\/babywool-fi\/babymatt\/","name":"Babymatt | WoolBed | SPECIALISTS IN WOOL, EXPERTS IN YOUR SLEEP","isPartOf":{"@id":"https:\/\/wool-bed.com\/fi\/#website"},"primaryImageOfPage":{"@id":"https:\/\/wool-bed.com\/fi\/shop\/babywool-fi\/babymatt\/#primaryimage"},"image":{"@id":"https:\/\/wool-bed.com\/fi\/shop\/babywool-fi\/babymatt\/#primaryimage"},"thumbnailUrl":"https:\/\/wool-bed.com\/wp-content\/uploads\/Babymatt_babywool__.jpg","datePublished":"2019-03-13T14:10:04+00:00","dateModified":"2020-03-09T12:34:53+00:00","breadcrumb":{"@id":"https:\/\/wool-bed.com\/fi\/shop\/babywool-fi\/babymatt\/#breadcrumb"},"inLanguage":"fi","potentialAction":[{"@type":"ReadAction","target":["https:\/\/wool-bed.com\/fi\/shop\/babywool-fi\/babymatt\/"]}]},{"@type":"ImageObject","inLanguage":"fi","@id":"https:\/\/wool-bed.com\/fi\/shop\/babywool-fi\/babymatt\/#primaryimage","url":"https:\/\/wool-bed.com\/wp-content\/uploads\/Babymatt_babywool__.jpg","contentUrl":"https:\/\/wool-bed.com\/wp-content\/uploads\/Babymatt_babywool__.jpg","width":800,"height":800},{"@type":"BreadcrumbList","@id":"https:\/\/wool-bed.com\/fi\/shop\/babywool-fi\/babymatt\/#breadcrumb","itemListElement":[{"@type":"ListItem","position":1,"name":"Home","item":"https:\/\/wool-bed.com\/fi\/"},{"@type":"ListItem","position":2,"name":"Tuotteet","item":"https:\/\/wool-bed.com\/fi\/shop\/"},{"@type":"ListItem","position":3,"name":"Babymatt"}]},{"@type":"WebSite","@id":"https:\/\/wool-bed.com\/fi\/#website","url":"https:\/\/wool-bed.com\/fi\/","name":"WoolBed | SPECIALISTS IN WOOL, EXPERTS IN YOUR SLEEP","description":"In Woolbed we labour for your rest. Visit our online shop and discover our memory foam mattresses and Merino and Cashmere wool products with Woolmark quality guarantee.","potentialAction":[{"@type":"SearchAction","target":{"@type":"EntryPoint","urlTemplate":"https:\/\/wool-bed.com\/fi\/?s={search_term_string}"},"query-input":{"@type":"PropertyValueSpecification","valueRequired":true,"valueName":"search_term_string"}}],"inLanguage":"fi"}]}},"_links":{"self":[{"href":"https:\/\/wool-bed.com\/fi\/wp-json\/wp\/v2\/product\/7540","targetHints":{"allow":["GET"]}}],"collection":[{"href":"https:\/\/wool-bed.com\/fi\/wp-json\/wp\/v2\/product"}],"about":[{"href":"https:\/\/wool-bed.com\/fi\/wp-json\/wp\/v2\/types\/product"}],"replies":[{"embeddable":true,"href":"https:\/\/wool-bed.com\/fi\/wp-json\/wp\/v2\/comments?post=7540"}],"wp:featuredmedia":[{"embeddable":true,"href":"https:\/\/wool-bed.com\/fi\/wp-json\/wp\/v2\/media\/7891"}],"wp:attachment":[{"href":"https:\/\/wool-bed.com\/fi\/wp-json\/wp\/v2\/media?parent=7540"}],"wp:term":[{"taxonomy":"product_brand","embeddable":true,"href":"https:\/\/wool-bed.com\/fi\/wp-json\/wp\/v2\/product_brand?post=7540"},{"taxonomy":"product_cat","embeddable":true,"href":"https:\/\/wool-bed.com\/fi\/wp-json\/wp\/v2\/product_cat?post=7540"},{"taxonomy":"product_tag","embeddable":true,"href":"https:\/\/wool-bed.com\/fi\/wp-json\/wp\/v2\/product_tag?post=7540"}],"curies":[{"name":"wp","href":"https:\/\/api.w.org\/{rel}","templated":true}]}}