{"id":2598,"date":"2015-10-02T13:01:31","date_gmt":"2015-10-02T12:01:31","guid":{"rendered":"http:\/\/wool-bed.com\/product\/travel-set-3\/"},"modified":"2016-10-28T16:30:12","modified_gmt":"2016-10-28T15:30:12","slug":"travel-kit-muisti-vaahto-silinteri-tyyny","status":"publish","type":"product","link":"https:\/\/wool-bed.com\/fi\/shop\/villa-vuodesetti-patja\/travel-kit-muisti-vaahto-silinteri-tyyny\/","title":{"rendered":"RESEKIT"},"content":{"rendered":"","protected":false},"excerpt":{"rendered":"<p>Kuinka monta kertaa olet l\u00e4htenyt lomalle ja palannut v\u00e4syneenp\u00e4n\u00e4 kuin l\u00e4htiess\u00e4si?<br \/>\nSyyn\u00e4 on levon puute joka johtuu heikkolaatuisista patjoista, tarjolla eri paikoissa joissa nukut.<br \/>\nTuotteidemme faneille tarjoaa Woolbed nyt mahdollisuuden nukkua miss\u00e4 tahansa yht\u00e4 hyvin kuin kotona. Matkailusettimme sis\u00e4lt\u00e4\u00e4 4cm:n muistipatjan, jonka p\u00e4\u00e4llisen suunnittelu yhdist\u00e4\u00e4 kashmirvillan ja settiin kuuluvan tyynyn. P\u00e4\u00e4llinen on irrotettava ja pest\u00e4v\u00e4.<br \/>\nSetti toimitetaan &#8221;trolley&#8221; tyypin laukulla, jotta voit mukavasti vied\u00e4 sen kotiin, asuntovaunulle, veneelle tai matkoille.<br \/>\nMitat ovat:<br \/>\n&#8211; Topper 70x200x4 cm.<br \/>\n&#8211; Kudde 40&#215;60 cm.<\/p>\n","protected":false},"featured_media":4445,"comment_status":"closed","ping_status":"closed","template":"","meta":[],"product_brand":[],"product_cat":[298],"product_tag":[],"class_list":{"0":"post-2598","1":"product","2":"type-product","3":"status-publish","4":"has-post-thumbnail","6":"product_cat-villa-vuodesetti-patja","8":"first","9":"instock","10":"shipping-taxable","11":"purchasable","12":"product-type-simple"},"bundle_layout":"","bundled_by":[],"bundled_items":[],"yoast_head":"<!-- This site is optimized with the Yoast SEO plugin v27.4 - https:\/\/yoast.com\/product\/yoast-seo-wordpress\/ -->\n<title>RESEKIT | WoolBed | SPECIALISTS IN WOOL, EXPERTS IN YOUR SLEEP<\/title>\n<meta name=\"robots\" content=\"index, follow, max-snippet:-1, max-image-preview:large, max-video-preview:-1\" \/>\n<link rel=\"canonical\" href=\"https:\/\/wool-bed.com\/fi\/shop\/villa-vuodesetti-patja\/travel-kit-muisti-vaahto-silinteri-tyyny\/\" \/>\n<meta property=\"og:locale\" content=\"fi_FI\" \/>\n<meta property=\"og:type\" content=\"article\" \/>\n<meta property=\"og:title\" content=\"RESEKIT | WoolBed | SPECIALISTS IN WOOL, EXPERTS IN YOUR SLEEP\" \/>\n<meta property=\"og:description\" content=\"Kuinka monta kertaa olet l\u00e4htenyt lomalle ja palannut v\u00e4syneenp\u00e4n\u00e4 kuin l\u00e4htiess\u00e4si? Syyn\u00e4 on levon puute joka johtuu heikkolaatuisista patjoista, tarjolla eri paikoissa joissa nukut. Tuotteidemme faneille tarjoaa Woolbed nyt mahdollisuuden nukkua miss\u00e4 tahansa yht\u00e4 hyvin kuin kotona. Matkailusettimme sis\u00e4lt\u00e4\u00e4 4cm:n muistipatjan, jonka p\u00e4\u00e4llisen suunnittelu yhdist\u00e4\u00e4 kashmirvillan ja settiin kuuluvan tyynyn. P\u00e4\u00e4llinen on irrotettava ja pest\u00e4v\u00e4. Setti toimitetaan &quot;trolley&quot; tyypin laukulla, jotta voit mukavasti vied\u00e4 sen kotiin, asuntovaunulle, veneelle tai matkoille. Mitat ovat: - Topper 70x200x4 cm. - Kudde 40x60 cm.\" \/>\n<meta property=\"og:url\" content=\"https:\/\/wool-bed.com\/fi\/shop\/villa-vuodesetti-patja\/travel-kit-muisti-vaahto-silinteri-tyyny\/\" \/>\n<meta property=\"og:site_name\" content=\"WoolBed | SPECIALISTS IN WOOL, EXPERTS IN YOUR SLEEP\" \/>\n<meta property=\"article:publisher\" content=\"https:\/\/www.facebook.com\/WoolBed\/\" \/>\n<meta property=\"article:modified_time\" content=\"2016-10-28T15:30:12+00:00\" \/>\n<meta property=\"og:image\" content=\"https:\/\/wool-bed.com\/wp-content\/uploads\/2015\/10\/resekit21.jpg\" \/>\n\t<meta property=\"og:image:width\" content=\"800\" \/>\n\t<meta property=\"og:image:height\" content=\"800\" \/>\n\t<meta property=\"og:image:type\" content=\"image\/jpeg\" \/>\n<meta name=\"twitter:card\" content=\"summary_large_image\" \/>\n<script type=\"application\/ld+json\" class=\"yoast-schema-graph\">{\"@context\":\"https:\\\/\\\/schema.org\",\"@graph\":[{\"@type\":\"WebPage\",\"@id\":\"https:\\\/\\\/wool-bed.com\\\/fi\\\/shop\\\/villa-vuodesetti-patja\\\/travel-kit-muisti-vaahto-silinteri-tyyny\\\/\",\"url\":\"https:\\\/\\\/wool-bed.com\\\/fi\\\/shop\\\/villa-vuodesetti-patja\\\/travel-kit-muisti-vaahto-silinteri-tyyny\\\/\",\"name\":\"RESEKIT | WoolBed | SPECIALISTS IN WOOL, EXPERTS IN YOUR SLEEP\",\"isPartOf\":{\"@id\":\"https:\\\/\\\/wool-bed.com\\\/fi\\\/#website\"},\"primaryImageOfPage\":{\"@id\":\"https:\\\/\\\/wool-bed.com\\\/fi\\\/shop\\\/villa-vuodesetti-patja\\\/travel-kit-muisti-vaahto-silinteri-tyyny\\\/#primaryimage\"},\"image\":{\"@id\":\"https:\\\/\\\/wool-bed.com\\\/fi\\\/shop\\\/villa-vuodesetti-patja\\\/travel-kit-muisti-vaahto-silinteri-tyyny\\\/#primaryimage\"},\"thumbnailUrl\":\"https:\\\/\\\/wool-bed.com\\\/wp-content\\\/uploads\\\/2015\\\/10\\\/resekit21.jpg\",\"datePublished\":\"2015-10-02T12:01:31+00:00\",\"dateModified\":\"2016-10-28T15:30:12+00:00\",\"breadcrumb\":{\"@id\":\"https:\\\/\\\/wool-bed.com\\\/fi\\\/shop\\\/villa-vuodesetti-patja\\\/travel-kit-muisti-vaahto-silinteri-tyyny\\\/#breadcrumb\"},\"inLanguage\":\"fi\",\"potentialAction\":[{\"@type\":\"ReadAction\",\"target\":[\"https:\\\/\\\/wool-bed.com\\\/fi\\\/shop\\\/villa-vuodesetti-patja\\\/travel-kit-muisti-vaahto-silinteri-tyyny\\\/\"]}]},{\"@type\":\"ImageObject\",\"inLanguage\":\"fi\",\"@id\":\"https:\\\/\\\/wool-bed.com\\\/fi\\\/shop\\\/villa-vuodesetti-patja\\\/travel-kit-muisti-vaahto-silinteri-tyyny\\\/#primaryimage\",\"url\":\"https:\\\/\\\/wool-bed.com\\\/wp-content\\\/uploads\\\/2015\\\/10\\\/resekit21.jpg\",\"contentUrl\":\"https:\\\/\\\/wool-bed.com\\\/wp-content\\\/uploads\\\/2015\\\/10\\\/resekit21.jpg\",\"width\":800,\"height\":800},{\"@type\":\"BreadcrumbList\",\"@id\":\"https:\\\/\\\/wool-bed.com\\\/fi\\\/shop\\\/villa-vuodesetti-patja\\\/travel-kit-muisti-vaahto-silinteri-tyyny\\\/#breadcrumb\",\"itemListElement\":[{\"@type\":\"ListItem\",\"position\":1,\"name\":\"Home\",\"item\":\"https:\\\/\\\/wool-bed.com\\\/fi\\\/\"},{\"@type\":\"ListItem\",\"position\":2,\"name\":\"Tuotteet\",\"item\":\"https:\\\/\\\/wool-bed.com\\\/fi\\\/shop\\\/\"},{\"@type\":\"ListItem\",\"position\":3,\"name\":\"RESEKIT\"}]},{\"@type\":\"WebSite\",\"@id\":\"https:\\\/\\\/wool-bed.com\\\/fi\\\/#website\",\"url\":\"https:\\\/\\\/wool-bed.com\\\/fi\\\/\",\"name\":\"WoolBed | SPECIALISTS IN WOOL, EXPERTS IN YOUR SLEEP\",\"description\":\"In Woolbed we labour for your rest. Visit our online shop and discover our memory foam mattresses and Merino and Cashmere wool products with Woolmark quality guarantee.\",\"potentialAction\":[{\"@type\":\"SearchAction\",\"target\":{\"@type\":\"EntryPoint\",\"urlTemplate\":\"https:\\\/\\\/wool-bed.com\\\/fi\\\/?s={search_term_string}\"},\"query-input\":{\"@type\":\"PropertyValueSpecification\",\"valueRequired\":true,\"valueName\":\"search_term_string\"}}],\"inLanguage\":\"fi\"}]}<\/script>\n<!-- \/ Yoast SEO plugin. -->","yoast_head_json":{"title":"RESEKIT | WoolBed | SPECIALISTS IN WOOL, EXPERTS IN YOUR SLEEP","robots":{"index":"index","follow":"follow","max-snippet":"max-snippet:-1","max-image-preview":"max-image-preview:large","max-video-preview":"max-video-preview:-1"},"canonical":"https:\/\/wool-bed.com\/fi\/shop\/villa-vuodesetti-patja\/travel-kit-muisti-vaahto-silinteri-tyyny\/","og_locale":"fi_FI","og_type":"article","og_title":"RESEKIT | WoolBed | SPECIALISTS IN WOOL, EXPERTS IN YOUR SLEEP","og_description":"Kuinka monta kertaa olet l\u00e4htenyt lomalle ja palannut v\u00e4syneenp\u00e4n\u00e4 kuin l\u00e4htiess\u00e4si? Syyn\u00e4 on levon puute joka johtuu heikkolaatuisista patjoista, tarjolla eri paikoissa joissa nukut. Tuotteidemme faneille tarjoaa Woolbed nyt mahdollisuuden nukkua miss\u00e4 tahansa yht\u00e4 hyvin kuin kotona. Matkailusettimme sis\u00e4lt\u00e4\u00e4 4cm:n muistipatjan, jonka p\u00e4\u00e4llisen suunnittelu yhdist\u00e4\u00e4 kashmirvillan ja settiin kuuluvan tyynyn. P\u00e4\u00e4llinen on irrotettava ja pest\u00e4v\u00e4. Setti toimitetaan \"trolley\" tyypin laukulla, jotta voit mukavasti vied\u00e4 sen kotiin, asuntovaunulle, veneelle tai matkoille. Mitat ovat: - Topper 70x200x4 cm. - Kudde 40x60 cm.","og_url":"https:\/\/wool-bed.com\/fi\/shop\/villa-vuodesetti-patja\/travel-kit-muisti-vaahto-silinteri-tyyny\/","og_site_name":"WoolBed | SPECIALISTS IN WOOL, EXPERTS IN YOUR SLEEP","article_publisher":"https:\/\/www.facebook.com\/WoolBed\/","article_modified_time":"2016-10-28T15:30:12+00:00","og_image":[{"width":800,"height":800,"url":"https:\/\/wool-bed.com\/wp-content\/uploads\/2015\/10\/resekit21.jpg","type":"image\/jpeg"}],"twitter_card":"summary_large_image","schema":{"@context":"https:\/\/schema.org","@graph":[{"@type":"WebPage","@id":"https:\/\/wool-bed.com\/fi\/shop\/villa-vuodesetti-patja\/travel-kit-muisti-vaahto-silinteri-tyyny\/","url":"https:\/\/wool-bed.com\/fi\/shop\/villa-vuodesetti-patja\/travel-kit-muisti-vaahto-silinteri-tyyny\/","name":"RESEKIT | WoolBed | SPECIALISTS IN WOOL, EXPERTS IN YOUR SLEEP","isPartOf":{"@id":"https:\/\/wool-bed.com\/fi\/#website"},"primaryImageOfPage":{"@id":"https:\/\/wool-bed.com\/fi\/shop\/villa-vuodesetti-patja\/travel-kit-muisti-vaahto-silinteri-tyyny\/#primaryimage"},"image":{"@id":"https:\/\/wool-bed.com\/fi\/shop\/villa-vuodesetti-patja\/travel-kit-muisti-vaahto-silinteri-tyyny\/#primaryimage"},"thumbnailUrl":"https:\/\/wool-bed.com\/wp-content\/uploads\/2015\/10\/resekit21.jpg","datePublished":"2015-10-02T12:01:31+00:00","dateModified":"2016-10-28T15:30:12+00:00","breadcrumb":{"@id":"https:\/\/wool-bed.com\/fi\/shop\/villa-vuodesetti-patja\/travel-kit-muisti-vaahto-silinteri-tyyny\/#breadcrumb"},"inLanguage":"fi","potentialAction":[{"@type":"ReadAction","target":["https:\/\/wool-bed.com\/fi\/shop\/villa-vuodesetti-patja\/travel-kit-muisti-vaahto-silinteri-tyyny\/"]}]},{"@type":"ImageObject","inLanguage":"fi","@id":"https:\/\/wool-bed.com\/fi\/shop\/villa-vuodesetti-patja\/travel-kit-muisti-vaahto-silinteri-tyyny\/#primaryimage","url":"https:\/\/wool-bed.com\/wp-content\/uploads\/2015\/10\/resekit21.jpg","contentUrl":"https:\/\/wool-bed.com\/wp-content\/uploads\/2015\/10\/resekit21.jpg","width":800,"height":800},{"@type":"BreadcrumbList","@id":"https:\/\/wool-bed.com\/fi\/shop\/villa-vuodesetti-patja\/travel-kit-muisti-vaahto-silinteri-tyyny\/#breadcrumb","itemListElement":[{"@type":"ListItem","position":1,"name":"Home","item":"https:\/\/wool-bed.com\/fi\/"},{"@type":"ListItem","position":2,"name":"Tuotteet","item":"https:\/\/wool-bed.com\/fi\/shop\/"},{"@type":"ListItem","position":3,"name":"RESEKIT"}]},{"@type":"WebSite","@id":"https:\/\/wool-bed.com\/fi\/#website","url":"https:\/\/wool-bed.com\/fi\/","name":"WoolBed | SPECIALISTS IN WOOL, EXPERTS IN YOUR SLEEP","description":"In Woolbed we labour for your rest. Visit our online shop and discover our memory foam mattresses and Merino and Cashmere wool products with Woolmark quality guarantee.","potentialAction":[{"@type":"SearchAction","target":{"@type":"EntryPoint","urlTemplate":"https:\/\/wool-bed.com\/fi\/?s={search_term_string}"},"query-input":{"@type":"PropertyValueSpecification","valueRequired":true,"valueName":"search_term_string"}}],"inLanguage":"fi"}]}},"_links":{"self":[{"href":"https:\/\/wool-bed.com\/fi\/wp-json\/wp\/v2\/product\/2598","targetHints":{"allow":["GET"]}}],"collection":[{"href":"https:\/\/wool-bed.com\/fi\/wp-json\/wp\/v2\/product"}],"about":[{"href":"https:\/\/wool-bed.com\/fi\/wp-json\/wp\/v2\/types\/product"}],"replies":[{"embeddable":true,"href":"https:\/\/wool-bed.com\/fi\/wp-json\/wp\/v2\/comments?post=2598"}],"wp:featuredmedia":[{"embeddable":true,"href":"https:\/\/wool-bed.com\/fi\/wp-json\/wp\/v2\/media\/4445"}],"wp:attachment":[{"href":"https:\/\/wool-bed.com\/fi\/wp-json\/wp\/v2\/media?parent=2598"}],"wp:term":[{"taxonomy":"product_brand","embeddable":true,"href":"https:\/\/wool-bed.com\/fi\/wp-json\/wp\/v2\/product_brand?post=2598"},{"taxonomy":"product_cat","embeddable":true,"href":"https:\/\/wool-bed.com\/fi\/wp-json\/wp\/v2\/product_cat?post=2598"},{"taxonomy":"product_tag","embeddable":true,"href":"https:\/\/wool-bed.com\/fi\/wp-json\/wp\/v2\/product_tag?post=2598"}],"curies":[{"name":"wp","href":"https:\/\/api.w.org\/{rel}","templated":true}]}}