{"id":2594,"date":"2015-10-02T13:02:55","date_gmt":"2015-10-02T12:02:55","guid":{"rendered":"http:\/\/wool-bed.com\/product\/madrass-sensation-21-4\/"},"modified":"2025-11-21T16:32:25","modified_gmt":"2025-11-21T16:32:25","slug":"patja-sensation-21","status":"publish","type":"product","link":"https:\/\/wool-bed.com\/fi\/shop\/patjat\/patja-sensation-21\/","title":{"rendered":"MADRASS SENSATION 21"},"content":{"rendered":"<p><br data-mce-bogus=\"1\"><\/p>\n","protected":false},"excerpt":{"rendered":"<h3 style=\"text-align: left;\" align=\"CENTER\"><span style=\"color: #a40000;\">Mukautuva patjamme, joka sopeutuu kehon painoon<\/span><\/h3>\n<p>Me Woolbedill\u00e4 olemme lanseeranneet optimaalisen patjan tehty\u00e4mme useita parannuksia suosittuun \u201cOriginal Madrass\u201d -patjaamme. Esittelemme ylpe\u00e4n\u00e4 \u201c<strong>Madrass Sensation 21<\/strong>\u201d -patjan. T\u00e4m\u00e4 patja, jonka paksuus on 21 cm, antaa keholle maksimaalisen mukavuuden ja tuen, jota tarvitsemme paremman unen ja levon saavuttamiseksi. Patja on kehitetty siten, ett\u00e4 se antaa mikrohierontaa, joka aktivoi verenkiertoa ja auttaa ehk\u00e4isem\u00e4\u00e4n y\u00f6llist\u00e4 py\u00f6rimist\u00e4 ja k\u00e4\u00e4ntymist\u00e4 \u2013 samalla kun se mukautuu omaan kehon painoosi. Patjamme on ergonominen ja ortopedinen ja valmistettu kokonaan luonnonmateriaaleista.<br \/>\nMadrass Sensation 21 -patjassa on irrotettava ja pest\u00e4v\u00e4 puuvillap\u00e4\u00e4llinen, jossa on k\u00e4tev\u00e4 vetoketju alapuolella ja liukuestepinta, joka varmistaa, ett\u00e4 patja pysyy tukevasti paikoillaan.<\/p>\n<ul>\n<li>Irrotettava ja pest\u00e4v\u00e4 puuvillap\u00e4\u00e4llinen, jossa on k\u00e4yt\u00e4nn\u00f6llinen vetoketju<\/li>\n<li>Liukuestovaikutus vakaaseen paikallaanpysymiseen<\/li>\n<li>Ergonominen ja ortopedinen patja, joka muotoutuu kehon painon mukaan<\/li>\n<li>Kokonaiset 21 cm paksuutta maksimaalista mukavuutta varten<\/li>\n<li>Patjansuojus on testattu \u00d6KO Standard 100 -standardin mukaisesti<\/li>\n<\/ul>\n<p>Jos tarvitset erikoismittoihin tehdyn patjan, l\u00e4het\u00e4 meille s\u00e4hk\u00f6postia osoitteeseen <span style=\"color: #b20838;\"><a style=\"color: #b20838;\" href=\"mailto:sizes@wool-bed.com\"><span style=\"font-size: medium;\">sizes@wool-bed.com<\/span><\/a><\/span><\/p>\n","protected":false},"featured_media":5922,"comment_status":"closed","ping_status":"closed","template":"","meta":[],"product_brand":[],"product_cat":[213],"product_tag":[],"class_list":{"0":"post-2594","1":"product","2":"type-product","3":"status-publish","4":"has-post-thumbnail","6":"product_cat-patjat","8":"first","9":"instock","10":"shipping-taxable","11":"purchasable","12":"product-type-variable"},"bundle_layout":"","bundled_by":["1130","9633"],"bundled_items":[],"yoast_head":"<!-- This site is optimized with the Yoast SEO plugin v27.3 - https:\/\/yoast.com\/product\/yoast-seo-wordpress\/ -->\n<title>PATJA SENSATION 21 | WoolBed | EXPERTS IN YOUR SLEEP<\/title>\n<meta name=\"robots\" content=\"index, follow, max-snippet:-1, max-image-preview:large, max-video-preview:-1\" \/>\n<link rel=\"canonical\" href=\"https:\/\/wool-bed.com\/fi\/shop\/patjat\/patja-sensation-21\/\" \/>\n<meta property=\"og:locale\" content=\"fi_FI\" \/>\n<meta property=\"og:type\" content=\"article\" \/>\n<meta property=\"og:title\" content=\"PATJA SENSATION 21 | WoolBed | EXPERTS IN YOUR SLEEP\" \/>\n<meta property=\"og:description\" content=\"Mukautuva patjamme, joka sopeutuu kehon painoon Me Woolbedill\u00e4 olemme lanseeranneet optimaalisen patjan tehty\u00e4mme useita parannuksia suosittuun \u201cOriginal Madrass\u201d -patjaamme. Esittelemme ylpe\u00e4n\u00e4 \u201cMadrass Sensation 21\u201d -patjan. T\u00e4m\u00e4 patja, jonka paksuus on 21 cm, antaa keholle maksimaalisen mukavuuden ja tuen, jota tarvitsemme paremman unen ja levon saavuttamiseksi. Patja on kehitetty siten, ett\u00e4 se antaa mikrohierontaa, joka aktivoi verenkiertoa ja auttaa ehk\u00e4isem\u00e4\u00e4n y\u00f6llist\u00e4 py\u00f6rimist\u00e4 ja k\u00e4\u00e4ntymist\u00e4 \u2013 samalla kun se mukautuu omaan kehon painoosi. Patjamme on ergonominen ja ortopedinen ja valmistettu kokonaan luonnonmateriaaleista. Madrass Sensation 21 -patjassa on irrotettava ja pest\u00e4v\u00e4 puuvillap\u00e4\u00e4llinen, jossa on k\u00e4tev\u00e4 vetoketju alapuolella ja liukuestepinta, joka varmistaa, ett\u00e4 patja pysyy tukevasti paikoillaan.   Irrotettava ja pest\u00e4v\u00e4 puuvillap\u00e4\u00e4llinen, jossa on k\u00e4yt\u00e4nn\u00f6llinen vetoketju  Liukuestovaikutus vakaaseen paikallaanpysymiseen  Ergonominen ja ortopedinen patja, joka muotoutuu kehon painon mukaan  Kokonaiset 21 cm paksuutta maksimaalista mukavuutta varten  Patjansuojus on testattu \u00d6KO Standard 100 -standardin mukaisesti  Jos tarvitset erikoismittoihin tehdyn patjan, l\u00e4het\u00e4 meille s\u00e4hk\u00f6postia osoitteeseen sizes@wool-bed.com\" \/>\n<meta property=\"og:url\" content=\"https:\/\/wool-bed.com\/fi\/shop\/patjat\/patja-sensation-21\/\" \/>\n<meta property=\"og:site_name\" content=\"WoolBed | SPECIALISTS IN WOOL, EXPERTS IN YOUR SLEEP\" \/>\n<meta property=\"article:publisher\" content=\"https:\/\/www.facebook.com\/WoolBed\/\" \/>\n<meta property=\"article:modified_time\" content=\"2025-11-21T16:32:25+00:00\" \/>\n<meta property=\"og:image\" content=\"https:\/\/wool-bed.com\/wp-content\/uploads\/Madrass_Sensation21.jpg\" \/>\n\t<meta property=\"og:image:width\" content=\"800\" \/>\n\t<meta property=\"og:image:height\" content=\"800\" \/>\n\t<meta property=\"og:image:type\" content=\"image\/jpeg\" \/>\n<meta name=\"twitter:card\" content=\"summary_large_image\" \/>\n<script type=\"application\/ld+json\" class=\"yoast-schema-graph\">{\"@context\":\"https:\\\/\\\/schema.org\",\"@graph\":[{\"@type\":\"WebPage\",\"@id\":\"https:\\\/\\\/wool-bed.com\\\/fi\\\/shop\\\/patjat\\\/patja-sensation-21\\\/\",\"url\":\"https:\\\/\\\/wool-bed.com\\\/fi\\\/shop\\\/patjat\\\/patja-sensation-21\\\/\",\"name\":\"PATJA SENSATION 21 | WoolBed | EXPERTS IN YOUR SLEEP\",\"isPartOf\":{\"@id\":\"https:\\\/\\\/wool-bed.com\\\/fi\\\/#website\"},\"primaryImageOfPage\":{\"@id\":\"https:\\\/\\\/wool-bed.com\\\/fi\\\/shop\\\/patjat\\\/patja-sensation-21\\\/#primaryimage\"},\"image\":{\"@id\":\"https:\\\/\\\/wool-bed.com\\\/fi\\\/shop\\\/patjat\\\/patja-sensation-21\\\/#primaryimage\"},\"thumbnailUrl\":\"https:\\\/\\\/wool-bed.com\\\/wp-content\\\/uploads\\\/Madrass_Sensation21.jpg\",\"datePublished\":\"2015-10-02T12:02:55+00:00\",\"dateModified\":\"2025-11-21T16:32:25+00:00\",\"breadcrumb\":{\"@id\":\"https:\\\/\\\/wool-bed.com\\\/fi\\\/shop\\\/patjat\\\/patja-sensation-21\\\/#breadcrumb\"},\"inLanguage\":\"fi\",\"potentialAction\":[{\"@type\":\"ReadAction\",\"target\":[\"https:\\\/\\\/wool-bed.com\\\/fi\\\/shop\\\/patjat\\\/patja-sensation-21\\\/\"]}]},{\"@type\":\"ImageObject\",\"inLanguage\":\"fi\",\"@id\":\"https:\\\/\\\/wool-bed.com\\\/fi\\\/shop\\\/patjat\\\/patja-sensation-21\\\/#primaryimage\",\"url\":\"https:\\\/\\\/wool-bed.com\\\/wp-content\\\/uploads\\\/Madrass_Sensation21.jpg\",\"contentUrl\":\"https:\\\/\\\/wool-bed.com\\\/wp-content\\\/uploads\\\/Madrass_Sensation21.jpg\",\"width\":800,\"height\":800},{\"@type\":\"BreadcrumbList\",\"@id\":\"https:\\\/\\\/wool-bed.com\\\/fi\\\/shop\\\/patjat\\\/patja-sensation-21\\\/#breadcrumb\",\"itemListElement\":[{\"@type\":\"ListItem\",\"position\":1,\"name\":\"Home\",\"item\":\"https:\\\/\\\/wool-bed.com\\\/fi\\\/\"},{\"@type\":\"ListItem\",\"position\":2,\"name\":\"Tuotteet\",\"item\":\"https:\\\/\\\/wool-bed.com\\\/fi\\\/shop\\\/\"},{\"@type\":\"ListItem\",\"position\":3,\"name\":\"MADRASS SENSATION 21\"}]},{\"@type\":\"WebSite\",\"@id\":\"https:\\\/\\\/wool-bed.com\\\/fi\\\/#website\",\"url\":\"https:\\\/\\\/wool-bed.com\\\/fi\\\/\",\"name\":\"WoolBed | SPECIALISTS IN WOOL, EXPERTS IN YOUR SLEEP\",\"description\":\"In Woolbed we labour for your rest. Visit our online shop and discover our memory foam mattresses and Merino and Cashmere wool products with Woolmark quality guarantee.\",\"potentialAction\":[{\"@type\":\"SearchAction\",\"target\":{\"@type\":\"EntryPoint\",\"urlTemplate\":\"https:\\\/\\\/wool-bed.com\\\/fi\\\/?s={search_term_string}\"},\"query-input\":{\"@type\":\"PropertyValueSpecification\",\"valueRequired\":true,\"valueName\":\"search_term_string\"}}],\"inLanguage\":\"fi\"}]}<\/script>\n<!-- \/ Yoast SEO plugin. -->","yoast_head_json":{"title":"PATJA SENSATION 21 | WoolBed | EXPERTS IN YOUR SLEEP","robots":{"index":"index","follow":"follow","max-snippet":"max-snippet:-1","max-image-preview":"max-image-preview:large","max-video-preview":"max-video-preview:-1"},"canonical":"https:\/\/wool-bed.com\/fi\/shop\/patjat\/patja-sensation-21\/","og_locale":"fi_FI","og_type":"article","og_title":"PATJA SENSATION 21 | WoolBed | EXPERTS IN YOUR SLEEP","og_description":"Mukautuva patjamme, joka sopeutuu kehon painoon Me Woolbedill\u00e4 olemme lanseeranneet optimaalisen patjan tehty\u00e4mme useita parannuksia suosittuun \u201cOriginal Madrass\u201d -patjaamme. Esittelemme ylpe\u00e4n\u00e4 \u201cMadrass Sensation 21\u201d -patjan. T\u00e4m\u00e4 patja, jonka paksuus on 21 cm, antaa keholle maksimaalisen mukavuuden ja tuen, jota tarvitsemme paremman unen ja levon saavuttamiseksi. Patja on kehitetty siten, ett\u00e4 se antaa mikrohierontaa, joka aktivoi verenkiertoa ja auttaa ehk\u00e4isem\u00e4\u00e4n y\u00f6llist\u00e4 py\u00f6rimist\u00e4 ja k\u00e4\u00e4ntymist\u00e4 \u2013 samalla kun se mukautuu omaan kehon painoosi. Patjamme on ergonominen ja ortopedinen ja valmistettu kokonaan luonnonmateriaaleista. Madrass Sensation 21 -patjassa on irrotettava ja pest\u00e4v\u00e4 puuvillap\u00e4\u00e4llinen, jossa on k\u00e4tev\u00e4 vetoketju alapuolella ja liukuestepinta, joka varmistaa, ett\u00e4 patja pysyy tukevasti paikoillaan.   Irrotettava ja pest\u00e4v\u00e4 puuvillap\u00e4\u00e4llinen, jossa on k\u00e4yt\u00e4nn\u00f6llinen vetoketju  Liukuestovaikutus vakaaseen paikallaanpysymiseen  Ergonominen ja ortopedinen patja, joka muotoutuu kehon painon mukaan  Kokonaiset 21 cm paksuutta maksimaalista mukavuutta varten  Patjansuojus on testattu \u00d6KO Standard 100 -standardin mukaisesti  Jos tarvitset erikoismittoihin tehdyn patjan, l\u00e4het\u00e4 meille s\u00e4hk\u00f6postia osoitteeseen sizes@wool-bed.com","og_url":"https:\/\/wool-bed.com\/fi\/shop\/patjat\/patja-sensation-21\/","og_site_name":"WoolBed | SPECIALISTS IN WOOL, EXPERTS IN YOUR SLEEP","article_publisher":"https:\/\/www.facebook.com\/WoolBed\/","article_modified_time":"2025-11-21T16:32:25+00:00","og_image":[{"width":800,"height":800,"url":"https:\/\/wool-bed.com\/wp-content\/uploads\/Madrass_Sensation21.jpg","type":"image\/jpeg"}],"twitter_card":"summary_large_image","schema":{"@context":"https:\/\/schema.org","@graph":[{"@type":"WebPage","@id":"https:\/\/wool-bed.com\/fi\/shop\/patjat\/patja-sensation-21\/","url":"https:\/\/wool-bed.com\/fi\/shop\/patjat\/patja-sensation-21\/","name":"PATJA SENSATION 21 | WoolBed | EXPERTS IN YOUR SLEEP","isPartOf":{"@id":"https:\/\/wool-bed.com\/fi\/#website"},"primaryImageOfPage":{"@id":"https:\/\/wool-bed.com\/fi\/shop\/patjat\/patja-sensation-21\/#primaryimage"},"image":{"@id":"https:\/\/wool-bed.com\/fi\/shop\/patjat\/patja-sensation-21\/#primaryimage"},"thumbnailUrl":"https:\/\/wool-bed.com\/wp-content\/uploads\/Madrass_Sensation21.jpg","datePublished":"2015-10-02T12:02:55+00:00","dateModified":"2025-11-21T16:32:25+00:00","breadcrumb":{"@id":"https:\/\/wool-bed.com\/fi\/shop\/patjat\/patja-sensation-21\/#breadcrumb"},"inLanguage":"fi","potentialAction":[{"@type":"ReadAction","target":["https:\/\/wool-bed.com\/fi\/shop\/patjat\/patja-sensation-21\/"]}]},{"@type":"ImageObject","inLanguage":"fi","@id":"https:\/\/wool-bed.com\/fi\/shop\/patjat\/patja-sensation-21\/#primaryimage","url":"https:\/\/wool-bed.com\/wp-content\/uploads\/Madrass_Sensation21.jpg","contentUrl":"https:\/\/wool-bed.com\/wp-content\/uploads\/Madrass_Sensation21.jpg","width":800,"height":800},{"@type":"BreadcrumbList","@id":"https:\/\/wool-bed.com\/fi\/shop\/patjat\/patja-sensation-21\/#breadcrumb","itemListElement":[{"@type":"ListItem","position":1,"name":"Home","item":"https:\/\/wool-bed.com\/fi\/"},{"@type":"ListItem","position":2,"name":"Tuotteet","item":"https:\/\/wool-bed.com\/fi\/shop\/"},{"@type":"ListItem","position":3,"name":"MADRASS SENSATION 21"}]},{"@type":"WebSite","@id":"https:\/\/wool-bed.com\/fi\/#website","url":"https:\/\/wool-bed.com\/fi\/","name":"WoolBed | SPECIALISTS IN WOOL, EXPERTS IN YOUR SLEEP","description":"In Woolbed we labour for your rest. Visit our online shop and discover our memory foam mattresses and Merino and Cashmere wool products with Woolmark quality guarantee.","potentialAction":[{"@type":"SearchAction","target":{"@type":"EntryPoint","urlTemplate":"https:\/\/wool-bed.com\/fi\/?s={search_term_string}"},"query-input":{"@type":"PropertyValueSpecification","valueRequired":true,"valueName":"search_term_string"}}],"inLanguage":"fi"}]}},"_links":{"self":[{"href":"https:\/\/wool-bed.com\/fi\/wp-json\/wp\/v2\/product\/2594","targetHints":{"allow":["GET"]}}],"collection":[{"href":"https:\/\/wool-bed.com\/fi\/wp-json\/wp\/v2\/product"}],"about":[{"href":"https:\/\/wool-bed.com\/fi\/wp-json\/wp\/v2\/types\/product"}],"replies":[{"embeddable":true,"href":"https:\/\/wool-bed.com\/fi\/wp-json\/wp\/v2\/comments?post=2594"}],"wp:featuredmedia":[{"embeddable":true,"href":"https:\/\/wool-bed.com\/fi\/wp-json\/wp\/v2\/media\/5922"}],"wp:attachment":[{"href":"https:\/\/wool-bed.com\/fi\/wp-json\/wp\/v2\/media?parent=2594"}],"wp:term":[{"taxonomy":"product_brand","embeddable":true,"href":"https:\/\/wool-bed.com\/fi\/wp-json\/wp\/v2\/product_brand?post=2594"},{"taxonomy":"product_cat","embeddable":true,"href":"https:\/\/wool-bed.com\/fi\/wp-json\/wp\/v2\/product_cat?post=2594"},{"taxonomy":"product_tag","embeddable":true,"href":"https:\/\/wool-bed.com\/fi\/wp-json\/wp\/v2\/product_tag?post=2594"}],"curies":[{"name":"wp","href":"https:\/\/api.w.org\/{rel}","templated":true}]}}