{"id":2562,"date":"2015-10-02T13:05:18","date_gmt":"2015-10-02T12:05:18","guid":{"rendered":"http:\/\/wool-bed.com\/product\/sommartacke-med-kuddset\/"},"modified":"2016-11-10T12:31:47","modified_gmt":"2016-11-10T12:31:47","slug":"kesapeitto-ja-tyyny","status":"publish","type":"product","link":"https:\/\/wool-bed.com\/fi\/shop\/villa-vuodesetti\/kesapeitto-ja-tyyny\/","title":{"rendered":"SOMMART\u00c4CKE MED KUDDSET"},"content":{"rendered":"","protected":false},"excerpt":{"rendered":"<p>Uusi kes\u00e4huopamme on suunniteltu vuoden l\u00e4mpimpi\u00e4 kuukausia varten.<br \/>\nPeitto koostuu 100% kashmirvillasta ja on vain puolet jo tunnetun peittomme T\u00e4cken paksuudesta, mutta samoilla toiminnoilla, jotta se olisi kevyempi ja mukavampi tuohon aikaan vuodesta.<br \/>\nSettiin kuuluu my\u00f6s 40&#215;60 tyyny.<br \/>\nSe on saatavana eri v\u00e4risill\u00e4 koristereunoilla, valkoinen, harmaa tai punainen.<\/p>\n<p>Jos tarvitset erikoiskoon tilaukseesi, l\u00e4het\u00e4 s\u00e4hk\u00f6posti <span style=\"color: #b20838;\"><a style=\"color: #b20838;\" href=\"mailto:sizes@wool-bed.com\"><span style=\"font-size: medium;\">sizes@wool-bed.com<\/span><\/a><\/span><\/p>\n","protected":false},"featured_media":4392,"comment_status":"closed","ping_status":"closed","template":"","meta":[],"product_brand":[],"product_cat":[55],"product_tag":[],"class_list":{"0":"post-2562","1":"product","2":"type-product","3":"status-publish","4":"has-post-thumbnail","6":"product_cat-villa-vuodesetti","8":"first","9":"instock","10":"shipping-taxable","11":"purchasable","12":"product-type-variable"},"bundle_layout":"","bundled_by":[],"bundled_items":[],"yoast_head":"<!-- This site is optimized with the Yoast SEO plugin v27.5 - https:\/\/yoast.com\/product\/yoast-seo-wordpress\/ -->\n<title>KES\u00c4PEITTO JA TYYNY | WoolBed | ERIKOISTUNEITA VILLAAN, UNIEKSPERTTISI<\/title>\n<meta name=\"robots\" content=\"index, follow, max-snippet:-1, max-image-preview:large, max-video-preview:-1\" \/>\n<link rel=\"canonical\" href=\"https:\/\/wool-bed.com\/fi\/shop\/villa-vuodesetti\/kesapeitto-ja-tyyny\/\" \/>\n<meta property=\"og:locale\" content=\"fi_FI\" \/>\n<meta property=\"og:type\" content=\"article\" \/>\n<meta property=\"og:title\" content=\"KES\u00c4PEITTO JA TYYNY | WoolBed | ERIKOISTUNEITA VILLAAN, UNIEKSPERTTISI\" \/>\n<meta property=\"og:description\" content=\"Uusi kes\u00e4huopamme on suunniteltu vuoden l\u00e4mpimpi\u00e4 kuukausia varten. Peitto koostuu 100% kashmirvillasta ja on vain puolet jo tunnetun peittomme T\u00e4cken paksuudesta, mutta samoilla toiminnoilla, jotta se olisi kevyempi ja mukavampi tuohon aikaan vuodesta. Settiin kuuluu my\u00f6s 40x60 tyyny. Se on saatavana eri v\u00e4risill\u00e4 koristereunoilla, valkoinen, harmaa tai punainen.  Jos tarvitset erikoiskoon tilaukseesi, l\u00e4het\u00e4 s\u00e4hk\u00f6posti sizes@wool-bed.com\" \/>\n<meta property=\"og:url\" content=\"https:\/\/wool-bed.com\/fi\/shop\/villa-vuodesetti\/kesapeitto-ja-tyyny\/\" \/>\n<meta property=\"og:site_name\" content=\"WoolBed | SPECIALISTS IN WOOL, EXPERTS IN YOUR SLEEP\" \/>\n<meta property=\"article:publisher\" content=\"https:\/\/www.facebook.com\/WoolBed\/\" \/>\n<meta property=\"article:modified_time\" content=\"2016-11-10T12:31:47+00:00\" \/>\n<meta property=\"og:image\" content=\"https:\/\/wool-bed.com\/wp-content\/uploads\/2015\/10\/kuddset21.jpg\" \/>\n\t<meta property=\"og:image:width\" content=\"800\" \/>\n\t<meta property=\"og:image:height\" content=\"800\" \/>\n\t<meta property=\"og:image:type\" content=\"image\/jpeg\" \/>\n<meta name=\"twitter:card\" content=\"summary_large_image\" \/>\n<script type=\"application\/ld+json\" class=\"yoast-schema-graph\">{\"@context\":\"https:\\\/\\\/schema.org\",\"@graph\":[{\"@type\":\"WebPage\",\"@id\":\"https:\\\/\\\/wool-bed.com\\\/fi\\\/shop\\\/villa-vuodesetti\\\/kesapeitto-ja-tyyny\\\/\",\"url\":\"https:\\\/\\\/wool-bed.com\\\/fi\\\/shop\\\/villa-vuodesetti\\\/kesapeitto-ja-tyyny\\\/\",\"name\":\"KES\u00c4PEITTO JA TYYNY | WoolBed | ERIKOISTUNEITA VILLAAN, UNIEKSPERTTISI\",\"isPartOf\":{\"@id\":\"https:\\\/\\\/wool-bed.com\\\/fi\\\/#website\"},\"primaryImageOfPage\":{\"@id\":\"https:\\\/\\\/wool-bed.com\\\/fi\\\/shop\\\/villa-vuodesetti\\\/kesapeitto-ja-tyyny\\\/#primaryimage\"},\"image\":{\"@id\":\"https:\\\/\\\/wool-bed.com\\\/fi\\\/shop\\\/villa-vuodesetti\\\/kesapeitto-ja-tyyny\\\/#primaryimage\"},\"thumbnailUrl\":\"https:\\\/\\\/wool-bed.com\\\/wp-content\\\/uploads\\\/2015\\\/10\\\/kuddset21.jpg\",\"datePublished\":\"2015-10-02T12:05:18+00:00\",\"dateModified\":\"2016-11-10T12:31:47+00:00\",\"breadcrumb\":{\"@id\":\"https:\\\/\\\/wool-bed.com\\\/fi\\\/shop\\\/villa-vuodesetti\\\/kesapeitto-ja-tyyny\\\/#breadcrumb\"},\"inLanguage\":\"fi\",\"potentialAction\":[{\"@type\":\"ReadAction\",\"target\":[\"https:\\\/\\\/wool-bed.com\\\/fi\\\/shop\\\/villa-vuodesetti\\\/kesapeitto-ja-tyyny\\\/\"]}]},{\"@type\":\"ImageObject\",\"inLanguage\":\"fi\",\"@id\":\"https:\\\/\\\/wool-bed.com\\\/fi\\\/shop\\\/villa-vuodesetti\\\/kesapeitto-ja-tyyny\\\/#primaryimage\",\"url\":\"https:\\\/\\\/wool-bed.com\\\/wp-content\\\/uploads\\\/2015\\\/10\\\/kuddset21.jpg\",\"contentUrl\":\"https:\\\/\\\/wool-bed.com\\\/wp-content\\\/uploads\\\/2015\\\/10\\\/kuddset21.jpg\",\"width\":800,\"height\":800},{\"@type\":\"BreadcrumbList\",\"@id\":\"https:\\\/\\\/wool-bed.com\\\/fi\\\/shop\\\/villa-vuodesetti\\\/kesapeitto-ja-tyyny\\\/#breadcrumb\",\"itemListElement\":[{\"@type\":\"ListItem\",\"position\":1,\"name\":\"Home\",\"item\":\"https:\\\/\\\/wool-bed.com\\\/fi\\\/\"},{\"@type\":\"ListItem\",\"position\":2,\"name\":\"Tuotteet\",\"item\":\"https:\\\/\\\/wool-bed.com\\\/fi\\\/shop\\\/\"},{\"@type\":\"ListItem\",\"position\":3,\"name\":\"SOMMART\u00c4CKE MED KUDDSET\"}]},{\"@type\":\"WebSite\",\"@id\":\"https:\\\/\\\/wool-bed.com\\\/fi\\\/#website\",\"url\":\"https:\\\/\\\/wool-bed.com\\\/fi\\\/\",\"name\":\"WoolBed | SPECIALISTS IN WOOL, EXPERTS IN YOUR SLEEP\",\"description\":\"In Woolbed we labour for your rest. Visit our online shop and discover our memory foam mattresses and Merino and Cashmere wool products with Woolmark quality guarantee.\",\"potentialAction\":[{\"@type\":\"SearchAction\",\"target\":{\"@type\":\"EntryPoint\",\"urlTemplate\":\"https:\\\/\\\/wool-bed.com\\\/fi\\\/?s={search_term_string}\"},\"query-input\":{\"@type\":\"PropertyValueSpecification\",\"valueRequired\":true,\"valueName\":\"search_term_string\"}}],\"inLanguage\":\"fi\"}]}<\/script>\n<!-- \/ Yoast SEO plugin. -->","yoast_head_json":{"title":"KES\u00c4PEITTO JA TYYNY | WoolBed | ERIKOISTUNEITA VILLAAN, UNIEKSPERTTISI","robots":{"index":"index","follow":"follow","max-snippet":"max-snippet:-1","max-image-preview":"max-image-preview:large","max-video-preview":"max-video-preview:-1"},"canonical":"https:\/\/wool-bed.com\/fi\/shop\/villa-vuodesetti\/kesapeitto-ja-tyyny\/","og_locale":"fi_FI","og_type":"article","og_title":"KES\u00c4PEITTO JA TYYNY | WoolBed | ERIKOISTUNEITA VILLAAN, UNIEKSPERTTISI","og_description":"Uusi kes\u00e4huopamme on suunniteltu vuoden l\u00e4mpimpi\u00e4 kuukausia varten. Peitto koostuu 100% kashmirvillasta ja on vain puolet jo tunnetun peittomme T\u00e4cken paksuudesta, mutta samoilla toiminnoilla, jotta se olisi kevyempi ja mukavampi tuohon aikaan vuodesta. Settiin kuuluu my\u00f6s 40x60 tyyny. Se on saatavana eri v\u00e4risill\u00e4 koristereunoilla, valkoinen, harmaa tai punainen.  Jos tarvitset erikoiskoon tilaukseesi, l\u00e4het\u00e4 s\u00e4hk\u00f6posti sizes@wool-bed.com","og_url":"https:\/\/wool-bed.com\/fi\/shop\/villa-vuodesetti\/kesapeitto-ja-tyyny\/","og_site_name":"WoolBed | SPECIALISTS IN WOOL, EXPERTS IN YOUR SLEEP","article_publisher":"https:\/\/www.facebook.com\/WoolBed\/","article_modified_time":"2016-11-10T12:31:47+00:00","og_image":[{"width":800,"height":800,"url":"https:\/\/wool-bed.com\/wp-content\/uploads\/2015\/10\/kuddset21.jpg","type":"image\/jpeg"}],"twitter_card":"summary_large_image","schema":{"@context":"https:\/\/schema.org","@graph":[{"@type":"WebPage","@id":"https:\/\/wool-bed.com\/fi\/shop\/villa-vuodesetti\/kesapeitto-ja-tyyny\/","url":"https:\/\/wool-bed.com\/fi\/shop\/villa-vuodesetti\/kesapeitto-ja-tyyny\/","name":"KES\u00c4PEITTO JA TYYNY | WoolBed | ERIKOISTUNEITA VILLAAN, UNIEKSPERTTISI","isPartOf":{"@id":"https:\/\/wool-bed.com\/fi\/#website"},"primaryImageOfPage":{"@id":"https:\/\/wool-bed.com\/fi\/shop\/villa-vuodesetti\/kesapeitto-ja-tyyny\/#primaryimage"},"image":{"@id":"https:\/\/wool-bed.com\/fi\/shop\/villa-vuodesetti\/kesapeitto-ja-tyyny\/#primaryimage"},"thumbnailUrl":"https:\/\/wool-bed.com\/wp-content\/uploads\/2015\/10\/kuddset21.jpg","datePublished":"2015-10-02T12:05:18+00:00","dateModified":"2016-11-10T12:31:47+00:00","breadcrumb":{"@id":"https:\/\/wool-bed.com\/fi\/shop\/villa-vuodesetti\/kesapeitto-ja-tyyny\/#breadcrumb"},"inLanguage":"fi","potentialAction":[{"@type":"ReadAction","target":["https:\/\/wool-bed.com\/fi\/shop\/villa-vuodesetti\/kesapeitto-ja-tyyny\/"]}]},{"@type":"ImageObject","inLanguage":"fi","@id":"https:\/\/wool-bed.com\/fi\/shop\/villa-vuodesetti\/kesapeitto-ja-tyyny\/#primaryimage","url":"https:\/\/wool-bed.com\/wp-content\/uploads\/2015\/10\/kuddset21.jpg","contentUrl":"https:\/\/wool-bed.com\/wp-content\/uploads\/2015\/10\/kuddset21.jpg","width":800,"height":800},{"@type":"BreadcrumbList","@id":"https:\/\/wool-bed.com\/fi\/shop\/villa-vuodesetti\/kesapeitto-ja-tyyny\/#breadcrumb","itemListElement":[{"@type":"ListItem","position":1,"name":"Home","item":"https:\/\/wool-bed.com\/fi\/"},{"@type":"ListItem","position":2,"name":"Tuotteet","item":"https:\/\/wool-bed.com\/fi\/shop\/"},{"@type":"ListItem","position":3,"name":"SOMMART\u00c4CKE MED KUDDSET"}]},{"@type":"WebSite","@id":"https:\/\/wool-bed.com\/fi\/#website","url":"https:\/\/wool-bed.com\/fi\/","name":"WoolBed | SPECIALISTS IN WOOL, EXPERTS IN YOUR SLEEP","description":"In Woolbed we labour for your rest. Visit our online shop and discover our memory foam mattresses and Merino and Cashmere wool products with Woolmark quality guarantee.","potentialAction":[{"@type":"SearchAction","target":{"@type":"EntryPoint","urlTemplate":"https:\/\/wool-bed.com\/fi\/?s={search_term_string}"},"query-input":{"@type":"PropertyValueSpecification","valueRequired":true,"valueName":"search_term_string"}}],"inLanguage":"fi"}]}},"_links":{"self":[{"href":"https:\/\/wool-bed.com\/fi\/wp-json\/wp\/v2\/product\/2562","targetHints":{"allow":["GET"]}}],"collection":[{"href":"https:\/\/wool-bed.com\/fi\/wp-json\/wp\/v2\/product"}],"about":[{"href":"https:\/\/wool-bed.com\/fi\/wp-json\/wp\/v2\/types\/product"}],"replies":[{"embeddable":true,"href":"https:\/\/wool-bed.com\/fi\/wp-json\/wp\/v2\/comments?post=2562"}],"wp:featuredmedia":[{"embeddable":true,"href":"https:\/\/wool-bed.com\/fi\/wp-json\/wp\/v2\/media\/4392"}],"wp:attachment":[{"href":"https:\/\/wool-bed.com\/fi\/wp-json\/wp\/v2\/media?parent=2562"}],"wp:term":[{"taxonomy":"product_brand","embeddable":true,"href":"https:\/\/wool-bed.com\/fi\/wp-json\/wp\/v2\/product_brand?post=2562"},{"taxonomy":"product_cat","embeddable":true,"href":"https:\/\/wool-bed.com\/fi\/wp-json\/wp\/v2\/product_cat?post=2562"},{"taxonomy":"product_tag","embeddable":true,"href":"https:\/\/wool-bed.com\/fi\/wp-json\/wp\/v2\/product_tag?post=2562"}],"curies":[{"name":"wp","href":"https:\/\/api.w.org\/{rel}","templated":true}]}}