{"id":2520,"date":"2015-10-02T12:51:57","date_gmt":"2015-10-02T11:51:57","guid":{"rendered":"http:\/\/wool-bed.com\/?post_type=product&#038;p=2520"},"modified":"2025-11-21T16:44:13","modified_gmt":"2025-11-21T16:44:13","slug":"paallyspatja","status":"publish","type":"product","link":"https:\/\/wool-bed.com\/fi\/shop\/patjat\/paallyspatja\/","title":{"rendered":"TOPPMADRASS 7"},"content":{"rendered":"","protected":false},"excerpt":{"rendered":"<h3><span style=\"color: #a40000;\">Mukava petauspatja, joka tukee kehon painopisteit\u00e4<\/span><\/h3>\n<p>Topper 7 -petauspatjamme on suunniteltu antamaan lis\u00e4tukea ja mukautumaan kehon painoon.<\/p>\n<p>Sen korkean mukavuuden ansiosta se auttaa ehk\u00e4isem\u00e4\u00e4n kipua alueilla, joihin kohdistuu enemm\u00e4n painetta, kuten lantiolla, sel\u00e4ss\u00e4 ja hartioissa. Topper 7 asetetaan nykyisen patjasi p\u00e4\u00e4lle, edellytt\u00e4en ett\u00e4 se on hyv\u00e4ss\u00e4 kunnossa, ja tarjoaa n\u00e4in mukavuutta ja tukea heti ensimm\u00e4isest\u00e4 p\u00e4iv\u00e4st\u00e4.<\/p>\n<p>Topper 7 on suunniteltu 5 cm luonnonkumista ja 2 cm viskosta, ja siin\u00e4 on pehme\u00e4, irrotettava ja pest\u00e4v\u00e4 p\u00e4\u00e4llinen. Alapuolella on vetoketju, joka helpottaa pesemist\u00e4 ja k\u00e4sittely\u00e4, sek\u00e4 liukuestekerros t\u00e4ydellisen vakauden varmistamiseksi.<\/p>\n<ul>\n<li>Irrotettava ja pest\u00e4v\u00e4 puuvillap\u00e4\u00e4llinen, jossa on k\u00e4yt\u00e4nn\u00f6llinen vetoketju<\/li>\n<li>Liukuestovaikutus vakaaseen paikallaan pysymiseen<\/li>\n<li>Luonnonkumi ja visko optimaaliseen mukavuuteen<\/li>\n<li>Ihanteellinen k\u00e4ytt\u00e4\u00e4 olemassa olevan patjan p\u00e4\u00e4ll\u00e4, jos se on erinomaisessa kunnossa<\/li>\n<li>Patjansuoja on testattu \u00d6KO Standard 100 -standardin mukaisesti<\/li>\n<\/ul>\n<p>Jos tarvitset erikoismittaisen tuotteen, l\u00e4het\u00e4 meille s\u00e4hk\u00f6postia osoitteeseen <span style=\"color: #b20838;\"><a style=\"color: #b20838;\" href=\"mailto:sizes@wool-bed.com\"><span style=\"font-size: medium;\">sizes@wool-bed.com<\/span><\/a><\/span><\/p>\n","protected":false},"featured_media":8628,"comment_status":"closed","ping_status":"closed","template":"","meta":[],"product_brand":[],"product_cat":[213],"product_tag":[],"class_list":{"0":"post-2520","1":"product","2":"type-product","3":"status-publish","4":"has-post-thumbnail","6":"product_cat-patjat","8":"first","9":"instock","10":"shipping-taxable","11":"purchasable","12":"product-type-variable"},"bundle_layout":"","bundled_by":["2598","2651","2647","2643","2598","9648","9652","9657"],"bundled_items":[],"yoast_head":"<!-- This site is optimized with the Yoast SEO plugin v27.5 - https:\/\/yoast.com\/product\/yoast-seo-wordpress\/ -->\n<title>P\u00c4\u00c4LLYSPATJA | WoolBed | ERIKOISTUNEITA VILLAAN, UNIEKSPERTTISI<\/title>\n<meta name=\"robots\" content=\"index, follow, max-snippet:-1, max-image-preview:large, max-video-preview:-1\" \/>\n<link rel=\"canonical\" href=\"https:\/\/wool-bed.com\/fi\/shop\/patjat\/paallyspatja\/\" \/>\n<meta property=\"og:locale\" content=\"fi_FI\" \/>\n<meta property=\"og:type\" content=\"article\" \/>\n<meta property=\"og:title\" content=\"P\u00c4\u00c4LLYSPATJA | WoolBed | ERIKOISTUNEITA VILLAAN, UNIEKSPERTTISI\" \/>\n<meta property=\"og:description\" content=\"Mukava petauspatja, joka tukee kehon painopisteit\u00e4 Topper 7 -petauspatjamme on suunniteltu antamaan lis\u00e4tukea ja mukautumaan kehon painoon.  Sen korkean mukavuuden ansiosta se auttaa ehk\u00e4isem\u00e4\u00e4n kipua alueilla, joihin kohdistuu enemm\u00e4n painetta, kuten lantiolla, sel\u00e4ss\u00e4 ja hartioissa. Topper 7 asetetaan nykyisen patjasi p\u00e4\u00e4lle, edellytt\u00e4en ett\u00e4 se on hyv\u00e4ss\u00e4 kunnossa, ja tarjoaa n\u00e4in mukavuutta ja tukea heti ensimm\u00e4isest\u00e4 p\u00e4iv\u00e4st\u00e4.  Topper 7 on suunniteltu 5 cm luonnonkumista ja 2 cm viskosta, ja siin\u00e4 on pehme\u00e4, irrotettava ja pest\u00e4v\u00e4 p\u00e4\u00e4llinen. Alapuolella on vetoketju, joka helpottaa pesemist\u00e4 ja k\u00e4sittely\u00e4, sek\u00e4 liukuestekerros t\u00e4ydellisen vakauden varmistamiseksi.   Irrotettava ja pest\u00e4v\u00e4 puuvillap\u00e4\u00e4llinen, jossa on k\u00e4yt\u00e4nn\u00f6llinen vetoketju  Liukuestovaikutus vakaaseen paikallaan pysymiseen  Luonnonkumi ja visko optimaaliseen mukavuuteen  Ihanteellinen k\u00e4ytt\u00e4\u00e4 olemassa olevan patjan p\u00e4\u00e4ll\u00e4, jos se on erinomaisessa kunnossa  Patjansuoja on testattu \u00d6KO Standard 100 -standardin mukaisesti  Jos tarvitset erikoismittaisen tuotteen, l\u00e4het\u00e4 meille s\u00e4hk\u00f6postia osoitteeseen sizes@wool-bed.com\" \/>\n<meta property=\"og:url\" content=\"https:\/\/wool-bed.com\/fi\/shop\/patjat\/paallyspatja\/\" \/>\n<meta property=\"og:site_name\" content=\"WoolBed | SPECIALISTS IN WOOL, EXPERTS IN YOUR SLEEP\" \/>\n<meta property=\"article:publisher\" content=\"https:\/\/www.facebook.com\/WoolBed\/\" \/>\n<meta property=\"article:modified_time\" content=\"2025-11-21T16:44:13+00:00\" \/>\n<meta property=\"og:image\" content=\"https:\/\/wool-bed.com\/wp-content\/uploads\/toppmadrass7-woolbed-collection-2019-detail-.jpg\" \/>\n\t<meta property=\"og:image:width\" content=\"800\" \/>\n\t<meta property=\"og:image:height\" content=\"800\" \/>\n\t<meta property=\"og:image:type\" content=\"image\/jpeg\" \/>\n<meta name=\"twitter:card\" content=\"summary_large_image\" \/>\n<script type=\"application\/ld+json\" class=\"yoast-schema-graph\">{\"@context\":\"https:\\\/\\\/schema.org\",\"@graph\":[{\"@type\":\"WebPage\",\"@id\":\"https:\\\/\\\/wool-bed.com\\\/fi\\\/shop\\\/patjat\\\/paallyspatja\\\/\",\"url\":\"https:\\\/\\\/wool-bed.com\\\/fi\\\/shop\\\/patjat\\\/paallyspatja\\\/\",\"name\":\"P\u00c4\u00c4LLYSPATJA | WoolBed | ERIKOISTUNEITA VILLAAN, UNIEKSPERTTISI\",\"isPartOf\":{\"@id\":\"https:\\\/\\\/wool-bed.com\\\/fi\\\/#website\"},\"primaryImageOfPage\":{\"@id\":\"https:\\\/\\\/wool-bed.com\\\/fi\\\/shop\\\/patjat\\\/paallyspatja\\\/#primaryimage\"},\"image\":{\"@id\":\"https:\\\/\\\/wool-bed.com\\\/fi\\\/shop\\\/patjat\\\/paallyspatja\\\/#primaryimage\"},\"thumbnailUrl\":\"https:\\\/\\\/wool-bed.com\\\/wp-content\\\/uploads\\\/toppmadrass7-woolbed-collection-2019-detail-.jpg\",\"datePublished\":\"2015-10-02T11:51:57+00:00\",\"dateModified\":\"2025-11-21T16:44:13+00:00\",\"breadcrumb\":{\"@id\":\"https:\\\/\\\/wool-bed.com\\\/fi\\\/shop\\\/patjat\\\/paallyspatja\\\/#breadcrumb\"},\"inLanguage\":\"fi\",\"potentialAction\":[{\"@type\":\"ReadAction\",\"target\":[\"https:\\\/\\\/wool-bed.com\\\/fi\\\/shop\\\/patjat\\\/paallyspatja\\\/\"]}]},{\"@type\":\"ImageObject\",\"inLanguage\":\"fi\",\"@id\":\"https:\\\/\\\/wool-bed.com\\\/fi\\\/shop\\\/patjat\\\/paallyspatja\\\/#primaryimage\",\"url\":\"https:\\\/\\\/wool-bed.com\\\/wp-content\\\/uploads\\\/toppmadrass7-woolbed-collection-2019-detail-.jpg\",\"contentUrl\":\"https:\\\/\\\/wool-bed.com\\\/wp-content\\\/uploads\\\/toppmadrass7-woolbed-collection-2019-detail-.jpg\",\"width\":800,\"height\":800},{\"@type\":\"BreadcrumbList\",\"@id\":\"https:\\\/\\\/wool-bed.com\\\/fi\\\/shop\\\/patjat\\\/paallyspatja\\\/#breadcrumb\",\"itemListElement\":[{\"@type\":\"ListItem\",\"position\":1,\"name\":\"Home\",\"item\":\"https:\\\/\\\/wool-bed.com\\\/fi\\\/\"},{\"@type\":\"ListItem\",\"position\":2,\"name\":\"Tuotteet\",\"item\":\"https:\\\/\\\/wool-bed.com\\\/fi\\\/shop\\\/\"},{\"@type\":\"ListItem\",\"position\":3,\"name\":\"TOPPMADRASS 7\"}]},{\"@type\":\"WebSite\",\"@id\":\"https:\\\/\\\/wool-bed.com\\\/fi\\\/#website\",\"url\":\"https:\\\/\\\/wool-bed.com\\\/fi\\\/\",\"name\":\"WoolBed | SPECIALISTS IN WOOL, EXPERTS IN YOUR SLEEP\",\"description\":\"In Woolbed we labour for your rest. Visit our online shop and discover our memory foam mattresses and Merino and Cashmere wool products with Woolmark quality guarantee.\",\"potentialAction\":[{\"@type\":\"SearchAction\",\"target\":{\"@type\":\"EntryPoint\",\"urlTemplate\":\"https:\\\/\\\/wool-bed.com\\\/fi\\\/?s={search_term_string}\"},\"query-input\":{\"@type\":\"PropertyValueSpecification\",\"valueRequired\":true,\"valueName\":\"search_term_string\"}}],\"inLanguage\":\"fi\"}]}<\/script>\n<!-- \/ Yoast SEO plugin. -->","yoast_head_json":{"title":"P\u00c4\u00c4LLYSPATJA | WoolBed | ERIKOISTUNEITA VILLAAN, UNIEKSPERTTISI","robots":{"index":"index","follow":"follow","max-snippet":"max-snippet:-1","max-image-preview":"max-image-preview:large","max-video-preview":"max-video-preview:-1"},"canonical":"https:\/\/wool-bed.com\/fi\/shop\/patjat\/paallyspatja\/","og_locale":"fi_FI","og_type":"article","og_title":"P\u00c4\u00c4LLYSPATJA | WoolBed | ERIKOISTUNEITA VILLAAN, UNIEKSPERTTISI","og_description":"Mukava petauspatja, joka tukee kehon painopisteit\u00e4 Topper 7 -petauspatjamme on suunniteltu antamaan lis\u00e4tukea ja mukautumaan kehon painoon.  Sen korkean mukavuuden ansiosta se auttaa ehk\u00e4isem\u00e4\u00e4n kipua alueilla, joihin kohdistuu enemm\u00e4n painetta, kuten lantiolla, sel\u00e4ss\u00e4 ja hartioissa. Topper 7 asetetaan nykyisen patjasi p\u00e4\u00e4lle, edellytt\u00e4en ett\u00e4 se on hyv\u00e4ss\u00e4 kunnossa, ja tarjoaa n\u00e4in mukavuutta ja tukea heti ensimm\u00e4isest\u00e4 p\u00e4iv\u00e4st\u00e4.  Topper 7 on suunniteltu 5 cm luonnonkumista ja 2 cm viskosta, ja siin\u00e4 on pehme\u00e4, irrotettava ja pest\u00e4v\u00e4 p\u00e4\u00e4llinen. Alapuolella on vetoketju, joka helpottaa pesemist\u00e4 ja k\u00e4sittely\u00e4, sek\u00e4 liukuestekerros t\u00e4ydellisen vakauden varmistamiseksi.   Irrotettava ja pest\u00e4v\u00e4 puuvillap\u00e4\u00e4llinen, jossa on k\u00e4yt\u00e4nn\u00f6llinen vetoketju  Liukuestovaikutus vakaaseen paikallaan pysymiseen  Luonnonkumi ja visko optimaaliseen mukavuuteen  Ihanteellinen k\u00e4ytt\u00e4\u00e4 olemassa olevan patjan p\u00e4\u00e4ll\u00e4, jos se on erinomaisessa kunnossa  Patjansuoja on testattu \u00d6KO Standard 100 -standardin mukaisesti  Jos tarvitset erikoismittaisen tuotteen, l\u00e4het\u00e4 meille s\u00e4hk\u00f6postia osoitteeseen sizes@wool-bed.com","og_url":"https:\/\/wool-bed.com\/fi\/shop\/patjat\/paallyspatja\/","og_site_name":"WoolBed | SPECIALISTS IN WOOL, EXPERTS IN YOUR SLEEP","article_publisher":"https:\/\/www.facebook.com\/WoolBed\/","article_modified_time":"2025-11-21T16:44:13+00:00","og_image":[{"width":800,"height":800,"url":"https:\/\/wool-bed.com\/wp-content\/uploads\/toppmadrass7-woolbed-collection-2019-detail-.jpg","type":"image\/jpeg"}],"twitter_card":"summary_large_image","schema":{"@context":"https:\/\/schema.org","@graph":[{"@type":"WebPage","@id":"https:\/\/wool-bed.com\/fi\/shop\/patjat\/paallyspatja\/","url":"https:\/\/wool-bed.com\/fi\/shop\/patjat\/paallyspatja\/","name":"P\u00c4\u00c4LLYSPATJA | WoolBed | ERIKOISTUNEITA VILLAAN, UNIEKSPERTTISI","isPartOf":{"@id":"https:\/\/wool-bed.com\/fi\/#website"},"primaryImageOfPage":{"@id":"https:\/\/wool-bed.com\/fi\/shop\/patjat\/paallyspatja\/#primaryimage"},"image":{"@id":"https:\/\/wool-bed.com\/fi\/shop\/patjat\/paallyspatja\/#primaryimage"},"thumbnailUrl":"https:\/\/wool-bed.com\/wp-content\/uploads\/toppmadrass7-woolbed-collection-2019-detail-.jpg","datePublished":"2015-10-02T11:51:57+00:00","dateModified":"2025-11-21T16:44:13+00:00","breadcrumb":{"@id":"https:\/\/wool-bed.com\/fi\/shop\/patjat\/paallyspatja\/#breadcrumb"},"inLanguage":"fi","potentialAction":[{"@type":"ReadAction","target":["https:\/\/wool-bed.com\/fi\/shop\/patjat\/paallyspatja\/"]}]},{"@type":"ImageObject","inLanguage":"fi","@id":"https:\/\/wool-bed.com\/fi\/shop\/patjat\/paallyspatja\/#primaryimage","url":"https:\/\/wool-bed.com\/wp-content\/uploads\/toppmadrass7-woolbed-collection-2019-detail-.jpg","contentUrl":"https:\/\/wool-bed.com\/wp-content\/uploads\/toppmadrass7-woolbed-collection-2019-detail-.jpg","width":800,"height":800},{"@type":"BreadcrumbList","@id":"https:\/\/wool-bed.com\/fi\/shop\/patjat\/paallyspatja\/#breadcrumb","itemListElement":[{"@type":"ListItem","position":1,"name":"Home","item":"https:\/\/wool-bed.com\/fi\/"},{"@type":"ListItem","position":2,"name":"Tuotteet","item":"https:\/\/wool-bed.com\/fi\/shop\/"},{"@type":"ListItem","position":3,"name":"TOPPMADRASS 7"}]},{"@type":"WebSite","@id":"https:\/\/wool-bed.com\/fi\/#website","url":"https:\/\/wool-bed.com\/fi\/","name":"WoolBed | SPECIALISTS IN WOOL, EXPERTS IN YOUR SLEEP","description":"In Woolbed we labour for your rest. Visit our online shop and discover our memory foam mattresses and Merino and Cashmere wool products with Woolmark quality guarantee.","potentialAction":[{"@type":"SearchAction","target":{"@type":"EntryPoint","urlTemplate":"https:\/\/wool-bed.com\/fi\/?s={search_term_string}"},"query-input":{"@type":"PropertyValueSpecification","valueRequired":true,"valueName":"search_term_string"}}],"inLanguage":"fi"}]}},"_links":{"self":[{"href":"https:\/\/wool-bed.com\/fi\/wp-json\/wp\/v2\/product\/2520","targetHints":{"allow":["GET"]}}],"collection":[{"href":"https:\/\/wool-bed.com\/fi\/wp-json\/wp\/v2\/product"}],"about":[{"href":"https:\/\/wool-bed.com\/fi\/wp-json\/wp\/v2\/types\/product"}],"replies":[{"embeddable":true,"href":"https:\/\/wool-bed.com\/fi\/wp-json\/wp\/v2\/comments?post=2520"}],"wp:featuredmedia":[{"embeddable":true,"href":"https:\/\/wool-bed.com\/fi\/wp-json\/wp\/v2\/media\/8628"}],"wp:attachment":[{"href":"https:\/\/wool-bed.com\/fi\/wp-json\/wp\/v2\/media?parent=2520"}],"wp:term":[{"taxonomy":"product_brand","embeddable":true,"href":"https:\/\/wool-bed.com\/fi\/wp-json\/wp\/v2\/product_brand?post=2520"},{"taxonomy":"product_cat","embeddable":true,"href":"https:\/\/wool-bed.com\/fi\/wp-json\/wp\/v2\/product_cat?post=2520"},{"taxonomy":"product_tag","embeddable":true,"href":"https:\/\/wool-bed.com\/fi\/wp-json\/wp\/v2\/product_tag?post=2520"}],"curies":[{"name":"wp","href":"https:\/\/api.w.org\/{rel}","templated":true}]}}