{"id":1022,"date":"2015-05-07T16:32:51","date_gmt":"2015-05-07T15:32:51","guid":{"rendered":"http:\/\/wool-bed.com\/product\/pillow-2\/"},"modified":"2019-02-14T16:09:30","modified_gmt":"2019-02-14T16:09:30","slug":"silikonipalloja-tyyny-vuode","status":"publish","type":"product","link":"https:\/\/wool-bed.com\/fi\/shop\/luonnollinen-orgaaninen-villa\/silikonipalloja-tyyny-vuode\/","title":{"rendered":"KUDDE"},"content":{"rendered":"","protected":false},"excerpt":{"rendered":"<p>Woolbedin tyynyss\u00e4 on irrotettava tyynynp\u00e4\u00e4llinen merinovillaa. Sisempi tyyny on t\u00e4ynn\u00e4 silikonipalloja joilla voidaan s\u00e4\u00e4t\u00e4\u00e4 tyynyn korkeutta tarpeen mukaan.<\/p>\n<p>Tyyny on saatavilla punaisella, harmaalla tai valkoisella reunakoristeella. Sis\u00e4tyyny sis\u00e4lt\u00f6ineen voidaan pest\u00e4 90\u00baC. Kashmir-ja merinovillaiset tyynyliinat voidaan pest\u00e4 30\u00baC.<\/p>\n<p>Jos tarvitset erikoiskoon tilaukseesi, l\u00e4het\u00e4 s\u00e4hk\u00f6posti <a href=\"mailto:sizes@wool-bed.com\"><span style=\"font-size: medium;\">sizes@wool-bed.com<\/span><\/a><\/p>\n","protected":false},"featured_media":8148,"comment_status":"closed","ping_status":"closed","template":"","meta":[],"product_brand":[],"product_cat":[56],"product_tag":[],"class_list":{"0":"post-1022","1":"product","2":"type-product","3":"status-publish","4":"has-post-thumbnail","6":"product_cat-luonnollinen-orgaaninen-villa","8":"first","9":"instock","10":"featured","11":"shipping-taxable","12":"purchasable","13":"product-type-variable"},"bundle_layout":"","bundled_by":["2598","2643","1118","2598","1130","9633","9636","9657"],"bundled_items":[],"yoast_head":"<!-- This site is optimized with the Yoast SEO plugin v27.3 - https:\/\/yoast.com\/product\/yoast-seo-wordpress\/ -->\n<title>VILLA TYYNY | WoolBed | ERIKOISTUNEITA VILLAAN, UNIEKSPERTTISI<\/title>\n<meta name=\"robots\" content=\"index, follow, max-snippet:-1, max-image-preview:large, max-video-preview:-1\" \/>\n<link rel=\"canonical\" href=\"https:\/\/wool-bed.com\/fi\/shop\/luonnollinen-orgaaninen-villa\/silikonipalloja-tyyny-vuode\/\" \/>\n<meta property=\"og:locale\" content=\"fi_FI\" \/>\n<meta property=\"og:type\" content=\"article\" \/>\n<meta property=\"og:title\" content=\"VILLA TYYNY | WoolBed | ERIKOISTUNEITA VILLAAN, UNIEKSPERTTISI\" \/>\n<meta property=\"og:description\" content=\"Woolbedin tyynyss\u00e4 on irrotettava tyynynp\u00e4\u00e4llinen merinovillaa. Sisempi tyyny on t\u00e4ynn\u00e4 silikonipalloja joilla voidaan s\u00e4\u00e4t\u00e4\u00e4 tyynyn korkeutta tarpeen mukaan.  Tyyny on saatavilla punaisella, harmaalla tai valkoisella reunakoristeella. Sis\u00e4tyyny sis\u00e4lt\u00f6ineen voidaan pest\u00e4 90\u00baC. Kashmir-ja merinovillaiset tyynyliinat voidaan pest\u00e4 30\u00baC.  Jos tarvitset erikoiskoon tilaukseesi, l\u00e4het\u00e4 s\u00e4hk\u00f6posti sizes@wool-bed.com\" \/>\n<meta property=\"og:url\" content=\"https:\/\/wool-bed.com\/fi\/shop\/luonnollinen-orgaaninen-villa\/silikonipalloja-tyyny-vuode\/\" \/>\n<meta property=\"og:site_name\" content=\"WoolBed | SPECIALISTS IN WOOL, EXPERTS IN YOUR SLEEP\" \/>\n<meta property=\"article:publisher\" content=\"https:\/\/www.facebook.com\/WoolBed\/\" \/>\n<meta property=\"article:modified_time\" content=\"2019-02-14T16:09:30+00:00\" \/>\n<meta property=\"og:image\" content=\"https:\/\/wool-bed.com\/wp-content\/uploads\/kudde-woolbed-collection-2019.jpg\" \/>\n\t<meta property=\"og:image:width\" content=\"800\" \/>\n\t<meta property=\"og:image:height\" content=\"800\" \/>\n\t<meta property=\"og:image:type\" content=\"image\/jpeg\" \/>\n<meta name=\"twitter:card\" content=\"summary_large_image\" \/>\n<script type=\"application\/ld+json\" class=\"yoast-schema-graph\">{\"@context\":\"https:\\\/\\\/schema.org\",\"@graph\":[{\"@type\":\"WebPage\",\"@id\":\"https:\\\/\\\/wool-bed.com\\\/fi\\\/shop\\\/luonnollinen-orgaaninen-villa\\\/silikonipalloja-tyyny-vuode\\\/\",\"url\":\"https:\\\/\\\/wool-bed.com\\\/fi\\\/shop\\\/luonnollinen-orgaaninen-villa\\\/silikonipalloja-tyyny-vuode\\\/\",\"name\":\"VILLA TYYNY | WoolBed | ERIKOISTUNEITA VILLAAN, UNIEKSPERTTISI\",\"isPartOf\":{\"@id\":\"https:\\\/\\\/wool-bed.com\\\/fi\\\/#website\"},\"primaryImageOfPage\":{\"@id\":\"https:\\\/\\\/wool-bed.com\\\/fi\\\/shop\\\/luonnollinen-orgaaninen-villa\\\/silikonipalloja-tyyny-vuode\\\/#primaryimage\"},\"image\":{\"@id\":\"https:\\\/\\\/wool-bed.com\\\/fi\\\/shop\\\/luonnollinen-orgaaninen-villa\\\/silikonipalloja-tyyny-vuode\\\/#primaryimage\"},\"thumbnailUrl\":\"https:\\\/\\\/wool-bed.com\\\/wp-content\\\/uploads\\\/kudde-woolbed-collection-2019.jpg\",\"datePublished\":\"2015-05-07T15:32:51+00:00\",\"dateModified\":\"2019-02-14T16:09:30+00:00\",\"breadcrumb\":{\"@id\":\"https:\\\/\\\/wool-bed.com\\\/fi\\\/shop\\\/luonnollinen-orgaaninen-villa\\\/silikonipalloja-tyyny-vuode\\\/#breadcrumb\"},\"inLanguage\":\"fi\",\"potentialAction\":[{\"@type\":\"ReadAction\",\"target\":[\"https:\\\/\\\/wool-bed.com\\\/fi\\\/shop\\\/luonnollinen-orgaaninen-villa\\\/silikonipalloja-tyyny-vuode\\\/\"]}]},{\"@type\":\"ImageObject\",\"inLanguage\":\"fi\",\"@id\":\"https:\\\/\\\/wool-bed.com\\\/fi\\\/shop\\\/luonnollinen-orgaaninen-villa\\\/silikonipalloja-tyyny-vuode\\\/#primaryimage\",\"url\":\"https:\\\/\\\/wool-bed.com\\\/wp-content\\\/uploads\\\/kudde-woolbed-collection-2019.jpg\",\"contentUrl\":\"https:\\\/\\\/wool-bed.com\\\/wp-content\\\/uploads\\\/kudde-woolbed-collection-2019.jpg\",\"width\":800,\"height\":800},{\"@type\":\"BreadcrumbList\",\"@id\":\"https:\\\/\\\/wool-bed.com\\\/fi\\\/shop\\\/luonnollinen-orgaaninen-villa\\\/silikonipalloja-tyyny-vuode\\\/#breadcrumb\",\"itemListElement\":[{\"@type\":\"ListItem\",\"position\":1,\"name\":\"Home\",\"item\":\"https:\\\/\\\/wool-bed.com\\\/fi\\\/\"},{\"@type\":\"ListItem\",\"position\":2,\"name\":\"Tuotteet\",\"item\":\"https:\\\/\\\/wool-bed.com\\\/fi\\\/shop\\\/\"},{\"@type\":\"ListItem\",\"position\":3,\"name\":\"KUDDE\"}]},{\"@type\":\"WebSite\",\"@id\":\"https:\\\/\\\/wool-bed.com\\\/fi\\\/#website\",\"url\":\"https:\\\/\\\/wool-bed.com\\\/fi\\\/\",\"name\":\"WoolBed | SPECIALISTS IN WOOL, EXPERTS IN YOUR SLEEP\",\"description\":\"In Woolbed we labour for your rest. Visit our online shop and discover our memory foam mattresses and Merino and Cashmere wool products with Woolmark quality guarantee.\",\"potentialAction\":[{\"@type\":\"SearchAction\",\"target\":{\"@type\":\"EntryPoint\",\"urlTemplate\":\"https:\\\/\\\/wool-bed.com\\\/fi\\\/?s={search_term_string}\"},\"query-input\":{\"@type\":\"PropertyValueSpecification\",\"valueRequired\":true,\"valueName\":\"search_term_string\"}}],\"inLanguage\":\"fi\"}]}<\/script>\n<!-- \/ Yoast SEO plugin. -->","yoast_head_json":{"title":"VILLA TYYNY | WoolBed | ERIKOISTUNEITA VILLAAN, UNIEKSPERTTISI","robots":{"index":"index","follow":"follow","max-snippet":"max-snippet:-1","max-image-preview":"max-image-preview:large","max-video-preview":"max-video-preview:-1"},"canonical":"https:\/\/wool-bed.com\/fi\/shop\/luonnollinen-orgaaninen-villa\/silikonipalloja-tyyny-vuode\/","og_locale":"fi_FI","og_type":"article","og_title":"VILLA TYYNY | WoolBed | ERIKOISTUNEITA VILLAAN, UNIEKSPERTTISI","og_description":"Woolbedin tyynyss\u00e4 on irrotettava tyynynp\u00e4\u00e4llinen merinovillaa. Sisempi tyyny on t\u00e4ynn\u00e4 silikonipalloja joilla voidaan s\u00e4\u00e4t\u00e4\u00e4 tyynyn korkeutta tarpeen mukaan.  Tyyny on saatavilla punaisella, harmaalla tai valkoisella reunakoristeella. Sis\u00e4tyyny sis\u00e4lt\u00f6ineen voidaan pest\u00e4 90\u00baC. Kashmir-ja merinovillaiset tyynyliinat voidaan pest\u00e4 30\u00baC.  Jos tarvitset erikoiskoon tilaukseesi, l\u00e4het\u00e4 s\u00e4hk\u00f6posti sizes@wool-bed.com","og_url":"https:\/\/wool-bed.com\/fi\/shop\/luonnollinen-orgaaninen-villa\/silikonipalloja-tyyny-vuode\/","og_site_name":"WoolBed | SPECIALISTS IN WOOL, EXPERTS IN YOUR SLEEP","article_publisher":"https:\/\/www.facebook.com\/WoolBed\/","article_modified_time":"2019-02-14T16:09:30+00:00","og_image":[{"width":800,"height":800,"url":"https:\/\/wool-bed.com\/wp-content\/uploads\/kudde-woolbed-collection-2019.jpg","type":"image\/jpeg"}],"twitter_card":"summary_large_image","schema":{"@context":"https:\/\/schema.org","@graph":[{"@type":"WebPage","@id":"https:\/\/wool-bed.com\/fi\/shop\/luonnollinen-orgaaninen-villa\/silikonipalloja-tyyny-vuode\/","url":"https:\/\/wool-bed.com\/fi\/shop\/luonnollinen-orgaaninen-villa\/silikonipalloja-tyyny-vuode\/","name":"VILLA TYYNY | WoolBed | ERIKOISTUNEITA VILLAAN, UNIEKSPERTTISI","isPartOf":{"@id":"https:\/\/wool-bed.com\/fi\/#website"},"primaryImageOfPage":{"@id":"https:\/\/wool-bed.com\/fi\/shop\/luonnollinen-orgaaninen-villa\/silikonipalloja-tyyny-vuode\/#primaryimage"},"image":{"@id":"https:\/\/wool-bed.com\/fi\/shop\/luonnollinen-orgaaninen-villa\/silikonipalloja-tyyny-vuode\/#primaryimage"},"thumbnailUrl":"https:\/\/wool-bed.com\/wp-content\/uploads\/kudde-woolbed-collection-2019.jpg","datePublished":"2015-05-07T15:32:51+00:00","dateModified":"2019-02-14T16:09:30+00:00","breadcrumb":{"@id":"https:\/\/wool-bed.com\/fi\/shop\/luonnollinen-orgaaninen-villa\/silikonipalloja-tyyny-vuode\/#breadcrumb"},"inLanguage":"fi","potentialAction":[{"@type":"ReadAction","target":["https:\/\/wool-bed.com\/fi\/shop\/luonnollinen-orgaaninen-villa\/silikonipalloja-tyyny-vuode\/"]}]},{"@type":"ImageObject","inLanguage":"fi","@id":"https:\/\/wool-bed.com\/fi\/shop\/luonnollinen-orgaaninen-villa\/silikonipalloja-tyyny-vuode\/#primaryimage","url":"https:\/\/wool-bed.com\/wp-content\/uploads\/kudde-woolbed-collection-2019.jpg","contentUrl":"https:\/\/wool-bed.com\/wp-content\/uploads\/kudde-woolbed-collection-2019.jpg","width":800,"height":800},{"@type":"BreadcrumbList","@id":"https:\/\/wool-bed.com\/fi\/shop\/luonnollinen-orgaaninen-villa\/silikonipalloja-tyyny-vuode\/#breadcrumb","itemListElement":[{"@type":"ListItem","position":1,"name":"Home","item":"https:\/\/wool-bed.com\/fi\/"},{"@type":"ListItem","position":2,"name":"Tuotteet","item":"https:\/\/wool-bed.com\/fi\/shop\/"},{"@type":"ListItem","position":3,"name":"KUDDE"}]},{"@type":"WebSite","@id":"https:\/\/wool-bed.com\/fi\/#website","url":"https:\/\/wool-bed.com\/fi\/","name":"WoolBed | SPECIALISTS IN WOOL, EXPERTS IN YOUR SLEEP","description":"In Woolbed we labour for your rest. Visit our online shop and discover our memory foam mattresses and Merino and Cashmere wool products with Woolmark quality guarantee.","potentialAction":[{"@type":"SearchAction","target":{"@type":"EntryPoint","urlTemplate":"https:\/\/wool-bed.com\/fi\/?s={search_term_string}"},"query-input":{"@type":"PropertyValueSpecification","valueRequired":true,"valueName":"search_term_string"}}],"inLanguage":"fi"}]}},"_links":{"self":[{"href":"https:\/\/wool-bed.com\/fi\/wp-json\/wp\/v2\/product\/1022","targetHints":{"allow":["GET"]}}],"collection":[{"href":"https:\/\/wool-bed.com\/fi\/wp-json\/wp\/v2\/product"}],"about":[{"href":"https:\/\/wool-bed.com\/fi\/wp-json\/wp\/v2\/types\/product"}],"replies":[{"embeddable":true,"href":"https:\/\/wool-bed.com\/fi\/wp-json\/wp\/v2\/comments?post=1022"}],"wp:featuredmedia":[{"embeddable":true,"href":"https:\/\/wool-bed.com\/fi\/wp-json\/wp\/v2\/media\/8148"}],"wp:attachment":[{"href":"https:\/\/wool-bed.com\/fi\/wp-json\/wp\/v2\/media?parent=1022"}],"wp:term":[{"taxonomy":"product_brand","embeddable":true,"href":"https:\/\/wool-bed.com\/fi\/wp-json\/wp\/v2\/product_brand?post=1022"},{"taxonomy":"product_cat","embeddable":true,"href":"https:\/\/wool-bed.com\/fi\/wp-json\/wp\/v2\/product_cat?post=1022"},{"taxonomy":"product_tag","embeddable":true,"href":"https:\/\/wool-bed.com\/fi\/wp-json\/wp\/v2\/product_tag?post=1022"}],"curies":[{"name":"wp","href":"https:\/\/api.w.org\/{rel}","templated":true}]}}