{"id":10135,"date":"2024-04-01T12:48:38","date_gmt":"2024-04-01T11:48:38","guid":{"rendered":"https:\/\/wool-bed.com\/?post_type=product&#038;p=10135"},"modified":"2025-10-30T16:08:57","modified_gmt":"2025-10-30T16:08:57","slug":"2-sittdyna-mjuk","status":"publish","type":"product","link":"https:\/\/wool-bed.com\/fi\/shop\/tarjoukset\/2-sittdyna-mjuk\/","title":{"rendered":"Sittdyna Mjuk"},"content":{"rendered":"","protected":false},"excerpt":{"rendered":"<p>Woolbedin viimeisimm\u00e4t uutuudet!Pehme\u00e4 yhden hengen istuintyyny.<\/p>\n<p>Nyt saat mukaasi kaikki villan parhaat ominaisuudet, miss\u00e4 ikin\u00e4 oletkin.<\/p>\n<p>Uusi yhdenistuttava pehme\u00e4 alusta on helppo rullata ja s\u00e4ilytt\u00e4\u00e4 matka- tai muussa laukussa. Voit ottaa sen mukaan minne menetkin, ja voit istua kylmill\u00e4kin pinnoilla huoletta.<\/p>\n<p>Koko: 40x40cm<\/p>\n","protected":false},"featured_media":10143,"comment_status":"closed","ping_status":"closed","template":"","meta":[],"product_brand":[],"product_cat":[350,288],"product_tag":[],"class_list":{"0":"post-10135","1":"product","2":"type-product","3":"status-publish","4":"has-post-thumbnail","6":"product_cat-lisatarvikkeet","7":"product_cat-tarjoukset","9":"first","10":"instock","11":"shipping-taxable","12":"purchasable","13":"product-type-simple"},"bundle_layout":"","bundled_by":[],"bundled_items":[],"yoast_head":"<!-- This site is optimized with the Yoast SEO plugin v27.3 - https:\/\/yoast.com\/product\/yoast-seo-wordpress\/ -->\n<title>Sittdyna Mjuk | WoolBed | SPECIALISTS IN WOOL, EXPERTS IN YOUR SLEEP<\/title>\n<meta name=\"description\" content=\"Pehme\u00e4 yhden hengen istuintyyny. Sittdyna Mjuk | WoolBed | SPECIALISTS IN WOOL, EXPERTS IN YOUR SLEEP\" \/>\n<meta name=\"robots\" content=\"index, follow, max-snippet:-1, max-image-preview:large, max-video-preview:-1\" \/>\n<link rel=\"canonical\" href=\"https:\/\/wool-bed.com\/fi\/shop\/tarjoukset\/2-sittdyna-mjuk\/\" \/>\n<meta property=\"og:locale\" content=\"fi_FI\" \/>\n<meta property=\"og:type\" content=\"article\" \/>\n<meta property=\"og:title\" content=\"Sittdyna Mjuk | WoolBed | SPECIALISTS IN WOOL, EXPERTS IN YOUR SLEEP\" \/>\n<meta property=\"og:description\" content=\"Pehme\u00e4 yhden hengen istuintyyny. Sittdyna Mjuk | WoolBed | SPECIALISTS IN WOOL, EXPERTS IN YOUR SLEEP\" \/>\n<meta property=\"og:url\" content=\"https:\/\/wool-bed.com\/fi\/shop\/tarjoukset\/2-sittdyna-mjuk\/\" \/>\n<meta property=\"og:site_name\" content=\"WoolBed | SPECIALISTS IN WOOL, EXPERTS IN YOUR SLEEP\" \/>\n<meta property=\"article:publisher\" content=\"https:\/\/www.facebook.com\/WoolBed\/\" \/>\n<meta property=\"article:modified_time\" content=\"2025-10-30T16:08:57+00:00\" \/>\n<meta property=\"og:image\" content=\"https:\/\/wool-bed.com\/wp-content\/uploads\/mjuk-sittdyna-open_x2.jpg\" \/>\n\t<meta property=\"og:image:width\" content=\"800\" \/>\n\t<meta property=\"og:image:height\" content=\"800\" \/>\n\t<meta property=\"og:image:type\" content=\"image\/jpeg\" \/>\n<meta name=\"twitter:card\" content=\"summary_large_image\" \/>\n<script type=\"application\/ld+json\" class=\"yoast-schema-graph\">{\"@context\":\"https:\\\/\\\/schema.org\",\"@graph\":[{\"@type\":\"WebPage\",\"@id\":\"https:\\\/\\\/wool-bed.com\\\/fi\\\/shop\\\/tarjoukset\\\/2-sittdyna-mjuk\\\/\",\"url\":\"https:\\\/\\\/wool-bed.com\\\/fi\\\/shop\\\/tarjoukset\\\/2-sittdyna-mjuk\\\/\",\"name\":\"Sittdyna Mjuk | WoolBed | SPECIALISTS IN WOOL, EXPERTS IN YOUR SLEEP\",\"isPartOf\":{\"@id\":\"https:\\\/\\\/wool-bed.com\\\/fi\\\/#website\"},\"primaryImageOfPage\":{\"@id\":\"https:\\\/\\\/wool-bed.com\\\/fi\\\/shop\\\/tarjoukset\\\/2-sittdyna-mjuk\\\/#primaryimage\"},\"image\":{\"@id\":\"https:\\\/\\\/wool-bed.com\\\/fi\\\/shop\\\/tarjoukset\\\/2-sittdyna-mjuk\\\/#primaryimage\"},\"thumbnailUrl\":\"https:\\\/\\\/wool-bed.com\\\/wp-content\\\/uploads\\\/mjuk-sittdyna-open_x2.jpg\",\"datePublished\":\"2024-04-01T11:48:38+00:00\",\"dateModified\":\"2025-10-30T16:08:57+00:00\",\"description\":\"Pehme\u00e4 yhden hengen istuintyyny. Sittdyna Mjuk | WoolBed | SPECIALISTS IN WOOL, EXPERTS IN YOUR SLEEP\",\"breadcrumb\":{\"@id\":\"https:\\\/\\\/wool-bed.com\\\/fi\\\/shop\\\/tarjoukset\\\/2-sittdyna-mjuk\\\/#breadcrumb\"},\"inLanguage\":\"fi\",\"potentialAction\":[{\"@type\":\"ReadAction\",\"target\":[\"https:\\\/\\\/wool-bed.com\\\/fi\\\/shop\\\/tarjoukset\\\/2-sittdyna-mjuk\\\/\"]}]},{\"@type\":\"ImageObject\",\"inLanguage\":\"fi\",\"@id\":\"https:\\\/\\\/wool-bed.com\\\/fi\\\/shop\\\/tarjoukset\\\/2-sittdyna-mjuk\\\/#primaryimage\",\"url\":\"https:\\\/\\\/wool-bed.com\\\/wp-content\\\/uploads\\\/mjuk-sittdyna-open_x2.jpg\",\"contentUrl\":\"https:\\\/\\\/wool-bed.com\\\/wp-content\\\/uploads\\\/mjuk-sittdyna-open_x2.jpg\",\"width\":800,\"height\":800},{\"@type\":\"BreadcrumbList\",\"@id\":\"https:\\\/\\\/wool-bed.com\\\/fi\\\/shop\\\/tarjoukset\\\/2-sittdyna-mjuk\\\/#breadcrumb\",\"itemListElement\":[{\"@type\":\"ListItem\",\"position\":1,\"name\":\"Home\",\"item\":\"https:\\\/\\\/wool-bed.com\\\/fi\\\/\"},{\"@type\":\"ListItem\",\"position\":2,\"name\":\"Tuotteet\",\"item\":\"https:\\\/\\\/wool-bed.com\\\/fi\\\/shop\\\/\"},{\"@type\":\"ListItem\",\"position\":3,\"name\":\"Sittdyna Mjuk\"}]},{\"@type\":\"WebSite\",\"@id\":\"https:\\\/\\\/wool-bed.com\\\/fi\\\/#website\",\"url\":\"https:\\\/\\\/wool-bed.com\\\/fi\\\/\",\"name\":\"WoolBed | SPECIALISTS IN WOOL, EXPERTS IN YOUR SLEEP\",\"description\":\"In Woolbed we labour for your rest. Visit our online shop and discover our memory foam mattresses and Merino and Cashmere wool products with Woolmark quality guarantee.\",\"potentialAction\":[{\"@type\":\"SearchAction\",\"target\":{\"@type\":\"EntryPoint\",\"urlTemplate\":\"https:\\\/\\\/wool-bed.com\\\/fi\\\/?s={search_term_string}\"},\"query-input\":{\"@type\":\"PropertyValueSpecification\",\"valueRequired\":true,\"valueName\":\"search_term_string\"}}],\"inLanguage\":\"fi\"}]}<\/script>\n<!-- \/ Yoast SEO plugin. -->","yoast_head_json":{"title":"Sittdyna Mjuk | WoolBed | SPECIALISTS IN WOOL, EXPERTS IN YOUR SLEEP","description":"Pehme\u00e4 yhden hengen istuintyyny. Sittdyna Mjuk | WoolBed | SPECIALISTS IN WOOL, EXPERTS IN YOUR SLEEP","robots":{"index":"index","follow":"follow","max-snippet":"max-snippet:-1","max-image-preview":"max-image-preview:large","max-video-preview":"max-video-preview:-1"},"canonical":"https:\/\/wool-bed.com\/fi\/shop\/tarjoukset\/2-sittdyna-mjuk\/","og_locale":"fi_FI","og_type":"article","og_title":"Sittdyna Mjuk | WoolBed | SPECIALISTS IN WOOL, EXPERTS IN YOUR SLEEP","og_description":"Pehme\u00e4 yhden hengen istuintyyny. Sittdyna Mjuk | WoolBed | SPECIALISTS IN WOOL, EXPERTS IN YOUR SLEEP","og_url":"https:\/\/wool-bed.com\/fi\/shop\/tarjoukset\/2-sittdyna-mjuk\/","og_site_name":"WoolBed | SPECIALISTS IN WOOL, EXPERTS IN YOUR SLEEP","article_publisher":"https:\/\/www.facebook.com\/WoolBed\/","article_modified_time":"2025-10-30T16:08:57+00:00","og_image":[{"width":800,"height":800,"url":"https:\/\/wool-bed.com\/wp-content\/uploads\/mjuk-sittdyna-open_x2.jpg","type":"image\/jpeg"}],"twitter_card":"summary_large_image","schema":{"@context":"https:\/\/schema.org","@graph":[{"@type":"WebPage","@id":"https:\/\/wool-bed.com\/fi\/shop\/tarjoukset\/2-sittdyna-mjuk\/","url":"https:\/\/wool-bed.com\/fi\/shop\/tarjoukset\/2-sittdyna-mjuk\/","name":"Sittdyna Mjuk | WoolBed | SPECIALISTS IN WOOL, EXPERTS IN YOUR SLEEP","isPartOf":{"@id":"https:\/\/wool-bed.com\/fi\/#website"},"primaryImageOfPage":{"@id":"https:\/\/wool-bed.com\/fi\/shop\/tarjoukset\/2-sittdyna-mjuk\/#primaryimage"},"image":{"@id":"https:\/\/wool-bed.com\/fi\/shop\/tarjoukset\/2-sittdyna-mjuk\/#primaryimage"},"thumbnailUrl":"https:\/\/wool-bed.com\/wp-content\/uploads\/mjuk-sittdyna-open_x2.jpg","datePublished":"2024-04-01T11:48:38+00:00","dateModified":"2025-10-30T16:08:57+00:00","description":"Pehme\u00e4 yhden hengen istuintyyny. Sittdyna Mjuk | WoolBed | SPECIALISTS IN WOOL, EXPERTS IN YOUR SLEEP","breadcrumb":{"@id":"https:\/\/wool-bed.com\/fi\/shop\/tarjoukset\/2-sittdyna-mjuk\/#breadcrumb"},"inLanguage":"fi","potentialAction":[{"@type":"ReadAction","target":["https:\/\/wool-bed.com\/fi\/shop\/tarjoukset\/2-sittdyna-mjuk\/"]}]},{"@type":"ImageObject","inLanguage":"fi","@id":"https:\/\/wool-bed.com\/fi\/shop\/tarjoukset\/2-sittdyna-mjuk\/#primaryimage","url":"https:\/\/wool-bed.com\/wp-content\/uploads\/mjuk-sittdyna-open_x2.jpg","contentUrl":"https:\/\/wool-bed.com\/wp-content\/uploads\/mjuk-sittdyna-open_x2.jpg","width":800,"height":800},{"@type":"BreadcrumbList","@id":"https:\/\/wool-bed.com\/fi\/shop\/tarjoukset\/2-sittdyna-mjuk\/#breadcrumb","itemListElement":[{"@type":"ListItem","position":1,"name":"Home","item":"https:\/\/wool-bed.com\/fi\/"},{"@type":"ListItem","position":2,"name":"Tuotteet","item":"https:\/\/wool-bed.com\/fi\/shop\/"},{"@type":"ListItem","position":3,"name":"Sittdyna Mjuk"}]},{"@type":"WebSite","@id":"https:\/\/wool-bed.com\/fi\/#website","url":"https:\/\/wool-bed.com\/fi\/","name":"WoolBed | SPECIALISTS IN WOOL, EXPERTS IN YOUR SLEEP","description":"In Woolbed we labour for your rest. Visit our online shop and discover our memory foam mattresses and Merino and Cashmere wool products with Woolmark quality guarantee.","potentialAction":[{"@type":"SearchAction","target":{"@type":"EntryPoint","urlTemplate":"https:\/\/wool-bed.com\/fi\/?s={search_term_string}"},"query-input":{"@type":"PropertyValueSpecification","valueRequired":true,"valueName":"search_term_string"}}],"inLanguage":"fi"}]}},"_links":{"self":[{"href":"https:\/\/wool-bed.com\/fi\/wp-json\/wp\/v2\/product\/10135","targetHints":{"allow":["GET"]}}],"collection":[{"href":"https:\/\/wool-bed.com\/fi\/wp-json\/wp\/v2\/product"}],"about":[{"href":"https:\/\/wool-bed.com\/fi\/wp-json\/wp\/v2\/types\/product"}],"replies":[{"embeddable":true,"href":"https:\/\/wool-bed.com\/fi\/wp-json\/wp\/v2\/comments?post=10135"}],"wp:featuredmedia":[{"embeddable":true,"href":"https:\/\/wool-bed.com\/fi\/wp-json\/wp\/v2\/media\/10143"}],"wp:attachment":[{"href":"https:\/\/wool-bed.com\/fi\/wp-json\/wp\/v2\/media?parent=10135"}],"wp:term":[{"taxonomy":"product_brand","embeddable":true,"href":"https:\/\/wool-bed.com\/fi\/wp-json\/wp\/v2\/product_brand?post=10135"},{"taxonomy":"product_cat","embeddable":true,"href":"https:\/\/wool-bed.com\/fi\/wp-json\/wp\/v2\/product_cat?post=10135"},{"taxonomy":"product_tag","embeddable":true,"href":"https:\/\/wool-bed.com\/fi\/wp-json\/wp\/v2\/product_tag?post=10135"}],"curies":[{"name":"wp","href":"https:\/\/api.w.org\/{rel}","templated":true}]}}