{"id":1007,"date":"2015-05-07T16:04:42","date_gmt":"2015-08-06T14:48:27","guid":{"rendered":"http:\/\/wool-bed.com\/?post_type=product&#038;p=1007"},"modified":"2023-11-30T11:29:16","modified_gmt":"2023-11-30T11:29:16","slug":"villapeitto-peitto-talvipeitto","status":"publish","type":"product","link":"https:\/\/wool-bed.com\/fi\/shop\/luonnollinen-orgaaninen-villa\/villapeitto-peitto-talvipeitto\/","title":{"rendered":"T\u00c4CKE"},"content":{"rendered":"","protected":false},"excerpt":{"rendered":"<p>Peitto on valmistettu kahdesta kerroksesta villaa, joiden v\u00e4liss\u00e4 kiert\u00e4\u00e4 ilma. Niimp\u00e4 villa hengitt\u00e4\u00e4 ja s\u00e4ilytt\u00e4\u00e4 kehon l\u00e4mp\u00f6tilan tasaisena.<br \/>\nPeitoissa valinnan mukaan koristereunat joko viininpunainen, harmaa tai valkoinen<\/p>\n<p><span class=\"HwtZe\" lang=\"fi\"><span class=\"jCAhz ChMk0b\"><span class=\"ryNqvb\">Vakiomitat ovat: 140 x 200 cm.<\/span><\/span><\/span><\/p>\n<p>Jos tarvitset erikoiskoon tilaukseesi, l\u00e4het\u00e4 s\u00e4hk\u00f6posti <a href=\"mailto:sizes@wool-bed.com\"><span style=\"font-size: medium;\">sizes@wool-bed.com<\/span><\/a><\/p>\n","protected":false},"featured_media":4485,"comment_status":"closed","ping_status":"closed","template":"","meta":[],"product_brand":[],"product_cat":[56],"product_tag":[],"class_list":{"0":"post-1007","1":"product","2":"type-product","3":"status-publish","4":"has-post-thumbnail","6":"product_cat-luonnollinen-orgaaninen-villa","8":"first","9":"instock","10":"featured","11":"shipping-taxable","12":"purchasable","13":"product-type-variable"},"bundle_layout":"","bundled_by":["2643","1118","1130","9633","9636","9657"],"bundled_items":[],"yoast_head":"<!-- This site is optimized with the Yoast SEO plugin v27.3 - https:\/\/yoast.com\/product\/yoast-seo-wordpress\/ -->\n<title>VILLAPEITTO | WoolBed | ERIKOISTUNEITA VILLAAN, UNIEKSPERTTISI<\/title>\n<meta name=\"robots\" content=\"index, follow, max-snippet:-1, max-image-preview:large, max-video-preview:-1\" \/>\n<link rel=\"canonical\" href=\"https:\/\/wool-bed.com\/fi\/shop\/luonnollinen-orgaaninen-villa\/villapeitto-peitto-talvipeitto\/\" \/>\n<meta property=\"og:locale\" content=\"fi_FI\" \/>\n<meta property=\"og:type\" content=\"article\" \/>\n<meta property=\"og:title\" content=\"VILLAPEITTO | WoolBed | ERIKOISTUNEITA VILLAAN, UNIEKSPERTTISI\" \/>\n<meta property=\"og:description\" content=\"Peitto on valmistettu kahdesta kerroksesta villaa, joiden v\u00e4liss\u00e4 kiert\u00e4\u00e4 ilma. Niimp\u00e4 villa hengitt\u00e4\u00e4 ja s\u00e4ilytt\u00e4\u00e4 kehon l\u00e4mp\u00f6tilan tasaisena. Peitoissa valinnan mukaan koristereunat joko viininpunainen, harmaa tai valkoinen  Vakiomitat ovat: 140 x 200 cm.  Jos tarvitset erikoiskoon tilaukseesi, l\u00e4het\u00e4 s\u00e4hk\u00f6posti sizes@wool-bed.com\" \/>\n<meta property=\"og:url\" content=\"https:\/\/wool-bed.com\/fi\/shop\/luonnollinen-orgaaninen-villa\/villapeitto-peitto-talvipeitto\/\" \/>\n<meta property=\"og:site_name\" content=\"WoolBed | SPECIALISTS IN WOOL, EXPERTS IN YOUR SLEEP\" \/>\n<meta property=\"article:publisher\" content=\"https:\/\/www.facebook.com\/WoolBed\/\" \/>\n<meta property=\"article:modified_time\" content=\"2023-11-30T11:29:16+00:00\" \/>\n<meta property=\"og:image\" content=\"https:\/\/wool-bed.com\/wp-content\/uploads\/2015\/05\/Tacke-red2.jpg\" \/>\n\t<meta property=\"og:image:width\" content=\"800\" \/>\n\t<meta property=\"og:image:height\" content=\"800\" \/>\n\t<meta property=\"og:image:type\" content=\"image\/jpeg\" \/>\n<meta name=\"twitter:card\" content=\"summary_large_image\" \/>\n<script type=\"application\/ld+json\" class=\"yoast-schema-graph\">{\"@context\":\"https:\\\/\\\/schema.org\",\"@graph\":[{\"@type\":\"WebPage\",\"@id\":\"https:\\\/\\\/wool-bed.com\\\/fi\\\/shop\\\/luonnollinen-orgaaninen-villa\\\/villapeitto-peitto-talvipeitto\\\/\",\"url\":\"https:\\\/\\\/wool-bed.com\\\/fi\\\/shop\\\/luonnollinen-orgaaninen-villa\\\/villapeitto-peitto-talvipeitto\\\/\",\"name\":\"VILLAPEITTO | WoolBed | ERIKOISTUNEITA VILLAAN, UNIEKSPERTTISI\",\"isPartOf\":{\"@id\":\"https:\\\/\\\/wool-bed.com\\\/fi\\\/#website\"},\"primaryImageOfPage\":{\"@id\":\"https:\\\/\\\/wool-bed.com\\\/fi\\\/shop\\\/luonnollinen-orgaaninen-villa\\\/villapeitto-peitto-talvipeitto\\\/#primaryimage\"},\"image\":{\"@id\":\"https:\\\/\\\/wool-bed.com\\\/fi\\\/shop\\\/luonnollinen-orgaaninen-villa\\\/villapeitto-peitto-talvipeitto\\\/#primaryimage\"},\"thumbnailUrl\":\"https:\\\/\\\/wool-bed.com\\\/wp-content\\\/uploads\\\/2015\\\/05\\\/Tacke-red2.jpg\",\"datePublished\":\"2015-08-06T14:48:27+00:00\",\"dateModified\":\"2023-11-30T11:29:16+00:00\",\"breadcrumb\":{\"@id\":\"https:\\\/\\\/wool-bed.com\\\/fi\\\/shop\\\/luonnollinen-orgaaninen-villa\\\/villapeitto-peitto-talvipeitto\\\/#breadcrumb\"},\"inLanguage\":\"fi\",\"potentialAction\":[{\"@type\":\"ReadAction\",\"target\":[\"https:\\\/\\\/wool-bed.com\\\/fi\\\/shop\\\/luonnollinen-orgaaninen-villa\\\/villapeitto-peitto-talvipeitto\\\/\"]}]},{\"@type\":\"ImageObject\",\"inLanguage\":\"fi\",\"@id\":\"https:\\\/\\\/wool-bed.com\\\/fi\\\/shop\\\/luonnollinen-orgaaninen-villa\\\/villapeitto-peitto-talvipeitto\\\/#primaryimage\",\"url\":\"https:\\\/\\\/wool-bed.com\\\/wp-content\\\/uploads\\\/2015\\\/05\\\/Tacke-red2.jpg\",\"contentUrl\":\"https:\\\/\\\/wool-bed.com\\\/wp-content\\\/uploads\\\/2015\\\/05\\\/Tacke-red2.jpg\",\"width\":800,\"height\":800},{\"@type\":\"BreadcrumbList\",\"@id\":\"https:\\\/\\\/wool-bed.com\\\/fi\\\/shop\\\/luonnollinen-orgaaninen-villa\\\/villapeitto-peitto-talvipeitto\\\/#breadcrumb\",\"itemListElement\":[{\"@type\":\"ListItem\",\"position\":1,\"name\":\"Home\",\"item\":\"https:\\\/\\\/wool-bed.com\\\/fi\\\/\"},{\"@type\":\"ListItem\",\"position\":2,\"name\":\"Tuotteet\",\"item\":\"https:\\\/\\\/wool-bed.com\\\/fi\\\/shop\\\/\"},{\"@type\":\"ListItem\",\"position\":3,\"name\":\"T\u00c4CKE\"}]},{\"@type\":\"WebSite\",\"@id\":\"https:\\\/\\\/wool-bed.com\\\/fi\\\/#website\",\"url\":\"https:\\\/\\\/wool-bed.com\\\/fi\\\/\",\"name\":\"WoolBed | SPECIALISTS IN WOOL, EXPERTS IN YOUR SLEEP\",\"description\":\"In Woolbed we labour for your rest. Visit our online shop and discover our memory foam mattresses and Merino and Cashmere wool products with Woolmark quality guarantee.\",\"potentialAction\":[{\"@type\":\"SearchAction\",\"target\":{\"@type\":\"EntryPoint\",\"urlTemplate\":\"https:\\\/\\\/wool-bed.com\\\/fi\\\/?s={search_term_string}\"},\"query-input\":{\"@type\":\"PropertyValueSpecification\",\"valueRequired\":true,\"valueName\":\"search_term_string\"}}],\"inLanguage\":\"fi\"}]}<\/script>\n<!-- \/ Yoast SEO plugin. -->","yoast_head_json":{"title":"VILLAPEITTO | WoolBed | ERIKOISTUNEITA VILLAAN, UNIEKSPERTTISI","robots":{"index":"index","follow":"follow","max-snippet":"max-snippet:-1","max-image-preview":"max-image-preview:large","max-video-preview":"max-video-preview:-1"},"canonical":"https:\/\/wool-bed.com\/fi\/shop\/luonnollinen-orgaaninen-villa\/villapeitto-peitto-talvipeitto\/","og_locale":"fi_FI","og_type":"article","og_title":"VILLAPEITTO | WoolBed | ERIKOISTUNEITA VILLAAN, UNIEKSPERTTISI","og_description":"Peitto on valmistettu kahdesta kerroksesta villaa, joiden v\u00e4liss\u00e4 kiert\u00e4\u00e4 ilma. Niimp\u00e4 villa hengitt\u00e4\u00e4 ja s\u00e4ilytt\u00e4\u00e4 kehon l\u00e4mp\u00f6tilan tasaisena. Peitoissa valinnan mukaan koristereunat joko viininpunainen, harmaa tai valkoinen  Vakiomitat ovat: 140 x 200 cm.  Jos tarvitset erikoiskoon tilaukseesi, l\u00e4het\u00e4 s\u00e4hk\u00f6posti sizes@wool-bed.com","og_url":"https:\/\/wool-bed.com\/fi\/shop\/luonnollinen-orgaaninen-villa\/villapeitto-peitto-talvipeitto\/","og_site_name":"WoolBed | SPECIALISTS IN WOOL, EXPERTS IN YOUR SLEEP","article_publisher":"https:\/\/www.facebook.com\/WoolBed\/","article_modified_time":"2023-11-30T11:29:16+00:00","og_image":[{"width":800,"height":800,"url":"https:\/\/wool-bed.com\/wp-content\/uploads\/2015\/05\/Tacke-red2.jpg","type":"image\/jpeg"}],"twitter_card":"summary_large_image","schema":{"@context":"https:\/\/schema.org","@graph":[{"@type":"WebPage","@id":"https:\/\/wool-bed.com\/fi\/shop\/luonnollinen-orgaaninen-villa\/villapeitto-peitto-talvipeitto\/","url":"https:\/\/wool-bed.com\/fi\/shop\/luonnollinen-orgaaninen-villa\/villapeitto-peitto-talvipeitto\/","name":"VILLAPEITTO | WoolBed | ERIKOISTUNEITA VILLAAN, UNIEKSPERTTISI","isPartOf":{"@id":"https:\/\/wool-bed.com\/fi\/#website"},"primaryImageOfPage":{"@id":"https:\/\/wool-bed.com\/fi\/shop\/luonnollinen-orgaaninen-villa\/villapeitto-peitto-talvipeitto\/#primaryimage"},"image":{"@id":"https:\/\/wool-bed.com\/fi\/shop\/luonnollinen-orgaaninen-villa\/villapeitto-peitto-talvipeitto\/#primaryimage"},"thumbnailUrl":"https:\/\/wool-bed.com\/wp-content\/uploads\/2015\/05\/Tacke-red2.jpg","datePublished":"2015-08-06T14:48:27+00:00","dateModified":"2023-11-30T11:29:16+00:00","breadcrumb":{"@id":"https:\/\/wool-bed.com\/fi\/shop\/luonnollinen-orgaaninen-villa\/villapeitto-peitto-talvipeitto\/#breadcrumb"},"inLanguage":"fi","potentialAction":[{"@type":"ReadAction","target":["https:\/\/wool-bed.com\/fi\/shop\/luonnollinen-orgaaninen-villa\/villapeitto-peitto-talvipeitto\/"]}]},{"@type":"ImageObject","inLanguage":"fi","@id":"https:\/\/wool-bed.com\/fi\/shop\/luonnollinen-orgaaninen-villa\/villapeitto-peitto-talvipeitto\/#primaryimage","url":"https:\/\/wool-bed.com\/wp-content\/uploads\/2015\/05\/Tacke-red2.jpg","contentUrl":"https:\/\/wool-bed.com\/wp-content\/uploads\/2015\/05\/Tacke-red2.jpg","width":800,"height":800},{"@type":"BreadcrumbList","@id":"https:\/\/wool-bed.com\/fi\/shop\/luonnollinen-orgaaninen-villa\/villapeitto-peitto-talvipeitto\/#breadcrumb","itemListElement":[{"@type":"ListItem","position":1,"name":"Home","item":"https:\/\/wool-bed.com\/fi\/"},{"@type":"ListItem","position":2,"name":"Tuotteet","item":"https:\/\/wool-bed.com\/fi\/shop\/"},{"@type":"ListItem","position":3,"name":"T\u00c4CKE"}]},{"@type":"WebSite","@id":"https:\/\/wool-bed.com\/fi\/#website","url":"https:\/\/wool-bed.com\/fi\/","name":"WoolBed | SPECIALISTS IN WOOL, EXPERTS IN YOUR SLEEP","description":"In Woolbed we labour for your rest. Visit our online shop and discover our memory foam mattresses and Merino and Cashmere wool products with Woolmark quality guarantee.","potentialAction":[{"@type":"SearchAction","target":{"@type":"EntryPoint","urlTemplate":"https:\/\/wool-bed.com\/fi\/?s={search_term_string}"},"query-input":{"@type":"PropertyValueSpecification","valueRequired":true,"valueName":"search_term_string"}}],"inLanguage":"fi"}]}},"_links":{"self":[{"href":"https:\/\/wool-bed.com\/fi\/wp-json\/wp\/v2\/product\/1007","targetHints":{"allow":["GET"]}}],"collection":[{"href":"https:\/\/wool-bed.com\/fi\/wp-json\/wp\/v2\/product"}],"about":[{"href":"https:\/\/wool-bed.com\/fi\/wp-json\/wp\/v2\/types\/product"}],"replies":[{"embeddable":true,"href":"https:\/\/wool-bed.com\/fi\/wp-json\/wp\/v2\/comments?post=1007"}],"wp:featuredmedia":[{"embeddable":true,"href":"https:\/\/wool-bed.com\/fi\/wp-json\/wp\/v2\/media\/4485"}],"wp:attachment":[{"href":"https:\/\/wool-bed.com\/fi\/wp-json\/wp\/v2\/media?parent=1007"}],"wp:term":[{"taxonomy":"product_brand","embeddable":true,"href":"https:\/\/wool-bed.com\/fi\/wp-json\/wp\/v2\/product_brand?post=1007"},{"taxonomy":"product_cat","embeddable":true,"href":"https:\/\/wool-bed.com\/fi\/wp-json\/wp\/v2\/product_cat?post=1007"},{"taxonomy":"product_tag","embeddable":true,"href":"https:\/\/wool-bed.com\/fi\/wp-json\/wp\/v2\/product_tag?post=1007"}],"curies":[{"name":"wp","href":"https:\/\/api.w.org\/{rel}","templated":true}]}}