{"id":922,"date":"2015-04-15T13:33:57","date_gmt":"2015-04-15T12:33:57","guid":{"rendered":"http:\/\/wool-bed.com\/sample-page-2\/"},"modified":"2025-11-21T15:57:26","modified_gmt":"2025-11-21T15:57:26","slug":"unieksperttisi","status":"publish","type":"page","link":"https:\/\/wool-bed.com\/fi\/","title":{"rendered":"Etusivu"},"content":{"rendered":"<div class=\"wpb-content-wrapper\"><p>[vc_row css=&#8221;.vc_custom_1572347627556{margin-top: -80px !important;}&#8221;][vc_column offset=&#8221;vc_hidden-sm vc_hidden-xs&#8221;][rev_slider_vc alias=&#8221;Home&#8221;][\/vc_column][\/vc_row][vc_row][vc_column offset=&#8221;vc_hidden-lg vc_hidden-md&#8221;][rev_slider_vc alias=&#8221;Home&#8221;][\/vc_column][\/vc_row][vc_row css=&#8221;.vc_custom_1517492999024{padding-top: 50px !important;}&#8221;][vc_column][vc_row_inner][vc_column_inner][vc_column_text css=&#8221;.vc_custom_1761045520389{padding-top: 10px !important;padding-right: 10% !important;padding-bottom: 50px !important;padding-left: 10% !important;}&#8221;]<\/p>\n<h1 style=\"text-align: center;\">Tervetuloa Woolbedille, unen asiantuntijat<\/h1>\n<p>&nbsp;<\/p>\n<p><strong>Aikana, jolloin hyv\u00e4 y\u00f6uni on muuttunut ylellisyydeksi,<\/strong> me Woolbedill\u00e4 kehit\u00e4mme jatkuvasti tuotteitamme voidaksemme tarjota asiakkaillemme markkinoiden parasta laatua. <strong>Hyv\u00e4 y\u00f6uni on hyvinvointimme ja paremman el\u00e4m\u00e4nlaadun perusta.<\/strong> Salaisuus on <strong>oikeiden tuotteiden valinnassa<\/strong> ja siin\u00e4, ett\u00e4 l\u00f6yd\u00e4t juuri sinun tarpeisiisi sopivat ratkaisut optimaalisen levon ja palautumisen saavuttamiseksi.<\/p>\n<p>Woolbedin uniasiantuntijat ovat <strong>lanseeranneet silkinpehme\u00e4n villamalliston<\/strong>, jonka korkea laatu on ainutlaatuista markkinoilla. Meill\u00e4 on yli 30 vuoden kokemus <strong>merino- ja kashmirvillasta valmistetuista laadukkaista vuodevaatteista sek\u00e4 ergonomisista viskoelastisista patjoista.<\/strong><\/p>\n<p>Siirry kohtaan <strong>\u201cKauppamme\u201d<\/strong> tutustuaksesi koko valikoimaamme ja saadaksesi parhaat edellytykset parantaa unesi laatua ja hyvinvointiasi.<\/p>\n<p>[\/vc_column_text][\/vc_column_inner][\/vc_row_inner][\/vc_column][\/vc_row][vc_row][vc_column][vc_column_text]<\/p>\n<p>[\/vc_column_text][\/vc_column][\/vc_row][vc_row][vc_column][vc_text_separator title=&#8221;Miksi villassa nukkuminen on hyv\u00e4ksi&#8221; css=&#8221;.vc_custom_1761045655312{padding-top: 20px !important;padding-bottom: 35px !important;}&#8221;][vc_row_inner css=&#8221;.vc_custom_1572347762045{padding-top: 20px !important;padding-right: 10% !important;padding-bottom: 10px !important;padding-left: 10% !important;}&#8221;][vc_column_inner width=&#8221;1\/5&#8243; css=&#8221;.vc_custom_1510228719597{padding-right: 20px !important;padding-left: 20px !important;}&#8221;]<div class=\"qodef-iwt clearfix qodef-iwt-icon-top qodef-iwt-icon-small\">\n    <div class=\"qodef-iwt-icon-holder\">\n                    \n    <span class=\"qodef-icon-shortcode normal qodef-icon-small\"  data-color=\"#81d742\">\n        \n        <i class=\"qodef-icon-font-awesome fa fa-tint qodef-icon-element\" style=\"color: #81d742\" ><\/i>\n            <\/span>\n\n            <\/div>\n    <div class=\"qodef-iwt-content-holder\" >\n        <div class=\"qodef-iwt-title-holder\">\n            <h6 >Luonnonmateriaali<\/h6>\n        <\/div>\n        <div class=\"qodef-iwt-text-holder\">\n            <p >Villa on yksi maailman vanhimmista luonnonmateriaaleista, ja se s\u00e4\u00e4telee kehon l\u00e4mp\u00f6tilaa ainutlaatuisella tavalla. Sit\u00e4 voidaan k\u00e4ytt\u00e4\u00e4 ymp\u00e4ri vuoden \u2013 villa viilent\u00e4\u00e4 l\u00e4mpim\u00e4ll\u00e4 s\u00e4\u00e4ll\u00e4 ja l\u00e4mmitt\u00e4\u00e4 kylm\u00e4ll\u00e4.<\/p>\n\n                    <\/div>\n    <\/div>\n<\/div>[vc_empty_space height=&#8221;50px&#8221;][\/vc_column_inner][vc_column_inner width=&#8221;1\/5&#8243; css=&#8221;.vc_custom_1510228737253{padding-right: 20px !important;padding-left: 20px !important;}&#8221;]<div class=\"qodef-iwt clearfix qodef-iwt-icon-top qodef-iwt-icon-small\">\n    <div class=\"qodef-iwt-icon-holder\">\n                    \n    <span class=\"qodef-icon-shortcode normal qodef-icon-small\"  data-color=\"#81d742\">\n        \n        <i class=\"qodef-icon-font-awesome fa fa-tint qodef-icon-element\" style=\"color: #81d742\" ><\/i>\n            <\/span>\n\n            <\/div>\n    <div class=\"qodef-iwt-content-holder\" >\n        <div class=\"qodef-iwt-title-holder\">\n            <h6 >Kuiva ymp\u00e4rist\u00f6<\/h6>\n        <\/div>\n        <div class=\"qodef-iwt-text-holder\">\n            <p >Villa pysyy kuivana ja ehk\u00e4isee p\u00f6lypunkkien muodostumista.<\/p>\n\n                    <\/div>\n    <\/div>\n<\/div>[vc_empty_space height=&#8221;50px&#8221;][\/vc_column_inner][vc_column_inner width=&#8221;1\/5&#8243;]<div class=\"qodef-iwt clearfix qodef-iwt-icon-top qodef-iwt-icon-small\">\n    <div class=\"qodef-iwt-icon-holder\">\n                    \n    <span class=\"qodef-icon-shortcode normal qodef-icon-small\"  data-color=\"#81d742\">\n        \n        <i class=\"qodef-icon-font-awesome fa fa-heartbeat qodef-icon-element\" style=\"color: #81d742\" ><\/i>\n            <\/span>\n\n            <\/div>\n    <div class=\"qodef-iwt-content-holder\" >\n        <div class=\"qodef-iwt-title-holder\">\n            <h6 >Verenkierto<\/h6>\n        <\/div>\n        <div class=\"qodef-iwt-text-holder\">\n            <p >Villa antaa keholle mikrohierontaa unen aikana, mik\u00e4 edist\u00e4\u00e4 ja parantaa verenkiertoa.<\/p>\n\n                    <\/div>\n    <\/div>\n<\/div>[vc_empty_space height=&#8221;50px&#8221;][\/vc_column_inner][vc_column_inner width=&#8221;1\/5&#8243;]<div class=\"qodef-iwt clearfix qodef-iwt-icon-top qodef-iwt-icon-small\">\n    <div class=\"qodef-iwt-icon-holder\">\n                    \n    <span class=\"qodef-icon-shortcode normal qodef-icon-small\"  data-color=\"#81d742\">\n        \n        <i class=\"qodef-icon-font-awesome fa fa-check qodef-icon-element\" style=\"color: #81d742\" ><\/i>\n            <\/span>\n\n            <\/div>\n    <div class=\"qodef-iwt-content-holder\" >\n        <div class=\"qodef-iwt-title-holder\">\n            <h6 >Hypoallergeeninen<\/h6>\n        <\/div>\n        <div class=\"qodef-iwt-text-holder\">\n            <p >Villa on luonnostaan hypoallergeeninen materiaali ja pysyy puhtaana luonnollisen lanoliininsa ansiosta.<\/p>\n\n                    <\/div>\n    <\/div>\n<\/div>[vc_empty_space height=&#8221;50px&#8221;][\/vc_column_inner][vc_column_inner width=&#8221;1\/5&#8243;]<div class=\"qodef-iwt clearfix qodef-iwt-icon-top qodef-iwt-icon-small\">\n    <div class=\"qodef-iwt-icon-holder\">\n                    \n    <span class=\"qodef-icon-shortcode normal qodef-icon-small\"  data-color=\"#81d742\">\n        \n        <i class=\"qodef-icon-font-awesome fa fa-area-chart qodef-icon-element\" style=\"color: #81d742\" ><\/i>\n            <\/span>\n\n            <\/div>\n    <div class=\"qodef-iwt-content-holder\" >\n        <div class=\"qodef-iwt-title-holder\">\n            <h6 >Luonnollinen l\u00e4mm\u00f6ns\u00e4\u00e4telij\u00e4<\/h6>\n        <\/div>\n        <div class=\"qodef-iwt-text-holder\">\n            <p >Villa s\u00e4\u00e4telee kehon l\u00e4mp\u00f6tilaa kaikissa vuodenajoissa.<\/p>\n\n                    <\/div>\n    <\/div>\n<\/div>[vc_empty_space height=&#8221;50px&#8221;][\/vc_column_inner][\/vc_row_inner][\/vc_column][\/vc_row][vc_row][vc_column][vc_column_text]<\/p>\n<p>[\/vc_column_text][\/vc_column][\/vc_row][vc_row row_type=&#8221;parallax&#8221; content_aligment=&#8221;center&#8221; full_screen_section_height=&#8221;no&#8221; parallax_background_image=&#8221;8719&#8243; parallax_speed=&#8221;0&#8243; css=&#8221;.vc_custom_1731675269624{border-top-width: 2px !important;border-bottom-width: 2px !important;border-top-color: #ffffff !important;border-top-style: solid !important;border-bottom-color: #ffffff !important;border-bottom-style: solid !important;}&#8221;][vc_column][vc_empty_space height=&#8221;150px&#8221;][vc_row_inner content_aligment=&#8221;center&#8221; css=&#8221;.vc_custom_1763739237396{border-bottom-width: 2px !important;background-color: rgba(255,255,255,0.94) !important;*background-color: rgb(255,255,255) !important;border-bottom-style: solid !important;border-color: #A40000 !important;}&#8221;][vc_column_inner][vc_empty_space height=&#8221;20px&#8221;][vc_single_image image=&#8221;10233&#8243; img_size=&#8221;150&#215;150&#8243; alignment=&#8221;center&#8221;][vc_column_text]<\/p>\n<h1 style=\"text-align: center;\"><span style=\"color: #000000;\">Juhlimme 30-vuotisjuhlaamme!!!<\/span><\/h1>\n<p>[\/vc_column_text][vc_empty_space height=&#8221;30px&#8221;]<a href=\"https:\/\/wool-bed.com\/fi\/kashmir-villa-vuode-merino-myymala\/\" target=\"_self\"  class=\"qodef-btn qodef-btn-medium qodef-btn-outline\"  >\n    <span  class=\"qodef-btn-text\">Woolbed original<\/span>\n    <\/a>[vc_empty_space height=&#8221;50px&#8221;][\/vc_column_inner][\/vc_row_inner][vc_row_inner content_aligment=&#8221;center&#8221; css=&#8221;.vc_custom_1763739088618{background-color: rgba(255,255,255,0.94) !important;*background-color: rgb(255,255,255) !important;border-color: #b20838 !important;}&#8221;][vc_column_inner][vc_column_text css=&#8221;.vc_custom_1763739114869{padding-top: 50px !important;padding-bottom: 10px !important;}&#8221;]<\/p>\n<h1 style=\"text-align: center;\"><span style=\"color: #000000; font-family: 'Cinzel Decorative'; font-size: 46px; font-weight: 500; letter-spacing: -3px;\">WOOLBED LYX<\/span><\/h1>\n<h1 style=\"text-align: center;\"><strong><span style=\"color: #000000; font-family: 'Cinzel Decorative';\">LUXURY COLLECTION<\/span><\/strong><\/h1>\n<p>[\/vc_column_text][vc_column_text]<\/p>\n<h3 align=\"CENTER\"><span style=\"color: #a40000;\"><b>MEID\u00c4N KAIKKEIN EKSKLUSIIVISIN JA YLELLISIN MALLISTOMME.<\/b><\/span><\/h3>\n<p style=\"text-align: center;\">Nyt alkuper\u00e4ismallistomme on entist\u00e4kin parempi.<\/p>\n<p>[\/vc_column_text][vc_empty_space height=&#8221;30px&#8221;]<a href=\"https:\/\/wool-bed.com\/fi\/lyx-shop\/\" target=\"_self\"  class=\"qodef-btn qodef-btn-medium qodef-btn-outline\"  >\n    <span  class=\"qodef-btn-text\">Woolbed LYX -MALLISTO<\/span>\n    <\/a>[vc_empty_space height=&#8221;50px&#8221;][\/vc_column_inner][\/vc_row_inner][vc_empty_space height=&#8221;150px&#8221;][\/vc_column][\/vc_row][vc_row][vc_column][vc_column_text]<\/p>\n<p>[\/vc_column_text][\/vc_column][\/vc_row][vc_row row_type=&#8221;parallax&#8221; content_aligment=&#8221;center&#8221; full_screen_section_height=&#8221;no&#8221; parallax_background_image=&#8221;7838&#8243; parallax_speed=&#8221;0&#8243;][vc_column width=&#8221;1\/2&#8243;][vc_empty_space height=&#8221;150px&#8221;][vc_column_text]<\/p>\n<h1 style=\"text-align: center;\">Tutustu mallistoomme perheen pienimmille<\/h1>\n<p>[\/vc_column_text][vc_empty_space height=&#8221;20px&#8221;][vc_single_image image=&#8221;7619&#8243; img_size=&#8221;full&#8221; alignment=&#8221;center&#8221; onclick=&#8221;custom_link&#8221; img_link_target=&#8221;_blank&#8221; link=&#8221;https:\/\/www.woolmark.com\/&#8221;][vc_empty_space height=&#8221;30px&#8221;]<a href=\"https:\/\/wool-bed.com\/fi\/babywool\/\" target=\"_self\"  class=\"qodef-btn qodef-btn-medium qodef-btn-outline\"  >\n    <span  class=\"qodef-btn-text\">Klikkaa n\u00e4hd\u00e4ksesi mallistomme<\/span>\n    <\/a>[vc_empty_space height=&#8221;150px&#8221;][\/vc_column][vc_column width=&#8221;1\/2&#8243;][vc_column_text]][\/vc_column_text][\/vc_column][\/vc_row][vc_row][vc_column][vc_column_text]<\/p>\n<p>[\/vc_column_text][\/vc_column][\/vc_row][vc_row css=&#8221;.vc_custom_1571846575649{padding-right: 10% !important;padding-left: 10% !important;background-color: #ffffff !important;}&#8221;][vc_column width=&#8221;2\/3&#8243;][vc_empty_space height=&#8221;50px&#8221;][vc_column_text css=&#8221;.vc_custom_1513163868732{padding-top: 30px !important;padding-bottom: 10px !important;}&#8221;]<\/p>\n<h4 style=\"text-align: center;\">WOOLMARK, LAADUN JA HUOLENPIDON SYMBOLI<\/h4>\n<p>[\/vc_column_text][vc_column_text disable_pattern=&#8221;false&#8221; align=&#8221;left&#8221; margin_bottom=&#8221;0&#8243;]<\/p>\n<p>Woolmark on kansainv\u00e4linen organisaatio, joka takaa, ett\u00e4 tuote sis\u00e4lt\u00e4\u00e4 puhdasta uutta villaa. Se on yksi maailman tunnetuimmista tekstiilibr\u00e4ndeist\u00e4, ja sen symboli edustaa laatua ja luotettavuutta.<\/p>\n<p>Kaikki tuotteemme on hyv\u00e4ksytty <strong>\u201cThe Woolmark Company\u201d<\/strong> -organisaation toimesta, mik\u00e4 tarkoittaa, ett\u00e4 ne ovat l\u00e4p\u00e4isseet <strong>tiukat laatukontrollit<\/strong> ja t\u00e4ytt\u00e4v\u00e4t kaikki vaaditut standardit. N\u00e4in voimme taata asiakkaillemme <strong>mahdollisimman korkean villalaadun \u2013 maailmanlaajuisesti.<\/strong><\/p>\n<p>[\/vc_column_text][vc_empty_space height=&#8221;20px&#8221;][vc_single_image image=&#8221;7091&#8243; img_size=&#8221;125&#215;131&#8243; alignment=&#8221;center&#8221; onclick=&#8221;custom_link&#8221; img_link_target=&#8221;_blank&#8221; link=&#8221;https:\/\/www.woolmark.com\/&#8221;][vc_empty_space height=&#8221;50px&#8221;][\/vc_column][vc_column width=&#8221;1\/3&#8243;][vc_empty_space height=&#8221;100px&#8221;][vc_video link=&#8221;https:\/\/vimeo.com\/169612787&#8243; align=&#8221;center&#8221;][vc_empty_space height=&#8221;100px&#8221;][\/vc_column][\/vc_row]<\/p>\n<\/div>","protected":false},"excerpt":{"rendered":"<p>[vc_row css=&#8221;.vc_custom_1572347627556{margin-top: -80px !important;}&#8221;][vc_column offset=&#8221;vc_hidden-sm vc_hidden-xs&#8221;][rev_slider_vc alias=&#8221;Home&#8221;][\/vc_column][\/vc_row][vc_row][vc_column offset=&#8221;vc_hidden-lg vc_hidden-md&#8221;][rev_slider_vc alias=&#8221;Home&#8221;][\/vc_column][\/vc_row][vc_row css=&#8221;.vc_custom_1517492999024{padding-top: 50px !important;}&#8221;][vc_column][vc_row_inner][vc_column_inner][vc_column_text css=&#8221;.vc_custom_1761045520389{padding-top: 10px !important;padding-right: 10% !important;padding-bottom: 50px !important;padding-left: 10% !important;}&#8221;] Tervetuloa Woolbedille, unen asiantuntijat &nbsp; Aikana, jolloin hyv\u00e4 y\u00f6uni on muuttunut ylellisyydeksi, me Woolbedill\u00e4 kehit\u00e4mme jatkuvasti tuotteitamme voidaksemme tarjota asiakkaillemme markkinoiden parasta laatua&#8230;.<\/p>\n","protected":false},"author":1,"featured_media":0,"parent":0,"menu_order":0,"comment_status":"closed","ping_status":"closed","template":"full-width.php","meta":{"footnotes":""},"class_list":["post-922","page","type-page","status-publish","hentry"],"yoast_head":"<!-- This site is optimized with the Yoast SEO plugin v27.3 - https:\/\/yoast.com\/product\/yoast-seo-wordpress\/ -->\n<title>WoolBed | Unieksperttisi<\/title>\n<meta name=\"description\" content=\"Vieraile meid\u00e4n nettikaupassamme ja l\u00f6yd\u00e4 meid\u00e4n viscoelastinen patja ja merinovilla ja kashmirvilla tuotteet, laatutakuu Woolmark.\" \/>\n<meta name=\"robots\" content=\"index, follow, max-snippet:-1, max-image-preview:large, max-video-preview:-1\" \/>\n<link rel=\"canonical\" href=\"https:\/\/wool-bed.com\/fi\/\" \/>\n<meta property=\"og:locale\" content=\"fi_FI\" \/>\n<meta property=\"og:type\" content=\"article\" \/>\n<meta property=\"og:title\" content=\"WoolBed | Unieksperttisi\" \/>\n<meta property=\"og:description\" content=\"Vieraile meid\u00e4n nettikaupassamme ja l\u00f6yd\u00e4 meid\u00e4n viscoelastinen patja ja merinovilla ja kashmirvilla tuotteet, laatutakuu Woolmark.\" \/>\n<meta property=\"og:url\" content=\"https:\/\/wool-bed.com\/fi\/\" \/>\n<meta property=\"og:site_name\" content=\"WoolBed | SPECIALISTS IN WOOL, EXPERTS IN YOUR SLEEP\" \/>\n<meta property=\"article:publisher\" content=\"https:\/\/www.facebook.com\/WoolBed\/\" \/>\n<meta property=\"article:modified_time\" content=\"2025-11-21T15:57:26+00:00\" \/>\n<meta name=\"twitter:card\" content=\"summary_large_image\" \/>\n<meta name=\"twitter:label1\" content=\"Arvioitu lukuaika\" \/>\n\t<meta name=\"twitter:data1\" content=\"2 minuuttia\" \/>\n<script type=\"application\/ld+json\" class=\"yoast-schema-graph\">{\"@context\":\"https:\\\/\\\/schema.org\",\"@graph\":[{\"@type\":\"WebPage\",\"@id\":\"https:\\\/\\\/wool-bed.com\\\/fi\\\/\",\"url\":\"https:\\\/\\\/wool-bed.com\\\/fi\\\/\",\"name\":\"WoolBed | Unieksperttisi\",\"isPartOf\":{\"@id\":\"https:\\\/\\\/wool-bed.com\\\/fi\\\/#website\"},\"datePublished\":\"2015-04-15T12:33:57+00:00\",\"dateModified\":\"2025-11-21T15:57:26+00:00\",\"description\":\"Vieraile meid\u00e4n nettikaupassamme ja l\u00f6yd\u00e4 meid\u00e4n viscoelastinen patja ja merinovilla ja kashmirvilla tuotteet, laatutakuu Woolmark.\",\"breadcrumb\":{\"@id\":\"https:\\\/\\\/wool-bed.com\\\/fi\\\/#breadcrumb\"},\"inLanguage\":\"fi\",\"potentialAction\":[{\"@type\":\"ReadAction\",\"target\":[\"https:\\\/\\\/wool-bed.com\\\/fi\\\/\"]}]},{\"@type\":\"BreadcrumbList\",\"@id\":\"https:\\\/\\\/wool-bed.com\\\/fi\\\/#breadcrumb\",\"itemListElement\":[{\"@type\":\"ListItem\",\"position\":1,\"name\":\"Home\",\"item\":\"https:\\\/\\\/wool-bed.com\\\/fi\\\/\"},{\"@type\":\"ListItem\",\"position\":2,\"name\":\"Etusivu\"}]},{\"@type\":\"WebSite\",\"@id\":\"https:\\\/\\\/wool-bed.com\\\/fi\\\/#website\",\"url\":\"https:\\\/\\\/wool-bed.com\\\/fi\\\/\",\"name\":\"WoolBed | SPECIALISTS IN WOOL, EXPERTS IN YOUR SLEEP\",\"description\":\"In Woolbed we labour for your rest. Visit our online shop and discover our memory foam mattresses and Merino and Cashmere wool products with Woolmark quality guarantee.\",\"potentialAction\":[{\"@type\":\"SearchAction\",\"target\":{\"@type\":\"EntryPoint\",\"urlTemplate\":\"https:\\\/\\\/wool-bed.com\\\/fi\\\/?s={search_term_string}\"},\"query-input\":{\"@type\":\"PropertyValueSpecification\",\"valueRequired\":true,\"valueName\":\"search_term_string\"}}],\"inLanguage\":\"fi\"}]}<\/script>\n<!-- \/ Yoast SEO plugin. -->","yoast_head_json":{"title":"WoolBed | Unieksperttisi","description":"Vieraile meid\u00e4n nettikaupassamme ja l\u00f6yd\u00e4 meid\u00e4n viscoelastinen patja ja merinovilla ja kashmirvilla tuotteet, laatutakuu Woolmark.","robots":{"index":"index","follow":"follow","max-snippet":"max-snippet:-1","max-image-preview":"max-image-preview:large","max-video-preview":"max-video-preview:-1"},"canonical":"https:\/\/wool-bed.com\/fi\/","og_locale":"fi_FI","og_type":"article","og_title":"WoolBed | Unieksperttisi","og_description":"Vieraile meid\u00e4n nettikaupassamme ja l\u00f6yd\u00e4 meid\u00e4n viscoelastinen patja ja merinovilla ja kashmirvilla tuotteet, laatutakuu Woolmark.","og_url":"https:\/\/wool-bed.com\/fi\/","og_site_name":"WoolBed | SPECIALISTS IN WOOL, EXPERTS IN YOUR SLEEP","article_publisher":"https:\/\/www.facebook.com\/WoolBed\/","article_modified_time":"2025-11-21T15:57:26+00:00","twitter_card":"summary_large_image","twitter_misc":{"Arvioitu lukuaika":"2 minuuttia"},"schema":{"@context":"https:\/\/schema.org","@graph":[{"@type":"WebPage","@id":"https:\/\/wool-bed.com\/fi\/","url":"https:\/\/wool-bed.com\/fi\/","name":"WoolBed | Unieksperttisi","isPartOf":{"@id":"https:\/\/wool-bed.com\/fi\/#website"},"datePublished":"2015-04-15T12:33:57+00:00","dateModified":"2025-11-21T15:57:26+00:00","description":"Vieraile meid\u00e4n nettikaupassamme ja l\u00f6yd\u00e4 meid\u00e4n viscoelastinen patja ja merinovilla ja kashmirvilla tuotteet, laatutakuu Woolmark.","breadcrumb":{"@id":"https:\/\/wool-bed.com\/fi\/#breadcrumb"},"inLanguage":"fi","potentialAction":[{"@type":"ReadAction","target":["https:\/\/wool-bed.com\/fi\/"]}]},{"@type":"BreadcrumbList","@id":"https:\/\/wool-bed.com\/fi\/#breadcrumb","itemListElement":[{"@type":"ListItem","position":1,"name":"Home","item":"https:\/\/wool-bed.com\/fi\/"},{"@type":"ListItem","position":2,"name":"Etusivu"}]},{"@type":"WebSite","@id":"https:\/\/wool-bed.com\/fi\/#website","url":"https:\/\/wool-bed.com\/fi\/","name":"WoolBed | SPECIALISTS IN WOOL, EXPERTS IN YOUR SLEEP","description":"In Woolbed we labour for your rest. Visit our online shop and discover our memory foam mattresses and Merino and Cashmere wool products with Woolmark quality guarantee.","potentialAction":[{"@type":"SearchAction","target":{"@type":"EntryPoint","urlTemplate":"https:\/\/wool-bed.com\/fi\/?s={search_term_string}"},"query-input":{"@type":"PropertyValueSpecification","valueRequired":true,"valueName":"search_term_string"}}],"inLanguage":"fi"}]}},"_links":{"self":[{"href":"https:\/\/wool-bed.com\/fi\/wp-json\/wp\/v2\/pages\/922","targetHints":{"allow":["GET"]}}],"collection":[{"href":"https:\/\/wool-bed.com\/fi\/wp-json\/wp\/v2\/pages"}],"about":[{"href":"https:\/\/wool-bed.com\/fi\/wp-json\/wp\/v2\/types\/page"}],"author":[{"embeddable":true,"href":"https:\/\/wool-bed.com\/fi\/wp-json\/wp\/v2\/users\/1"}],"replies":[{"embeddable":true,"href":"https:\/\/wool-bed.com\/fi\/wp-json\/wp\/v2\/comments?post=922"}],"version-history":[{"count":4,"href":"https:\/\/wool-bed.com\/fi\/wp-json\/wp\/v2\/pages\/922\/revisions"}],"predecessor-version":[{"id":11286,"href":"https:\/\/wool-bed.com\/fi\/wp-json\/wp\/v2\/pages\/922\/revisions\/11286"}],"wp:attachment":[{"href":"https:\/\/wool-bed.com\/fi\/wp-json\/wp\/v2\/media?parent=922"}],"curies":[{"name":"wp","href":"https:\/\/api.w.org\/{rel}","templated":true}]}}