{"id":6065,"date":"2017-12-20T11:09:58","date_gmt":"2017-12-20T11:09:58","guid":{"rendered":"http:\/\/wool-bed.com\/?page_id=6065"},"modified":"2025-11-21T16:29:20","modified_gmt":"2025-11-21T16:29:20","slug":"woolbed-ja-villamme","status":"publish","type":"page","link":"https:\/\/wool-bed.com\/fi\/woolbed-ja-villamme\/","title":{"rendered":"Woolbed ja villamme"},"content":{"rendered":"<div class=\"wpb-content-wrapper\"><p>[vc_row row_type=&#8221;parallax&#8221; content_aligment=&#8221;center&#8221; full_screen_section_height=&#8221;no&#8221; parallax_background_image=&#8221;8687&#8243; parallax_speed=&#8221;0&#8243;][vc_column][vc_row_inner content_aligment=&#8221;center&#8221; css=&#8221;.vc_custom_1572437509863{border-top-width: 2px !important;border-bottom-width: 2px !important;padding-right: 10% !important;padding-left: 10% !important;background-color: rgba(255,255,255,0.55) !important;*background-color: rgb(255,255,255) !important;border-top-color: #ffffff !important;border-top-style: solid !important;border-bottom-color: #ffffff !important;border-bottom-style: solid !important;}&#8221;][vc_column_inner][vc_empty_space height=&#8221;100px&#8221;][vc_text_separator title=&#8221;Tietoa villastamme&#8221; color=&#8221;custom&#8221; css=&#8221;.vc_custom_1515409855654{padding-bottom: 30px !important;}&#8221; accent_color=&#8221;#b20838&#8243;][vc_column_text css=&#8221;&#8221;]<\/p>\n<h2 style=\"text-align: center;\">Valitse nukkua puhtaassa ja hypoallergeenisessa materiaalissa<\/h2>\n<p>Ihmiset ovat nukkuneet villassa jo muinaisista ajoista l\u00e4htien. Villa sis\u00e4lt\u00e4\u00e4 luonnollista rasvaa, jota kutsutaan lanoliiniksi. Lanoliini on ainutlaatuinen luonnollisten vahojen seos, joka saa kosteuden ja lian haihtumaan villasta. N\u00e4in villa pysyy aina kuivana ja puhtaana bakteereista, sill\u00e4 bakteerit viihtyv\u00e4t kosteassa ymp\u00e4rist\u00f6ss\u00e4.<\/p>\n<p>Woolbed suosittelee villaa erityisesti p\u00f6lypunkkiallergisille, sill\u00e4 villan kuiva ymp\u00e4rist\u00f6 on ainoa tehokas tapa torjua p\u00f6lypunkkeja. P\u00f6lypunkit ovat mikroskooppisen pieni\u00e4 h\u00e4m\u00e4h\u00e4kkiel\u00e4imi\u00e4, jotka el\u00e4v\u00e4t s\u00e4ngyiss\u00e4mme ja ovat yksi haitallisimmista tuholaisista ihmiselle. Ne aiheuttavat suurimman osan astma- ja allergiatapauksista vuosittain. Villa on puhtain ja hypoallergeenisin materiaali, jossa voimme nukkua. Lis\u00e4ksi villa s\u00e4\u00e4telee kehon l\u00e4mp\u00f6tilaa ja parantaa verenkiertoa. Kun villa koskettaa ihoa, syntyy kevyt kitka, jota kutsutaan \u201cmikrohieronnaksi\u201d, ja se aktivoi verenkiertoa.<\/p>\n<p>Merinokaritsanvilla tulee merinokaritsasta. Karitsat kasvatetaan ainoastaan villansa vuoksi ja ne kerit\u00e4\u00e4n 9\u201312 kuukauden ik\u00e4isin\u00e4. Woolbed tuo merinokaritsanvillaa vain Uudesta-Seelannista. Eritt\u00e4in pehme\u00e4 ja silkkinen kashmir tulee kashmirvuohesta, joka el\u00e4\u00e4 eritt\u00e4in kylmiss\u00e4 olosuhteissa Tiibetiss\u00e4, Kiinassa, Pakistanissa ja Intiassa. Kashmir kammataan ja lajitellaan k\u00e4sin, koska kuidut ovat hyvin herkki\u00e4. Yksi vuohi tuottaa noin 120 grammaa kashmiria, mik\u00e4 selitt\u00e4\u00e4 korkean hinnan ja pienen tuottom\u00e4\u00e4r\u00e4n.<\/p>\n<p>[\/vc_column_text][vc_empty_space height=&#8221;100px&#8221;][\/vc_column_inner][\/vc_row_inner][\/vc_column][\/vc_row]<\/p>\n<p>[vc_row row_type=&#8221;parallax&#8221; content_aligment=&#8221;center&#8221; full_screen_section_height=&#8221;no&#8221; parallax_background_image=&#8221;8687&#8243; parallax_speed=&#8221;0&#8243; el_id=&#8221;care&#8221;][vc_column][vc_row_inner content_aligment=&#8221;center&#8221; css=&#8221;.vc_custom_1761139118466{border-top-width: 2px !important;padding-right: 10% !important;padding-left: 10% !important;background-color: rgba(255,255,255,0.55) !important;*background-color: rgb(255,255,255) !important;}&#8221;][vc_column_inner][vc_empty_space height=&#8221;100px&#8221;][vc_text_separator title=&#8221;Pesu- &#038; hoito-ohjeet \u2013 patjansuojukset&#8221; color=&#8221;custom&#8221; css=&#8221;.vc_custom_1761138650561{padding-bottom: 30px !important;}&#8221; accent_color=&#8221;#b20838&#8243;][vc_empty_space height=&#8221;20px&#8221;][vc_column_text css=&#8221;.vc_custom_1761138773628{margin-bottom: 0px !important;}&#8221; disable_pattern=&#8221;true&#8221; align=&#8221;left&#8221; margin_bottom=&#8221;0&#8243;]Patjansuoja on testattu ja hyv\u00e4ksytty \u00d6ko Standard 100 -vaatimusten mukaan. Se on irrotettava ja sen voi pest\u00e4 pesukoneessa 40 asteessa.<\/p>\n<p style=\"text-align: left;\"><strong><span style=\"color: #b20838;\">1.<\/span><\/strong> Aloita irrottamalla patjansuojus patjasta ja sulje vetoketju kokonaan.<\/p>\n<p style=\"text-align: left;\"><strong><span style=\"color: #b20838;\">2.<\/span><\/strong> Pese patjansuojus vetoketju suljettuna pesukoneessa 40 asteessa.<\/p>\n<p style=\"text-align: left;\"><span style=\"color: #b20838;\"><strong>3.<\/strong><\/span> Anna patjansuojuksen kuivua t\u00e4ysin ennen kuin asetat sen takaisin patjan p\u00e4\u00e4lle.<\/p>\n<p>[\/vc_column_text][vc_empty_space height=&#8221;100px&#8221;][\/vc_column_inner][\/vc_row_inner][\/vc_column][\/vc_row]<\/p>\n<p>[vc_row row_type=&#8221;parallax&#8221; content_aligment=&#8221;center&#8221; full_screen_section_height=&#8221;no&#8221; parallax_background_image=&#8221;8687&#8243; parallax_speed=&#8221;0&#8243;][vc_column][vc_row_inner content_aligment=&#8221;center&#8221; css=&#8221;.vc_custom_1761139129887{border-top-width: 2px !important;padding-right: 10% !important;padding-left: 10% !important;background-color: rgba(255,255,255,0.55) !important;*background-color: rgb(255,255,255) !important;}&#8221;][vc_column_inner][vc_text_separator title=&#8221;Pesu- &#038; hoito-ohjeet \u2013 villatuotteemme&#8221; color=&#8221;custom&#8221; css=&#8221;.vc_custom_1761138788555{padding-bottom: 30px !important;}&#8221; accent_color=&#8221;#b20838&#8243;][vc_empty_space height=&#8221;20px&#8221;][vc_column_text css=&#8221;.vc_custom_1762184945846{margin-bottom: 0px !important;}&#8221; disable_pattern=&#8221;true&#8221; align=&#8221;left&#8221; margin_bottom=&#8221;0&#8243;]<\/p>\n<p style=\"text-align: left;\"><strong><span style=\"color: #b20838;\">1.<\/span><\/strong> Ravistele ja tuuleta villatuotteet ennen k\u00e4ytt\u00f6\u00e4; tarvittaessa ne voi imuroida.<\/p>\n<p style=\"text-align: left;\"><strong><span style=\"color: #b20838;\">2.<\/span><\/strong> Tuuleta villatuotteita tarpeen mukaan. Villa voi parhaiten raikkaassa ja hieman kosteassa ilmassa; suoraa auringonvaloa tulee v\u00e4ltt\u00e4\u00e4. Ripustamalla villatuotteet ulos kostealla s\u00e4\u00e4ll\u00e4 kuidut puhdistuvat ja raikastuvat luonnollisesti, ja mahdolliset hajut poistuvat.<\/p>\n<p style=\"text-align: left;\"><span style=\"color: #b20838;\"><strong>3.<\/strong><\/span> Villa voidaan pest\u00e4 enint\u00e4\u00e4n 30 asteessa tai kylm\u00e4ss\u00e4 vedess\u00e4 laimennetulla m\u00e4ntysuovalla tai villashampoolla. Jos tuotteeseen tulee tahroja, pese vain tahra k\u00e4sin \u2013 \u00e4l\u00e4 koko tuotetta.<\/p>\n<p style=\"text-align: left;\"><span style=\"color: #b20838;\"><strong>4.<\/strong><\/span> Villa ei saa liottaa pitk\u00e4\u00e4n, eik\u00e4 sit\u00e4 saa v\u00e4\u00e4nt\u00e4\u00e4 tai harjata. Pesun j\u00e4lkeen puristele ylim\u00e4\u00e4r\u00e4inen vesi varovasti pois.<\/p>\n<p style=\"text-align: left;\"><span style=\"color: #b20838;\"><strong>5.<\/strong><\/span> Pitk\u00e4\u00e4n k\u00e4ytettyihin villatuotteisiin voidaan lis\u00e4t\u00e4 uutta lanoliinia useiden pesujen j\u00e4lkeen. Sit\u00e4 on saatavana apteekeista suihkemuodossa.<\/p>\n<p style=\"text-align: left;\"><span style=\"color: #b20838;\"><strong>6.<\/strong><\/span> Tarvittaessa tuotteen voi noin 5 vuoden k\u00e4yt\u00f6n j\u00e4lkeen vied\u00e4 erikoispesuun luonnonkuitutuotteille.<\/p>\n<p>[\/vc_column_text][vc_empty_space height=&#8221;100px&#8221;][\/vc_column_inner][\/vc_row_inner]<\/p>\n<p>[vc_column_text css=&#8221;.vc_custom_1572946484222{margin-right: -15px !important;margin-left: -15px !important;padding-top: 15px !important;padding-right: 30px !important;padding-bottom: 15px !important;padding-left: 30px !important;background-color: #b20838 !important;}&#8221; disable_pattern=&#8221;false&#8221; align=&#8221;center&#8221; margin_bottom=&#8221;0&#8243;]<\/p>\n<h5 style=\"text-align: center;\"><span style=\"color: #ffffff;\">10 vuoden takuu on voimassa, kun yll\u00e4 olevia hoito-ohjeita on noudatettu<\/span><\/h5>\n<p>[\/vc_column_text][\/vc_column][\/vc_row]<\/p>\n<\/div>","protected":false},"excerpt":{"rendered":"<p>[vc_row row_type=&#8221;parallax&#8221; content_aligment=&#8221;center&#8221; full_screen_section_height=&#8221;no&#8221; parallax_background_image=&#8221;8687&#8243; parallax_speed=&#8221;0&#8243;][vc_column][vc_row_inner content_aligment=&#8221;center&#8221; css=&#8221;.vc_custom_1572437509863{border-top-width: 2px !important;border-bottom-width: 2px !important;padding-right: 10% !important;padding-left: 10% !important;background-color: rgba(255,255,255,0.55) !important;*background-color: rgb(255,255,255) !important;border-top-color: #ffffff !important;border-top-style: solid !important;border-bottom-color: #ffffff !important;border-bottom-style: solid !important;}&#8221;][vc_column_inner][vc_empty_space height=&#8221;100px&#8221;][vc_text_separator title=&#8221;Tietoa villastamme&#8221; color=&#8221;custom&#8221; css=&#8221;.vc_custom_1515409855654{padding-bottom: 30px !important;}&#8221; accent_color=&#8221;#b20838&#8243;][vc_column_text css=&#8221;&#8221;] Valitse nukkua puhtaassa ja hypoallergeenisessa materiaalissa Ihmiset ovat&#8230;<\/p>\n","protected":false},"author":1,"featured_media":0,"parent":0,"menu_order":0,"comment_status":"closed","ping_status":"closed","template":"full-width.php","meta":{"footnotes":""},"class_list":["post-6065","page","type-page","status-publish","hentry"],"yoast_head":"<!-- This site is optimized with the Yoast SEO plugin v27.5 - https:\/\/yoast.com\/product\/yoast-seo-wordpress\/ -->\n<title>Woolbed ja villamme | WoolBed | SPECIALISTS IN WOOL, EXPERTS IN YOUR SLEEP<\/title>\n<meta name=\"robots\" content=\"index, follow, max-snippet:-1, max-image-preview:large, max-video-preview:-1\" \/>\n<link rel=\"canonical\" href=\"https:\/\/wool-bed.com\/fi\/woolbed-ja-villamme\/\" \/>\n<meta property=\"og:locale\" content=\"fi_FI\" \/>\n<meta property=\"og:type\" content=\"article\" \/>\n<meta property=\"og:title\" content=\"Woolbed ja villamme | WoolBed | SPECIALISTS IN WOOL, EXPERTS IN YOUR SLEEP\" \/>\n<meta property=\"og:description\" content=\"[vc_row row_type=&#8221;parallax&#8221; content_aligment=&#8221;center&#8221; full_screen_section_height=&#8221;no&#8221; parallax_background_image=&#8221;8687&#8243; parallax_speed=&#8221;0&#8243;][vc_column][vc_row_inner content_aligment=&#8221;center&#8221; css=&#8221;.vc_custom_1572437509863{border-top-width: 2px !important;border-bottom-width: 2px !important;padding-right: 10% !important;padding-left: 10% !important;background-color: rgba(255,255,255,0.55) !important;*background-color: rgb(255,255,255) !important;border-top-color: #ffffff !important;border-top-style: solid !important;border-bottom-color: #ffffff !important;border-bottom-style: solid !important;}&#8221;][vc_column_inner][vc_empty_space height=&#8221;100px&#8221;][vc_text_separator title=&#8221;Tietoa villastamme&#8221; color=&#8221;custom&#8221; css=&#8221;.vc_custom_1515409855654{padding-bottom: 30px !important;}&#8221; accent_color=&#8221;#b20838&#8243;][vc_column_text css=&#8221;&#8221;] Valitse nukkua puhtaassa ja hypoallergeenisessa materiaalissa Ihmiset ovat...\" \/>\n<meta property=\"og:url\" content=\"https:\/\/wool-bed.com\/fi\/woolbed-ja-villamme\/\" \/>\n<meta property=\"og:site_name\" content=\"WoolBed | SPECIALISTS IN WOOL, EXPERTS IN YOUR SLEEP\" \/>\n<meta property=\"article:publisher\" content=\"https:\/\/www.facebook.com\/WoolBed\/\" \/>\n<meta property=\"article:modified_time\" content=\"2025-11-21T16:29:20+00:00\" \/>\n<meta name=\"twitter:card\" content=\"summary_large_image\" \/>\n<meta name=\"twitter:label1\" content=\"Arvioitu lukuaika\" \/>\n\t<meta name=\"twitter:data1\" content=\"3 minuuttia\" \/>\n<script type=\"application\/ld+json\" class=\"yoast-schema-graph\">{\"@context\":\"https:\\\/\\\/schema.org\",\"@graph\":[{\"@type\":\"WebPage\",\"@id\":\"https:\\\/\\\/wool-bed.com\\\/fi\\\/woolbed-ja-villamme\\\/\",\"url\":\"https:\\\/\\\/wool-bed.com\\\/fi\\\/woolbed-ja-villamme\\\/\",\"name\":\"Woolbed ja villamme | WoolBed | SPECIALISTS IN WOOL, EXPERTS IN YOUR SLEEP\",\"isPartOf\":{\"@id\":\"https:\\\/\\\/wool-bed.com\\\/fi\\\/#website\"},\"datePublished\":\"2017-12-20T11:09:58+00:00\",\"dateModified\":\"2025-11-21T16:29:20+00:00\",\"breadcrumb\":{\"@id\":\"https:\\\/\\\/wool-bed.com\\\/fi\\\/woolbed-ja-villamme\\\/#breadcrumb\"},\"inLanguage\":\"fi\",\"potentialAction\":[{\"@type\":\"ReadAction\",\"target\":[\"https:\\\/\\\/wool-bed.com\\\/fi\\\/woolbed-ja-villamme\\\/\"]}]},{\"@type\":\"BreadcrumbList\",\"@id\":\"https:\\\/\\\/wool-bed.com\\\/fi\\\/woolbed-ja-villamme\\\/#breadcrumb\",\"itemListElement\":[{\"@type\":\"ListItem\",\"position\":1,\"name\":\"Home\",\"item\":\"https:\\\/\\\/wool-bed.com\\\/fi\\\/\"},{\"@type\":\"ListItem\",\"position\":2,\"name\":\"Woolbed ja villamme\"}]},{\"@type\":\"WebSite\",\"@id\":\"https:\\\/\\\/wool-bed.com\\\/fi\\\/#website\",\"url\":\"https:\\\/\\\/wool-bed.com\\\/fi\\\/\",\"name\":\"WoolBed | SPECIALISTS IN WOOL, EXPERTS IN YOUR SLEEP\",\"description\":\"In Woolbed we labour for your rest. Visit our online shop and discover our memory foam mattresses and Merino and Cashmere wool products with Woolmark quality guarantee.\",\"potentialAction\":[{\"@type\":\"SearchAction\",\"target\":{\"@type\":\"EntryPoint\",\"urlTemplate\":\"https:\\\/\\\/wool-bed.com\\\/fi\\\/?s={search_term_string}\"},\"query-input\":{\"@type\":\"PropertyValueSpecification\",\"valueRequired\":true,\"valueName\":\"search_term_string\"}}],\"inLanguage\":\"fi\"}]}<\/script>\n<!-- \/ Yoast SEO plugin. -->","yoast_head_json":{"title":"Woolbed ja villamme | WoolBed | SPECIALISTS IN WOOL, EXPERTS IN YOUR SLEEP","robots":{"index":"index","follow":"follow","max-snippet":"max-snippet:-1","max-image-preview":"max-image-preview:large","max-video-preview":"max-video-preview:-1"},"canonical":"https:\/\/wool-bed.com\/fi\/woolbed-ja-villamme\/","og_locale":"fi_FI","og_type":"article","og_title":"Woolbed ja villamme | WoolBed | SPECIALISTS IN WOOL, EXPERTS IN YOUR SLEEP","og_description":"[vc_row row_type=&#8221;parallax&#8221; content_aligment=&#8221;center&#8221; full_screen_section_height=&#8221;no&#8221; parallax_background_image=&#8221;8687&#8243; parallax_speed=&#8221;0&#8243;][vc_column][vc_row_inner content_aligment=&#8221;center&#8221; css=&#8221;.vc_custom_1572437509863{border-top-width: 2px !important;border-bottom-width: 2px !important;padding-right: 10% !important;padding-left: 10% !important;background-color: rgba(255,255,255,0.55) !important;*background-color: rgb(255,255,255) !important;border-top-color: #ffffff !important;border-top-style: solid !important;border-bottom-color: #ffffff !important;border-bottom-style: solid !important;}&#8221;][vc_column_inner][vc_empty_space height=&#8221;100px&#8221;][vc_text_separator title=&#8221;Tietoa villastamme&#8221; color=&#8221;custom&#8221; css=&#8221;.vc_custom_1515409855654{padding-bottom: 30px !important;}&#8221; accent_color=&#8221;#b20838&#8243;][vc_column_text css=&#8221;&#8221;] Valitse nukkua puhtaassa ja hypoallergeenisessa materiaalissa Ihmiset ovat...","og_url":"https:\/\/wool-bed.com\/fi\/woolbed-ja-villamme\/","og_site_name":"WoolBed | SPECIALISTS IN WOOL, EXPERTS IN YOUR SLEEP","article_publisher":"https:\/\/www.facebook.com\/WoolBed\/","article_modified_time":"2025-11-21T16:29:20+00:00","twitter_card":"summary_large_image","twitter_misc":{"Arvioitu lukuaika":"3 minuuttia"},"schema":{"@context":"https:\/\/schema.org","@graph":[{"@type":"WebPage","@id":"https:\/\/wool-bed.com\/fi\/woolbed-ja-villamme\/","url":"https:\/\/wool-bed.com\/fi\/woolbed-ja-villamme\/","name":"Woolbed ja villamme | WoolBed | SPECIALISTS IN WOOL, EXPERTS IN YOUR SLEEP","isPartOf":{"@id":"https:\/\/wool-bed.com\/fi\/#website"},"datePublished":"2017-12-20T11:09:58+00:00","dateModified":"2025-11-21T16:29:20+00:00","breadcrumb":{"@id":"https:\/\/wool-bed.com\/fi\/woolbed-ja-villamme\/#breadcrumb"},"inLanguage":"fi","potentialAction":[{"@type":"ReadAction","target":["https:\/\/wool-bed.com\/fi\/woolbed-ja-villamme\/"]}]},{"@type":"BreadcrumbList","@id":"https:\/\/wool-bed.com\/fi\/woolbed-ja-villamme\/#breadcrumb","itemListElement":[{"@type":"ListItem","position":1,"name":"Home","item":"https:\/\/wool-bed.com\/fi\/"},{"@type":"ListItem","position":2,"name":"Woolbed ja villamme"}]},{"@type":"WebSite","@id":"https:\/\/wool-bed.com\/fi\/#website","url":"https:\/\/wool-bed.com\/fi\/","name":"WoolBed | SPECIALISTS IN WOOL, EXPERTS IN YOUR SLEEP","description":"In Woolbed we labour for your rest. Visit our online shop and discover our memory foam mattresses and Merino and Cashmere wool products with Woolmark quality guarantee.","potentialAction":[{"@type":"SearchAction","target":{"@type":"EntryPoint","urlTemplate":"https:\/\/wool-bed.com\/fi\/?s={search_term_string}"},"query-input":{"@type":"PropertyValueSpecification","valueRequired":true,"valueName":"search_term_string"}}],"inLanguage":"fi"}]}},"_links":{"self":[{"href":"https:\/\/wool-bed.com\/fi\/wp-json\/wp\/v2\/pages\/6065","targetHints":{"allow":["GET"]}}],"collection":[{"href":"https:\/\/wool-bed.com\/fi\/wp-json\/wp\/v2\/pages"}],"about":[{"href":"https:\/\/wool-bed.com\/fi\/wp-json\/wp\/v2\/types\/page"}],"author":[{"embeddable":true,"href":"https:\/\/wool-bed.com\/fi\/wp-json\/wp\/v2\/users\/1"}],"replies":[{"embeddable":true,"href":"https:\/\/wool-bed.com\/fi\/wp-json\/wp\/v2\/comments?post=6065"}],"version-history":[{"count":1,"href":"https:\/\/wool-bed.com\/fi\/wp-json\/wp\/v2\/pages\/6065\/revisions"}],"predecessor-version":[{"id":11311,"href":"https:\/\/wool-bed.com\/fi\/wp-json\/wp\/v2\/pages\/6065\/revisions\/11311"}],"wp:attachment":[{"href":"https:\/\/wool-bed.com\/fi\/wp-json\/wp\/v2\/media?parent=6065"}],"curies":[{"name":"wp","href":"https:\/\/api.w.org\/{rel}","templated":true}]}}