{"id":3945,"date":"2016-03-09T17:04:24","date_gmt":"2016-03-09T17:04:24","guid":{"rendered":"http:\/\/wool-bed.com\/promotions-2\/"},"modified":"2024-04-01T14:27:39","modified_gmt":"2024-04-01T13:27:39","slug":"edistaminen","status":"publish","type":"page","link":"https:\/\/wool-bed.com\/fi\/edistaminen\/","title":{"rendered":"Tarjoukset"},"content":{"rendered":"<div class=\"wpb-content-wrapper\"><p>[vc_row content_width=&#8221;grid&#8221; content_aligment=&#8221;center&#8221; css=&#8221;.vc_custom_1508920424922{padding-bottom: 50px !important;}&#8221;][vc_column css=&#8221;.vc_custom_1508920634614{margin-top: -30px !important;}&#8221;][vc_column_text css=&#8221;.vc_custom_1515869156067{margin-top: 20px !important;border-top-width: 1px !important;padding-top: 10px !important;padding-bottom: 30px !important;border-top-color: rgba(178,8,56,0.3) !important;border-top-style: solid !important;}&#8221;]<\/p>\n<h1 style=\"text-align: center;\">Tarjoukset<\/h1>\n<p>[\/vc_column_text]<div class=\"woocommerce columns-4 \">\n<ul class=\"products standard\">\n\t\t<li class=\"product type-product post-8265 status-publish first instock product_cat-lisatarvikkeet product_cat-tarjoukset has-post-thumbnail shipping-taxable purchasable product-type-variable yith-wcbm-product-has-badges\">\n\t\t\t<div class=\"qodef-product-standard-image-holder\">\n\t\t\t\t\t<a href=\"https:\/\/wool-bed.com\/fi\/shop\/tarjoukset\/tofflor\/\" class=\"woocommerce-LoopProduct-link woocommerce-loop-product__link\">\t\t\t\t\t<span class=\"qodef-original-image\">\n\t\t\t\t\t<img loading=\"lazy\" decoding=\"async\" width=\"600\" height=\"600\" src=\"https:\/\/wool-bed.com\/wp-content\/uploads\/tofflor-woolbed-collection-2019-600x600.jpg\" class=\"attachment-woocommerce_thumbnail size-woocommerce_thumbnail\" alt=\"Tofflor\" srcset=\"https:\/\/wool-bed.com\/wp-content\/uploads\/tofflor-woolbed-collection-2019-600x600.jpg 600w, https:\/\/wool-bed.com\/wp-content\/uploads\/tofflor-woolbed-collection-2019-641x641.jpg 641w, https:\/\/wool-bed.com\/wp-content\/uploads\/tofflor-woolbed-collection-2019-80x80.jpg 80w, https:\/\/wool-bed.com\/wp-content\/uploads\/tofflor-woolbed-collection-2019-300x300.jpg 300w, https:\/\/wool-bed.com\/wp-content\/uploads\/tofflor-woolbed-collection-2019-768x768.jpg 768w, https:\/\/wool-bed.com\/wp-content\/uploads\/tofflor-woolbed-collection-2019-550x550.jpg 550w, https:\/\/wool-bed.com\/wp-content\/uploads\/tofflor-woolbed-collection-2019-100x100.jpg 100w, https:\/\/wool-bed.com\/wp-content\/uploads\/tofflor-woolbed-collection-2019.jpg 800w\" sizes=\"auto, (max-width: 600px) 100vw, 600px\" \/>\t\t\t\t\t<\/span>\n\t\t\t\t\t<span class=\"qodef-hover-image\">\n\t\t\t\t\t<img loading=\"lazy\" decoding=\"async\" width=\"600\" height=\"600\" src=\"https:\/\/wool-bed.com\/wp-content\/uploads\/tofflor-woolbed-collection-2019-detail-bottom-600x600.jpg\" class=\"attachment-woocommerce_thumbnail size-woocommerce_thumbnail\" alt=\"\" srcset=\"https:\/\/wool-bed.com\/wp-content\/uploads\/tofflor-woolbed-collection-2019-detail-bottom-600x600.jpg 600w, https:\/\/wool-bed.com\/wp-content\/uploads\/tofflor-woolbed-collection-2019-detail-bottom-641x641.jpg 641w, https:\/\/wool-bed.com\/wp-content\/uploads\/tofflor-woolbed-collection-2019-detail-bottom-80x80.jpg 80w, https:\/\/wool-bed.com\/wp-content\/uploads\/tofflor-woolbed-collection-2019-detail-bottom-300x300.jpg 300w, https:\/\/wool-bed.com\/wp-content\/uploads\/tofflor-woolbed-collection-2019-detail-bottom-768x768.jpg 768w, https:\/\/wool-bed.com\/wp-content\/uploads\/tofflor-woolbed-collection-2019-detail-bottom-550x550.jpg 550w, https:\/\/wool-bed.com\/wp-content\/uploads\/tofflor-woolbed-collection-2019-detail-bottom-100x100.jpg 100w, https:\/\/wool-bed.com\/wp-content\/uploads\/tofflor-woolbed-collection-2019-detail-bottom.jpg 800w\" sizes=\"auto, (max-width: 600px) 100vw, 600px\" \/>\t\t\t\t\t<\/span>\n\t\t\t\t\t<\/a>\n\t\t\t\t<div class=\"qodef-product-standard-button-holder\">\n\t\t\t\t\t<a href=\"https:\/\/wool-bed.com\/fi\/shop\/tarjoukset\/tofflor\/\" target=\"_self\"  class=\"qodef-btn qodef-btn-medium qodef-btn-solid qodef-btn-icon add_to_cart_button   product_type_variable\"  rel=\"nofollow\" data-product_id=\"8265\"  data-quantity=\"1\">    <span  class=\"qodef-btn-text\">Asetukset<\/span>    <i class=\"qodef-icon-linear-icon lnr lnr-list \" ><\/i><\/a>\t<span id=\"woocommerce_loop_add_to_cart_link_describedby_8265\" class=\"screen-reader-text\">\n\t\tT\u00e4ll\u00e4 tuotteella on useampi muunnelma. Voit tehd\u00e4 valinnat tuotteen sivulla.\t<\/span>\n\t\t\t\t<\/div>\n\t\t\t<\/div>\n\t\t\t<div class=\"qodef-product-standard-info-top\">\n\t\t\t\t<a href=\"https:\/\/wool-bed.com\/fi\/shop\/tarjoukset\/tofflor\/\" class=\"woocommerce-LoopProduct-link woocommerce-loop-product__link\"><h4 class=\"qodef-product-list-product-title\">Tofflor<\/h4><\/a>\n\t<span class=\"price\"><span class=\"woocommerce-Price-amount amount\"><bdi>50.00<span class=\"woocommerce-Price-currencySymbol\">&euro;<\/span><\/bdi><\/span><\/span>\n\t\t\t<\/div>\n\t\t\t\t\t<\/li>\n\t\t\t<li class=\"product type-product post-10135 status-publish instock product_cat-lisatarvikkeet product_cat-tarjoukset has-post-thumbnail shipping-taxable purchasable product-type-simple\">\n\t\t\t<div class=\"qodef-product-standard-image-holder\">\n\t\t\t\t\t<a href=\"https:\/\/wool-bed.com\/fi\/shop\/tarjoukset\/2-sittdyna-mjuk\/\" class=\"woocommerce-LoopProduct-link woocommerce-loop-product__link\">\t\t\t\t\t<span class=\"qodef-original-image\">\n\t\t\t\t\t<img loading=\"lazy\" decoding=\"async\" width=\"600\" height=\"600\" src=\"https:\/\/wool-bed.com\/wp-content\/uploads\/mjuk-sittdyna-open_x2-600x600.jpg\" class=\"attachment-woocommerce_thumbnail size-woocommerce_thumbnail\" alt=\"Sittdyna Mjuk\" srcset=\"https:\/\/wool-bed.com\/wp-content\/uploads\/mjuk-sittdyna-open_x2-600x600.jpg 600w, https:\/\/wool-bed.com\/wp-content\/uploads\/mjuk-sittdyna-open_x2-300x300.jpg 300w, https:\/\/wool-bed.com\/wp-content\/uploads\/mjuk-sittdyna-open_x2-80x80.jpg 80w, https:\/\/wool-bed.com\/wp-content\/uploads\/mjuk-sittdyna-open_x2-768x768.jpg 768w, https:\/\/wool-bed.com\/wp-content\/uploads\/mjuk-sittdyna-open_x2-550x550.jpg 550w, https:\/\/wool-bed.com\/wp-content\/uploads\/mjuk-sittdyna-open_x2-641x641.jpg 641w, https:\/\/wool-bed.com\/wp-content\/uploads\/mjuk-sittdyna-open_x2.jpg 800w\" sizes=\"auto, (max-width: 600px) 100vw, 600px\" \/>\t\t\t\t\t<\/span>\n\t\t\t\t\t<span class=\"qodef-hover-image\">\n\t\t\t\t\t<img loading=\"lazy\" decoding=\"async\" width=\"600\" height=\"600\" src=\"https:\/\/wool-bed.com\/wp-content\/uploads\/mjuk-sittdyna-open-600x600.jpg\" class=\"attachment-woocommerce_thumbnail size-woocommerce_thumbnail\" alt=\"\" srcset=\"https:\/\/wool-bed.com\/wp-content\/uploads\/mjuk-sittdyna-open-600x600.jpg 600w, https:\/\/wool-bed.com\/wp-content\/uploads\/mjuk-sittdyna-open-641x641.jpg 641w, https:\/\/wool-bed.com\/wp-content\/uploads\/mjuk-sittdyna-open-300x300.jpg 300w, https:\/\/wool-bed.com\/wp-content\/uploads\/mjuk-sittdyna-open-80x80.jpg 80w, https:\/\/wool-bed.com\/wp-content\/uploads\/mjuk-sittdyna-open-768x768.jpg 768w, https:\/\/wool-bed.com\/wp-content\/uploads\/mjuk-sittdyna-open-550x550.jpg 550w, https:\/\/wool-bed.com\/wp-content\/uploads\/mjuk-sittdyna-open.jpg 800w\" sizes=\"auto, (max-width: 600px) 100vw, 600px\" \/>\t\t\t\t\t<\/span>\n\t\t\t\t\t<\/a>\n\t\t\t\t<div class=\"qodef-product-standard-button-holder\">\n\t\t\t\t\t<a href=\"\/fi\/wp-json\/wp\/v2\/pages\/3945?add-to-cart=10135\" target=\"_self\"  class=\"qodef-btn qodef-btn-medium qodef-btn-solid qodef-btn-icon add_to_cart_button ajax_add_to_cart  product_type_simple\"  rel=\"nofollow\" data-product_id=\"10135\"  data-quantity=\"1\">    <span  class=\"qodef-btn-text\">Lis\u00e4\u00e4 ostoskoriin<\/span>    <i class=\"qodef-icon-linear-icon lnr lnr-cart \" ><\/i><\/a>\t<span id=\"woocommerce_loop_add_to_cart_link_describedby_10135\" class=\"screen-reader-text\">\n\t\t\t<\/span>\n\t\t\t\t<\/div>\n\t\t\t<\/div>\n\t\t\t<div class=\"qodef-product-standard-info-top\">\n\t\t\t\t<a href=\"https:\/\/wool-bed.com\/fi\/shop\/tarjoukset\/2-sittdyna-mjuk\/\" class=\"woocommerce-LoopProduct-link woocommerce-loop-product__link\"><h4 class=\"qodef-product-list-product-title\">Sittdyna Mjuk<\/h4><\/a>\n\t<span class=\"price\"><span class=\"woocommerce-Price-amount amount\"><bdi>76.00<span class=\"woocommerce-Price-currencySymbol\">&euro;<\/span><\/bdi><\/span><\/span>\n\t\t\t<\/div>\n\t\t\t\t\t<\/li>\n\t\t\t<li class=\"product type-product post-10139 status-publish instock product_cat-lisatarvikkeet product_cat-tarjoukset has-post-thumbnail shipping-taxable purchasable product-type-simple\">\n\t\t\t<div class=\"qodef-product-standard-image-holder\">\n\t\t\t\t\t<a href=\"https:\/\/wool-bed.com\/fi\/shop\/tarjoukset\/2-enkel-sittdyna\/\" class=\"woocommerce-LoopProduct-link woocommerce-loop-product__link\">\t\t\t\t\t<span class=\"qodef-original-image\">\n\t\t\t\t\t<img loading=\"lazy\" decoding=\"async\" width=\"600\" height=\"600\" src=\"https:\/\/wool-bed.com\/wp-content\/uploads\/2015\/05\/cojin_R-600x600.jpg\" class=\"attachment-woocommerce_thumbnail size-woocommerce_thumbnail\" alt=\"ENKEL SITTDYNA\" srcset=\"https:\/\/wool-bed.com\/wp-content\/uploads\/2015\/05\/cojin_R-600x600.jpg 600w, https:\/\/wool-bed.com\/wp-content\/uploads\/2015\/05\/cojin_R-100x100.jpg 100w, https:\/\/wool-bed.com\/wp-content\/uploads\/2015\/05\/cojin_R-641x641.jpg 641w, https:\/\/wool-bed.com\/wp-content\/uploads\/2015\/05\/cojin_R.jpg 800w\" sizes=\"auto, (max-width: 600px) 100vw, 600px\" \/>\t\t\t\t\t<\/span>\n\t\t\t\t\t<span class=\"qodef-hover-image\">\n\t\t\t\t\t<img loading=\"lazy\" decoding=\"async\" width=\"600\" height=\"600\" src=\"https:\/\/wool-bed.com\/wp-content\/uploads\/2015\/05\/cojin_R-600x600.jpg\" class=\"attachment-woocommerce_thumbnail size-woocommerce_thumbnail\" alt=\"\" srcset=\"https:\/\/wool-bed.com\/wp-content\/uploads\/2015\/05\/cojin_R-600x600.jpg 600w, https:\/\/wool-bed.com\/wp-content\/uploads\/2015\/05\/cojin_R-100x100.jpg 100w, https:\/\/wool-bed.com\/wp-content\/uploads\/2015\/05\/cojin_R-641x641.jpg 641w, https:\/\/wool-bed.com\/wp-content\/uploads\/2015\/05\/cojin_R.jpg 800w\" sizes=\"auto, (max-width: 600px) 100vw, 600px\" \/>\t\t\t\t\t<\/span>\n\t\t\t\t\t<\/a>\n\t\t\t\t<div class=\"qodef-product-standard-button-holder\">\n\t\t\t\t\t<a href=\"\/fi\/wp-json\/wp\/v2\/pages\/3945?add-to-cart=10139\" target=\"_self\"  class=\"qodef-btn qodef-btn-medium qodef-btn-solid qodef-btn-icon add_to_cart_button ajax_add_to_cart  product_type_simple\"  rel=\"nofollow\" data-product_id=\"10139\"  data-quantity=\"1\">    <span  class=\"qodef-btn-text\">Lis\u00e4\u00e4 ostoskoriin<\/span>    <i class=\"qodef-icon-linear-icon lnr lnr-cart \" ><\/i><\/a>\t<span id=\"woocommerce_loop_add_to_cart_link_describedby_10139\" class=\"screen-reader-text\">\n\t\t\t<\/span>\n\t\t\t\t<\/div>\n\t\t\t<\/div>\n\t\t\t<div class=\"qodef-product-standard-info-top\">\n\t\t\t\t<a href=\"https:\/\/wool-bed.com\/fi\/shop\/tarjoukset\/2-enkel-sittdyna\/\" class=\"woocommerce-LoopProduct-link woocommerce-loop-product__link\"><h4 class=\"qodef-product-list-product-title\">ENKEL SITTDYNA<\/h4><\/a>\n\t<span class=\"price\"><span class=\"woocommerce-Price-amount amount\"><bdi>84.00<span class=\"woocommerce-Price-currencySymbol\">&euro;<\/span><\/bdi><\/span><\/span>\n\t\t\t<\/div>\n\t\t\t\t\t<\/li>\n\t\t\t<li class=\"product type-product post-2540 status-publish last instock product_cat-lisatarvikkeet product_cat-tarjoukset has-post-thumbnail shipping-taxable purchasable product-type-variable\">\n\t\t\t<div class=\"qodef-product-standard-image-holder\">\n\t\t\t\t\t<a href=\"https:\/\/wool-bed.com\/fi\/shop\/tarjoukset\/kashmir-lansi-liivi-villaliiveja\/\" class=\"woocommerce-LoopProduct-link woocommerce-loop-product__link\">\t\t\t\t\t<span class=\"qodef-original-image\">\n\t\t\t\t\t<img loading=\"lazy\" decoding=\"async\" width=\"600\" height=\"600\" src=\"https:\/\/wool-bed.com\/wp-content\/uploads\/2015\/10\/vast1-600x600.jpg\" class=\"attachment-woocommerce_thumbnail size-woocommerce_thumbnail\" alt=\"V\u00c4ST\" srcset=\"https:\/\/wool-bed.com\/wp-content\/uploads\/2015\/10\/vast1-600x600.jpg 600w, https:\/\/wool-bed.com\/wp-content\/uploads\/2015\/10\/vast1-100x100.jpg 100w, https:\/\/wool-bed.com\/wp-content\/uploads\/2015\/10\/vast1-641x641.jpg 641w, https:\/\/wool-bed.com\/wp-content\/uploads\/2015\/10\/vast1.jpg 800w\" sizes=\"auto, (max-width: 600px) 100vw, 600px\" \/>\t\t\t\t\t<\/span>\n\t\t\t\t\t<span class=\"qodef-hover-image\">\n\t\t\t\t\t<img loading=\"lazy\" decoding=\"async\" width=\"600\" height=\"600\" src=\"https:\/\/wool-bed.com\/wp-content\/uploads\/2015\/10\/vast2-600x600.jpg\" class=\"attachment-woocommerce_thumbnail size-woocommerce_thumbnail\" alt=\"\" srcset=\"https:\/\/wool-bed.com\/wp-content\/uploads\/2015\/10\/vast2-600x600.jpg 600w, https:\/\/wool-bed.com\/wp-content\/uploads\/2015\/10\/vast2-100x100.jpg 100w, https:\/\/wool-bed.com\/wp-content\/uploads\/2015\/10\/vast2-641x641.jpg 641w, https:\/\/wool-bed.com\/wp-content\/uploads\/2015\/10\/vast2.jpg 800w\" sizes=\"auto, (max-width: 600px) 100vw, 600px\" \/>\t\t\t\t\t<\/span>\n\t\t\t\t\t<\/a>\n\t\t\t\t<div class=\"qodef-product-standard-button-holder\">\n\t\t\t\t\t<a href=\"https:\/\/wool-bed.com\/fi\/shop\/tarjoukset\/kashmir-lansi-liivi-villaliiveja\/\" target=\"_self\"  class=\"qodef-btn qodef-btn-medium qodef-btn-solid qodef-btn-icon add_to_cart_button   product_type_variable\"  rel=\"nofollow\" data-product_id=\"2540\"  data-quantity=\"1\">    <span  class=\"qodef-btn-text\">Asetukset<\/span>    <i class=\"qodef-icon-linear-icon lnr lnr-list \" ><\/i><\/a>\t<span id=\"woocommerce_loop_add_to_cart_link_describedby_2540\" class=\"screen-reader-text\">\n\t\tT\u00e4ll\u00e4 tuotteella on useampi muunnelma. Voit tehd\u00e4 valinnat tuotteen sivulla.\t<\/span>\n\t\t\t\t<\/div>\n\t\t\t<\/div>\n\t\t\t<div class=\"qodef-product-standard-info-top\">\n\t\t\t\t<a href=\"https:\/\/wool-bed.com\/fi\/shop\/tarjoukset\/kashmir-lansi-liivi-villaliiveja\/\" class=\"woocommerce-LoopProduct-link woocommerce-loop-product__link\"><h4 class=\"qodef-product-list-product-title\">V\u00c4ST<\/h4><\/a>\n\t<span class=\"price\"><span class=\"woocommerce-Price-amount amount\"><bdi>195.00<span class=\"woocommerce-Price-currencySymbol\">&euro;<\/span><\/bdi><\/span><\/span>\n\t\t\t<\/div>\n\t\t\t\t\t<\/li>\n\t<\/ul>\n<\/div>[\/vc_column][\/vc_row]<\/p>\n<\/div>","protected":false},"excerpt":{"rendered":"<p>[vc_row content_width=&#8221;grid&#8221; content_aligment=&#8221;center&#8221; css=&#8221;.vc_custom_1508920424922{padding-bottom: 50px !important;}&#8221;][vc_column css=&#8221;.vc_custom_1508920634614{margin-top: -30px !important;}&#8221;][vc_column_text css=&#8221;.vc_custom_1515869156067{margin-top: 20px !important;border-top-width: 1px !important;padding-top: 10px !important;padding-bottom: 30px !important;border-top-color: rgba(178,8,56,0.3) !important;border-top-style: solid !important;}&#8221;] Tarjoukset [\/vc_column_text][\/vc_column][\/vc_row]<\/p>\n","protected":false},"author":1,"featured_media":0,"parent":0,"menu_order":0,"comment_status":"closed","ping_status":"closed","template":"","meta":{"footnotes":""},"class_list":["post-3945","page","type-page","status-publish","hentry"],"yoast_head":"<!-- This site is optimized with the Yoast SEO plugin v27.5 - https:\/\/yoast.com\/product\/yoast-seo-wordpress\/ -->\n<title>Tarjoukset | WoolBed | SPECIALISTS IN WOOL, EXPERTS IN YOUR SLEEP<\/title>\n<meta name=\"robots\" content=\"noindex, nofollow\" \/>\n<meta property=\"og:locale\" content=\"fi_FI\" \/>\n<meta property=\"og:type\" content=\"article\" \/>\n<meta property=\"og:title\" content=\"Tarjoukset | WoolBed | SPECIALISTS IN WOOL, EXPERTS IN YOUR SLEEP\" \/>\n<meta property=\"og:description\" content=\"[vc_row content_width=&#8221;grid&#8221; content_aligment=&#8221;center&#8221; css=&#8221;.vc_custom_1508920424922{padding-bottom: 50px !important;}&#8221;][vc_column css=&#8221;.vc_custom_1508920634614{margin-top: -30px !important;}&#8221;][vc_column_text css=&#8221;.vc_custom_1515869156067{margin-top: 20px !important;border-top-width: 1px !important;padding-top: 10px !important;padding-bottom: 30px !important;border-top-color: rgba(178,8,56,0.3) !important;border-top-style: solid !important;}&#8221;] Tarjoukset [\/vc_column_text][\/vc_column][\/vc_row]\" \/>\n<meta property=\"og:url\" content=\"https:\/\/wool-bed.com\/fi\/edistaminen\/\" \/>\n<meta property=\"og:site_name\" content=\"WoolBed | SPECIALISTS IN WOOL, EXPERTS IN YOUR SLEEP\" \/>\n<meta property=\"article:publisher\" content=\"https:\/\/www.facebook.com\/WoolBed\/\" \/>\n<meta property=\"article:modified_time\" content=\"2024-04-01T13:27:39+00:00\" \/>\n<meta name=\"twitter:card\" content=\"summary_large_image\" \/>\n<script type=\"application\/ld+json\" class=\"yoast-schema-graph\">{\"@context\":\"https:\\\/\\\/schema.org\",\"@graph\":[{\"@type\":\"WebPage\",\"@id\":\"https:\\\/\\\/wool-bed.com\\\/fi\\\/edistaminen\\\/\",\"url\":\"https:\\\/\\\/wool-bed.com\\\/fi\\\/edistaminen\\\/\",\"name\":\"Tarjoukset | WoolBed | SPECIALISTS IN WOOL, EXPERTS IN YOUR SLEEP\",\"isPartOf\":{\"@id\":\"https:\\\/\\\/wool-bed.com\\\/fi\\\/#website\"},\"datePublished\":\"2016-03-09T17:04:24+00:00\",\"dateModified\":\"2024-04-01T13:27:39+00:00\",\"breadcrumb\":{\"@id\":\"https:\\\/\\\/wool-bed.com\\\/fi\\\/edistaminen\\\/#breadcrumb\"},\"inLanguage\":\"fi\",\"potentialAction\":[{\"@type\":\"ReadAction\",\"target\":[\"https:\\\/\\\/wool-bed.com\\\/fi\\\/edistaminen\\\/\"]}]},{\"@type\":\"BreadcrumbList\",\"@id\":\"https:\\\/\\\/wool-bed.com\\\/fi\\\/edistaminen\\\/#breadcrumb\",\"itemListElement\":[{\"@type\":\"ListItem\",\"position\":1,\"name\":\"Home\",\"item\":\"https:\\\/\\\/wool-bed.com\\\/fi\\\/\"},{\"@type\":\"ListItem\",\"position\":2,\"name\":\"Tarjoukset\"}]},{\"@type\":\"WebSite\",\"@id\":\"https:\\\/\\\/wool-bed.com\\\/fi\\\/#website\",\"url\":\"https:\\\/\\\/wool-bed.com\\\/fi\\\/\",\"name\":\"WoolBed | SPECIALISTS IN WOOL, EXPERTS IN YOUR SLEEP\",\"description\":\"In Woolbed we labour for your rest. Visit our online shop and discover our memory foam mattresses and Merino and Cashmere wool products with Woolmark quality guarantee.\",\"potentialAction\":[{\"@type\":\"SearchAction\",\"target\":{\"@type\":\"EntryPoint\",\"urlTemplate\":\"https:\\\/\\\/wool-bed.com\\\/fi\\\/?s={search_term_string}\"},\"query-input\":{\"@type\":\"PropertyValueSpecification\",\"valueRequired\":true,\"valueName\":\"search_term_string\"}}],\"inLanguage\":\"fi\"}]}<\/script>\n<!-- \/ Yoast SEO plugin. -->","yoast_head_json":{"title":"Tarjoukset | WoolBed | SPECIALISTS IN WOOL, EXPERTS IN YOUR SLEEP","robots":{"index":"noindex","follow":"nofollow"},"og_locale":"fi_FI","og_type":"article","og_title":"Tarjoukset | WoolBed | SPECIALISTS IN WOOL, EXPERTS IN YOUR SLEEP","og_description":"[vc_row content_width=&#8221;grid&#8221; content_aligment=&#8221;center&#8221; css=&#8221;.vc_custom_1508920424922{padding-bottom: 50px !important;}&#8221;][vc_column css=&#8221;.vc_custom_1508920634614{margin-top: -30px !important;}&#8221;][vc_column_text css=&#8221;.vc_custom_1515869156067{margin-top: 20px !important;border-top-width: 1px !important;padding-top: 10px !important;padding-bottom: 30px !important;border-top-color: rgba(178,8,56,0.3) !important;border-top-style: solid !important;}&#8221;] Tarjoukset [\/vc_column_text][\/vc_column][\/vc_row]","og_url":"https:\/\/wool-bed.com\/fi\/edistaminen\/","og_site_name":"WoolBed | SPECIALISTS IN WOOL, EXPERTS IN YOUR SLEEP","article_publisher":"https:\/\/www.facebook.com\/WoolBed\/","article_modified_time":"2024-04-01T13:27:39+00:00","twitter_card":"summary_large_image","schema":{"@context":"https:\/\/schema.org","@graph":[{"@type":"WebPage","@id":"https:\/\/wool-bed.com\/fi\/edistaminen\/","url":"https:\/\/wool-bed.com\/fi\/edistaminen\/","name":"Tarjoukset | WoolBed | SPECIALISTS IN WOOL, EXPERTS IN YOUR SLEEP","isPartOf":{"@id":"https:\/\/wool-bed.com\/fi\/#website"},"datePublished":"2016-03-09T17:04:24+00:00","dateModified":"2024-04-01T13:27:39+00:00","breadcrumb":{"@id":"https:\/\/wool-bed.com\/fi\/edistaminen\/#breadcrumb"},"inLanguage":"fi","potentialAction":[{"@type":"ReadAction","target":["https:\/\/wool-bed.com\/fi\/edistaminen\/"]}]},{"@type":"BreadcrumbList","@id":"https:\/\/wool-bed.com\/fi\/edistaminen\/#breadcrumb","itemListElement":[{"@type":"ListItem","position":1,"name":"Home","item":"https:\/\/wool-bed.com\/fi\/"},{"@type":"ListItem","position":2,"name":"Tarjoukset"}]},{"@type":"WebSite","@id":"https:\/\/wool-bed.com\/fi\/#website","url":"https:\/\/wool-bed.com\/fi\/","name":"WoolBed | SPECIALISTS IN WOOL, EXPERTS IN YOUR SLEEP","description":"In Woolbed we labour for your rest. Visit our online shop and discover our memory foam mattresses and Merino and Cashmere wool products with Woolmark quality guarantee.","potentialAction":[{"@type":"SearchAction","target":{"@type":"EntryPoint","urlTemplate":"https:\/\/wool-bed.com\/fi\/?s={search_term_string}"},"query-input":{"@type":"PropertyValueSpecification","valueRequired":true,"valueName":"search_term_string"}}],"inLanguage":"fi"}]}},"_links":{"self":[{"href":"https:\/\/wool-bed.com\/fi\/wp-json\/wp\/v2\/pages\/3945","targetHints":{"allow":["GET"]}}],"collection":[{"href":"https:\/\/wool-bed.com\/fi\/wp-json\/wp\/v2\/pages"}],"about":[{"href":"https:\/\/wool-bed.com\/fi\/wp-json\/wp\/v2\/types\/page"}],"author":[{"embeddable":true,"href":"https:\/\/wool-bed.com\/fi\/wp-json\/wp\/v2\/users\/1"}],"replies":[{"embeddable":true,"href":"https:\/\/wool-bed.com\/fi\/wp-json\/wp\/v2\/comments?post=3945"}],"version-history":[{"count":0,"href":"https:\/\/wool-bed.com\/fi\/wp-json\/wp\/v2\/pages\/3945\/revisions"}],"wp:attachment":[{"href":"https:\/\/wool-bed.com\/fi\/wp-json\/wp\/v2\/media?parent=3945"}],"curies":[{"name":"wp","href":"https:\/\/api.w.org\/{rel}","templated":true}]}}