{"id":11257,"date":"2025-10-21T13:08:08","date_gmt":"2025-10-21T12:08:08","guid":{"rendered":"https:\/\/wool-bed.com\/vilka-ar-vi\/"},"modified":"2025-11-21T17:10:41","modified_gmt":"2025-11-21T17:10:41","slug":"keita-me-olemme","status":"publish","type":"page","link":"https:\/\/wool-bed.com\/fi\/keita-me-olemme\/","title":{"rendered":"Keit\u00e4 me olemme?"},"content":{"rendered":"<div class=\"wpb-content-wrapper\"><p>[vc_row row_type=&#8221;parallax&#8221; content_aligment=&#8221;center&#8221; full_screen_section_height=&#8221;yes&#8221; vertically_align_content_in_middle=&#8221;yes&#8221; parallax_background_image=&#8221;8687&#8243; parallax_speed=&#8221;0&#8243; css=&#8221;.vc_custom_1572358540070{margin-top: -80px !important;}&#8221;][vc_column][vc_empty_space][vc_row_inner content_aligment=&#8221;center&#8221; css=&#8221;.vc_custom_1572437539278{border-top-width: 2px !important;border-bottom-width: 2px !important;padding-right: 10% !important;padding-left: 10% !important;background-color: rgba(255,255,255,0.55) !important;*background-color: rgb(255,255,255) !important;border-top-color: #ffffff !important;border-top-style: solid !important;border-bottom-color: #ffffff !important;border-bottom-style: solid !important;}&#8221;][vc_column_inner][vc_empty_space height=&#8221;30px&#8221;][vc_column_text css=&#8221;&#8221;]<\/p>\n<h1 style=\"text-align: center; color: #b20838;\">ME OLEMME WOOLBED<\/h1>\n<p style=\"text-align: center;\">Woolbed perustettiin vuonna 1995, kun yritys aloitti toimintansa Kanariansaarilla Espanjassa. Vuosien varrella olemme laajentaneet toimintaamme useisiin kohteisiin, kuten Mallorcalle Espanjaan, Madeiralle Portugaliin sek\u00e4 my\u00f6s Yhdysvaltoihin.<\/p>\n<p>[\/vc_column_text][vc_empty_space height=&#8221;30px&#8221;][vc_column_text css=&#8221;&#8221;]<\/p>\n<h2 style=\"text-align: center; color: #b20838;\">KILPAILUKYKYISET HINNAT<\/h2>\n<p style=\"text-align: center;\">Ty\u00f6skentelemme p\u00e4\u00e4asiassa pohjoismaisen matkailun parissa. Asiakkaamme tulevat maista kuten Ruotsi, Norja, Tanska ja Suomi. Tarjoamme asiakkaillemme mahdollisuuden tutustua koko mallistoomme ja tietenkin kokeilla tuotteitamme \u2013 yhdess\u00e4 uniasiantuntijoidemme kanssa. K\u00e4yt\u00e4mme ainoastaan parasta mahdollista laatua ja pystymme tarjoamaan huomattavasti edullisempia hintoja kuin Pohjoismaissa.<\/p>\n<p>[\/vc_column_text][vc_empty_space height=&#8221;30px&#8221;][vc_column_text css=&#8221;&#8221;]<\/p>\n<h2 style=\"text-align: center; color: #b20838;\">TAKUU &amp; TURVALLISUUS<\/h2>\n<p style=\"text-align: center;\">Kaikki tuotteemme valmistetaan Saksassa, jossa monet niist\u00e4 valmistetaan k\u00e4sity\u00f6n\u00e4. Tuotteet ovat sertifioitu Woolmark-takuumerkill\u00e4. Suoritamme jatkuvia laadunvalvontoja voidaksemme tarjota korkealaatuisia tuotteitamme.<\/p>\n<p>[\/vc_column_text][vc_empty_space height=&#8221;30px&#8221;][vc_column_text css=&#8221;&#8221;]<\/p>\n<h2 style=\"text-align: center; color: #b20838;\">OTA YHTEYTT\u00c4<\/h2>\n<p style=\"text-align: center;\">\u00c4lk\u00e4\u00e4 ep\u00e4r\u00f6ik\u00f6 ottaa meihin yhteytt\u00e4 klikkaamalla <a href=\"https:\/\/wool-bed.com\/kontakt\/\">Yhteys<\/a>, mik\u00e4li teill\u00e4 on kysytt\u00e4v\u00e4\u00e4 tai haluatte lis\u00e4selvityksi\u00e4 asiantuntijoiltamme, jotka vastaavat mielell\u00e4\u00e4n kaikkiin kysymyksiinne.<\/p>\n<p>[\/vc_column_text][vc_empty_space height=&#8221;30px&#8221;][vc_column_text css=&#8221;&#8221;]<\/p>\n<h2 style=\"text-align: center; color: #b20838;\">UNIASIANTUNTIJAMME<\/h2>\n<p style=\"text-align: center;\">Alta l\u00f6yd\u00e4tte uniasiantuntijamme, joilla on vuosien kokemus tuotteistamme. Mik\u00e4li kuulutte asiakaskuntaamme ja haluatte henkil\u00f6kohtaista palvelua juuri omalta asiantuntijaltanne, klikatkaa alla olevaa kuvaa, niin otamme teihin yhteytt\u00e4 pian.<\/p>\n<p>[\/vc_column_text][vc_empty_space height=&#8221;50px&#8221;][vc_empty_space height=&#8221;50px&#8221;][\/vc_column_inner][\/vc_row_inner][\/vc_column][\/vc_row][vc_row content_width=&#8221;grid&#8221;][vc_column][vc_empty_space height=&#8221;50px&#8221;][vc_empty_space height=&#8221;50px&#8221;][vc_column_text css=&#8221;&#8221;]<\/p>\n<h1 style=\"text-align: center; color: #b20838;\">WOOLBEDIN UNIASIANTUNTIJAT<\/h1>\n<p>[\/vc_column_text][vc_empty_space height=&#8221;20px&#8221;][vc_column_text css=&#8221;&#8221;]<\/p>\n<h3 style=\"text-align: center; color: #b20838;\">Woolbedill\u00e4 v\u00e4lit\u00e4mme asiakkaistamme ja panostamme siihen, ett\u00e4 saatte vastaukset kysymyksiinne \u2013 laajan asiantuntemuksemme ansiosta.<\/h3>\n<p>[\/vc_column_text][vc_column_text css=&#8221;&#8221;]<\/p>\n<p style=\"text-align: center;\">Jos olette jo asiakkaamme ja haluatte ottaa yhteytt\u00e4 omaan uniasiantuntijaanne, klikatkaa asiantuntijan s\u00e4hk\u00f6postiosoitetta alta.<\/p>\n<p>[\/vc_column_text][vc_empty_space height=&#8221;50px&#8221;][vc_row_inner content_width=&#8221;grid&#8221;][vc_column_inner width=&#8221;1\/3&#8243; css=&#8221;.vc_custom_1761666089723{padding-right: 25px !important;padding-left: 25px !important;}&#8221;][vc_single_image image=&#8221;11314&#8243; img_size=&#8221;full&#8221; alignment=&#8221;center&#8221; style=&#8221;vc_box_shadow_circle&#8221; css=&#8221;&#8221;][vc_empty_space height=&#8221;20px&#8221;][vc_column_text css=&#8221;&#8221;]<\/p>\n<h1 style=\"text-align: center; color: #b20838;\">Jonna<\/h1>\n<p>[\/vc_column_text][vc_column_text css=&#8221;&#8221;]<\/p>\n<p style=\"text-align: center;\"><span style=\"color: #003366;\"><a style=\"color: #003366;\" href=\"mailto:sales@wool-bed.com\">sales@wool-bed.com<\/a><\/span><\/p>\n<p>[\/vc_column_text][vc_column_text css=&#8221;&#8221;]Hei! Olen Jonna ja teen ty\u00f6t\u00e4 suurella ilolla hyvinvoinnin parissa \u2013 erityisesti luonnonvillatuotteiden ja laadukkaiden patjojen kanssa.<\/p>\n<p>Minulla on aina ollut erityinen suhde villaan. Lapsuudessani muistan, miten iso\u00e4itini ja \u00e4itinikin kutoi meille villapeittoja ja villasukat, ja miten l\u00e4mmin ja turvallinen olo niist\u00e4 tuli. Se tunne j\u00e4i mieleeni \u2013 villassa on jotain luonnollista, puhdasta ja rauhoittavaa.<\/p>\n<p>Kun vuosia my\u00f6hemmin aloin ty\u00f6skennell\u00e4 hyvinvointituotteiden parissa, villan l\u00e4mp\u00f6 ja luonnollisuus tulivat taas osaksi el\u00e4m\u00e4\u00e4ni.<\/p>\n<p>Olen kiitollinen, ett\u00e4 saan jakaa t\u00e4m\u00e4n kokemuksen muiden kanssa ja auttaa heit\u00e4 l\u00f6yt\u00e4m\u00e4\u00e4n samanlaisen hyvinvoinnin tunteen, jonka muistan jo lapsuudestani.<\/p>\n<p>Minulle t\u00e4m\u00e4 ty\u00f6 ei ole vain myynti\u00e4, vaan asiakkaiden tukemista t\u00e4rke\u00e4ss\u00e4 valinnassa: oman kehon, unen ja el\u00e4m\u00e4nlaadun hoitamisessa.<\/p>\n<p>Kun puhun n\u00e4ist\u00e4 tuotteista, teen sen omasta kokemuksesta ja t\u00e4ydest\u00e4 luottamuksesta, koska tied\u00e4n, milt\u00e4 ne tuntuvat ja mit\u00e4 hy\u00f6ty\u00e4 niist\u00e4 on.<\/p>\n<p>Uskon vahvasti, ett\u00e4 kun ihminen nukkuu hyvin ja voi hyvin, kaikki el\u00e4m\u00e4ss\u00e4 tuntuu paremmalta.[\/vc_column_text][vc_empty_space height=&#8221;50px&#8221;][\/vc_column_inner][vc_column_inner width=&#8221;1\/3&#8243; css=&#8221;.vc_custom_1761666241174{padding-right: 25px !important;padding-left: 25px !important;}&#8221;][vc_single_image image=&#8221;11316&#8243; img_size=&#8221;full&#8221; alignment=&#8221;center&#8221; style=&#8221;vc_box_shadow_circle&#8221; css=&#8221;&#8221;][vc_empty_space height=&#8221;20px&#8221;][vc_column_text css=&#8221;&#8221;]<\/p>\n<h1 style=\"text-align: center; color: #b20838;\">Jessica<\/h1>\n<p>[\/vc_column_text][vc_column_text css=&#8221;&#8221;]<\/p>\n<p style=\"text-align: center;\"><span style=\"color: #003366;\"><a style=\"color: #003366;\" href=\"mailto:sales@wool-bed.com\">sales@wool-bed.com<\/a><\/span><\/p>\n<p>[\/vc_column_text][vc_column_text css=&#8221;&#8221;]<\/p>\n<p align=\"JUSTIFY\">Olen Yesica Kettunen. Minulla on laaja kokemus hyvinvointi- ja majoitusalalta pohjoismaisille asiakkaille suunnattuna, ja olen saanut l\u00e4helt\u00e4 tutustua skandinaavisen yleis\u00f6n tarpeisiin ja mieltymyksiin.<\/p>\n<p align=\"JUSTIFY\">Kiinnostukseni luonnollisia ja kest\u00e4vi\u00e4 tuotteita kohtaan johti minut tekem\u00e4\u00e4n yhteisty\u00f6t\u00e4 Woolbedin kanssa \u2013 br\u00e4ndin, joka jakaa samat arvot laadusta, mukavuudesta ja ymp\u00e4rist\u00f6n kunnioittamisesta.<\/p>\n<p align=\"JUSTIFY\">Esittelyjen ja tiedotustilaisuuksien kautta tuon puhtaan villan ja Woolbedin tuotteiden hy\u00f6dyt l\u00e4hemm\u00e4s Kanarialla vierailevaa suomalaista yhteis\u00f6\u00e4.<\/p>\n<p>[\/vc_column_text][vc_empty_space height=&#8221;50px&#8221;][\/vc_column_inner][vc_column_inner width=&#8221;1\/3&#8243; css=&#8221;.vc_custom_1761666248902{padding-right: 25px !important;padding-left: 25px !important;}&#8221;][vc_single_image image=&#8221;11315&#8243; img_size=&#8221;full&#8221; alignment=&#8221;center&#8221; style=&#8221;vc_box_shadow_circle&#8221; css=&#8221;&#8221;][vc_empty_space height=&#8221;20px&#8221;][vc_column_text css=&#8221;&#8221;]<\/p>\n<h1 style=\"text-align: center; color: #b20838;\">Salla<\/h1>\n<p>[\/vc_column_text][vc_column_text css=&#8221;&#8221;]<\/p>\n<p style=\"text-align: center;\"><span style=\"color: #003366;\"><a style=\"color: #003366;\" href=\"mailto:sales@wool-bed.com\">sales@wool-bed.com<\/a><\/span><\/p>\n<p>[\/vc_column_text][vc_column_text css=&#8221;&#8221;]Hei! Olen Salla, ja olen ty\u00f6skennellyt vuosia lentoem\u00e4nt\u00e4n\u00e4. Ty\u00f6ni on antanut minulle mahdollisuuden matkustaa ymp\u00e4ri maailmaa ja tutustua erilaisiin kulttuureihin, ihmisiin ja el\u00e4m\u00e4ntapoihin.<\/p>\n<p>Yksi paikoista, joka on j\u00e4tt\u00e4nyt minuun syv\u00e4n vaikutuksen, on Etel\u00e4-Amerikka, miss\u00e4 ihmisill\u00e4 on vahva yhteys luonnonvillaan. Siell\u00e4 opin arvostamaan villan upeita ominaisuuksia: l\u00e4mp\u00f6\u00e4, hengitt\u00e4vyytt\u00e4, pehmeytt\u00e4 ja ennen kaikkea sit\u00e4 hyvinvoinnin ja tasapainon tunnetta, jonka se tuo mukanaan.<\/p>\n<p>Monien matkojen j\u00e4lkeen ymm\u00e4rsin, ett\u00e4 todellinen luksus ei ole sit\u00e4, ett\u00e4 matkustaa kauas, vaan ett\u00e4 voi hyvin joka p\u00e4iv\u00e4 \u2013 kotona, lev\u00e4ten ja huolehtien itsest\u00e4\u00e4n. Siksi teen nyky\u00e4\u00e4n ty\u00f6t\u00e4ni suurella innolla luonnonvillatuotteiden ja hyvinvoinnin parissa, vakuuttuneena siit\u00e4, ett\u00e4 ne tuovat terveytt\u00e4, mukavuutta ja parempaa el\u00e4m\u00e4nlaatua.<\/p>\n<p>Villa takaa palauttavan levon, auttaa kehoa yll\u00e4pit\u00e4m\u00e4\u00e4n luonnollisen l\u00e4mp\u00f6tilan ja tukee syv\u00e4\u00e4 unta.<\/p>\n<p>Uskon, ett\u00e4 uniaika on v\u00e4hint\u00e4\u00e4n yht\u00e4 t\u00e4rke\u00e4\u00e4 kuin hereill\u00e4oloaika, sill\u00e4 levon aikana keho ja mieli saavat uudistua ja voimistua.<\/p>\n<p>Minulle t\u00e4m\u00e4 ty\u00f6 ei ole vain tuotteiden esittely\u00e4 vaan luonnollisemman ja tietoisemman el\u00e4m\u00e4ntavan v\u00e4litt\u00e4mist\u00e4, inspiroituneena kaikesta siit\u00e4, mit\u00e4 olen oppinut matkoillani kohtaamilta ihmisilt\u00e4. Villa yhdist\u00e4\u00e4 perinteen, luonnon ja hyvinvoinnin, ja olen onnellinen, ett\u00e4 saan jakaa sen muiden kanssa.[\/vc_column_text][vc_empty_space height=&#8221;50px&#8221;][\/vc_column_inner][\/vc_row_inner][\/vc_column][\/vc_row][vc_row content_width=&#8221;grid&#8221; css=&#8221;.vc_custom_1761665857820{background-color: #F4F4F4 !important;}&#8221;][vc_column][vc_empty_space height=&#8221;20px&#8221;][vc_column_text css=&#8221;&#8221;]<\/p>\n<h2 style=\"text-align: center; color: #b20838;\">VIERAILKAA MYYM\u00c4L\u00c4SS\u00c4MME &amp; TUTUSTUKAA MALLISTOIHIN &amp; TARJOUKSIIN<\/h2>\n<p>[\/vc_column_text][vc_empty_space height=&#8221;20px&#8221;][vc_btn title=&#8221;Myym\u00e4l\u00e4&#8221; style=&#8221;custom&#8221; custom_background=&#8221;#B20838&#8243; custom_text=&#8221;#FFFFFF&#8221; shape=&#8221;round&#8221; align=&#8221;center&#8221; i_align=&#8221;right&#8221; i_icon_fontawesome=&#8221;fas fa-shopping-cart&#8221; css=&#8221;&#8221; add_icon=&#8221;true&#8221; link=&#8221;url:https%3A%2F%2Fwool-bed.com%2Fmerino-ull-kashmir-sang%2F|title:Butik&#8221;][\/vc_column][\/vc_row]<\/p>\n<\/div>","protected":false},"excerpt":{"rendered":"<p>[vc_row row_type=&#8221;parallax&#8221; content_aligment=&#8221;center&#8221; full_screen_section_height=&#8221;yes&#8221; vertically_align_content_in_middle=&#8221;yes&#8221; parallax_background_image=&#8221;8687&#8243; parallax_speed=&#8221;0&#8243; css=&#8221;.vc_custom_1572358540070{margin-top: -80px !important;}&#8221;][vc_column][vc_empty_space][vc_row_inner content_aligment=&#8221;center&#8221; css=&#8221;.vc_custom_1572437539278{border-top-width: 2px !important;border-bottom-width: 2px !important;padding-right: 10% !important;padding-left: 10% !important;background-color: rgba(255,255,255,0.55) !important;*background-color: rgb(255,255,255) !important;border-top-color: #ffffff !important;border-top-style: solid !important;border-bottom-color: #ffffff !important;border-bottom-style: solid !important;}&#8221;][vc_column_inner][vc_empty_space height=&#8221;30px&#8221;][vc_column_text css=&#8221;&#8221;] ME OLEMME WOOLBED Woolbed perustettiin vuonna 1995, kun yritys aloitti toimintansa&#8230;<\/p>\n","protected":false},"author":1,"featured_media":0,"parent":0,"menu_order":0,"comment_status":"closed","ping_status":"closed","template":"full-width.php","meta":{"footnotes":""},"class_list":["post-11257","page","type-page","status-publish","hentry"],"yoast_head":"<!-- This site is optimized with the Yoast SEO plugin v27.3 - https:\/\/yoast.com\/product\/yoast-seo-wordpress\/ -->\n<title>Keit\u00e4 me olemme? | WoolBed | SPECIALISTS IN WOOL, EXPERTS IN YOUR SLEEP<\/title>\n<meta name=\"description\" content=\"Tack vare det fantastiska klimatet p\u00e5 v\u00e5ra destinationer har vi slutit avtal med researrang\u00f6rer och utflyktsbyr\u00e5er f\u00f6r att kunna erbjuda\" \/>\n<meta name=\"robots\" content=\"index, follow, max-snippet:-1, max-image-preview:large, max-video-preview:-1\" \/>\n<link rel=\"canonical\" href=\"https:\/\/wool-bed.com\/fi\/keita-me-olemme\/\" \/>\n<meta property=\"og:locale\" content=\"fi_FI\" \/>\n<meta property=\"og:type\" content=\"article\" \/>\n<meta property=\"og:title\" content=\"Keit\u00e4 me olemme? | WoolBed | SPECIALISTS IN WOOL, EXPERTS IN YOUR SLEEP\" \/>\n<meta property=\"og:description\" content=\"Tack vare det fantastiska klimatet p\u00e5 v\u00e5ra destinationer har vi slutit avtal med researrang\u00f6rer och utflyktsbyr\u00e5er f\u00f6r att kunna erbjuda\" \/>\n<meta property=\"og:url\" content=\"https:\/\/wool-bed.com\/fi\/keita-me-olemme\/\" \/>\n<meta property=\"og:site_name\" content=\"WoolBed | SPECIALISTS IN WOOL, EXPERTS IN YOUR SLEEP\" \/>\n<meta property=\"article:publisher\" content=\"https:\/\/www.facebook.com\/WoolBed\/\" \/>\n<meta property=\"article:modified_time\" content=\"2025-11-21T17:10:41+00:00\" \/>\n<meta name=\"twitter:card\" content=\"summary_large_image\" \/>\n<meta name=\"twitter:label1\" content=\"Arvioitu lukuaika\" \/>\n\t<meta name=\"twitter:data1\" content=\"4 minuuttia\" \/>\n<script type=\"application\/ld+json\" class=\"yoast-schema-graph\">{\"@context\":\"https:\\\/\\\/schema.org\",\"@graph\":[{\"@type\":\"WebPage\",\"@id\":\"https:\\\/\\\/wool-bed.com\\\/fi\\\/keita-me-olemme\\\/\",\"url\":\"https:\\\/\\\/wool-bed.com\\\/fi\\\/keita-me-olemme\\\/\",\"name\":\"Keit\u00e4 me olemme? | WoolBed | SPECIALISTS IN WOOL, EXPERTS IN YOUR SLEEP\",\"isPartOf\":{\"@id\":\"https:\\\/\\\/wool-bed.com\\\/fi\\\/#website\"},\"datePublished\":\"2025-10-21T12:08:08+00:00\",\"dateModified\":\"2025-11-21T17:10:41+00:00\",\"description\":\"Tack vare det fantastiska klimatet p\u00e5 v\u00e5ra destinationer har vi slutit avtal med researrang\u00f6rer och utflyktsbyr\u00e5er f\u00f6r att kunna erbjuda\",\"breadcrumb\":{\"@id\":\"https:\\\/\\\/wool-bed.com\\\/fi\\\/keita-me-olemme\\\/#breadcrumb\"},\"inLanguage\":\"fi\",\"potentialAction\":[{\"@type\":\"ReadAction\",\"target\":[\"https:\\\/\\\/wool-bed.com\\\/fi\\\/keita-me-olemme\\\/\"]}]},{\"@type\":\"BreadcrumbList\",\"@id\":\"https:\\\/\\\/wool-bed.com\\\/fi\\\/keita-me-olemme\\\/#breadcrumb\",\"itemListElement\":[{\"@type\":\"ListItem\",\"position\":1,\"name\":\"Home\",\"item\":\"https:\\\/\\\/wool-bed.com\\\/fi\\\/\"},{\"@type\":\"ListItem\",\"position\":2,\"name\":\"Keit\u00e4 me olemme?\"}]},{\"@type\":\"WebSite\",\"@id\":\"https:\\\/\\\/wool-bed.com\\\/fi\\\/#website\",\"url\":\"https:\\\/\\\/wool-bed.com\\\/fi\\\/\",\"name\":\"WoolBed | SPECIALISTS IN WOOL, EXPERTS IN YOUR SLEEP\",\"description\":\"In Woolbed we labour for your rest. Visit our online shop and discover our memory foam mattresses and Merino and Cashmere wool products with Woolmark quality guarantee.\",\"potentialAction\":[{\"@type\":\"SearchAction\",\"target\":{\"@type\":\"EntryPoint\",\"urlTemplate\":\"https:\\\/\\\/wool-bed.com\\\/fi\\\/?s={search_term_string}\"},\"query-input\":{\"@type\":\"PropertyValueSpecification\",\"valueRequired\":true,\"valueName\":\"search_term_string\"}}],\"inLanguage\":\"fi\"}]}<\/script>\n<!-- \/ Yoast SEO plugin. -->","yoast_head_json":{"title":"Keit\u00e4 me olemme? | WoolBed | SPECIALISTS IN WOOL, EXPERTS IN YOUR SLEEP","description":"Tack vare det fantastiska klimatet p\u00e5 v\u00e5ra destinationer har vi slutit avtal med researrang\u00f6rer och utflyktsbyr\u00e5er f\u00f6r att kunna erbjuda","robots":{"index":"index","follow":"follow","max-snippet":"max-snippet:-1","max-image-preview":"max-image-preview:large","max-video-preview":"max-video-preview:-1"},"canonical":"https:\/\/wool-bed.com\/fi\/keita-me-olemme\/","og_locale":"fi_FI","og_type":"article","og_title":"Keit\u00e4 me olemme? | WoolBed | SPECIALISTS IN WOOL, EXPERTS IN YOUR SLEEP","og_description":"Tack vare det fantastiska klimatet p\u00e5 v\u00e5ra destinationer har vi slutit avtal med researrang\u00f6rer och utflyktsbyr\u00e5er f\u00f6r att kunna erbjuda","og_url":"https:\/\/wool-bed.com\/fi\/keita-me-olemme\/","og_site_name":"WoolBed | SPECIALISTS IN WOOL, EXPERTS IN YOUR SLEEP","article_publisher":"https:\/\/www.facebook.com\/WoolBed\/","article_modified_time":"2025-11-21T17:10:41+00:00","twitter_card":"summary_large_image","twitter_misc":{"Arvioitu lukuaika":"4 minuuttia"},"schema":{"@context":"https:\/\/schema.org","@graph":[{"@type":"WebPage","@id":"https:\/\/wool-bed.com\/fi\/keita-me-olemme\/","url":"https:\/\/wool-bed.com\/fi\/keita-me-olemme\/","name":"Keit\u00e4 me olemme? | WoolBed | SPECIALISTS IN WOOL, EXPERTS IN YOUR SLEEP","isPartOf":{"@id":"https:\/\/wool-bed.com\/fi\/#website"},"datePublished":"2025-10-21T12:08:08+00:00","dateModified":"2025-11-21T17:10:41+00:00","description":"Tack vare det fantastiska klimatet p\u00e5 v\u00e5ra destinationer har vi slutit avtal med researrang\u00f6rer och utflyktsbyr\u00e5er f\u00f6r att kunna erbjuda","breadcrumb":{"@id":"https:\/\/wool-bed.com\/fi\/keita-me-olemme\/#breadcrumb"},"inLanguage":"fi","potentialAction":[{"@type":"ReadAction","target":["https:\/\/wool-bed.com\/fi\/keita-me-olemme\/"]}]},{"@type":"BreadcrumbList","@id":"https:\/\/wool-bed.com\/fi\/keita-me-olemme\/#breadcrumb","itemListElement":[{"@type":"ListItem","position":1,"name":"Home","item":"https:\/\/wool-bed.com\/fi\/"},{"@type":"ListItem","position":2,"name":"Keit\u00e4 me olemme?"}]},{"@type":"WebSite","@id":"https:\/\/wool-bed.com\/fi\/#website","url":"https:\/\/wool-bed.com\/fi\/","name":"WoolBed | SPECIALISTS IN WOOL, EXPERTS IN YOUR SLEEP","description":"In Woolbed we labour for your rest. Visit our online shop and discover our memory foam mattresses and Merino and Cashmere wool products with Woolmark quality guarantee.","potentialAction":[{"@type":"SearchAction","target":{"@type":"EntryPoint","urlTemplate":"https:\/\/wool-bed.com\/fi\/?s={search_term_string}"},"query-input":{"@type":"PropertyValueSpecification","valueRequired":true,"valueName":"search_term_string"}}],"inLanguage":"fi"}]}},"_links":{"self":[{"href":"https:\/\/wool-bed.com\/fi\/wp-json\/wp\/v2\/pages\/11257","targetHints":{"allow":["GET"]}}],"collection":[{"href":"https:\/\/wool-bed.com\/fi\/wp-json\/wp\/v2\/pages"}],"about":[{"href":"https:\/\/wool-bed.com\/fi\/wp-json\/wp\/v2\/types\/page"}],"author":[{"embeddable":true,"href":"https:\/\/wool-bed.com\/fi\/wp-json\/wp\/v2\/users\/1"}],"replies":[{"embeddable":true,"href":"https:\/\/wool-bed.com\/fi\/wp-json\/wp\/v2\/comments?post=11257"}],"version-history":[{"count":5,"href":"https:\/\/wool-bed.com\/fi\/wp-json\/wp\/v2\/pages\/11257\/revisions"}],"predecessor-version":[{"id":11337,"href":"https:\/\/wool-bed.com\/fi\/wp-json\/wp\/v2\/pages\/11257\/revisions\/11337"}],"wp:attachment":[{"href":"https:\/\/wool-bed.com\/fi\/wp-json\/wp\/v2\/media?parent=11257"}],"curies":[{"name":"wp","href":"https:\/\/api.w.org\/{rel}","templated":true}]}}