{"id":8748,"date":"2019-10-24T10:53:32","date_gmt":"2019-10-24T09:53:32","guid":{"rendered":"https:\/\/wool-bed.com\/?post_type=product&#038;p=8748"},"modified":"2022-11-28T10:27:31","modified_gmt":"2022-11-28T10:27:31","slug":"cherry-seed-bag","status":"publish","type":"product","link":"https:\/\/wool-bed.com\/en\/shop\/accessories\/cherry-seed-bag\/","title":{"rendered":"K\u00f6rsb\u00e4rsp\u00e5se"},"content":{"rendered":"","protected":false},"excerpt":{"rendered":"<p>At Woolbed we have the honour to present a brand new product, the cherry seed bag. We have combined the wonderful properties of cherry seeds and wool to create this fantastic product. You can use it cold or hot according to your needs.<\/p>\n<p>[vc_row][vc_column][vc_row_inner][vc_column_inner width=&#8221;1\/2&#8243;][vc_column_text]<\/p>\n<h4>Warm<\/h4>\n<ul>\n<li>Arthritis<\/li>\n<li>Cervical pain<\/li>\n<li>Rheumatism<\/li>\n<li>Cramps<\/li>\n<\/ul>\n<p>[\/vc_column_text][\/vc_column_inner][vc_column_inner width=&#8221;1\/2&#8243;][vc_column_text]<\/p>\n<h4>Cold<\/h4>\n<ul>\n<li>Twisted ankle\/foot<\/li>\n<li>Swelling<\/li>\n<li>Fever<\/li>\n<li>Headache<\/li>\n<li>Tired legs<\/li>\n<\/ul>\n<p>[\/vc_column_text][\/vc_column_inner][\/vc_row_inner]<\/p>\n<p>&nbsp;<\/p>\n<p>[qodef_tabs style=\"horizontal_tab\" title_layout=\"without_icon\"][qodef_tab icon_pack=\"font_awesome\" fa_icon=\"\" title=\"How to use for heat\"][vc_column_text]Heat the bag WITHOUT wool in the microwave 1:30 sec approx. It is recommended to heat it together with a glass of water to avoid dehydration of the seeds. The process can be repeated a maximum of three times. Once the sack is hot, put it in the wool cover. The wool will help to keep the heat longer, it will avoid direct contact with the skin, it will feel more soft and nice and it will help to activate the blood circulation thanks to its wonderful properties. [\/vc_column_text][\/qodef_tab][qodef_tab icon_pack=\"font_awesome\" fa_icon=\"\" title=\"How to use for cold\"][vc_column_text]Insert the sack of cherry seeds WITHOUT the wool into a plastic bag to avoid moisture and leave in the freezer for several hours. Once frozen, take it out of the plastic bag and put the sack in the wool cover. The wool will help to avoid the direct contact of the cold on the skin, it will feel more soft and nice and it will help to activate the blood circulation thanks to its wonderful properties.[\/vc_column_text][\/qodef_tab][\/qodef_tabs][\/vc_column][\/vc_row]<\/p>\n<p>Measurements: 45cm x 15cm<\/p>\n","protected":false},"featured_media":8779,"comment_status":"closed","ping_status":"closed","template":"","meta":[],"product_brand":[],"product_cat":[347],"product_tag":[],"class_list":{"0":"post-8748","1":"product","2":"type-product","3":"status-publish","4":"has-post-thumbnail","6":"product_cat-accessories","8":"first","9":"instock","10":"shipping-taxable","11":"purchasable","12":"product-type-simple"},"bundle_layout":"","bundled_by":[],"bundled_items":[],"yoast_head":"<!-- This site is optimized with the Yoast SEO plugin v27.4 - https:\/\/yoast.com\/product\/yoast-seo-wordpress\/ -->\n<title>K\u00f6rsb\u00e4rsp\u00e5se | WoolBed<\/title>\n<meta name=\"robots\" content=\"index, follow, max-snippet:-1, max-image-preview:large, max-video-preview:-1\" \/>\n<link rel=\"canonical\" href=\"https:\/\/wool-bed.com\/en\/shop\/accessories\/cherry-seed-bag\/\" \/>\n<meta property=\"og:locale\" content=\"en_US\" \/>\n<meta property=\"og:type\" content=\"article\" \/>\n<meta property=\"og:title\" content=\"K\u00f6rsb\u00e4rsp\u00e5se | WoolBed\" \/>\n<meta property=\"og:description\" content=\"At Woolbed we have the honour to present a brand new product, the cherry seed bag. We have combined the wonderful properties of cherry seeds and wool to create this fantastic product. You can use it cold or hot according to your needs.  [vc_row][vc_column][vc_row_inner][vc_column_inner width=&quot;1\/2&quot;][vc_column_text] Warm   Arthritis  Cervical pain  Rheumatism  Cramps  [\/vc_column_text][\/vc_column_inner][vc_column_inner width=&quot;1\/2&quot;][vc_column_text] Cold   Twisted ankle\/foot  Swelling  Fever  Headache  Tired legs  [\/vc_column_text][\/vc_column_inner][\/vc_row_inner]  &nbsp;  [\/vc_column][\/vc_row]  Measurements: 45cm x 15cm\" \/>\n<meta property=\"og:url\" content=\"https:\/\/wool-bed.com\/en\/shop\/accessories\/cherry-seed-bag\/\" \/>\n<meta property=\"og:site_name\" content=\"WoolBed\" \/>\n<meta property=\"article:publisher\" content=\"https:\/\/www.facebook.com\/WoolBed\/\" \/>\n<meta property=\"article:modified_time\" content=\"2022-11-28T10:27:31+00:00\" \/>\n<meta property=\"og:image\" content=\"https:\/\/wool-bed.com\/wp-content\/uploads\/K\u00f6rsb\u00e4rsp\u00e5se-woolbed-collection-detail.jpg\" \/>\n\t<meta property=\"og:image:width\" content=\"800\" \/>\n\t<meta property=\"og:image:height\" content=\"800\" \/>\n\t<meta property=\"og:image:type\" content=\"image\/jpeg\" \/>\n<meta name=\"twitter:card\" content=\"summary_large_image\" \/>\n<script type=\"application\/ld+json\" class=\"yoast-schema-graph\">{\"@context\":\"https:\\\/\\\/schema.org\",\"@graph\":[{\"@type\":\"WebPage\",\"@id\":\"https:\\\/\\\/wool-bed.com\\\/en\\\/shop\\\/accessories\\\/cherry-seed-bag\\\/\",\"url\":\"https:\\\/\\\/wool-bed.com\\\/en\\\/shop\\\/accessories\\\/cherry-seed-bag\\\/\",\"name\":\"K\u00f6rsb\u00e4rsp\u00e5se | WoolBed\",\"isPartOf\":{\"@id\":\"https:\\\/\\\/wool-bed.com\\\/en\\\/#website\"},\"primaryImageOfPage\":{\"@id\":\"https:\\\/\\\/wool-bed.com\\\/en\\\/shop\\\/accessories\\\/cherry-seed-bag\\\/#primaryimage\"},\"image\":{\"@id\":\"https:\\\/\\\/wool-bed.com\\\/en\\\/shop\\\/accessories\\\/cherry-seed-bag\\\/#primaryimage\"},\"thumbnailUrl\":\"https:\\\/\\\/wool-bed.com\\\/wp-content\\\/uploads\\\/K\u00f6rsb\u00e4rsp\u00e5se-woolbed-collection-detail.jpg\",\"datePublished\":\"2019-10-24T09:53:32+00:00\",\"dateModified\":\"2022-11-28T10:27:31+00:00\",\"breadcrumb\":{\"@id\":\"https:\\\/\\\/wool-bed.com\\\/en\\\/shop\\\/accessories\\\/cherry-seed-bag\\\/#breadcrumb\"},\"inLanguage\":\"en-US\",\"potentialAction\":[{\"@type\":\"ReadAction\",\"target\":[\"https:\\\/\\\/wool-bed.com\\\/en\\\/shop\\\/accessories\\\/cherry-seed-bag\\\/\"]}]},{\"@type\":\"ImageObject\",\"inLanguage\":\"en-US\",\"@id\":\"https:\\\/\\\/wool-bed.com\\\/en\\\/shop\\\/accessories\\\/cherry-seed-bag\\\/#primaryimage\",\"url\":\"https:\\\/\\\/wool-bed.com\\\/wp-content\\\/uploads\\\/K\u00f6rsb\u00e4rsp\u00e5se-woolbed-collection-detail.jpg\",\"contentUrl\":\"https:\\\/\\\/wool-bed.com\\\/wp-content\\\/uploads\\\/K\u00f6rsb\u00e4rsp\u00e5se-woolbed-collection-detail.jpg\",\"width\":800,\"height\":800},{\"@type\":\"BreadcrumbList\",\"@id\":\"https:\\\/\\\/wool-bed.com\\\/en\\\/shop\\\/accessories\\\/cherry-seed-bag\\\/#breadcrumb\",\"itemListElement\":[{\"@type\":\"ListItem\",\"position\":1,\"name\":\"Home\",\"item\":\"https:\\\/\\\/wool-bed.com\\\/en\\\/\"},{\"@type\":\"ListItem\",\"position\":2,\"name\":\"Products\",\"item\":\"https:\\\/\\\/wool-bed.com\\\/en\\\/shop\\\/\"},{\"@type\":\"ListItem\",\"position\":3,\"name\":\"K\u00f6rsb\u00e4rsp\u00e5se\"}]},{\"@type\":\"WebSite\",\"@id\":\"https:\\\/\\\/wool-bed.com\\\/en\\\/#website\",\"url\":\"https:\\\/\\\/wool-bed.com\\\/en\\\/\",\"name\":\"WoolBed\",\"description\":\"In Woolbed we labour for your rest. Visit our online shop and discover our memory foam mattresses and Merino and Cashmere wool products with Woolmark quality guarantee.\",\"potentialAction\":[{\"@type\":\"SearchAction\",\"target\":{\"@type\":\"EntryPoint\",\"urlTemplate\":\"https:\\\/\\\/wool-bed.com\\\/en\\\/?s={search_term_string}\"},\"query-input\":{\"@type\":\"PropertyValueSpecification\",\"valueRequired\":true,\"valueName\":\"search_term_string\"}}],\"inLanguage\":\"en-US\"}]}<\/script>\n<!-- \/ Yoast SEO plugin. -->","yoast_head_json":{"title":"K\u00f6rsb\u00e4rsp\u00e5se | WoolBed","robots":{"index":"index","follow":"follow","max-snippet":"max-snippet:-1","max-image-preview":"max-image-preview:large","max-video-preview":"max-video-preview:-1"},"canonical":"https:\/\/wool-bed.com\/en\/shop\/accessories\/cherry-seed-bag\/","og_locale":"en_US","og_type":"article","og_title":"K\u00f6rsb\u00e4rsp\u00e5se | WoolBed","og_description":"At Woolbed we have the honour to present a brand new product, the cherry seed bag. We have combined the wonderful properties of cherry seeds and wool to create this fantastic product. You can use it cold or hot according to your needs.  [vc_row][vc_column][vc_row_inner][vc_column_inner width=\"1\/2\"][vc_column_text] Warm   Arthritis  Cervical pain  Rheumatism  Cramps  [\/vc_column_text][\/vc_column_inner][vc_column_inner width=\"1\/2\"][vc_column_text] Cold   Twisted ankle\/foot  Swelling  Fever  Headache  Tired legs  [\/vc_column_text][\/vc_column_inner][\/vc_row_inner]  &nbsp;  [\/vc_column][\/vc_row]  Measurements: 45cm x 15cm","og_url":"https:\/\/wool-bed.com\/en\/shop\/accessories\/cherry-seed-bag\/","og_site_name":"WoolBed","article_publisher":"https:\/\/www.facebook.com\/WoolBed\/","article_modified_time":"2022-11-28T10:27:31+00:00","og_image":[{"width":800,"height":800,"url":"https:\/\/wool-bed.com\/wp-content\/uploads\/K\u00f6rsb\u00e4rsp\u00e5se-woolbed-collection-detail.jpg","type":"image\/jpeg"}],"twitter_card":"summary_large_image","schema":{"@context":"https:\/\/schema.org","@graph":[{"@type":"WebPage","@id":"https:\/\/wool-bed.com\/en\/shop\/accessories\/cherry-seed-bag\/","url":"https:\/\/wool-bed.com\/en\/shop\/accessories\/cherry-seed-bag\/","name":"K\u00f6rsb\u00e4rsp\u00e5se | WoolBed","isPartOf":{"@id":"https:\/\/wool-bed.com\/en\/#website"},"primaryImageOfPage":{"@id":"https:\/\/wool-bed.com\/en\/shop\/accessories\/cherry-seed-bag\/#primaryimage"},"image":{"@id":"https:\/\/wool-bed.com\/en\/shop\/accessories\/cherry-seed-bag\/#primaryimage"},"thumbnailUrl":"https:\/\/wool-bed.com\/wp-content\/uploads\/K\u00f6rsb\u00e4rsp\u00e5se-woolbed-collection-detail.jpg","datePublished":"2019-10-24T09:53:32+00:00","dateModified":"2022-11-28T10:27:31+00:00","breadcrumb":{"@id":"https:\/\/wool-bed.com\/en\/shop\/accessories\/cherry-seed-bag\/#breadcrumb"},"inLanguage":"en-US","potentialAction":[{"@type":"ReadAction","target":["https:\/\/wool-bed.com\/en\/shop\/accessories\/cherry-seed-bag\/"]}]},{"@type":"ImageObject","inLanguage":"en-US","@id":"https:\/\/wool-bed.com\/en\/shop\/accessories\/cherry-seed-bag\/#primaryimage","url":"https:\/\/wool-bed.com\/wp-content\/uploads\/K\u00f6rsb\u00e4rsp\u00e5se-woolbed-collection-detail.jpg","contentUrl":"https:\/\/wool-bed.com\/wp-content\/uploads\/K\u00f6rsb\u00e4rsp\u00e5se-woolbed-collection-detail.jpg","width":800,"height":800},{"@type":"BreadcrumbList","@id":"https:\/\/wool-bed.com\/en\/shop\/accessories\/cherry-seed-bag\/#breadcrumb","itemListElement":[{"@type":"ListItem","position":1,"name":"Home","item":"https:\/\/wool-bed.com\/en\/"},{"@type":"ListItem","position":2,"name":"Products","item":"https:\/\/wool-bed.com\/en\/shop\/"},{"@type":"ListItem","position":3,"name":"K\u00f6rsb\u00e4rsp\u00e5se"}]},{"@type":"WebSite","@id":"https:\/\/wool-bed.com\/en\/#website","url":"https:\/\/wool-bed.com\/en\/","name":"WoolBed","description":"In Woolbed we labour for your rest. Visit our online shop and discover our memory foam mattresses and Merino and Cashmere wool products with Woolmark quality guarantee.","potentialAction":[{"@type":"SearchAction","target":{"@type":"EntryPoint","urlTemplate":"https:\/\/wool-bed.com\/en\/?s={search_term_string}"},"query-input":{"@type":"PropertyValueSpecification","valueRequired":true,"valueName":"search_term_string"}}],"inLanguage":"en-US"}]}},"_links":{"self":[{"href":"https:\/\/wool-bed.com\/en\/wp-json\/wp\/v2\/product\/8748","targetHints":{"allow":["GET"]}}],"collection":[{"href":"https:\/\/wool-bed.com\/en\/wp-json\/wp\/v2\/product"}],"about":[{"href":"https:\/\/wool-bed.com\/en\/wp-json\/wp\/v2\/types\/product"}],"replies":[{"embeddable":true,"href":"https:\/\/wool-bed.com\/en\/wp-json\/wp\/v2\/comments?post=8748"}],"wp:featuredmedia":[{"embeddable":true,"href":"https:\/\/wool-bed.com\/en\/wp-json\/wp\/v2\/media\/8779"}],"wp:attachment":[{"href":"https:\/\/wool-bed.com\/en\/wp-json\/wp\/v2\/media?parent=8748"}],"wp:term":[{"taxonomy":"product_brand","embeddable":true,"href":"https:\/\/wool-bed.com\/en\/wp-json\/wp\/v2\/product_brand?post=8748"},{"taxonomy":"product_cat","embeddable":true,"href":"https:\/\/wool-bed.com\/en\/wp-json\/wp\/v2\/product_cat?post=8748"},{"taxonomy":"product_tag","embeddable":true,"href":"https:\/\/wool-bed.com\/en\/wp-json\/wp\/v2\/product_tag?post=8748"}],"curies":[{"name":"wp","href":"https:\/\/api.w.org\/{rel}","templated":true}]}}