{"id":10986,"date":"2019-03-13T14:50:40","date_gmt":"2019-03-13T14:50:40","guid":{"rendered":"https:\/\/wool-bed.com\/shop\/Ikke%20kategoriseret\/babysack\/"},"modified":"2025-03-25T16:25:28","modified_gmt":"2025-03-25T16:25:28","slug":"babysack","status":"publish","type":"product","link":"https:\/\/wool-bed.com\/da\/shop\/babywool-da\/babysack\/","title":{"rendered":"Babysack"},"content":{"rendered":"","protected":false},"excerpt":{"rendered":"<p>Vores &#8220;Babys\u00e6k&#8221; er et af vores bedst s\u00e6lgende produkter. Den er designet til at give dig den bedste anvendelse alt efter din babys alder. Du kan bruge den som t\u00e6ppe eller lukke den som en s\u00e6k, s\u00e5 din baby ikke ligger utild\u00e6kket, mens den sover.<br \/>\nDen har uld p\u00e5 den ene side og velour p\u00e5 den anden.<\/p>\n<p>F\u00e5s i tre farver: gr\u00e5, bl\u00e5 og lilla.<\/p>\n<p>M\u00e5l: \u00c5ben 80 x 110 cm \/ Lukket 50 x 80 cm<\/p>\n","protected":false},"featured_media":10993,"comment_status":"closed","ping_status":"closed","template":"","meta":[],"product_brand":[],"product_cat":[384],"product_tag":[],"class_list":{"0":"post-10986","1":"product","2":"type-product","3":"status-publish","4":"has-post-thumbnail","6":"product_cat-babywool-da","8":"first","9":"instock","10":"shipping-taxable","11":"purchasable","12":"product-type-variable"},"bundle_layout":"","bundled_by":[],"bundled_items":[],"yoast_head":"<!-- This site is optimized with the Yoast SEO plugin v27.3 - https:\/\/yoast.com\/product\/yoast-seo-wordpress\/ -->\n<title>Babysack | WoolBed<\/title>\n<meta name=\"robots\" content=\"index, follow, max-snippet:-1, max-image-preview:large, max-video-preview:-1\" \/>\n<link rel=\"canonical\" href=\"https:\/\/wool-bed.com\/da\/shop\/babywool-da\/babysack\/\" \/>\n<meta property=\"og:locale\" content=\"da_DK\" \/>\n<meta property=\"og:type\" content=\"article\" \/>\n<meta property=\"og:title\" content=\"Babysack | WoolBed\" \/>\n<meta property=\"og:description\" content=\"Vores &quot;Babys\u00e6k&quot; er et af vores bedst s\u00e6lgende produkter. Den er designet til at give dig den bedste anvendelse alt efter din babys alder. Du kan bruge den som t\u00e6ppe eller lukke den som en s\u00e6k, s\u00e5 din baby ikke ligger utild\u00e6kket, mens den sover.  Den har uld p\u00e5 den ene side og velour p\u00e5 den anden.  F\u00e5s i tre farver: gr\u00e5, bl\u00e5 og lilla.  M\u00e5l: \u00c5ben 80 x 110 cm \/ Lukket 50 x 80 cm\" \/>\n<meta property=\"og:url\" content=\"https:\/\/wool-bed.com\/da\/shop\/babywool-da\/babysack\/\" \/>\n<meta property=\"og:site_name\" content=\"WoolBed\" \/>\n<meta property=\"article:publisher\" content=\"https:\/\/www.facebook.com\/WoolBed\/\" \/>\n<meta property=\"article:modified_time\" content=\"2025-03-25T16:25:28+00:00\" \/>\n<meta property=\"og:image\" content=\"https:\/\/wool-bed.com\/wp-content\/uploads\/Babysack_in_detail_babywool.jpg\" \/>\n\t<meta property=\"og:image:width\" content=\"800\" \/>\n\t<meta property=\"og:image:height\" content=\"800\" \/>\n\t<meta property=\"og:image:type\" content=\"image\/jpeg\" \/>\n<meta name=\"twitter:card\" content=\"summary_large_image\" \/>\n<script type=\"application\/ld+json\" class=\"yoast-schema-graph\">{\"@context\":\"https:\\\/\\\/schema.org\",\"@graph\":[{\"@type\":\"WebPage\",\"@id\":\"https:\\\/\\\/wool-bed.com\\\/da\\\/shop\\\/babywool-da\\\/babysack\\\/\",\"url\":\"https:\\\/\\\/wool-bed.com\\\/da\\\/shop\\\/babywool-da\\\/babysack\\\/\",\"name\":\"Babysack | WoolBed\",\"isPartOf\":{\"@id\":\"https:\\\/\\\/wool-bed.com\\\/da\\\/#website\"},\"primaryImageOfPage\":{\"@id\":\"https:\\\/\\\/wool-bed.com\\\/da\\\/shop\\\/babywool-da\\\/babysack\\\/#primaryimage\"},\"image\":{\"@id\":\"https:\\\/\\\/wool-bed.com\\\/da\\\/shop\\\/babywool-da\\\/babysack\\\/#primaryimage\"},\"thumbnailUrl\":\"https:\\\/\\\/wool-bed.com\\\/wp-content\\\/uploads\\\/Babysack_in_detail_babywool.jpg\",\"datePublished\":\"2019-03-13T14:50:40+00:00\",\"dateModified\":\"2025-03-25T16:25:28+00:00\",\"breadcrumb\":{\"@id\":\"https:\\\/\\\/wool-bed.com\\\/da\\\/shop\\\/babywool-da\\\/babysack\\\/#breadcrumb\"},\"inLanguage\":\"da-DK\",\"potentialAction\":[{\"@type\":\"ReadAction\",\"target\":[\"https:\\\/\\\/wool-bed.com\\\/da\\\/shop\\\/babywool-da\\\/babysack\\\/\"]}]},{\"@type\":\"ImageObject\",\"inLanguage\":\"da-DK\",\"@id\":\"https:\\\/\\\/wool-bed.com\\\/da\\\/shop\\\/babywool-da\\\/babysack\\\/#primaryimage\",\"url\":\"https:\\\/\\\/wool-bed.com\\\/wp-content\\\/uploads\\\/Babysack_in_detail_babywool.jpg\",\"contentUrl\":\"https:\\\/\\\/wool-bed.com\\\/wp-content\\\/uploads\\\/Babysack_in_detail_babywool.jpg\",\"width\":800,\"height\":800},{\"@type\":\"BreadcrumbList\",\"@id\":\"https:\\\/\\\/wool-bed.com\\\/da\\\/shop\\\/babywool-da\\\/babysack\\\/#breadcrumb\",\"itemListElement\":[{\"@type\":\"ListItem\",\"position\":1,\"name\":\"Home\",\"item\":\"https:\\\/\\\/wool-bed.com\\\/da\\\/\"},{\"@type\":\"ListItem\",\"position\":2,\"name\":\"Varer\",\"item\":\"https:\\\/\\\/wool-bed.com\\\/da\\\/shop\\\/\"},{\"@type\":\"ListItem\",\"position\":3,\"name\":\"Babysack\"}]},{\"@type\":\"WebSite\",\"@id\":\"https:\\\/\\\/wool-bed.com\\\/da\\\/#website\",\"url\":\"https:\\\/\\\/wool-bed.com\\\/da\\\/\",\"name\":\"WoolBed\",\"description\":\"In Woolbed we labour for your rest. Visit our online shop and discover our memory foam mattresses and Merino and Cashmere wool products with Woolmark quality guarantee.\",\"potentialAction\":[{\"@type\":\"SearchAction\",\"target\":{\"@type\":\"EntryPoint\",\"urlTemplate\":\"https:\\\/\\\/wool-bed.com\\\/da\\\/?s={search_term_string}\"},\"query-input\":{\"@type\":\"PropertyValueSpecification\",\"valueRequired\":true,\"valueName\":\"search_term_string\"}}],\"inLanguage\":\"da-DK\"}]}<\/script>\n<!-- \/ Yoast SEO plugin. -->","yoast_head_json":{"title":"Babysack | WoolBed","robots":{"index":"index","follow":"follow","max-snippet":"max-snippet:-1","max-image-preview":"max-image-preview:large","max-video-preview":"max-video-preview:-1"},"canonical":"https:\/\/wool-bed.com\/da\/shop\/babywool-da\/babysack\/","og_locale":"da_DK","og_type":"article","og_title":"Babysack | WoolBed","og_description":"Vores \"Babys\u00e6k\" er et af vores bedst s\u00e6lgende produkter. Den er designet til at give dig den bedste anvendelse alt efter din babys alder. Du kan bruge den som t\u00e6ppe eller lukke den som en s\u00e6k, s\u00e5 din baby ikke ligger utild\u00e6kket, mens den sover.  Den har uld p\u00e5 den ene side og velour p\u00e5 den anden.  F\u00e5s i tre farver: gr\u00e5, bl\u00e5 og lilla.  M\u00e5l: \u00c5ben 80 x 110 cm \/ Lukket 50 x 80 cm","og_url":"https:\/\/wool-bed.com\/da\/shop\/babywool-da\/babysack\/","og_site_name":"WoolBed","article_publisher":"https:\/\/www.facebook.com\/WoolBed\/","article_modified_time":"2025-03-25T16:25:28+00:00","og_image":[{"width":800,"height":800,"url":"https:\/\/wool-bed.com\/wp-content\/uploads\/Babysack_in_detail_babywool.jpg","type":"image\/jpeg"}],"twitter_card":"summary_large_image","schema":{"@context":"https:\/\/schema.org","@graph":[{"@type":"WebPage","@id":"https:\/\/wool-bed.com\/da\/shop\/babywool-da\/babysack\/","url":"https:\/\/wool-bed.com\/da\/shop\/babywool-da\/babysack\/","name":"Babysack | WoolBed","isPartOf":{"@id":"https:\/\/wool-bed.com\/da\/#website"},"primaryImageOfPage":{"@id":"https:\/\/wool-bed.com\/da\/shop\/babywool-da\/babysack\/#primaryimage"},"image":{"@id":"https:\/\/wool-bed.com\/da\/shop\/babywool-da\/babysack\/#primaryimage"},"thumbnailUrl":"https:\/\/wool-bed.com\/wp-content\/uploads\/Babysack_in_detail_babywool.jpg","datePublished":"2019-03-13T14:50:40+00:00","dateModified":"2025-03-25T16:25:28+00:00","breadcrumb":{"@id":"https:\/\/wool-bed.com\/da\/shop\/babywool-da\/babysack\/#breadcrumb"},"inLanguage":"da-DK","potentialAction":[{"@type":"ReadAction","target":["https:\/\/wool-bed.com\/da\/shop\/babywool-da\/babysack\/"]}]},{"@type":"ImageObject","inLanguage":"da-DK","@id":"https:\/\/wool-bed.com\/da\/shop\/babywool-da\/babysack\/#primaryimage","url":"https:\/\/wool-bed.com\/wp-content\/uploads\/Babysack_in_detail_babywool.jpg","contentUrl":"https:\/\/wool-bed.com\/wp-content\/uploads\/Babysack_in_detail_babywool.jpg","width":800,"height":800},{"@type":"BreadcrumbList","@id":"https:\/\/wool-bed.com\/da\/shop\/babywool-da\/babysack\/#breadcrumb","itemListElement":[{"@type":"ListItem","position":1,"name":"Home","item":"https:\/\/wool-bed.com\/da\/"},{"@type":"ListItem","position":2,"name":"Varer","item":"https:\/\/wool-bed.com\/da\/shop\/"},{"@type":"ListItem","position":3,"name":"Babysack"}]},{"@type":"WebSite","@id":"https:\/\/wool-bed.com\/da\/#website","url":"https:\/\/wool-bed.com\/da\/","name":"WoolBed","description":"In Woolbed we labour for your rest. Visit our online shop and discover our memory foam mattresses and Merino and Cashmere wool products with Woolmark quality guarantee.","potentialAction":[{"@type":"SearchAction","target":{"@type":"EntryPoint","urlTemplate":"https:\/\/wool-bed.com\/da\/?s={search_term_string}"},"query-input":{"@type":"PropertyValueSpecification","valueRequired":true,"valueName":"search_term_string"}}],"inLanguage":"da-DK"}]}},"_links":{"self":[{"href":"https:\/\/wool-bed.com\/da\/wp-json\/wp\/v2\/product\/10986","targetHints":{"allow":["GET"]}}],"collection":[{"href":"https:\/\/wool-bed.com\/da\/wp-json\/wp\/v2\/product"}],"about":[{"href":"https:\/\/wool-bed.com\/da\/wp-json\/wp\/v2\/types\/product"}],"replies":[{"embeddable":true,"href":"https:\/\/wool-bed.com\/da\/wp-json\/wp\/v2\/comments?post=10986"}],"wp:featuredmedia":[{"embeddable":true,"href":"https:\/\/wool-bed.com\/da\/wp-json\/wp\/v2\/media\/10993"}],"wp:attachment":[{"href":"https:\/\/wool-bed.com\/da\/wp-json\/wp\/v2\/media?parent=10986"}],"wp:term":[{"taxonomy":"product_brand","embeddable":true,"href":"https:\/\/wool-bed.com\/da\/wp-json\/wp\/v2\/product_brand?post=10986"},{"taxonomy":"product_cat","embeddable":true,"href":"https:\/\/wool-bed.com\/da\/wp-json\/wp\/v2\/product_cat?post=10986"},{"taxonomy":"product_tag","embeddable":true,"href":"https:\/\/wool-bed.com\/da\/wp-json\/wp\/v2\/product_tag?post=10986"}],"curies":[{"name":"wp","href":"https:\/\/api.w.org\/{rel}","templated":true}]}}