{"id":10968,"date":"2019-03-13T15:13:32","date_gmt":"2019-03-13T15:13:32","guid":{"rendered":"https:\/\/wool-bed.com\/shop\/Ikke%20kategoriseret\/babytrip\/"},"modified":"2025-03-25T16:24:07","modified_gmt":"2025-03-25T16:24:07","slug":"babytrip","status":"publish","type":"product","link":"https:\/\/wool-bed.com\/da\/shop\/babywool-da\/babytrip\/","title":{"rendered":"Babytrip"},"content":{"rendered":"","protected":false},"excerpt":{"rendered":"<p>Hvor ofte rejser vi ikke med vores babyer og bekymrer os om, hvordan de vil sove p\u00e5 destinationen? Vi er n\u00f8dt til at rejse med tunge rejsesenge eller bede om barnesenge p\u00e5 hoteller, hvor vi ikke ved, hvilken stand de er i.<\/p>\n<p>Med tanke p\u00e5 alle detaljer har vi designet en rejsemadras, s\u00e5 din baby altid sover som derhjemme.<br \/>\nDen best\u00e5r af et 4 cm lag skum med uld ovenp\u00e5. Den har lynl\u00e5s hele vejen rundt, s\u00e5 du kan fastg\u00f8re dit eget t\u00e6ppe og bruge den som sovepose. Den kan rulles sammen, s\u00e5 du nemt kan tage den med i kufferten.<\/p>\n<p>Aftageligt betr\u00e6k, som kan vaskes ved 30\u00baC.<br \/>\nV\u00e6gt: 1300 g.<br \/>\nM\u00e5l: 50&#215;100 cm<\/p>\n","protected":false},"featured_media":10979,"comment_status":"closed","ping_status":"closed","template":"","meta":[],"product_brand":[],"product_cat":[384],"product_tag":[],"class_list":{"0":"post-10968","1":"product","2":"type-product","3":"status-publish","4":"has-post-thumbnail","6":"product_cat-babywool-da","8":"first","9":"instock","10":"shipping-taxable","11":"purchasable","12":"product-type-simple"},"bundle_layout":"","bundled_by":[],"bundled_items":[],"yoast_head":"<!-- This site is optimized with the Yoast SEO plugin v27.3 - https:\/\/yoast.com\/product\/yoast-seo-wordpress\/ -->\n<title>Babytrip | WoolBed<\/title>\n<meta name=\"robots\" content=\"index, follow, max-snippet:-1, max-image-preview:large, max-video-preview:-1\" \/>\n<link rel=\"canonical\" href=\"https:\/\/wool-bed.com\/da\/shop\/babywool-da\/babytrip\/\" \/>\n<meta property=\"og:locale\" content=\"da_DK\" \/>\n<meta property=\"og:type\" content=\"article\" \/>\n<meta property=\"og:title\" content=\"Babytrip | WoolBed\" \/>\n<meta property=\"og:description\" content=\"Hvor ofte rejser vi ikke med vores babyer og bekymrer os om, hvordan de vil sove p\u00e5 destinationen? Vi er n\u00f8dt til at rejse med tunge rejsesenge eller bede om barnesenge p\u00e5 hoteller, hvor vi ikke ved, hvilken stand de er i.  Med tanke p\u00e5 alle detaljer har vi designet en rejsemadras, s\u00e5 din baby altid sover som derhjemme.  Den best\u00e5r af et 4 cm lag skum med uld ovenp\u00e5. Den har lynl\u00e5s hele vejen rundt, s\u00e5 du kan fastg\u00f8re dit eget t\u00e6ppe og bruge den som sovepose. Den kan rulles sammen, s\u00e5 du nemt kan tage den med i kufferten.  Aftageligt betr\u00e6k, som kan vaskes ved 30\u00baC.  V\u00e6gt: 1300 g.  M\u00e5l: 50x100 cm\" \/>\n<meta property=\"og:url\" content=\"https:\/\/wool-bed.com\/da\/shop\/babywool-da\/babytrip\/\" \/>\n<meta property=\"og:site_name\" content=\"WoolBed\" \/>\n<meta property=\"article:publisher\" content=\"https:\/\/www.facebook.com\/WoolBed\/\" \/>\n<meta property=\"article:modified_time\" content=\"2025-03-25T16:24:07+00:00\" \/>\n<meta property=\"og:image\" content=\"https:\/\/wool-bed.com\/wp-content\/uploads\/detail_2_babytrip_babywool.jpg\" \/>\n\t<meta property=\"og:image:width\" content=\"800\" \/>\n\t<meta property=\"og:image:height\" content=\"800\" \/>\n\t<meta property=\"og:image:type\" content=\"image\/jpeg\" \/>\n<meta name=\"twitter:card\" content=\"summary_large_image\" \/>\n<script type=\"application\/ld+json\" class=\"yoast-schema-graph\">{\"@context\":\"https:\\\/\\\/schema.org\",\"@graph\":[{\"@type\":\"WebPage\",\"@id\":\"https:\\\/\\\/wool-bed.com\\\/da\\\/shop\\\/babywool-da\\\/babytrip\\\/\",\"url\":\"https:\\\/\\\/wool-bed.com\\\/da\\\/shop\\\/babywool-da\\\/babytrip\\\/\",\"name\":\"Babytrip | WoolBed\",\"isPartOf\":{\"@id\":\"https:\\\/\\\/wool-bed.com\\\/da\\\/#website\"},\"primaryImageOfPage\":{\"@id\":\"https:\\\/\\\/wool-bed.com\\\/da\\\/shop\\\/babywool-da\\\/babytrip\\\/#primaryimage\"},\"image\":{\"@id\":\"https:\\\/\\\/wool-bed.com\\\/da\\\/shop\\\/babywool-da\\\/babytrip\\\/#primaryimage\"},\"thumbnailUrl\":\"https:\\\/\\\/wool-bed.com\\\/wp-content\\\/uploads\\\/detail_2_babytrip_babywool.jpg\",\"datePublished\":\"2019-03-13T15:13:32+00:00\",\"dateModified\":\"2025-03-25T16:24:07+00:00\",\"breadcrumb\":{\"@id\":\"https:\\\/\\\/wool-bed.com\\\/da\\\/shop\\\/babywool-da\\\/babytrip\\\/#breadcrumb\"},\"inLanguage\":\"da-DK\",\"potentialAction\":[{\"@type\":\"ReadAction\",\"target\":[\"https:\\\/\\\/wool-bed.com\\\/da\\\/shop\\\/babywool-da\\\/babytrip\\\/\"]}]},{\"@type\":\"ImageObject\",\"inLanguage\":\"da-DK\",\"@id\":\"https:\\\/\\\/wool-bed.com\\\/da\\\/shop\\\/babywool-da\\\/babytrip\\\/#primaryimage\",\"url\":\"https:\\\/\\\/wool-bed.com\\\/wp-content\\\/uploads\\\/detail_2_babytrip_babywool.jpg\",\"contentUrl\":\"https:\\\/\\\/wool-bed.com\\\/wp-content\\\/uploads\\\/detail_2_babytrip_babywool.jpg\",\"width\":800,\"height\":800},{\"@type\":\"BreadcrumbList\",\"@id\":\"https:\\\/\\\/wool-bed.com\\\/da\\\/shop\\\/babywool-da\\\/babytrip\\\/#breadcrumb\",\"itemListElement\":[{\"@type\":\"ListItem\",\"position\":1,\"name\":\"Home\",\"item\":\"https:\\\/\\\/wool-bed.com\\\/da\\\/\"},{\"@type\":\"ListItem\",\"position\":2,\"name\":\"Varer\",\"item\":\"https:\\\/\\\/wool-bed.com\\\/da\\\/shop\\\/\"},{\"@type\":\"ListItem\",\"position\":3,\"name\":\"Babytrip\"}]},{\"@type\":\"WebSite\",\"@id\":\"https:\\\/\\\/wool-bed.com\\\/da\\\/#website\",\"url\":\"https:\\\/\\\/wool-bed.com\\\/da\\\/\",\"name\":\"WoolBed\",\"description\":\"In Woolbed we labour for your rest. Visit our online shop and discover our memory foam mattresses and Merino and Cashmere wool products with Woolmark quality guarantee.\",\"potentialAction\":[{\"@type\":\"SearchAction\",\"target\":{\"@type\":\"EntryPoint\",\"urlTemplate\":\"https:\\\/\\\/wool-bed.com\\\/da\\\/?s={search_term_string}\"},\"query-input\":{\"@type\":\"PropertyValueSpecification\",\"valueRequired\":true,\"valueName\":\"search_term_string\"}}],\"inLanguage\":\"da-DK\"}]}<\/script>\n<!-- \/ Yoast SEO plugin. -->","yoast_head_json":{"title":"Babytrip | WoolBed","robots":{"index":"index","follow":"follow","max-snippet":"max-snippet:-1","max-image-preview":"max-image-preview:large","max-video-preview":"max-video-preview:-1"},"canonical":"https:\/\/wool-bed.com\/da\/shop\/babywool-da\/babytrip\/","og_locale":"da_DK","og_type":"article","og_title":"Babytrip | WoolBed","og_description":"Hvor ofte rejser vi ikke med vores babyer og bekymrer os om, hvordan de vil sove p\u00e5 destinationen? Vi er n\u00f8dt til at rejse med tunge rejsesenge eller bede om barnesenge p\u00e5 hoteller, hvor vi ikke ved, hvilken stand de er i.  Med tanke p\u00e5 alle detaljer har vi designet en rejsemadras, s\u00e5 din baby altid sover som derhjemme.  Den best\u00e5r af et 4 cm lag skum med uld ovenp\u00e5. Den har lynl\u00e5s hele vejen rundt, s\u00e5 du kan fastg\u00f8re dit eget t\u00e6ppe og bruge den som sovepose. Den kan rulles sammen, s\u00e5 du nemt kan tage den med i kufferten.  Aftageligt betr\u00e6k, som kan vaskes ved 30\u00baC.  V\u00e6gt: 1300 g.  M\u00e5l: 50x100 cm","og_url":"https:\/\/wool-bed.com\/da\/shop\/babywool-da\/babytrip\/","og_site_name":"WoolBed","article_publisher":"https:\/\/www.facebook.com\/WoolBed\/","article_modified_time":"2025-03-25T16:24:07+00:00","og_image":[{"width":800,"height":800,"url":"https:\/\/wool-bed.com\/wp-content\/uploads\/detail_2_babytrip_babywool.jpg","type":"image\/jpeg"}],"twitter_card":"summary_large_image","schema":{"@context":"https:\/\/schema.org","@graph":[{"@type":"WebPage","@id":"https:\/\/wool-bed.com\/da\/shop\/babywool-da\/babytrip\/","url":"https:\/\/wool-bed.com\/da\/shop\/babywool-da\/babytrip\/","name":"Babytrip | WoolBed","isPartOf":{"@id":"https:\/\/wool-bed.com\/da\/#website"},"primaryImageOfPage":{"@id":"https:\/\/wool-bed.com\/da\/shop\/babywool-da\/babytrip\/#primaryimage"},"image":{"@id":"https:\/\/wool-bed.com\/da\/shop\/babywool-da\/babytrip\/#primaryimage"},"thumbnailUrl":"https:\/\/wool-bed.com\/wp-content\/uploads\/detail_2_babytrip_babywool.jpg","datePublished":"2019-03-13T15:13:32+00:00","dateModified":"2025-03-25T16:24:07+00:00","breadcrumb":{"@id":"https:\/\/wool-bed.com\/da\/shop\/babywool-da\/babytrip\/#breadcrumb"},"inLanguage":"da-DK","potentialAction":[{"@type":"ReadAction","target":["https:\/\/wool-bed.com\/da\/shop\/babywool-da\/babytrip\/"]}]},{"@type":"ImageObject","inLanguage":"da-DK","@id":"https:\/\/wool-bed.com\/da\/shop\/babywool-da\/babytrip\/#primaryimage","url":"https:\/\/wool-bed.com\/wp-content\/uploads\/detail_2_babytrip_babywool.jpg","contentUrl":"https:\/\/wool-bed.com\/wp-content\/uploads\/detail_2_babytrip_babywool.jpg","width":800,"height":800},{"@type":"BreadcrumbList","@id":"https:\/\/wool-bed.com\/da\/shop\/babywool-da\/babytrip\/#breadcrumb","itemListElement":[{"@type":"ListItem","position":1,"name":"Home","item":"https:\/\/wool-bed.com\/da\/"},{"@type":"ListItem","position":2,"name":"Varer","item":"https:\/\/wool-bed.com\/da\/shop\/"},{"@type":"ListItem","position":3,"name":"Babytrip"}]},{"@type":"WebSite","@id":"https:\/\/wool-bed.com\/da\/#website","url":"https:\/\/wool-bed.com\/da\/","name":"WoolBed","description":"In Woolbed we labour for your rest. Visit our online shop and discover our memory foam mattresses and Merino and Cashmere wool products with Woolmark quality guarantee.","potentialAction":[{"@type":"SearchAction","target":{"@type":"EntryPoint","urlTemplate":"https:\/\/wool-bed.com\/da\/?s={search_term_string}"},"query-input":{"@type":"PropertyValueSpecification","valueRequired":true,"valueName":"search_term_string"}}],"inLanguage":"da-DK"}]}},"_links":{"self":[{"href":"https:\/\/wool-bed.com\/da\/wp-json\/wp\/v2\/product\/10968","targetHints":{"allow":["GET"]}}],"collection":[{"href":"https:\/\/wool-bed.com\/da\/wp-json\/wp\/v2\/product"}],"about":[{"href":"https:\/\/wool-bed.com\/da\/wp-json\/wp\/v2\/types\/product"}],"replies":[{"embeddable":true,"href":"https:\/\/wool-bed.com\/da\/wp-json\/wp\/v2\/comments?post=10968"}],"wp:featuredmedia":[{"embeddable":true,"href":"https:\/\/wool-bed.com\/da\/wp-json\/wp\/v2\/media\/10979"}],"wp:attachment":[{"href":"https:\/\/wool-bed.com\/da\/wp-json\/wp\/v2\/media?parent=10968"}],"wp:term":[{"taxonomy":"product_brand","embeddable":true,"href":"https:\/\/wool-bed.com\/da\/wp-json\/wp\/v2\/product_brand?post=10968"},{"taxonomy":"product_cat","embeddable":true,"href":"https:\/\/wool-bed.com\/da\/wp-json\/wp\/v2\/product_cat?post=10968"},{"taxonomy":"product_tag","embeddable":true,"href":"https:\/\/wool-bed.com\/da\/wp-json\/wp\/v2\/product_tag?post=10968"}],"curies":[{"name":"wp","href":"https:\/\/api.w.org\/{rel}","templated":true}]}}