{"id":10945,"date":"2022-11-17T07:52:12","date_gmt":"2022-11-17T07:52:12","guid":{"rendered":"https:\/\/wool-bed.com\/shop\/Ikke%20kategoriseret\/baddmadrass-lyx\/"},"modified":"2025-03-25T16:22:08","modified_gmt":"2025-03-25T16:22:08","slug":"baddmadrass-lyx","status":"publish","type":"product","link":"https:\/\/wool-bed.com\/da\/shop\/luksus\/baddmadrass-lyx\/","title":{"rendered":"B\u00e4ddmadrass"},"content":{"rendered":"","protected":false},"excerpt":{"rendered":"<p>Vores luksuri\u00f8st bl\u00f8de topmadras er 5 cm tyk, dobbeltsidet og vendbar. Den best\u00e5r af dobbelte lag, s\u00e5 luften indeni kan cirkulere frit.<br \/>\nDen opretholder din kropstemperatur, samtidig med at den holder dig ren og t\u00f8r. Den er lavet af 100 % 10 mm naturlige fibre, hvilket g\u00f8r den endnu mere behagelig at sove p\u00e5.<br \/>\nI hvert hj\u00f8rne er der en praktisk elastik, som g\u00f8r det nemt at fastg\u00f8re den til din madras.<\/p>\n<p>Hvis du har brug for en specialst\u00f8rrelse, s\u00e5 send os en e-mail til <a href=\"mailto:sizes@wool-bed.com\"><span style=\"font-size: medium;\">sizes@wool-bed.com<\/span><\/a><\/p>\n","protected":false},"featured_media":10778,"comment_status":"closed","ping_status":"closed","template":"","meta":[],"product_brand":[],"product_cat":[386],"product_tag":[],"class_list":{"0":"post-10945","1":"product","2":"type-product","3":"status-publish","4":"has-post-thumbnail","6":"product_cat-luksus","8":"first","9":"instock","10":"shipping-taxable","11":"purchasable","12":"product-type-variable"},"bundle_layout":"","bundled_by":[],"bundled_items":[],"yoast_head":"<!-- This site is optimized with the Yoast SEO plugin v27.3 - https:\/\/yoast.com\/product\/yoast-seo-wordpress\/ -->\n<title>WOOL TOP MATTRESS | SPECIALISTS IN WOOL, EXPERTS IN YOUR SLEEP<\/title>\n<meta name=\"robots\" content=\"index, follow, max-snippet:-1, max-image-preview:large, max-video-preview:-1\" \/>\n<link rel=\"canonical\" href=\"https:\/\/wool-bed.com\/da\/shop\/luksus\/baddmadrass-lyx\/\" \/>\n<meta property=\"og:locale\" content=\"da_DK\" \/>\n<meta property=\"og:type\" content=\"article\" \/>\n<meta property=\"og:title\" content=\"WOOL TOP MATTRESS | SPECIALISTS IN WOOL, EXPERTS IN YOUR SLEEP\" \/>\n<meta property=\"og:description\" content=\"Vores luksuri\u00f8st bl\u00f8de topmadras er 5 cm tyk, dobbeltsidet og vendbar. Den best\u00e5r af dobbelte lag, s\u00e5 luften indeni kan cirkulere frit.  Den opretholder din kropstemperatur, samtidig med at den holder dig ren og t\u00f8r. Den er lavet af 100 % 10 mm naturlige fibre, hvilket g\u00f8r den endnu mere behagelig at sove p\u00e5.  I hvert hj\u00f8rne er der en praktisk elastik, som g\u00f8r det nemt at fastg\u00f8re den til din madras.  Hvis du har brug for en specialst\u00f8rrelse, s\u00e5 send os en e-mail til sizes@wool-bed.com\" \/>\n<meta property=\"og:url\" content=\"https:\/\/wool-bed.com\/da\/shop\/luksus\/baddmadrass-lyx\/\" \/>\n<meta property=\"og:site_name\" content=\"WoolBed\" \/>\n<meta property=\"article:publisher\" content=\"https:\/\/www.facebook.com\/WoolBed\/\" \/>\n<meta property=\"article:modified_time\" content=\"2025-03-25T16:22:08+00:00\" \/>\n<meta property=\"og:image\" content=\"https:\/\/wool-bed.com\/wp-content\/uploads\/Baddmadrass-1.jpg\" \/>\n\t<meta property=\"og:image:width\" content=\"800\" \/>\n\t<meta property=\"og:image:height\" content=\"800\" \/>\n\t<meta property=\"og:image:type\" content=\"image\/jpeg\" \/>\n<meta name=\"twitter:card\" content=\"summary_large_image\" \/>\n<script type=\"application\/ld+json\" class=\"yoast-schema-graph\">{\"@context\":\"https:\\\/\\\/schema.org\",\"@graph\":[{\"@type\":\"WebPage\",\"@id\":\"https:\\\/\\\/wool-bed.com\\\/da\\\/shop\\\/luksus\\\/baddmadrass-lyx\\\/\",\"url\":\"https:\\\/\\\/wool-bed.com\\\/da\\\/shop\\\/luksus\\\/baddmadrass-lyx\\\/\",\"name\":\"WOOL TOP MATTRESS | SPECIALISTS IN WOOL, EXPERTS IN YOUR SLEEP\",\"isPartOf\":{\"@id\":\"https:\\\/\\\/wool-bed.com\\\/da\\\/#website\"},\"primaryImageOfPage\":{\"@id\":\"https:\\\/\\\/wool-bed.com\\\/da\\\/shop\\\/luksus\\\/baddmadrass-lyx\\\/#primaryimage\"},\"image\":{\"@id\":\"https:\\\/\\\/wool-bed.com\\\/da\\\/shop\\\/luksus\\\/baddmadrass-lyx\\\/#primaryimage\"},\"thumbnailUrl\":\"https:\\\/\\\/wool-bed.com\\\/wp-content\\\/uploads\\\/Baddmadrass-1.jpg\",\"datePublished\":\"2022-11-17T07:52:12+00:00\",\"dateModified\":\"2025-03-25T16:22:08+00:00\",\"breadcrumb\":{\"@id\":\"https:\\\/\\\/wool-bed.com\\\/da\\\/shop\\\/luksus\\\/baddmadrass-lyx\\\/#breadcrumb\"},\"inLanguage\":\"da-DK\",\"potentialAction\":[{\"@type\":\"ReadAction\",\"target\":[\"https:\\\/\\\/wool-bed.com\\\/da\\\/shop\\\/luksus\\\/baddmadrass-lyx\\\/\"]}]},{\"@type\":\"ImageObject\",\"inLanguage\":\"da-DK\",\"@id\":\"https:\\\/\\\/wool-bed.com\\\/da\\\/shop\\\/luksus\\\/baddmadrass-lyx\\\/#primaryimage\",\"url\":\"https:\\\/\\\/wool-bed.com\\\/wp-content\\\/uploads\\\/Baddmadrass-1.jpg\",\"contentUrl\":\"https:\\\/\\\/wool-bed.com\\\/wp-content\\\/uploads\\\/Baddmadrass-1.jpg\",\"width\":800,\"height\":800},{\"@type\":\"BreadcrumbList\",\"@id\":\"https:\\\/\\\/wool-bed.com\\\/da\\\/shop\\\/luksus\\\/baddmadrass-lyx\\\/#breadcrumb\",\"itemListElement\":[{\"@type\":\"ListItem\",\"position\":1,\"name\":\"Home\",\"item\":\"https:\\\/\\\/wool-bed.com\\\/da\\\/\"},{\"@type\":\"ListItem\",\"position\":2,\"name\":\"Varer\",\"item\":\"https:\\\/\\\/wool-bed.com\\\/da\\\/shop\\\/\"},{\"@type\":\"ListItem\",\"position\":3,\"name\":\"B\u00e4ddmadrass\"}]},{\"@type\":\"WebSite\",\"@id\":\"https:\\\/\\\/wool-bed.com\\\/da\\\/#website\",\"url\":\"https:\\\/\\\/wool-bed.com\\\/da\\\/\",\"name\":\"WoolBed\",\"description\":\"In Woolbed we labour for your rest. Visit our online shop and discover our memory foam mattresses and Merino and Cashmere wool products with Woolmark quality guarantee.\",\"potentialAction\":[{\"@type\":\"SearchAction\",\"target\":{\"@type\":\"EntryPoint\",\"urlTemplate\":\"https:\\\/\\\/wool-bed.com\\\/da\\\/?s={search_term_string}\"},\"query-input\":{\"@type\":\"PropertyValueSpecification\",\"valueRequired\":true,\"valueName\":\"search_term_string\"}}],\"inLanguage\":\"da-DK\"}]}<\/script>\n<!-- \/ Yoast SEO plugin. -->","yoast_head_json":{"title":"WOOL TOP MATTRESS | SPECIALISTS IN WOOL, EXPERTS IN YOUR SLEEP","robots":{"index":"index","follow":"follow","max-snippet":"max-snippet:-1","max-image-preview":"max-image-preview:large","max-video-preview":"max-video-preview:-1"},"canonical":"https:\/\/wool-bed.com\/da\/shop\/luksus\/baddmadrass-lyx\/","og_locale":"da_DK","og_type":"article","og_title":"WOOL TOP MATTRESS | SPECIALISTS IN WOOL, EXPERTS IN YOUR SLEEP","og_description":"Vores luksuri\u00f8st bl\u00f8de topmadras er 5 cm tyk, dobbeltsidet og vendbar. Den best\u00e5r af dobbelte lag, s\u00e5 luften indeni kan cirkulere frit.  Den opretholder din kropstemperatur, samtidig med at den holder dig ren og t\u00f8r. Den er lavet af 100 % 10 mm naturlige fibre, hvilket g\u00f8r den endnu mere behagelig at sove p\u00e5.  I hvert hj\u00f8rne er der en praktisk elastik, som g\u00f8r det nemt at fastg\u00f8re den til din madras.  Hvis du har brug for en specialst\u00f8rrelse, s\u00e5 send os en e-mail til sizes@wool-bed.com","og_url":"https:\/\/wool-bed.com\/da\/shop\/luksus\/baddmadrass-lyx\/","og_site_name":"WoolBed","article_publisher":"https:\/\/www.facebook.com\/WoolBed\/","article_modified_time":"2025-03-25T16:22:08+00:00","og_image":[{"width":800,"height":800,"url":"https:\/\/wool-bed.com\/wp-content\/uploads\/Baddmadrass-1.jpg","type":"image\/jpeg"}],"twitter_card":"summary_large_image","schema":{"@context":"https:\/\/schema.org","@graph":[{"@type":"WebPage","@id":"https:\/\/wool-bed.com\/da\/shop\/luksus\/baddmadrass-lyx\/","url":"https:\/\/wool-bed.com\/da\/shop\/luksus\/baddmadrass-lyx\/","name":"WOOL TOP MATTRESS | SPECIALISTS IN WOOL, EXPERTS IN YOUR SLEEP","isPartOf":{"@id":"https:\/\/wool-bed.com\/da\/#website"},"primaryImageOfPage":{"@id":"https:\/\/wool-bed.com\/da\/shop\/luksus\/baddmadrass-lyx\/#primaryimage"},"image":{"@id":"https:\/\/wool-bed.com\/da\/shop\/luksus\/baddmadrass-lyx\/#primaryimage"},"thumbnailUrl":"https:\/\/wool-bed.com\/wp-content\/uploads\/Baddmadrass-1.jpg","datePublished":"2022-11-17T07:52:12+00:00","dateModified":"2025-03-25T16:22:08+00:00","breadcrumb":{"@id":"https:\/\/wool-bed.com\/da\/shop\/luksus\/baddmadrass-lyx\/#breadcrumb"},"inLanguage":"da-DK","potentialAction":[{"@type":"ReadAction","target":["https:\/\/wool-bed.com\/da\/shop\/luksus\/baddmadrass-lyx\/"]}]},{"@type":"ImageObject","inLanguage":"da-DK","@id":"https:\/\/wool-bed.com\/da\/shop\/luksus\/baddmadrass-lyx\/#primaryimage","url":"https:\/\/wool-bed.com\/wp-content\/uploads\/Baddmadrass-1.jpg","contentUrl":"https:\/\/wool-bed.com\/wp-content\/uploads\/Baddmadrass-1.jpg","width":800,"height":800},{"@type":"BreadcrumbList","@id":"https:\/\/wool-bed.com\/da\/shop\/luksus\/baddmadrass-lyx\/#breadcrumb","itemListElement":[{"@type":"ListItem","position":1,"name":"Home","item":"https:\/\/wool-bed.com\/da\/"},{"@type":"ListItem","position":2,"name":"Varer","item":"https:\/\/wool-bed.com\/da\/shop\/"},{"@type":"ListItem","position":3,"name":"B\u00e4ddmadrass"}]},{"@type":"WebSite","@id":"https:\/\/wool-bed.com\/da\/#website","url":"https:\/\/wool-bed.com\/da\/","name":"WoolBed","description":"In Woolbed we labour for your rest. Visit our online shop and discover our memory foam mattresses and Merino and Cashmere wool products with Woolmark quality guarantee.","potentialAction":[{"@type":"SearchAction","target":{"@type":"EntryPoint","urlTemplate":"https:\/\/wool-bed.com\/da\/?s={search_term_string}"},"query-input":{"@type":"PropertyValueSpecification","valueRequired":true,"valueName":"search_term_string"}}],"inLanguage":"da-DK"}]}},"_links":{"self":[{"href":"https:\/\/wool-bed.com\/da\/wp-json\/wp\/v2\/product\/10945","targetHints":{"allow":["GET"]}}],"collection":[{"href":"https:\/\/wool-bed.com\/da\/wp-json\/wp\/v2\/product"}],"about":[{"href":"https:\/\/wool-bed.com\/da\/wp-json\/wp\/v2\/types\/product"}],"replies":[{"embeddable":true,"href":"https:\/\/wool-bed.com\/da\/wp-json\/wp\/v2\/comments?post=10945"}],"wp:featuredmedia":[{"embeddable":true,"href":"https:\/\/wool-bed.com\/da\/wp-json\/wp\/v2\/media\/10778"}],"wp:attachment":[{"href":"https:\/\/wool-bed.com\/da\/wp-json\/wp\/v2\/media?parent=10945"}],"wp:term":[{"taxonomy":"product_brand","embeddable":true,"href":"https:\/\/wool-bed.com\/da\/wp-json\/wp\/v2\/product_brand?post=10945"},{"taxonomy":"product_cat","embeddable":true,"href":"https:\/\/wool-bed.com\/da\/wp-json\/wp\/v2\/product_cat?post=10945"},{"taxonomy":"product_tag","embeddable":true,"href":"https:\/\/wool-bed.com\/da\/wp-json\/wp\/v2\/product_tag?post=10945"}],"curies":[{"name":"wp","href":"https:\/\/api.w.org\/{rel}","templated":true}]}}