{"id":10830,"date":"2015-09-08T12:09:09","date_gmt":"2015-09-08T11:09:09","guid":{"rendered":"https:\/\/wool-bed.com\/shop\/Ikke%20kategoriseret\/pilllow-case\/"},"modified":"2025-03-25T16:12:16","modified_gmt":"2025-03-25T16:12:16","slug":"pilllow-case","status":"publish","type":"product","link":"https:\/\/wool-bed.com\/da\/shop\/accessories-da\/pilllow-case\/","title":{"rendered":"\u00d6rngott"},"content":{"rendered":"","protected":false},"excerpt":{"rendered":"<p>Vores pudebetr\u00e6k i merino- og kashmiruld s\u00e6lges i pakker med to stk.<\/p>\n<p>Du kan v\u00e6lge mellem vores forskellige farver: r\u00f8d, gr\u00e5 eller hvid.<\/p>\n<p>De kan vaskes fuldst\u00e6ndigt ved 30\u00baC.<\/p>\n<p>Hvis du har brug for en specialst\u00f8rrelse, s\u00e5 send os en e-mail til <span style=\"color: #b20838;\"><a style=\"color: #b20838;\" href=\"mailto:sizes@wool-bed.com\"><span style=\"font-size: medium;\">sizes@wool-bed.com<\/span><\/a><\/span><\/p>\n","protected":false},"featured_media":10841,"comment_status":"closed","ping_status":"closed","template":"","meta":[],"product_brand":[],"product_cat":[383],"product_tag":[],"class_list":{"0":"post-10830","1":"product","2":"type-product","3":"status-publish","4":"has-post-thumbnail","6":"product_cat-accessories-da","8":"first","9":"instock","10":"shipping-taxable","11":"purchasable","12":"product-type-variable"},"bundle_layout":"","bundled_by":[],"bundled_items":[],"yoast_head":"<!-- This site is optimized with the Yoast SEO plugin v27.3 - https:\/\/yoast.com\/product\/yoast-seo-wordpress\/ -->\n<title>WOOL PILLOW CASE | WoolBed | SPECIALISTS IN WOOL, EXPERTS IN YOUR SLEEP<\/title>\n<meta name=\"robots\" content=\"index, follow, max-snippet:-1, max-image-preview:large, max-video-preview:-1\" \/>\n<link rel=\"canonical\" href=\"https:\/\/wool-bed.com\/da\/shop\/accessories-da\/pilllow-case\/\" \/>\n<meta property=\"og:locale\" content=\"da_DK\" \/>\n<meta property=\"og:type\" content=\"article\" \/>\n<meta property=\"og:title\" content=\"WOOL PILLOW CASE | WoolBed | SPECIALISTS IN WOOL, EXPERTS IN YOUR SLEEP\" \/>\n<meta property=\"og:description\" content=\"Vores pudebetr\u00e6k i merino- og kashmiruld s\u00e6lges i pakker med to stk.  Du kan v\u00e6lge mellem vores forskellige farver: r\u00f8d, gr\u00e5 eller hvid.  De kan vaskes fuldst\u00e6ndigt ved 30\u00baC.  Hvis du har brug for en specialst\u00f8rrelse, s\u00e5 send os en e-mail til sizes@wool-bed.com\" \/>\n<meta property=\"og:url\" content=\"https:\/\/wool-bed.com\/da\/shop\/accessories-da\/pilllow-case\/\" \/>\n<meta property=\"og:site_name\" content=\"WoolBed\" \/>\n<meta property=\"article:publisher\" content=\"https:\/\/www.facebook.com\/WoolBed\/\" \/>\n<meta property=\"article:modified_time\" content=\"2025-03-25T16:12:16+00:00\" \/>\n<meta property=\"og:image\" content=\"https:\/\/wool-bed.com\/wp-content\/uploads\/2016\/09\/Wool_Pilllow_Set.jpg\" \/>\n\t<meta property=\"og:image:width\" content=\"800\" \/>\n\t<meta property=\"og:image:height\" content=\"800\" \/>\n\t<meta property=\"og:image:type\" content=\"image\/jpeg\" \/>\n<meta name=\"twitter:card\" content=\"summary_large_image\" \/>\n<script type=\"application\/ld+json\" class=\"yoast-schema-graph\">{\"@context\":\"https:\\\/\\\/schema.org\",\"@graph\":[{\"@type\":\"WebPage\",\"@id\":\"https:\\\/\\\/wool-bed.com\\\/da\\\/shop\\\/accessories-da\\\/pilllow-case\\\/\",\"url\":\"https:\\\/\\\/wool-bed.com\\\/da\\\/shop\\\/accessories-da\\\/pilllow-case\\\/\",\"name\":\"WOOL PILLOW CASE | WoolBed | SPECIALISTS IN WOOL, EXPERTS IN YOUR SLEEP\",\"isPartOf\":{\"@id\":\"https:\\\/\\\/wool-bed.com\\\/da\\\/#website\"},\"primaryImageOfPage\":{\"@id\":\"https:\\\/\\\/wool-bed.com\\\/da\\\/shop\\\/accessories-da\\\/pilllow-case\\\/#primaryimage\"},\"image\":{\"@id\":\"https:\\\/\\\/wool-bed.com\\\/da\\\/shop\\\/accessories-da\\\/pilllow-case\\\/#primaryimage\"},\"thumbnailUrl\":\"https:\\\/\\\/wool-bed.com\\\/wp-content\\\/uploads\\\/2016\\\/09\\\/Wool_Pilllow_Set.jpg\",\"datePublished\":\"2015-09-08T11:09:09+00:00\",\"dateModified\":\"2025-03-25T16:12:16+00:00\",\"breadcrumb\":{\"@id\":\"https:\\\/\\\/wool-bed.com\\\/da\\\/shop\\\/accessories-da\\\/pilllow-case\\\/#breadcrumb\"},\"inLanguage\":\"da-DK\",\"potentialAction\":[{\"@type\":\"ReadAction\",\"target\":[\"https:\\\/\\\/wool-bed.com\\\/da\\\/shop\\\/accessories-da\\\/pilllow-case\\\/\"]}]},{\"@type\":\"ImageObject\",\"inLanguage\":\"da-DK\",\"@id\":\"https:\\\/\\\/wool-bed.com\\\/da\\\/shop\\\/accessories-da\\\/pilllow-case\\\/#primaryimage\",\"url\":\"https:\\\/\\\/wool-bed.com\\\/wp-content\\\/uploads\\\/2016\\\/09\\\/Wool_Pilllow_Set.jpg\",\"contentUrl\":\"https:\\\/\\\/wool-bed.com\\\/wp-content\\\/uploads\\\/2016\\\/09\\\/Wool_Pilllow_Set.jpg\",\"width\":800,\"height\":800},{\"@type\":\"BreadcrumbList\",\"@id\":\"https:\\\/\\\/wool-bed.com\\\/da\\\/shop\\\/accessories-da\\\/pilllow-case\\\/#breadcrumb\",\"itemListElement\":[{\"@type\":\"ListItem\",\"position\":1,\"name\":\"Home\",\"item\":\"https:\\\/\\\/wool-bed.com\\\/da\\\/\"},{\"@type\":\"ListItem\",\"position\":2,\"name\":\"Varer\",\"item\":\"https:\\\/\\\/wool-bed.com\\\/da\\\/shop\\\/\"},{\"@type\":\"ListItem\",\"position\":3,\"name\":\"\u00d6rngott\"}]},{\"@type\":\"WebSite\",\"@id\":\"https:\\\/\\\/wool-bed.com\\\/da\\\/#website\",\"url\":\"https:\\\/\\\/wool-bed.com\\\/da\\\/\",\"name\":\"WoolBed\",\"description\":\"In Woolbed we labour for your rest. Visit our online shop and discover our memory foam mattresses and Merino and Cashmere wool products with Woolmark quality guarantee.\",\"potentialAction\":[{\"@type\":\"SearchAction\",\"target\":{\"@type\":\"EntryPoint\",\"urlTemplate\":\"https:\\\/\\\/wool-bed.com\\\/da\\\/?s={search_term_string}\"},\"query-input\":{\"@type\":\"PropertyValueSpecification\",\"valueRequired\":true,\"valueName\":\"search_term_string\"}}],\"inLanguage\":\"da-DK\"}]}<\/script>\n<!-- \/ Yoast SEO plugin. -->","yoast_head_json":{"title":"WOOL PILLOW CASE | WoolBed | SPECIALISTS IN WOOL, EXPERTS IN YOUR SLEEP","robots":{"index":"index","follow":"follow","max-snippet":"max-snippet:-1","max-image-preview":"max-image-preview:large","max-video-preview":"max-video-preview:-1"},"canonical":"https:\/\/wool-bed.com\/da\/shop\/accessories-da\/pilllow-case\/","og_locale":"da_DK","og_type":"article","og_title":"WOOL PILLOW CASE | WoolBed | SPECIALISTS IN WOOL, EXPERTS IN YOUR SLEEP","og_description":"Vores pudebetr\u00e6k i merino- og kashmiruld s\u00e6lges i pakker med to stk.  Du kan v\u00e6lge mellem vores forskellige farver: r\u00f8d, gr\u00e5 eller hvid.  De kan vaskes fuldst\u00e6ndigt ved 30\u00baC.  Hvis du har brug for en specialst\u00f8rrelse, s\u00e5 send os en e-mail til sizes@wool-bed.com","og_url":"https:\/\/wool-bed.com\/da\/shop\/accessories-da\/pilllow-case\/","og_site_name":"WoolBed","article_publisher":"https:\/\/www.facebook.com\/WoolBed\/","article_modified_time":"2025-03-25T16:12:16+00:00","og_image":[{"width":800,"height":800,"url":"https:\/\/wool-bed.com\/wp-content\/uploads\/2016\/09\/Wool_Pilllow_Set.jpg","type":"image\/jpeg"}],"twitter_card":"summary_large_image","schema":{"@context":"https:\/\/schema.org","@graph":[{"@type":"WebPage","@id":"https:\/\/wool-bed.com\/da\/shop\/accessories-da\/pilllow-case\/","url":"https:\/\/wool-bed.com\/da\/shop\/accessories-da\/pilllow-case\/","name":"WOOL PILLOW CASE | WoolBed | SPECIALISTS IN WOOL, EXPERTS IN YOUR SLEEP","isPartOf":{"@id":"https:\/\/wool-bed.com\/da\/#website"},"primaryImageOfPage":{"@id":"https:\/\/wool-bed.com\/da\/shop\/accessories-da\/pilllow-case\/#primaryimage"},"image":{"@id":"https:\/\/wool-bed.com\/da\/shop\/accessories-da\/pilllow-case\/#primaryimage"},"thumbnailUrl":"https:\/\/wool-bed.com\/wp-content\/uploads\/2016\/09\/Wool_Pilllow_Set.jpg","datePublished":"2015-09-08T11:09:09+00:00","dateModified":"2025-03-25T16:12:16+00:00","breadcrumb":{"@id":"https:\/\/wool-bed.com\/da\/shop\/accessories-da\/pilllow-case\/#breadcrumb"},"inLanguage":"da-DK","potentialAction":[{"@type":"ReadAction","target":["https:\/\/wool-bed.com\/da\/shop\/accessories-da\/pilllow-case\/"]}]},{"@type":"ImageObject","inLanguage":"da-DK","@id":"https:\/\/wool-bed.com\/da\/shop\/accessories-da\/pilllow-case\/#primaryimage","url":"https:\/\/wool-bed.com\/wp-content\/uploads\/2016\/09\/Wool_Pilllow_Set.jpg","contentUrl":"https:\/\/wool-bed.com\/wp-content\/uploads\/2016\/09\/Wool_Pilllow_Set.jpg","width":800,"height":800},{"@type":"BreadcrumbList","@id":"https:\/\/wool-bed.com\/da\/shop\/accessories-da\/pilllow-case\/#breadcrumb","itemListElement":[{"@type":"ListItem","position":1,"name":"Home","item":"https:\/\/wool-bed.com\/da\/"},{"@type":"ListItem","position":2,"name":"Varer","item":"https:\/\/wool-bed.com\/da\/shop\/"},{"@type":"ListItem","position":3,"name":"\u00d6rngott"}]},{"@type":"WebSite","@id":"https:\/\/wool-bed.com\/da\/#website","url":"https:\/\/wool-bed.com\/da\/","name":"WoolBed","description":"In Woolbed we labour for your rest. Visit our online shop and discover our memory foam mattresses and Merino and Cashmere wool products with Woolmark quality guarantee.","potentialAction":[{"@type":"SearchAction","target":{"@type":"EntryPoint","urlTemplate":"https:\/\/wool-bed.com\/da\/?s={search_term_string}"},"query-input":{"@type":"PropertyValueSpecification","valueRequired":true,"valueName":"search_term_string"}}],"inLanguage":"da-DK"}]}},"_links":{"self":[{"href":"https:\/\/wool-bed.com\/da\/wp-json\/wp\/v2\/product\/10830","targetHints":{"allow":["GET"]}}],"collection":[{"href":"https:\/\/wool-bed.com\/da\/wp-json\/wp\/v2\/product"}],"about":[{"href":"https:\/\/wool-bed.com\/da\/wp-json\/wp\/v2\/types\/product"}],"replies":[{"embeddable":true,"href":"https:\/\/wool-bed.com\/da\/wp-json\/wp\/v2\/comments?post=10830"}],"wp:featuredmedia":[{"embeddable":true,"href":"https:\/\/wool-bed.com\/da\/wp-json\/wp\/v2\/media\/10841"}],"wp:attachment":[{"href":"https:\/\/wool-bed.com\/da\/wp-json\/wp\/v2\/media?parent=10830"}],"wp:term":[{"taxonomy":"product_brand","embeddable":true,"href":"https:\/\/wool-bed.com\/da\/wp-json\/wp\/v2\/product_brand?post=10830"},{"taxonomy":"product_cat","embeddable":true,"href":"https:\/\/wool-bed.com\/da\/wp-json\/wp\/v2\/product_cat?post=10830"},{"taxonomy":"product_tag","embeddable":true,"href":"https:\/\/wool-bed.com\/da\/wp-json\/wp\/v2\/product_tag?post=10830"}],"curies":[{"name":"wp","href":"https:\/\/api.w.org\/{rel}","templated":true}]}}