{"id":10782,"date":"2024-04-01T12:48:38","date_gmt":"2024-04-01T11:48:38","guid":{"rendered":"https:\/\/wool-bed.com\/shop\/Ikke%20kategoriseret\/sittdyna-mjuk-x2\/"},"modified":"2025-10-30T16:08:51","modified_gmt":"2025-10-30T16:08:51","slug":"sittdyna-mjuk-x2","status":"publish","type":"product","link":"https:\/\/wool-bed.com\/da\/shop\/accessories-da\/sittdyna-mjuk-x2\/","title":{"rendered":"Sittdyna Mjuk"},"content":{"rendered":"","protected":false},"excerpt":{"rendered":"<p>Woolbeds seneste nyhed: Bl\u00f8d enkelt siddehynde.<\/p>\n<p>Nu kan du tage alle uldens gode egenskaber med dig, uanset hvor du \u00f8nsker det.<br \/>\nVores nye bl\u00f8de enkeltpude er nem at rulle sammen og opbevare i en kuffert eller taske, s\u00e5 du kan tage den med overalt. Den beskytter dig mod kontakt med kolde overflader, n\u00e5r du sidder.<\/p>\n<p>St\u00f8rrelse: 40&#215;40 cm<\/p>\n","protected":false},"featured_media":10783,"comment_status":"closed","ping_status":"closed","template":"","meta":[],"product_brand":[],"product_cat":[383,385],"product_tag":[],"class_list":{"0":"post-10782","1":"product","2":"type-product","3":"status-publish","4":"has-post-thumbnail","6":"product_cat-accessories-da","7":"product_cat-tilbud-da","9":"first","10":"instock","11":"shipping-taxable","12":"purchasable","13":"product-type-simple"},"bundle_layout":"","bundled_by":[],"bundled_items":[],"yoast_head":"<!-- This site is optimized with the Yoast SEO plugin v27.3 - https:\/\/yoast.com\/product\/yoast-seo-wordpress\/ -->\n<title>Sittdyna Mjuk | WoolBed<\/title>\n<meta name=\"description\" content=\"Soft single seat cushion. Sittdyna Mjuk | WoolBed\" \/>\n<meta name=\"robots\" content=\"index, follow, max-snippet:-1, max-image-preview:large, max-video-preview:-1\" \/>\n<link rel=\"canonical\" href=\"https:\/\/wool-bed.com\/da\/shop\/accessories-da\/sittdyna-mjuk-x2\/\" \/>\n<meta property=\"og:locale\" content=\"da_DK\" \/>\n<meta property=\"og:type\" content=\"article\" \/>\n<meta property=\"og:title\" content=\"Sittdyna Mjuk | WoolBed\" \/>\n<meta property=\"og:description\" content=\"Soft single seat cushion. Sittdyna Mjuk | WoolBed\" \/>\n<meta property=\"og:url\" content=\"https:\/\/wool-bed.com\/da\/shop\/accessories-da\/sittdyna-mjuk-x2\/\" \/>\n<meta property=\"og:site_name\" content=\"WoolBed\" \/>\n<meta property=\"article:publisher\" content=\"https:\/\/www.facebook.com\/WoolBed\/\" \/>\n<meta property=\"article:modified_time\" content=\"2025-10-30T16:08:51+00:00\" \/>\n<meta property=\"og:image\" content=\"https:\/\/wool-bed.com\/wp-content\/uploads\/mjuk-sittdyna-open_x2.jpg\" \/>\n\t<meta property=\"og:image:width\" content=\"800\" \/>\n\t<meta property=\"og:image:height\" content=\"800\" \/>\n\t<meta property=\"og:image:type\" content=\"image\/jpeg\" \/>\n<meta name=\"twitter:card\" content=\"summary_large_image\" \/>\n<script type=\"application\/ld+json\" class=\"yoast-schema-graph\">{\"@context\":\"https:\\\/\\\/schema.org\",\"@graph\":[{\"@type\":\"WebPage\",\"@id\":\"https:\\\/\\\/wool-bed.com\\\/da\\\/shop\\\/accessories-da\\\/sittdyna-mjuk-x2\\\/\",\"url\":\"https:\\\/\\\/wool-bed.com\\\/da\\\/shop\\\/accessories-da\\\/sittdyna-mjuk-x2\\\/\",\"name\":\"Sittdyna Mjuk | WoolBed\",\"isPartOf\":{\"@id\":\"https:\\\/\\\/wool-bed.com\\\/da\\\/#website\"},\"primaryImageOfPage\":{\"@id\":\"https:\\\/\\\/wool-bed.com\\\/da\\\/shop\\\/accessories-da\\\/sittdyna-mjuk-x2\\\/#primaryimage\"},\"image\":{\"@id\":\"https:\\\/\\\/wool-bed.com\\\/da\\\/shop\\\/accessories-da\\\/sittdyna-mjuk-x2\\\/#primaryimage\"},\"thumbnailUrl\":\"https:\\\/\\\/wool-bed.com\\\/wp-content\\\/uploads\\\/mjuk-sittdyna-open_x2.jpg\",\"datePublished\":\"2024-04-01T11:48:38+00:00\",\"dateModified\":\"2025-10-30T16:08:51+00:00\",\"description\":\"Soft single seat cushion. Sittdyna Mjuk | WoolBed\",\"breadcrumb\":{\"@id\":\"https:\\\/\\\/wool-bed.com\\\/da\\\/shop\\\/accessories-da\\\/sittdyna-mjuk-x2\\\/#breadcrumb\"},\"inLanguage\":\"da-DK\",\"potentialAction\":[{\"@type\":\"ReadAction\",\"target\":[\"https:\\\/\\\/wool-bed.com\\\/da\\\/shop\\\/accessories-da\\\/sittdyna-mjuk-x2\\\/\"]}]},{\"@type\":\"ImageObject\",\"inLanguage\":\"da-DK\",\"@id\":\"https:\\\/\\\/wool-bed.com\\\/da\\\/shop\\\/accessories-da\\\/sittdyna-mjuk-x2\\\/#primaryimage\",\"url\":\"https:\\\/\\\/wool-bed.com\\\/wp-content\\\/uploads\\\/mjuk-sittdyna-open_x2.jpg\",\"contentUrl\":\"https:\\\/\\\/wool-bed.com\\\/wp-content\\\/uploads\\\/mjuk-sittdyna-open_x2.jpg\",\"width\":800,\"height\":800},{\"@type\":\"BreadcrumbList\",\"@id\":\"https:\\\/\\\/wool-bed.com\\\/da\\\/shop\\\/accessories-da\\\/sittdyna-mjuk-x2\\\/#breadcrumb\",\"itemListElement\":[{\"@type\":\"ListItem\",\"position\":1,\"name\":\"Home\",\"item\":\"https:\\\/\\\/wool-bed.com\\\/da\\\/\"},{\"@type\":\"ListItem\",\"position\":2,\"name\":\"Varer\",\"item\":\"https:\\\/\\\/wool-bed.com\\\/da\\\/shop\\\/\"},{\"@type\":\"ListItem\",\"position\":3,\"name\":\"Sittdyna Mjuk\"}]},{\"@type\":\"WebSite\",\"@id\":\"https:\\\/\\\/wool-bed.com\\\/da\\\/#website\",\"url\":\"https:\\\/\\\/wool-bed.com\\\/da\\\/\",\"name\":\"WoolBed\",\"description\":\"In Woolbed we labour for your rest. Visit our online shop and discover our memory foam mattresses and Merino and Cashmere wool products with Woolmark quality guarantee.\",\"potentialAction\":[{\"@type\":\"SearchAction\",\"target\":{\"@type\":\"EntryPoint\",\"urlTemplate\":\"https:\\\/\\\/wool-bed.com\\\/da\\\/?s={search_term_string}\"},\"query-input\":{\"@type\":\"PropertyValueSpecification\",\"valueRequired\":true,\"valueName\":\"search_term_string\"}}],\"inLanguage\":\"da-DK\"}]}<\/script>\n<!-- \/ Yoast SEO plugin. -->","yoast_head_json":{"title":"Sittdyna Mjuk | WoolBed","description":"Soft single seat cushion. Sittdyna Mjuk | WoolBed","robots":{"index":"index","follow":"follow","max-snippet":"max-snippet:-1","max-image-preview":"max-image-preview:large","max-video-preview":"max-video-preview:-1"},"canonical":"https:\/\/wool-bed.com\/da\/shop\/accessories-da\/sittdyna-mjuk-x2\/","og_locale":"da_DK","og_type":"article","og_title":"Sittdyna Mjuk | WoolBed","og_description":"Soft single seat cushion. Sittdyna Mjuk | WoolBed","og_url":"https:\/\/wool-bed.com\/da\/shop\/accessories-da\/sittdyna-mjuk-x2\/","og_site_name":"WoolBed","article_publisher":"https:\/\/www.facebook.com\/WoolBed\/","article_modified_time":"2025-10-30T16:08:51+00:00","og_image":[{"width":800,"height":800,"url":"https:\/\/wool-bed.com\/wp-content\/uploads\/mjuk-sittdyna-open_x2.jpg","type":"image\/jpeg"}],"twitter_card":"summary_large_image","schema":{"@context":"https:\/\/schema.org","@graph":[{"@type":"WebPage","@id":"https:\/\/wool-bed.com\/da\/shop\/accessories-da\/sittdyna-mjuk-x2\/","url":"https:\/\/wool-bed.com\/da\/shop\/accessories-da\/sittdyna-mjuk-x2\/","name":"Sittdyna Mjuk | WoolBed","isPartOf":{"@id":"https:\/\/wool-bed.com\/da\/#website"},"primaryImageOfPage":{"@id":"https:\/\/wool-bed.com\/da\/shop\/accessories-da\/sittdyna-mjuk-x2\/#primaryimage"},"image":{"@id":"https:\/\/wool-bed.com\/da\/shop\/accessories-da\/sittdyna-mjuk-x2\/#primaryimage"},"thumbnailUrl":"https:\/\/wool-bed.com\/wp-content\/uploads\/mjuk-sittdyna-open_x2.jpg","datePublished":"2024-04-01T11:48:38+00:00","dateModified":"2025-10-30T16:08:51+00:00","description":"Soft single seat cushion. Sittdyna Mjuk | WoolBed","breadcrumb":{"@id":"https:\/\/wool-bed.com\/da\/shop\/accessories-da\/sittdyna-mjuk-x2\/#breadcrumb"},"inLanguage":"da-DK","potentialAction":[{"@type":"ReadAction","target":["https:\/\/wool-bed.com\/da\/shop\/accessories-da\/sittdyna-mjuk-x2\/"]}]},{"@type":"ImageObject","inLanguage":"da-DK","@id":"https:\/\/wool-bed.com\/da\/shop\/accessories-da\/sittdyna-mjuk-x2\/#primaryimage","url":"https:\/\/wool-bed.com\/wp-content\/uploads\/mjuk-sittdyna-open_x2.jpg","contentUrl":"https:\/\/wool-bed.com\/wp-content\/uploads\/mjuk-sittdyna-open_x2.jpg","width":800,"height":800},{"@type":"BreadcrumbList","@id":"https:\/\/wool-bed.com\/da\/shop\/accessories-da\/sittdyna-mjuk-x2\/#breadcrumb","itemListElement":[{"@type":"ListItem","position":1,"name":"Home","item":"https:\/\/wool-bed.com\/da\/"},{"@type":"ListItem","position":2,"name":"Varer","item":"https:\/\/wool-bed.com\/da\/shop\/"},{"@type":"ListItem","position":3,"name":"Sittdyna Mjuk"}]},{"@type":"WebSite","@id":"https:\/\/wool-bed.com\/da\/#website","url":"https:\/\/wool-bed.com\/da\/","name":"WoolBed","description":"In Woolbed we labour for your rest. Visit our online shop and discover our memory foam mattresses and Merino and Cashmere wool products with Woolmark quality guarantee.","potentialAction":[{"@type":"SearchAction","target":{"@type":"EntryPoint","urlTemplate":"https:\/\/wool-bed.com\/da\/?s={search_term_string}"},"query-input":{"@type":"PropertyValueSpecification","valueRequired":true,"valueName":"search_term_string"}}],"inLanguage":"da-DK"}]}},"_links":{"self":[{"href":"https:\/\/wool-bed.com\/da\/wp-json\/wp\/v2\/product\/10782","targetHints":{"allow":["GET"]}}],"collection":[{"href":"https:\/\/wool-bed.com\/da\/wp-json\/wp\/v2\/product"}],"about":[{"href":"https:\/\/wool-bed.com\/da\/wp-json\/wp\/v2\/types\/product"}],"replies":[{"embeddable":true,"href":"https:\/\/wool-bed.com\/da\/wp-json\/wp\/v2\/comments?post=10782"}],"wp:featuredmedia":[{"embeddable":true,"href":"https:\/\/wool-bed.com\/da\/wp-json\/wp\/v2\/media\/10783"}],"wp:attachment":[{"href":"https:\/\/wool-bed.com\/da\/wp-json\/wp\/v2\/media?parent=10782"}],"wp:term":[{"taxonomy":"product_brand","embeddable":true,"href":"https:\/\/wool-bed.com\/da\/wp-json\/wp\/v2\/product_brand?post=10782"},{"taxonomy":"product_cat","embeddable":true,"href":"https:\/\/wool-bed.com\/da\/wp-json\/wp\/v2\/product_cat?post=10782"},{"taxonomy":"product_tag","embeddable":true,"href":"https:\/\/wool-bed.com\/da\/wp-json\/wp\/v2\/product_tag?post=10782"}],"curies":[{"name":"wp","href":"https:\/\/api.w.org\/{rel}","templated":true}]}}