{"id":10779,"date":"2024-04-01T12:48:54","date_gmt":"2024-04-01T11:48:54","guid":{"rendered":"https:\/\/wool-bed.com\/shop\/Ikke%20kategoriseret\/2-enkel-sittdyna\/"},"modified":"2025-10-29T13:37:24","modified_gmt":"2025-10-29T13:37:24","slug":"2-enkel-sittdyna","status":"publish","type":"product","link":"https:\/\/wool-bed.com\/da\/shop\/accessories-da\/2-enkel-sittdyna\/","title":{"rendered":"Enkel sittdyna"},"content":{"rendered":"","protected":false},"excerpt":{"rendered":"<p>S\u00e6dehynde med merinould p\u00e5 den ene side og vinr\u00f8dt stof p\u00e5 den anden side. Perfekt at tage med dig, uanset hvor du \u00f8nsker at sidde godt og t\u00f8rt.<\/p>\n<p>St\u00f8rrelse: 40\u00d740 cm.<\/p>\n","protected":false},"featured_media":10781,"comment_status":"closed","ping_status":"closed","template":"","meta":[],"product_brand":[],"product_cat":[383,385],"product_tag":[],"class_list":{"0":"post-10779","1":"product","2":"type-product","3":"status-publish","4":"has-post-thumbnail","6":"product_cat-accessories-da","7":"product_cat-tilbud-da","9":"first","10":"instock","11":"shipping-taxable","12":"purchasable","13":"product-type-simple"},"bundle_layout":"","bundled_by":[],"bundled_items":[],"yoast_head":"<!-- This site is optimized with the Yoast SEO plugin v27.3 - https:\/\/yoast.com\/product\/yoast-seo-wordpress\/ -->\n<title>WOOL SINGLE SEAT CUSHION | WoolBed | SPECIALISTS IN WOOL, EXPERTS IN YOUR SLEEP<\/title>\n<meta name=\"robots\" content=\"index, follow, max-snippet:-1, max-image-preview:large, max-video-preview:-1\" \/>\n<link rel=\"canonical\" href=\"https:\/\/wool-bed.com\/da\/shop\/accessories-da\/2-enkel-sittdyna\/\" \/>\n<meta property=\"og:locale\" content=\"da_DK\" \/>\n<meta property=\"og:type\" content=\"article\" \/>\n<meta property=\"og:title\" content=\"WOOL SINGLE SEAT CUSHION | WoolBed | SPECIALISTS IN WOOL, EXPERTS IN YOUR SLEEP\" \/>\n<meta property=\"og:description\" content=\"S\u00e6dehynde med merinould p\u00e5 den ene side og vinr\u00f8dt stof p\u00e5 den anden side. Perfekt at tage med dig, uanset hvor du \u00f8nsker at sidde godt og t\u00f8rt.  St\u00f8rrelse: 40\u00d740 cm.\" \/>\n<meta property=\"og:url\" content=\"https:\/\/wool-bed.com\/da\/shop\/accessories-da\/2-enkel-sittdyna\/\" \/>\n<meta property=\"og:site_name\" content=\"WoolBed\" \/>\n<meta property=\"article:publisher\" content=\"https:\/\/www.facebook.com\/WoolBed\/\" \/>\n<meta property=\"article:modified_time\" content=\"2025-10-29T13:37:24+00:00\" \/>\n<meta property=\"og:image\" content=\"https:\/\/wool-bed.com\/wp-content\/uploads\/2015\/05\/cojin_R.jpg\" \/>\n\t<meta property=\"og:image:width\" content=\"800\" \/>\n\t<meta property=\"og:image:height\" content=\"800\" \/>\n\t<meta property=\"og:image:type\" content=\"image\/jpeg\" \/>\n<meta name=\"twitter:card\" content=\"summary_large_image\" \/>\n<script type=\"application\/ld+json\" class=\"yoast-schema-graph\">{\"@context\":\"https:\\\/\\\/schema.org\",\"@graph\":[{\"@type\":\"WebPage\",\"@id\":\"https:\\\/\\\/wool-bed.com\\\/da\\\/shop\\\/accessories-da\\\/2-enkel-sittdyna\\\/\",\"url\":\"https:\\\/\\\/wool-bed.com\\\/da\\\/shop\\\/accessories-da\\\/2-enkel-sittdyna\\\/\",\"name\":\"WOOL SINGLE SEAT CUSHION | WoolBed | SPECIALISTS IN WOOL, EXPERTS IN YOUR SLEEP\",\"isPartOf\":{\"@id\":\"https:\\\/\\\/wool-bed.com\\\/da\\\/#website\"},\"primaryImageOfPage\":{\"@id\":\"https:\\\/\\\/wool-bed.com\\\/da\\\/shop\\\/accessories-da\\\/2-enkel-sittdyna\\\/#primaryimage\"},\"image\":{\"@id\":\"https:\\\/\\\/wool-bed.com\\\/da\\\/shop\\\/accessories-da\\\/2-enkel-sittdyna\\\/#primaryimage\"},\"thumbnailUrl\":\"https:\\\/\\\/wool-bed.com\\\/wp-content\\\/uploads\\\/2015\\\/05\\\/cojin_R.jpg\",\"datePublished\":\"2024-04-01T11:48:54+00:00\",\"dateModified\":\"2025-10-29T13:37:24+00:00\",\"breadcrumb\":{\"@id\":\"https:\\\/\\\/wool-bed.com\\\/da\\\/shop\\\/accessories-da\\\/2-enkel-sittdyna\\\/#breadcrumb\"},\"inLanguage\":\"da-DK\",\"potentialAction\":[{\"@type\":\"ReadAction\",\"target\":[\"https:\\\/\\\/wool-bed.com\\\/da\\\/shop\\\/accessories-da\\\/2-enkel-sittdyna\\\/\"]}]},{\"@type\":\"ImageObject\",\"inLanguage\":\"da-DK\",\"@id\":\"https:\\\/\\\/wool-bed.com\\\/da\\\/shop\\\/accessories-da\\\/2-enkel-sittdyna\\\/#primaryimage\",\"url\":\"https:\\\/\\\/wool-bed.com\\\/wp-content\\\/uploads\\\/2015\\\/05\\\/cojin_R.jpg\",\"contentUrl\":\"https:\\\/\\\/wool-bed.com\\\/wp-content\\\/uploads\\\/2015\\\/05\\\/cojin_R.jpg\",\"width\":800,\"height\":800},{\"@type\":\"BreadcrumbList\",\"@id\":\"https:\\\/\\\/wool-bed.com\\\/da\\\/shop\\\/accessories-da\\\/2-enkel-sittdyna\\\/#breadcrumb\",\"itemListElement\":[{\"@type\":\"ListItem\",\"position\":1,\"name\":\"Home\",\"item\":\"https:\\\/\\\/wool-bed.com\\\/da\\\/\"},{\"@type\":\"ListItem\",\"position\":2,\"name\":\"Varer\",\"item\":\"https:\\\/\\\/wool-bed.com\\\/da\\\/shop\\\/\"},{\"@type\":\"ListItem\",\"position\":3,\"name\":\"Enkel sittdyna\"}]},{\"@type\":\"WebSite\",\"@id\":\"https:\\\/\\\/wool-bed.com\\\/da\\\/#website\",\"url\":\"https:\\\/\\\/wool-bed.com\\\/da\\\/\",\"name\":\"WoolBed\",\"description\":\"In Woolbed we labour for your rest. Visit our online shop and discover our memory foam mattresses and Merino and Cashmere wool products with Woolmark quality guarantee.\",\"potentialAction\":[{\"@type\":\"SearchAction\",\"target\":{\"@type\":\"EntryPoint\",\"urlTemplate\":\"https:\\\/\\\/wool-bed.com\\\/da\\\/?s={search_term_string}\"},\"query-input\":{\"@type\":\"PropertyValueSpecification\",\"valueRequired\":true,\"valueName\":\"search_term_string\"}}],\"inLanguage\":\"da-DK\"}]}<\/script>\n<!-- \/ Yoast SEO plugin. -->","yoast_head_json":{"title":"WOOL SINGLE SEAT CUSHION | WoolBed | SPECIALISTS IN WOOL, EXPERTS IN YOUR SLEEP","robots":{"index":"index","follow":"follow","max-snippet":"max-snippet:-1","max-image-preview":"max-image-preview:large","max-video-preview":"max-video-preview:-1"},"canonical":"https:\/\/wool-bed.com\/da\/shop\/accessories-da\/2-enkel-sittdyna\/","og_locale":"da_DK","og_type":"article","og_title":"WOOL SINGLE SEAT CUSHION | WoolBed | SPECIALISTS IN WOOL, EXPERTS IN YOUR SLEEP","og_description":"S\u00e6dehynde med merinould p\u00e5 den ene side og vinr\u00f8dt stof p\u00e5 den anden side. Perfekt at tage med dig, uanset hvor du \u00f8nsker at sidde godt og t\u00f8rt.  St\u00f8rrelse: 40\u00d740 cm.","og_url":"https:\/\/wool-bed.com\/da\/shop\/accessories-da\/2-enkel-sittdyna\/","og_site_name":"WoolBed","article_publisher":"https:\/\/www.facebook.com\/WoolBed\/","article_modified_time":"2025-10-29T13:37:24+00:00","og_image":[{"width":800,"height":800,"url":"https:\/\/wool-bed.com\/wp-content\/uploads\/2015\/05\/cojin_R.jpg","type":"image\/jpeg"}],"twitter_card":"summary_large_image","schema":{"@context":"https:\/\/schema.org","@graph":[{"@type":"WebPage","@id":"https:\/\/wool-bed.com\/da\/shop\/accessories-da\/2-enkel-sittdyna\/","url":"https:\/\/wool-bed.com\/da\/shop\/accessories-da\/2-enkel-sittdyna\/","name":"WOOL SINGLE SEAT CUSHION | WoolBed | SPECIALISTS IN WOOL, EXPERTS IN YOUR SLEEP","isPartOf":{"@id":"https:\/\/wool-bed.com\/da\/#website"},"primaryImageOfPage":{"@id":"https:\/\/wool-bed.com\/da\/shop\/accessories-da\/2-enkel-sittdyna\/#primaryimage"},"image":{"@id":"https:\/\/wool-bed.com\/da\/shop\/accessories-da\/2-enkel-sittdyna\/#primaryimage"},"thumbnailUrl":"https:\/\/wool-bed.com\/wp-content\/uploads\/2015\/05\/cojin_R.jpg","datePublished":"2024-04-01T11:48:54+00:00","dateModified":"2025-10-29T13:37:24+00:00","breadcrumb":{"@id":"https:\/\/wool-bed.com\/da\/shop\/accessories-da\/2-enkel-sittdyna\/#breadcrumb"},"inLanguage":"da-DK","potentialAction":[{"@type":"ReadAction","target":["https:\/\/wool-bed.com\/da\/shop\/accessories-da\/2-enkel-sittdyna\/"]}]},{"@type":"ImageObject","inLanguage":"da-DK","@id":"https:\/\/wool-bed.com\/da\/shop\/accessories-da\/2-enkel-sittdyna\/#primaryimage","url":"https:\/\/wool-bed.com\/wp-content\/uploads\/2015\/05\/cojin_R.jpg","contentUrl":"https:\/\/wool-bed.com\/wp-content\/uploads\/2015\/05\/cojin_R.jpg","width":800,"height":800},{"@type":"BreadcrumbList","@id":"https:\/\/wool-bed.com\/da\/shop\/accessories-da\/2-enkel-sittdyna\/#breadcrumb","itemListElement":[{"@type":"ListItem","position":1,"name":"Home","item":"https:\/\/wool-bed.com\/da\/"},{"@type":"ListItem","position":2,"name":"Varer","item":"https:\/\/wool-bed.com\/da\/shop\/"},{"@type":"ListItem","position":3,"name":"Enkel sittdyna"}]},{"@type":"WebSite","@id":"https:\/\/wool-bed.com\/da\/#website","url":"https:\/\/wool-bed.com\/da\/","name":"WoolBed","description":"In Woolbed we labour for your rest. Visit our online shop and discover our memory foam mattresses and Merino and Cashmere wool products with Woolmark quality guarantee.","potentialAction":[{"@type":"SearchAction","target":{"@type":"EntryPoint","urlTemplate":"https:\/\/wool-bed.com\/da\/?s={search_term_string}"},"query-input":{"@type":"PropertyValueSpecification","valueRequired":true,"valueName":"search_term_string"}}],"inLanguage":"da-DK"}]}},"_links":{"self":[{"href":"https:\/\/wool-bed.com\/da\/wp-json\/wp\/v2\/product\/10779","targetHints":{"allow":["GET"]}}],"collection":[{"href":"https:\/\/wool-bed.com\/da\/wp-json\/wp\/v2\/product"}],"about":[{"href":"https:\/\/wool-bed.com\/da\/wp-json\/wp\/v2\/types\/product"}],"replies":[{"embeddable":true,"href":"https:\/\/wool-bed.com\/da\/wp-json\/wp\/v2\/comments?post=10779"}],"wp:featuredmedia":[{"embeddable":true,"href":"https:\/\/wool-bed.com\/da\/wp-json\/wp\/v2\/media\/10781"}],"wp:attachment":[{"href":"https:\/\/wool-bed.com\/da\/wp-json\/wp\/v2\/media?parent=10779"}],"wp:term":[{"taxonomy":"product_brand","embeddable":true,"href":"https:\/\/wool-bed.com\/da\/wp-json\/wp\/v2\/product_brand?post=10779"},{"taxonomy":"product_cat","embeddable":true,"href":"https:\/\/wool-bed.com\/da\/wp-json\/wp\/v2\/product_cat?post=10779"},{"taxonomy":"product_tag","embeddable":true,"href":"https:\/\/wool-bed.com\/da\/wp-json\/wp\/v2\/product_tag?post=10779"}],"curies":[{"name":"wp","href":"https:\/\/api.w.org\/{rel}","templated":true}]}}