{"id":10712,"date":"2015-05-07T16:32:51","date_gmt":"2015-05-07T15:32:51","guid":{"rendered":"https:\/\/wool-bed.com\/shop\/Ikke%20kategoriseret\/cashmere-silicon-pillow\/"},"modified":"2025-03-25T16:02:10","modified_gmt":"2025-03-25T16:02:10","slug":"cashmere-silicon-pillow","status":"publish","type":"product","link":"https:\/\/wool-bed.com\/da\/shop\/okologisk-naturlig-uld-og-kashmir\/cashmere-silicon-pillow\/","title":{"rendered":"Kudde"},"content":{"rendered":"","protected":false},"excerpt":{"rendered":"<p>Vores Woolbed-pude best\u00e5r af et aftageligt pudebetr\u00e6k i merino lammeuld. Den indvendige pude er fyldt med sm\u00e5 luftige silikonebomuldsfyld, s\u00e5 du kan justere h\u00f8jden efter dine behov.<\/p>\n<p>Puden f\u00e5s med r\u00f8d, gr\u00e5 eller hvid dekorativ kant. Den indvendige pude med indhold kan vaskes ved 90 grader C. Pudebetr\u00e6kket i kashmir og merino kan vaskes ved 30 grader C.<\/p>\n<p>Hvis du har brug for en specialst\u00f8rrelse, s\u00e5 send os en e-mail til <a href=\"mailto:sizes@wool-bed.com\"><span style=\"font-size: medium;\">sizes@wool-bed.com<\/span><\/a><\/p>\n","protected":false},"featured_media":10720,"comment_status":"closed","ping_status":"closed","template":"","meta":[],"product_brand":[],"product_cat":[388],"product_tag":[],"class_list":{"0":"post-10712","1":"product","2":"type-product","3":"status-publish","4":"has-post-thumbnail","6":"product_cat-okologisk-naturlig-uld-og-kashmir","8":"first","9":"instock","10":"featured","11":"shipping-taxable","12":"purchasable","13":"product-type-variable"},"bundle_layout":"","bundled_by":["10914","10924","10932","10960","10965","10966"],"bundled_items":[],"yoast_head":"<!-- This site is optimized with the Yoast SEO plugin v27.3 - https:\/\/yoast.com\/product\/yoast-seo-wordpress\/ -->\n<title>WOOL BED PILLOW | WoolBed | EXPERTS IN YOUR SLEEP<\/title>\n<meta name=\"description\" content=\"Our pillow consists of a removable pillow case in Merino lambswool and cashmere. The inner pillow is full of small silicone balls so you can adjust the height to suit your needs.\" \/>\n<meta name=\"robots\" content=\"index, follow, max-snippet:-1, max-image-preview:large, max-video-preview:-1\" \/>\n<link rel=\"canonical\" href=\"https:\/\/wool-bed.com\/da\/shop\/okologisk-naturlig-uld-og-kashmir\/cashmere-silicon-pillow\/\" \/>\n<meta property=\"og:locale\" content=\"da_DK\" \/>\n<meta property=\"og:type\" content=\"article\" \/>\n<meta property=\"og:title\" content=\"WOOL BED PILLOW | WoolBed | EXPERTS IN YOUR SLEEP\" \/>\n<meta property=\"og:description\" content=\"Our pillow consists of a removable pillow case in Merino lambswool and cashmere. The inner pillow is full of small silicone balls so you can adjust the height to suit your needs.\" \/>\n<meta property=\"og:url\" content=\"https:\/\/wool-bed.com\/da\/shop\/okologisk-naturlig-uld-og-kashmir\/cashmere-silicon-pillow\/\" \/>\n<meta property=\"og:site_name\" content=\"WoolBed\" \/>\n<meta property=\"article:publisher\" content=\"https:\/\/www.facebook.com\/WoolBed\/\" \/>\n<meta property=\"article:modified_time\" content=\"2025-03-25T16:02:10+00:00\" \/>\n<meta property=\"og:image\" content=\"https:\/\/wool-bed.com\/wp-content\/uploads\/kudde-woolbed-collection-2019.jpg\" \/>\n\t<meta property=\"og:image:width\" content=\"800\" \/>\n\t<meta property=\"og:image:height\" content=\"800\" \/>\n\t<meta property=\"og:image:type\" content=\"image\/jpeg\" \/>\n<meta name=\"twitter:card\" content=\"summary_large_image\" \/>\n<script type=\"application\/ld+json\" class=\"yoast-schema-graph\">{\"@context\":\"https:\\\/\\\/schema.org\",\"@graph\":[{\"@type\":\"WebPage\",\"@id\":\"https:\\\/\\\/wool-bed.com\\\/da\\\/shop\\\/okologisk-naturlig-uld-og-kashmir\\\/cashmere-silicon-pillow\\\/\",\"url\":\"https:\\\/\\\/wool-bed.com\\\/da\\\/shop\\\/okologisk-naturlig-uld-og-kashmir\\\/cashmere-silicon-pillow\\\/\",\"name\":\"WOOL BED PILLOW | WoolBed | EXPERTS IN YOUR SLEEP\",\"isPartOf\":{\"@id\":\"https:\\\/\\\/wool-bed.com\\\/da\\\/#website\"},\"primaryImageOfPage\":{\"@id\":\"https:\\\/\\\/wool-bed.com\\\/da\\\/shop\\\/okologisk-naturlig-uld-og-kashmir\\\/cashmere-silicon-pillow\\\/#primaryimage\"},\"image\":{\"@id\":\"https:\\\/\\\/wool-bed.com\\\/da\\\/shop\\\/okologisk-naturlig-uld-og-kashmir\\\/cashmere-silicon-pillow\\\/#primaryimage\"},\"thumbnailUrl\":\"https:\\\/\\\/wool-bed.com\\\/wp-content\\\/uploads\\\/kudde-woolbed-collection-2019.jpg\",\"datePublished\":\"2015-05-07T15:32:51+00:00\",\"dateModified\":\"2025-03-25T16:02:10+00:00\",\"description\":\"Our pillow consists of a removable pillow case in Merino lambswool and cashmere. The inner pillow is full of small silicone balls so you can adjust the height to suit your needs.\",\"breadcrumb\":{\"@id\":\"https:\\\/\\\/wool-bed.com\\\/da\\\/shop\\\/okologisk-naturlig-uld-og-kashmir\\\/cashmere-silicon-pillow\\\/#breadcrumb\"},\"inLanguage\":\"da-DK\",\"potentialAction\":[{\"@type\":\"ReadAction\",\"target\":[\"https:\\\/\\\/wool-bed.com\\\/da\\\/shop\\\/okologisk-naturlig-uld-og-kashmir\\\/cashmere-silicon-pillow\\\/\"]}]},{\"@type\":\"ImageObject\",\"inLanguage\":\"da-DK\",\"@id\":\"https:\\\/\\\/wool-bed.com\\\/da\\\/shop\\\/okologisk-naturlig-uld-og-kashmir\\\/cashmere-silicon-pillow\\\/#primaryimage\",\"url\":\"https:\\\/\\\/wool-bed.com\\\/wp-content\\\/uploads\\\/kudde-woolbed-collection-2019.jpg\",\"contentUrl\":\"https:\\\/\\\/wool-bed.com\\\/wp-content\\\/uploads\\\/kudde-woolbed-collection-2019.jpg\",\"width\":800,\"height\":800},{\"@type\":\"BreadcrumbList\",\"@id\":\"https:\\\/\\\/wool-bed.com\\\/da\\\/shop\\\/okologisk-naturlig-uld-og-kashmir\\\/cashmere-silicon-pillow\\\/#breadcrumb\",\"itemListElement\":[{\"@type\":\"ListItem\",\"position\":1,\"name\":\"Home\",\"item\":\"https:\\\/\\\/wool-bed.com\\\/da\\\/\"},{\"@type\":\"ListItem\",\"position\":2,\"name\":\"Varer\",\"item\":\"https:\\\/\\\/wool-bed.com\\\/da\\\/shop\\\/\"},{\"@type\":\"ListItem\",\"position\":3,\"name\":\"Kudde\"}]},{\"@type\":\"WebSite\",\"@id\":\"https:\\\/\\\/wool-bed.com\\\/da\\\/#website\",\"url\":\"https:\\\/\\\/wool-bed.com\\\/da\\\/\",\"name\":\"WoolBed\",\"description\":\"In Woolbed we labour for your rest. Visit our online shop and discover our memory foam mattresses and Merino and Cashmere wool products with Woolmark quality guarantee.\",\"potentialAction\":[{\"@type\":\"SearchAction\",\"target\":{\"@type\":\"EntryPoint\",\"urlTemplate\":\"https:\\\/\\\/wool-bed.com\\\/da\\\/?s={search_term_string}\"},\"query-input\":{\"@type\":\"PropertyValueSpecification\",\"valueRequired\":true,\"valueName\":\"search_term_string\"}}],\"inLanguage\":\"da-DK\"}]}<\/script>\n<!-- \/ Yoast SEO plugin. -->","yoast_head_json":{"title":"WOOL BED PILLOW | WoolBed | EXPERTS IN YOUR SLEEP","description":"Our pillow consists of a removable pillow case in Merino lambswool and cashmere. The inner pillow is full of small silicone balls so you can adjust the height to suit your needs.","robots":{"index":"index","follow":"follow","max-snippet":"max-snippet:-1","max-image-preview":"max-image-preview:large","max-video-preview":"max-video-preview:-1"},"canonical":"https:\/\/wool-bed.com\/da\/shop\/okologisk-naturlig-uld-og-kashmir\/cashmere-silicon-pillow\/","og_locale":"da_DK","og_type":"article","og_title":"WOOL BED PILLOW | WoolBed | EXPERTS IN YOUR SLEEP","og_description":"Our pillow consists of a removable pillow case in Merino lambswool and cashmere. The inner pillow is full of small silicone balls so you can adjust the height to suit your needs.","og_url":"https:\/\/wool-bed.com\/da\/shop\/okologisk-naturlig-uld-og-kashmir\/cashmere-silicon-pillow\/","og_site_name":"WoolBed","article_publisher":"https:\/\/www.facebook.com\/WoolBed\/","article_modified_time":"2025-03-25T16:02:10+00:00","og_image":[{"width":800,"height":800,"url":"https:\/\/wool-bed.com\/wp-content\/uploads\/kudde-woolbed-collection-2019.jpg","type":"image\/jpeg"}],"twitter_card":"summary_large_image","schema":{"@context":"https:\/\/schema.org","@graph":[{"@type":"WebPage","@id":"https:\/\/wool-bed.com\/da\/shop\/okologisk-naturlig-uld-og-kashmir\/cashmere-silicon-pillow\/","url":"https:\/\/wool-bed.com\/da\/shop\/okologisk-naturlig-uld-og-kashmir\/cashmere-silicon-pillow\/","name":"WOOL BED PILLOW | WoolBed | EXPERTS IN YOUR SLEEP","isPartOf":{"@id":"https:\/\/wool-bed.com\/da\/#website"},"primaryImageOfPage":{"@id":"https:\/\/wool-bed.com\/da\/shop\/okologisk-naturlig-uld-og-kashmir\/cashmere-silicon-pillow\/#primaryimage"},"image":{"@id":"https:\/\/wool-bed.com\/da\/shop\/okologisk-naturlig-uld-og-kashmir\/cashmere-silicon-pillow\/#primaryimage"},"thumbnailUrl":"https:\/\/wool-bed.com\/wp-content\/uploads\/kudde-woolbed-collection-2019.jpg","datePublished":"2015-05-07T15:32:51+00:00","dateModified":"2025-03-25T16:02:10+00:00","description":"Our pillow consists of a removable pillow case in Merino lambswool and cashmere. The inner pillow is full of small silicone balls so you can adjust the height to suit your needs.","breadcrumb":{"@id":"https:\/\/wool-bed.com\/da\/shop\/okologisk-naturlig-uld-og-kashmir\/cashmere-silicon-pillow\/#breadcrumb"},"inLanguage":"da-DK","potentialAction":[{"@type":"ReadAction","target":["https:\/\/wool-bed.com\/da\/shop\/okologisk-naturlig-uld-og-kashmir\/cashmere-silicon-pillow\/"]}]},{"@type":"ImageObject","inLanguage":"da-DK","@id":"https:\/\/wool-bed.com\/da\/shop\/okologisk-naturlig-uld-og-kashmir\/cashmere-silicon-pillow\/#primaryimage","url":"https:\/\/wool-bed.com\/wp-content\/uploads\/kudde-woolbed-collection-2019.jpg","contentUrl":"https:\/\/wool-bed.com\/wp-content\/uploads\/kudde-woolbed-collection-2019.jpg","width":800,"height":800},{"@type":"BreadcrumbList","@id":"https:\/\/wool-bed.com\/da\/shop\/okologisk-naturlig-uld-og-kashmir\/cashmere-silicon-pillow\/#breadcrumb","itemListElement":[{"@type":"ListItem","position":1,"name":"Home","item":"https:\/\/wool-bed.com\/da\/"},{"@type":"ListItem","position":2,"name":"Varer","item":"https:\/\/wool-bed.com\/da\/shop\/"},{"@type":"ListItem","position":3,"name":"Kudde"}]},{"@type":"WebSite","@id":"https:\/\/wool-bed.com\/da\/#website","url":"https:\/\/wool-bed.com\/da\/","name":"WoolBed","description":"In Woolbed we labour for your rest. Visit our online shop and discover our memory foam mattresses and Merino and Cashmere wool products with Woolmark quality guarantee.","potentialAction":[{"@type":"SearchAction","target":{"@type":"EntryPoint","urlTemplate":"https:\/\/wool-bed.com\/da\/?s={search_term_string}"},"query-input":{"@type":"PropertyValueSpecification","valueRequired":true,"valueName":"search_term_string"}}],"inLanguage":"da-DK"}]}},"_links":{"self":[{"href":"https:\/\/wool-bed.com\/da\/wp-json\/wp\/v2\/product\/10712","targetHints":{"allow":["GET"]}}],"collection":[{"href":"https:\/\/wool-bed.com\/da\/wp-json\/wp\/v2\/product"}],"about":[{"href":"https:\/\/wool-bed.com\/da\/wp-json\/wp\/v2\/types\/product"}],"replies":[{"embeddable":true,"href":"https:\/\/wool-bed.com\/da\/wp-json\/wp\/v2\/comments?post=10712"}],"wp:featuredmedia":[{"embeddable":true,"href":"https:\/\/wool-bed.com\/da\/wp-json\/wp\/v2\/media\/10720"}],"wp:attachment":[{"href":"https:\/\/wool-bed.com\/da\/wp-json\/wp\/v2\/media?parent=10712"}],"wp:term":[{"taxonomy":"product_brand","embeddable":true,"href":"https:\/\/wool-bed.com\/da\/wp-json\/wp\/v2\/product_brand?post=10712"},{"taxonomy":"product_cat","embeddable":true,"href":"https:\/\/wool-bed.com\/da\/wp-json\/wp\/v2\/product_cat?post=10712"},{"taxonomy":"product_tag","embeddable":true,"href":"https:\/\/wool-bed.com\/da\/wp-json\/wp\/v2\/product_tag?post=10712"}],"curies":[{"name":"wp","href":"https:\/\/api.w.org\/{rel}","templated":true}]}}