{"id":10705,"date":"2015-10-02T12:51:57","date_gmt":"2015-10-02T11:51:57","guid":{"rendered":"https:\/\/wool-bed.com\/shop\/Ikke%20kategoriseret\/topper-memory-foam-top-mattress\/"},"modified":"2025-11-21T16:44:05","modified_gmt":"2025-11-21T16:44:05","slug":"topper-memory-foam-top-mattress","status":"publish","type":"product","link":"https:\/\/wool-bed.com\/da\/shop\/madraser\/topper-memory-foam-top-mattress\/","title":{"rendered":"Toppmadrass 7"},"content":{"rendered":"","protected":false},"excerpt":{"rendered":"<h3><span style=\"color: #a40000;\">En komfortabel topmadras, der st\u00f8tter kroppens trykpunkter<\/span><\/h3>\n<p>Vores Topmadras 7 er designet til at give dig ekstra st\u00f8tte og tilpasse sig din kropsv\u00e6gt.<\/p>\n<p>Takket v\u00e6re dens komfort hj\u00e6lper den med at forhindre smerter i belastede omr\u00e5der s\u00e5som hofter, ryg og skuldre. Topmadras 7 placeres oven p\u00e5 din nuv\u00e6rende madras, forudsat at den er i god stand, og giver dermed komfort og st\u00f8tte fra f\u00f8rste dag.<\/p>\n<p>Topmadras 7 er designet med 5 cm naturgummi og 2 cm visko og har et bl\u00f8dt, aftageligt og vaskbart betr\u00e6k. Undersiden har en lynl\u00e5s for nem vask og h\u00e5ndtering samt et lag med antiglideeffekt for perfekt stabilitet.<\/p>\n<ul>\n<li>Aftageligt og vaskbart bomuldsbetr\u00e6k med praktisk lynl\u00e5s<\/li>\n<li>Antiglideeffekt for stabil placering<\/li>\n<li>Naturgummi og visko for optimal komfort<\/li>\n<li>Velegnet til at l\u00e6gge oven p\u00e5 en eksisterende madras i fremragende stand<\/li>\n<li>Madrasbeskytteren er testet efter \u00d6KO Standard 100<\/li>\n<\/ul>\n<p>Har du brug for en specialm\u00e5l-bestilling, s\u00e5 send os en e-mail p\u00e5 <span style=\"color: #b20838;\"><a style=\"color: #b20838;\" href=\"mailto:sizes@wool-bed.com\"><span style=\"font-size: medium;\">sizes@wool-bed.com<\/span><\/a><\/span><\/p>\n","protected":false},"featured_media":10709,"comment_status":"closed","ping_status":"closed","template":"","meta":[],"product_brand":[],"product_cat":[387],"product_tag":[],"class_list":{"0":"post-10705","1":"product","2":"type-product","3":"status-publish","4":"has-post-thumbnail","6":"product_cat-madraser","8":"first","9":"instock","10":"shipping-taxable","11":"purchasable","12":"product-type-variable"},"bundle_layout":"","bundled_by":["10908","10911","10914","10960","10961","10962"],"bundled_items":[],"yoast_head":"<!-- This site is optimized with the Yoast SEO plugin v27.3 - https:\/\/yoast.com\/product\/yoast-seo-wordpress\/ -->\n<title>MATTRESS TOPPER | WoolBed | SPECIALISTS IN WOOL, EXPERTS IN YOUR SLEEP<\/title>\n<meta name=\"robots\" content=\"index, follow, max-snippet:-1, max-image-preview:large, max-video-preview:-1\" \/>\n<link rel=\"canonical\" href=\"https:\/\/wool-bed.com\/da\/shop\/madraser\/topper-memory-foam-top-mattress\/\" \/>\n<meta property=\"og:locale\" content=\"da_DK\" \/>\n<meta property=\"og:type\" content=\"article\" \/>\n<meta property=\"og:title\" content=\"MATTRESS TOPPER | WoolBed | SPECIALISTS IN WOOL, EXPERTS IN YOUR SLEEP\" \/>\n<meta property=\"og:description\" content=\"En komfortabel topmadras, der st\u00f8tter kroppens trykpunkter Vores Topmadras 7 er designet til at give dig ekstra st\u00f8tte og tilpasse sig din kropsv\u00e6gt.  Takket v\u00e6re dens komfort hj\u00e6lper den med at forhindre smerter i belastede omr\u00e5der s\u00e5som hofter, ryg og skuldre. Topmadras 7 placeres oven p\u00e5 din nuv\u00e6rende madras, forudsat at den er i god stand, og giver dermed komfort og st\u00f8tte fra f\u00f8rste dag.  Topmadras 7 er designet med 5 cm naturgummi og 2 cm visko og har et bl\u00f8dt, aftageligt og vaskbart betr\u00e6k. Undersiden har en lynl\u00e5s for nem vask og h\u00e5ndtering samt et lag med antiglideeffekt for perfekt stabilitet.   Aftageligt og vaskbart bomuldsbetr\u00e6k med praktisk lynl\u00e5s  Antiglideeffekt for stabil placering  Naturgummi og visko for optimal komfort  Velegnet til at l\u00e6gge oven p\u00e5 en eksisterende madras i fremragende stand  Madrasbeskytteren er testet efter \u00d6KO Standard 100  Har du brug for en specialm\u00e5l-bestilling, s\u00e5 send os en e-mail p\u00e5 sizes@wool-bed.com\" \/>\n<meta property=\"og:url\" content=\"https:\/\/wool-bed.com\/da\/shop\/madraser\/topper-memory-foam-top-mattress\/\" \/>\n<meta property=\"og:site_name\" content=\"WoolBed\" \/>\n<meta property=\"article:publisher\" content=\"https:\/\/www.facebook.com\/WoolBed\/\" \/>\n<meta property=\"article:modified_time\" content=\"2025-11-21T16:44:05+00:00\" \/>\n<meta property=\"og:image\" content=\"https:\/\/wool-bed.com\/wp-content\/uploads\/toppmadrass7-woolbed-collection-2019-detail-.jpg\" \/>\n\t<meta property=\"og:image:width\" content=\"800\" \/>\n\t<meta property=\"og:image:height\" content=\"800\" \/>\n\t<meta property=\"og:image:type\" content=\"image\/jpeg\" \/>\n<meta name=\"twitter:card\" content=\"summary_large_image\" \/>\n<script type=\"application\/ld+json\" class=\"yoast-schema-graph\">{\"@context\":\"https:\\\/\\\/schema.org\",\"@graph\":[{\"@type\":\"WebPage\",\"@id\":\"https:\\\/\\\/wool-bed.com\\\/da\\\/shop\\\/madraser\\\/topper-memory-foam-top-mattress\\\/\",\"url\":\"https:\\\/\\\/wool-bed.com\\\/da\\\/shop\\\/madraser\\\/topper-memory-foam-top-mattress\\\/\",\"name\":\"MATTRESS TOPPER | WoolBed | SPECIALISTS IN WOOL, EXPERTS IN YOUR SLEEP\",\"isPartOf\":{\"@id\":\"https:\\\/\\\/wool-bed.com\\\/da\\\/#website\"},\"primaryImageOfPage\":{\"@id\":\"https:\\\/\\\/wool-bed.com\\\/da\\\/shop\\\/madraser\\\/topper-memory-foam-top-mattress\\\/#primaryimage\"},\"image\":{\"@id\":\"https:\\\/\\\/wool-bed.com\\\/da\\\/shop\\\/madraser\\\/topper-memory-foam-top-mattress\\\/#primaryimage\"},\"thumbnailUrl\":\"https:\\\/\\\/wool-bed.com\\\/wp-content\\\/uploads\\\/toppmadrass7-woolbed-collection-2019-detail-.jpg\",\"datePublished\":\"2015-10-02T11:51:57+00:00\",\"dateModified\":\"2025-11-21T16:44:05+00:00\",\"breadcrumb\":{\"@id\":\"https:\\\/\\\/wool-bed.com\\\/da\\\/shop\\\/madraser\\\/topper-memory-foam-top-mattress\\\/#breadcrumb\"},\"inLanguage\":\"da-DK\",\"potentialAction\":[{\"@type\":\"ReadAction\",\"target\":[\"https:\\\/\\\/wool-bed.com\\\/da\\\/shop\\\/madraser\\\/topper-memory-foam-top-mattress\\\/\"]}]},{\"@type\":\"ImageObject\",\"inLanguage\":\"da-DK\",\"@id\":\"https:\\\/\\\/wool-bed.com\\\/da\\\/shop\\\/madraser\\\/topper-memory-foam-top-mattress\\\/#primaryimage\",\"url\":\"https:\\\/\\\/wool-bed.com\\\/wp-content\\\/uploads\\\/toppmadrass7-woolbed-collection-2019-detail-.jpg\",\"contentUrl\":\"https:\\\/\\\/wool-bed.com\\\/wp-content\\\/uploads\\\/toppmadrass7-woolbed-collection-2019-detail-.jpg\",\"width\":800,\"height\":800},{\"@type\":\"BreadcrumbList\",\"@id\":\"https:\\\/\\\/wool-bed.com\\\/da\\\/shop\\\/madraser\\\/topper-memory-foam-top-mattress\\\/#breadcrumb\",\"itemListElement\":[{\"@type\":\"ListItem\",\"position\":1,\"name\":\"Home\",\"item\":\"https:\\\/\\\/wool-bed.com\\\/da\\\/\"},{\"@type\":\"ListItem\",\"position\":2,\"name\":\"Varer\",\"item\":\"https:\\\/\\\/wool-bed.com\\\/da\\\/shop\\\/\"},{\"@type\":\"ListItem\",\"position\":3,\"name\":\"Toppmadrass 7\"}]},{\"@type\":\"WebSite\",\"@id\":\"https:\\\/\\\/wool-bed.com\\\/da\\\/#website\",\"url\":\"https:\\\/\\\/wool-bed.com\\\/da\\\/\",\"name\":\"WoolBed\",\"description\":\"In Woolbed we labour for your rest. Visit our online shop and discover our memory foam mattresses and Merino and Cashmere wool products with Woolmark quality guarantee.\",\"potentialAction\":[{\"@type\":\"SearchAction\",\"target\":{\"@type\":\"EntryPoint\",\"urlTemplate\":\"https:\\\/\\\/wool-bed.com\\\/da\\\/?s={search_term_string}\"},\"query-input\":{\"@type\":\"PropertyValueSpecification\",\"valueRequired\":true,\"valueName\":\"search_term_string\"}}],\"inLanguage\":\"da-DK\"}]}<\/script>\n<!-- \/ Yoast SEO plugin. -->","yoast_head_json":{"title":"MATTRESS TOPPER | WoolBed | SPECIALISTS IN WOOL, EXPERTS IN YOUR SLEEP","robots":{"index":"index","follow":"follow","max-snippet":"max-snippet:-1","max-image-preview":"max-image-preview:large","max-video-preview":"max-video-preview:-1"},"canonical":"https:\/\/wool-bed.com\/da\/shop\/madraser\/topper-memory-foam-top-mattress\/","og_locale":"da_DK","og_type":"article","og_title":"MATTRESS TOPPER | WoolBed | SPECIALISTS IN WOOL, EXPERTS IN YOUR SLEEP","og_description":"En komfortabel topmadras, der st\u00f8tter kroppens trykpunkter Vores Topmadras 7 er designet til at give dig ekstra st\u00f8tte og tilpasse sig din kropsv\u00e6gt.  Takket v\u00e6re dens komfort hj\u00e6lper den med at forhindre smerter i belastede omr\u00e5der s\u00e5som hofter, ryg og skuldre. Topmadras 7 placeres oven p\u00e5 din nuv\u00e6rende madras, forudsat at den er i god stand, og giver dermed komfort og st\u00f8tte fra f\u00f8rste dag.  Topmadras 7 er designet med 5 cm naturgummi og 2 cm visko og har et bl\u00f8dt, aftageligt og vaskbart betr\u00e6k. Undersiden har en lynl\u00e5s for nem vask og h\u00e5ndtering samt et lag med antiglideeffekt for perfekt stabilitet.   Aftageligt og vaskbart bomuldsbetr\u00e6k med praktisk lynl\u00e5s  Antiglideeffekt for stabil placering  Naturgummi og visko for optimal komfort  Velegnet til at l\u00e6gge oven p\u00e5 en eksisterende madras i fremragende stand  Madrasbeskytteren er testet efter \u00d6KO Standard 100  Har du brug for en specialm\u00e5l-bestilling, s\u00e5 send os en e-mail p\u00e5 sizes@wool-bed.com","og_url":"https:\/\/wool-bed.com\/da\/shop\/madraser\/topper-memory-foam-top-mattress\/","og_site_name":"WoolBed","article_publisher":"https:\/\/www.facebook.com\/WoolBed\/","article_modified_time":"2025-11-21T16:44:05+00:00","og_image":[{"width":800,"height":800,"url":"https:\/\/wool-bed.com\/wp-content\/uploads\/toppmadrass7-woolbed-collection-2019-detail-.jpg","type":"image\/jpeg"}],"twitter_card":"summary_large_image","schema":{"@context":"https:\/\/schema.org","@graph":[{"@type":"WebPage","@id":"https:\/\/wool-bed.com\/da\/shop\/madraser\/topper-memory-foam-top-mattress\/","url":"https:\/\/wool-bed.com\/da\/shop\/madraser\/topper-memory-foam-top-mattress\/","name":"MATTRESS TOPPER | WoolBed | SPECIALISTS IN WOOL, EXPERTS IN YOUR SLEEP","isPartOf":{"@id":"https:\/\/wool-bed.com\/da\/#website"},"primaryImageOfPage":{"@id":"https:\/\/wool-bed.com\/da\/shop\/madraser\/topper-memory-foam-top-mattress\/#primaryimage"},"image":{"@id":"https:\/\/wool-bed.com\/da\/shop\/madraser\/topper-memory-foam-top-mattress\/#primaryimage"},"thumbnailUrl":"https:\/\/wool-bed.com\/wp-content\/uploads\/toppmadrass7-woolbed-collection-2019-detail-.jpg","datePublished":"2015-10-02T11:51:57+00:00","dateModified":"2025-11-21T16:44:05+00:00","breadcrumb":{"@id":"https:\/\/wool-bed.com\/da\/shop\/madraser\/topper-memory-foam-top-mattress\/#breadcrumb"},"inLanguage":"da-DK","potentialAction":[{"@type":"ReadAction","target":["https:\/\/wool-bed.com\/da\/shop\/madraser\/topper-memory-foam-top-mattress\/"]}]},{"@type":"ImageObject","inLanguage":"da-DK","@id":"https:\/\/wool-bed.com\/da\/shop\/madraser\/topper-memory-foam-top-mattress\/#primaryimage","url":"https:\/\/wool-bed.com\/wp-content\/uploads\/toppmadrass7-woolbed-collection-2019-detail-.jpg","contentUrl":"https:\/\/wool-bed.com\/wp-content\/uploads\/toppmadrass7-woolbed-collection-2019-detail-.jpg","width":800,"height":800},{"@type":"BreadcrumbList","@id":"https:\/\/wool-bed.com\/da\/shop\/madraser\/topper-memory-foam-top-mattress\/#breadcrumb","itemListElement":[{"@type":"ListItem","position":1,"name":"Home","item":"https:\/\/wool-bed.com\/da\/"},{"@type":"ListItem","position":2,"name":"Varer","item":"https:\/\/wool-bed.com\/da\/shop\/"},{"@type":"ListItem","position":3,"name":"Toppmadrass 7"}]},{"@type":"WebSite","@id":"https:\/\/wool-bed.com\/da\/#website","url":"https:\/\/wool-bed.com\/da\/","name":"WoolBed","description":"In Woolbed we labour for your rest. Visit our online shop and discover our memory foam mattresses and Merino and Cashmere wool products with Woolmark quality guarantee.","potentialAction":[{"@type":"SearchAction","target":{"@type":"EntryPoint","urlTemplate":"https:\/\/wool-bed.com\/da\/?s={search_term_string}"},"query-input":{"@type":"PropertyValueSpecification","valueRequired":true,"valueName":"search_term_string"}}],"inLanguage":"da-DK"}]}},"_links":{"self":[{"href":"https:\/\/wool-bed.com\/da\/wp-json\/wp\/v2\/product\/10705","targetHints":{"allow":["GET"]}}],"collection":[{"href":"https:\/\/wool-bed.com\/da\/wp-json\/wp\/v2\/product"}],"about":[{"href":"https:\/\/wool-bed.com\/da\/wp-json\/wp\/v2\/types\/product"}],"replies":[{"embeddable":true,"href":"https:\/\/wool-bed.com\/da\/wp-json\/wp\/v2\/comments?post=10705"}],"wp:featuredmedia":[{"embeddable":true,"href":"https:\/\/wool-bed.com\/da\/wp-json\/wp\/v2\/media\/10709"}],"wp:attachment":[{"href":"https:\/\/wool-bed.com\/da\/wp-json\/wp\/v2\/media?parent=10705"}],"wp:term":[{"taxonomy":"product_brand","embeddable":true,"href":"https:\/\/wool-bed.com\/da\/wp-json\/wp\/v2\/product_brand?post=10705"},{"taxonomy":"product_cat","embeddable":true,"href":"https:\/\/wool-bed.com\/da\/wp-json\/wp\/v2\/product_cat?post=10705"},{"taxonomy":"product_tag","embeddable":true,"href":"https:\/\/wool-bed.com\/da\/wp-json\/wp\/v2\/product_tag?post=10705"}],"curies":[{"name":"wp","href":"https:\/\/api.w.org\/{rel}","templated":true}]}}