{"id":10698,"date":"2015-10-02T13:02:55","date_gmt":"2015-10-02T12:02:55","guid":{"rendered":"https:\/\/wool-bed.com\/shop\/Ikke%20kategoriseret\/orthopedic-natural-rubber-mattress-sensation-21\/"},"modified":"2025-11-21T16:32:17","modified_gmt":"2025-11-21T16:32:17","slug":"orthopedic-natural-rubber-mattress-sensation-21","status":"publish","type":"product","link":"https:\/\/wool-bed.com\/da\/shop\/madraser\/orthopedic-natural-rubber-mattress-sensation-21\/","title":{"rendered":"Madrass Sensation 21"},"content":{"rendered":"","protected":false},"excerpt":{"rendered":"<h3 style=\"text-align: left;\" align=\"CENTER\"><span style=\"color: #a40000;\">Vores adaptive madras, der tilpasser sig din kropsv\u00e6gt<\/span><\/h3>\n<p>Hos Woolbed har vi lanceret den optimale madras efter at have foretaget en r\u00e6kke forbedringer af vores popul\u00e6re \u201cOriginal Madrass\u201d. Vi byder velkommen til vores \u201c<strong>Madrass Sensation 21<\/strong>\u201d. Denne madras, med en tykkelse p\u00e5 21 cm, giver kroppen maksimal komfort og st\u00f8tte, som vi har brug for for at f\u00e5 bedre s\u00f8vn og hvile. Madrassen er udviklet p\u00e5 en m\u00e5de, der giver en mikromassage, som aktiverer blodcirkulationen og modvirker, at du ligger og vender og drejer dig i l\u00f8bet af natten, samtidig med at den tilpasser sig din egen kropsv\u00e6gt. Vores madras er ergonomisk og ortop\u00e6disk og er udelukkende fremstillet af naturmaterialer.<br \/>\nMadrass Sensation 21 har et aftageligt og vaskbart bomuldsbetr\u00e6k med en praktisk lynl\u00e5s p\u00e5 undersiden og antiglide-effekt for at sikre, at madrassen ligger stabilt.<\/p>\n<ul>\n<li>Aftageligt og vaskbart bomuldsbetr\u00e6k med praktisk lynl\u00e5s<\/li>\n<li>Antiglide-effekt for stabil placering<\/li>\n<li>Ergonomisk og ortop\u00e6disk madras, der former sig efter din kropsv\u00e6gt<\/li>\n<li>En tykkelse p\u00e5 hele 21 cm for maksimal komfort<\/li>\n<li>Madrassens beskyttelsesbetr\u00e6k er testet efter \u00d6KO Standard 100<\/li>\n<\/ul>\n<p>Hvis du har brug for en specialbestilt st\u00f8rrelse, s\u00e5 send os en e-mail p\u00e5 <span style=\"color: #b20838;\"><a style=\"color: #b20838;\" href=\"mailto:sizes@wool-bed.com\"><span style=\"font-size: medium;\">sizes@wool-bed.com<\/span><\/a><\/span><\/p>\n","protected":false},"featured_media":10702,"comment_status":"closed","ping_status":"closed","template":"","meta":[],"product_brand":[],"product_cat":[387],"product_tag":[],"class_list":{"0":"post-10698","1":"product","2":"type-product","3":"status-publish","4":"has-post-thumbnail","6":"product_cat-madraser","8":"first","9":"instock","10":"shipping-taxable","11":"purchasable","12":"product-type-variable"},"bundle_layout":"","bundled_by":["10924","10966"],"bundled_items":[],"yoast_head":"<!-- This site is optimized with the Yoast SEO plugin v27.3 - https:\/\/yoast.com\/product\/yoast-seo-wordpress\/ -->\n<title>BED MATTRESS SENSATION 21 | WoolBed | EXPERTS IN YOUR SLEEP<\/title>\n<meta name=\"robots\" content=\"index, follow, max-snippet:-1, max-image-preview:large, max-video-preview:-1\" \/>\n<link rel=\"canonical\" href=\"https:\/\/wool-bed.com\/da\/shop\/madraser\/orthopedic-natural-rubber-mattress-sensation-21\/\" \/>\n<meta property=\"og:locale\" content=\"da_DK\" \/>\n<meta property=\"og:type\" content=\"article\" \/>\n<meta property=\"og:title\" content=\"BED MATTRESS SENSATION 21 | WoolBed | EXPERTS IN YOUR SLEEP\" \/>\n<meta property=\"og:description\" content=\"Vores adaptive madras, der tilpasser sig din kropsv\u00e6gt Hos Woolbed har vi lanceret den optimale madras efter at have foretaget en r\u00e6kke forbedringer af vores popul\u00e6re \u201cOriginal Madrass\u201d. Vi byder velkommen til vores \u201cMadrass Sensation 21\u201d. Denne madras, med en tykkelse p\u00e5 21 cm, giver kroppen maksimal komfort og st\u00f8tte, som vi har brug for for at f\u00e5 bedre s\u00f8vn og hvile. Madrassen er udviklet p\u00e5 en m\u00e5de, der giver en mikromassage, som aktiverer blodcirkulationen og modvirker, at du ligger og vender og drejer dig i l\u00f8bet af natten, samtidig med at den tilpasser sig din egen kropsv\u00e6gt. Vores madras er ergonomisk og ortop\u00e6disk og er udelukkende fremstillet af naturmaterialer. Madrass Sensation 21 har et aftageligt og vaskbart bomuldsbetr\u00e6k med en praktisk lynl\u00e5s p\u00e5 undersiden og antiglide-effekt for at sikre, at madrassen ligger stabilt.   Aftageligt og vaskbart bomuldsbetr\u00e6k med praktisk lynl\u00e5s  Antiglide-effekt for stabil placering  Ergonomisk og ortop\u00e6disk madras, der former sig efter din kropsv\u00e6gt  En tykkelse p\u00e5 hele 21 cm for maksimal komfort  Madrassens beskyttelsesbetr\u00e6k er testet efter \u00d6KO Standard 100  Hvis du har brug for en specialbestilt st\u00f8rrelse, s\u00e5 send os en e-mail p\u00e5 sizes@wool-bed.com\" \/>\n<meta property=\"og:url\" content=\"https:\/\/wool-bed.com\/da\/shop\/madraser\/orthopedic-natural-rubber-mattress-sensation-21\/\" \/>\n<meta property=\"og:site_name\" content=\"WoolBed\" \/>\n<meta property=\"article:publisher\" content=\"https:\/\/www.facebook.com\/WoolBed\/\" \/>\n<meta property=\"article:modified_time\" content=\"2025-11-21T16:32:17+00:00\" \/>\n<meta property=\"og:image\" content=\"https:\/\/wool-bed.com\/wp-content\/uploads\/Madrass_Sensation21.jpg\" \/>\n\t<meta property=\"og:image:width\" content=\"800\" \/>\n\t<meta property=\"og:image:height\" content=\"800\" \/>\n\t<meta property=\"og:image:type\" content=\"image\/jpeg\" \/>\n<meta name=\"twitter:card\" content=\"summary_large_image\" \/>\n<script type=\"application\/ld+json\" class=\"yoast-schema-graph\">{\"@context\":\"https:\\\/\\\/schema.org\",\"@graph\":[{\"@type\":\"WebPage\",\"@id\":\"https:\\\/\\\/wool-bed.com\\\/da\\\/shop\\\/madraser\\\/orthopedic-natural-rubber-mattress-sensation-21\\\/\",\"url\":\"https:\\\/\\\/wool-bed.com\\\/da\\\/shop\\\/madraser\\\/orthopedic-natural-rubber-mattress-sensation-21\\\/\",\"name\":\"BED MATTRESS SENSATION 21 | WoolBed | EXPERTS IN YOUR SLEEP\",\"isPartOf\":{\"@id\":\"https:\\\/\\\/wool-bed.com\\\/da\\\/#website\"},\"primaryImageOfPage\":{\"@id\":\"https:\\\/\\\/wool-bed.com\\\/da\\\/shop\\\/madraser\\\/orthopedic-natural-rubber-mattress-sensation-21\\\/#primaryimage\"},\"image\":{\"@id\":\"https:\\\/\\\/wool-bed.com\\\/da\\\/shop\\\/madraser\\\/orthopedic-natural-rubber-mattress-sensation-21\\\/#primaryimage\"},\"thumbnailUrl\":\"https:\\\/\\\/wool-bed.com\\\/wp-content\\\/uploads\\\/Madrass_Sensation21.jpg\",\"datePublished\":\"2015-10-02T12:02:55+00:00\",\"dateModified\":\"2025-11-21T16:32:17+00:00\",\"breadcrumb\":{\"@id\":\"https:\\\/\\\/wool-bed.com\\\/da\\\/shop\\\/madraser\\\/orthopedic-natural-rubber-mattress-sensation-21\\\/#breadcrumb\"},\"inLanguage\":\"da-DK\",\"potentialAction\":[{\"@type\":\"ReadAction\",\"target\":[\"https:\\\/\\\/wool-bed.com\\\/da\\\/shop\\\/madraser\\\/orthopedic-natural-rubber-mattress-sensation-21\\\/\"]}]},{\"@type\":\"ImageObject\",\"inLanguage\":\"da-DK\",\"@id\":\"https:\\\/\\\/wool-bed.com\\\/da\\\/shop\\\/madraser\\\/orthopedic-natural-rubber-mattress-sensation-21\\\/#primaryimage\",\"url\":\"https:\\\/\\\/wool-bed.com\\\/wp-content\\\/uploads\\\/Madrass_Sensation21.jpg\",\"contentUrl\":\"https:\\\/\\\/wool-bed.com\\\/wp-content\\\/uploads\\\/Madrass_Sensation21.jpg\",\"width\":800,\"height\":800},{\"@type\":\"BreadcrumbList\",\"@id\":\"https:\\\/\\\/wool-bed.com\\\/da\\\/shop\\\/madraser\\\/orthopedic-natural-rubber-mattress-sensation-21\\\/#breadcrumb\",\"itemListElement\":[{\"@type\":\"ListItem\",\"position\":1,\"name\":\"Home\",\"item\":\"https:\\\/\\\/wool-bed.com\\\/da\\\/\"},{\"@type\":\"ListItem\",\"position\":2,\"name\":\"Varer\",\"item\":\"https:\\\/\\\/wool-bed.com\\\/da\\\/shop\\\/\"},{\"@type\":\"ListItem\",\"position\":3,\"name\":\"Madrass Sensation 21\"}]},{\"@type\":\"WebSite\",\"@id\":\"https:\\\/\\\/wool-bed.com\\\/da\\\/#website\",\"url\":\"https:\\\/\\\/wool-bed.com\\\/da\\\/\",\"name\":\"WoolBed\",\"description\":\"In Woolbed we labour for your rest. Visit our online shop and discover our memory foam mattresses and Merino and Cashmere wool products with Woolmark quality guarantee.\",\"potentialAction\":[{\"@type\":\"SearchAction\",\"target\":{\"@type\":\"EntryPoint\",\"urlTemplate\":\"https:\\\/\\\/wool-bed.com\\\/da\\\/?s={search_term_string}\"},\"query-input\":{\"@type\":\"PropertyValueSpecification\",\"valueRequired\":true,\"valueName\":\"search_term_string\"}}],\"inLanguage\":\"da-DK\"}]}<\/script>\n<!-- \/ Yoast SEO plugin. -->","yoast_head_json":{"title":"BED MATTRESS SENSATION 21 | WoolBed | EXPERTS IN YOUR SLEEP","robots":{"index":"index","follow":"follow","max-snippet":"max-snippet:-1","max-image-preview":"max-image-preview:large","max-video-preview":"max-video-preview:-1"},"canonical":"https:\/\/wool-bed.com\/da\/shop\/madraser\/orthopedic-natural-rubber-mattress-sensation-21\/","og_locale":"da_DK","og_type":"article","og_title":"BED MATTRESS SENSATION 21 | WoolBed | EXPERTS IN YOUR SLEEP","og_description":"Vores adaptive madras, der tilpasser sig din kropsv\u00e6gt Hos Woolbed har vi lanceret den optimale madras efter at have foretaget en r\u00e6kke forbedringer af vores popul\u00e6re \u201cOriginal Madrass\u201d. Vi byder velkommen til vores \u201cMadrass Sensation 21\u201d. Denne madras, med en tykkelse p\u00e5 21 cm, giver kroppen maksimal komfort og st\u00f8tte, som vi har brug for for at f\u00e5 bedre s\u00f8vn og hvile. Madrassen er udviklet p\u00e5 en m\u00e5de, der giver en mikromassage, som aktiverer blodcirkulationen og modvirker, at du ligger og vender og drejer dig i l\u00f8bet af natten, samtidig med at den tilpasser sig din egen kropsv\u00e6gt. Vores madras er ergonomisk og ortop\u00e6disk og er udelukkende fremstillet af naturmaterialer. Madrass Sensation 21 har et aftageligt og vaskbart bomuldsbetr\u00e6k med en praktisk lynl\u00e5s p\u00e5 undersiden og antiglide-effekt for at sikre, at madrassen ligger stabilt.   Aftageligt og vaskbart bomuldsbetr\u00e6k med praktisk lynl\u00e5s  Antiglide-effekt for stabil placering  Ergonomisk og ortop\u00e6disk madras, der former sig efter din kropsv\u00e6gt  En tykkelse p\u00e5 hele 21 cm for maksimal komfort  Madrassens beskyttelsesbetr\u00e6k er testet efter \u00d6KO Standard 100  Hvis du har brug for en specialbestilt st\u00f8rrelse, s\u00e5 send os en e-mail p\u00e5 sizes@wool-bed.com","og_url":"https:\/\/wool-bed.com\/da\/shop\/madraser\/orthopedic-natural-rubber-mattress-sensation-21\/","og_site_name":"WoolBed","article_publisher":"https:\/\/www.facebook.com\/WoolBed\/","article_modified_time":"2025-11-21T16:32:17+00:00","og_image":[{"width":800,"height":800,"url":"https:\/\/wool-bed.com\/wp-content\/uploads\/Madrass_Sensation21.jpg","type":"image\/jpeg"}],"twitter_card":"summary_large_image","schema":{"@context":"https:\/\/schema.org","@graph":[{"@type":"WebPage","@id":"https:\/\/wool-bed.com\/da\/shop\/madraser\/orthopedic-natural-rubber-mattress-sensation-21\/","url":"https:\/\/wool-bed.com\/da\/shop\/madraser\/orthopedic-natural-rubber-mattress-sensation-21\/","name":"BED MATTRESS SENSATION 21 | WoolBed | EXPERTS IN YOUR SLEEP","isPartOf":{"@id":"https:\/\/wool-bed.com\/da\/#website"},"primaryImageOfPage":{"@id":"https:\/\/wool-bed.com\/da\/shop\/madraser\/orthopedic-natural-rubber-mattress-sensation-21\/#primaryimage"},"image":{"@id":"https:\/\/wool-bed.com\/da\/shop\/madraser\/orthopedic-natural-rubber-mattress-sensation-21\/#primaryimage"},"thumbnailUrl":"https:\/\/wool-bed.com\/wp-content\/uploads\/Madrass_Sensation21.jpg","datePublished":"2015-10-02T12:02:55+00:00","dateModified":"2025-11-21T16:32:17+00:00","breadcrumb":{"@id":"https:\/\/wool-bed.com\/da\/shop\/madraser\/orthopedic-natural-rubber-mattress-sensation-21\/#breadcrumb"},"inLanguage":"da-DK","potentialAction":[{"@type":"ReadAction","target":["https:\/\/wool-bed.com\/da\/shop\/madraser\/orthopedic-natural-rubber-mattress-sensation-21\/"]}]},{"@type":"ImageObject","inLanguage":"da-DK","@id":"https:\/\/wool-bed.com\/da\/shop\/madraser\/orthopedic-natural-rubber-mattress-sensation-21\/#primaryimage","url":"https:\/\/wool-bed.com\/wp-content\/uploads\/Madrass_Sensation21.jpg","contentUrl":"https:\/\/wool-bed.com\/wp-content\/uploads\/Madrass_Sensation21.jpg","width":800,"height":800},{"@type":"BreadcrumbList","@id":"https:\/\/wool-bed.com\/da\/shop\/madraser\/orthopedic-natural-rubber-mattress-sensation-21\/#breadcrumb","itemListElement":[{"@type":"ListItem","position":1,"name":"Home","item":"https:\/\/wool-bed.com\/da\/"},{"@type":"ListItem","position":2,"name":"Varer","item":"https:\/\/wool-bed.com\/da\/shop\/"},{"@type":"ListItem","position":3,"name":"Madrass Sensation 21"}]},{"@type":"WebSite","@id":"https:\/\/wool-bed.com\/da\/#website","url":"https:\/\/wool-bed.com\/da\/","name":"WoolBed","description":"In Woolbed we labour for your rest. Visit our online shop and discover our memory foam mattresses and Merino and Cashmere wool products with Woolmark quality guarantee.","potentialAction":[{"@type":"SearchAction","target":{"@type":"EntryPoint","urlTemplate":"https:\/\/wool-bed.com\/da\/?s={search_term_string}"},"query-input":{"@type":"PropertyValueSpecification","valueRequired":true,"valueName":"search_term_string"}}],"inLanguage":"da-DK"}]}},"_links":{"self":[{"href":"https:\/\/wool-bed.com\/da\/wp-json\/wp\/v2\/product\/10698","targetHints":{"allow":["GET"]}}],"collection":[{"href":"https:\/\/wool-bed.com\/da\/wp-json\/wp\/v2\/product"}],"about":[{"href":"https:\/\/wool-bed.com\/da\/wp-json\/wp\/v2\/types\/product"}],"replies":[{"embeddable":true,"href":"https:\/\/wool-bed.com\/da\/wp-json\/wp\/v2\/comments?post=10698"}],"wp:featuredmedia":[{"embeddable":true,"href":"https:\/\/wool-bed.com\/da\/wp-json\/wp\/v2\/media\/10702"}],"wp:attachment":[{"href":"https:\/\/wool-bed.com\/da\/wp-json\/wp\/v2\/media?parent=10698"}],"wp:term":[{"taxonomy":"product_brand","embeddable":true,"href":"https:\/\/wool-bed.com\/da\/wp-json\/wp\/v2\/product_brand?post=10698"},{"taxonomy":"product_cat","embeddable":true,"href":"https:\/\/wool-bed.com\/da\/wp-json\/wp\/v2\/product_cat?post=10698"},{"taxonomy":"product_tag","embeddable":true,"href":"https:\/\/wool-bed.com\/da\/wp-json\/wp\/v2\/product_tag?post=10698"}],"curies":[{"name":"wp","href":"https:\/\/api.w.org\/{rel}","templated":true}]}}