{"id":11239,"date":"2025-10-21T13:08:08","date_gmt":"2025-10-21T12:08:08","guid":{"rendered":"https:\/\/wool-bed.com\/vilka-ar-vi\/"},"modified":"2025-11-21T15:15:14","modified_gmt":"2025-11-21T15:15:14","slug":"hvem-er-vi","status":"publish","type":"page","link":"https:\/\/wool-bed.com\/da\/hvem-er-vi\/","title":{"rendered":"Hvem er vi?"},"content":{"rendered":"<div class=\"wpb-content-wrapper\"><p>[vc_row row_type=&#8221;parallax&#8221; content_aligment=&#8221;center&#8221; full_screen_section_height=&#8221;yes&#8221; vertically_align_content_in_middle=&#8221;yes&#8221; parallax_background_image=&#8221;8687&#8243; parallax_speed=&#8221;0&#8243; css=&#8221;.vc_custom_1572358540070{margin-top: -80px !important;}&#8221;][vc_column][vc_empty_space][vc_row_inner content_aligment=&#8221;center&#8221; css=&#8221;.vc_custom_1572437539278{border-top-width: 2px !important;border-bottom-width: 2px !important;padding-right: 10% !important;padding-left: 10% !important;background-color: rgba(255,255,255,0.55) !important;*background-color: rgb(255,255,255) !important;border-top-color: #ffffff !important;border-top-style: solid !important;border-bottom-color: #ffffff !important;border-bottom-style: solid !important;}&#8221;][vc_column_inner][vc_empty_space height=&#8221;30px&#8221;][vc_column_text css=&#8221;&#8221;]<\/p>\n<h1 style=\"text-align: center; color: #b20838;\">VI ER WOOLBED<\/h1>\n<p style=\"text-align: center;\">Woolbed blev grundlagt i 1995, da virksomheden etablerede sig p\u00e5 De Kanariske \u00d8er i Spanien. Gennem \u00e5rene har vi udvidet til flere destinationer som Palma de Mallorca i Spanien, Madeira i Portugal og ogs\u00e5 til USA.<\/p>\n<p>[\/vc_column_text][vc_empty_space height=&#8221;30px&#8221;][vc_column_text css=&#8221;&#8221;]<\/p>\n<h2 style=\"text-align: center; color: #b20838;\">KONKURRENCEDYGTIGE PRISER<\/h2>\n<p style=\"text-align: center;\">Vi arbejder prim\u00e6rt med nordisk turisme. Vores kunder kommer fra lande som Sverige, Norge, Danmark og Finland. Vi giver vores kunder mulighed for at opleve hele vores kollektion og naturligvis afpr\u00f8ve vores produkter \u2013 alt sammen sammen med vores s\u00f8vneksperter. Vi arbejder udelukkende med den bedst mulige kvalitet og kan tilbyde markant lavere priser end i Norden.<\/p>\n<p>[\/vc_column_text][vc_empty_space height=&#8221;30px&#8221;][vc_column_text css=&#8221;&#8221;]<\/p>\n<h2 style=\"text-align: center; color: #b20838;\">GARANTI &amp; TRYGHED<\/h2>\n<p style=\"text-align: center;\">Alle vores produkter fremstilles i Tyskland, hvor mange af dem er h\u00e5ndlavede. Produkterne er certificeret med Woolmark-garantisymbolet. Vi gennemf\u00f8rer l\u00f8bende kvalitetskontroller for at kunne tilbyde vores produkter i h\u00f8jeste kvalitet.<\/p>\n<p>[\/vc_column_text][vc_empty_space height=&#8221;30px&#8221;][vc_column_text css=&#8221;&#8221;]<\/p>\n<h2 style=\"text-align: center; color: #b20838;\">KONTAKT OS<\/h2>\n<p style=\"text-align: center;\">T\u00f8v ikke med at kontakte os ved at klikke p\u00e5 <a href=\"https:\/\/wool-bed.com\/kontakt\/\">Kontakt<\/a>, hvis I har sp\u00f8rgsm\u00e5l eller \u00f8nsker en uddybning fra vores eksperter, som meget gerne besvarer jeres henvendelser.<\/p>\n<p>[\/vc_column_text][vc_empty_space height=&#8221;30px&#8221;][vc_column_text css=&#8221;&#8221;]<\/p>\n<h2 style=\"text-align: center; color: #b20838;\">VORES S\u00d8VNEKSPERTER<\/h2>\n<p style=\"text-align: center;\">Nedenfor finder I vores s\u00f8vneksperter, som har mange \u00e5rs erfaring med vores produkter. Hvis I allerede er en del af vores kundebase og \u00f8nsker personlig service fra netop jeres ekspert, klik p\u00e5 billedet nedenfor, s\u00e5 kontakter vi jer snarest.<\/p>\n<p>[\/vc_column_text][vc_empty_space height=&#8221;50px&#8221;][vc_empty_space height=&#8221;50px&#8221;][\/vc_column_inner][\/vc_row_inner][\/vc_column][\/vc_row][vc_row content_width=&#8221;grid&#8221;][vc_column][vc_empty_space height=&#8221;50px&#8221;][vc_empty_space height=&#8221;50px&#8221;][vc_column_text css=&#8221;&#8221;]<\/p>\n<h1 style=\"text-align: center; color: #b20838;\">WOOLBEDS S\u00d8VNEKSPERTER<\/h1>\n<p>[\/vc_column_text][vc_empty_space height=&#8221;20px&#8221;][vc_column_text css=&#8221;&#8221;]<\/p>\n<h3 style=\"text-align: center; color: #b20838;\">Hos Woolbed v\u00e6rner vi om vores kunder og l\u00e6gger stor v\u00e6gt p\u00e5, at I f\u00e5r svar p\u00e5 jeres sp\u00f8rgsm\u00e5l \u2013 takket v\u00e6re vores omfattende ekspertise.<\/h3>\n<p>[\/vc_column_text][vc_column_text css=&#8221;&#8221;]<\/p>\n<p style=\"text-align: center;\">Hvis I allerede er kunder hos os og \u00f8nsker kontakt til jeres s\u00f8vnekspert, klik p\u00e5 e-mailen nedenfor til den \u00f8nskede ekspert for at komme i kontakt med os.<\/p>\n<p>[\/vc_column_text][vc_empty_space height=&#8221;50px&#8221;][vc_row_inner content_width=&#8221;grid&#8221;][vc_column_inner width=&#8221;1\/3&#8243; css=&#8221;.vc_custom_1761666089723{padding-right: 25px !important;padding-left: 25px !important;}&#8221;][vc_single_image image=&#8221;11106&#8243; img_size=&#8221;full&#8221; alignment=&#8221;center&#8221; style=&#8221;vc_box_shadow_circle&#8221; css=&#8221;&#8221;][vc_empty_space height=&#8221;20px&#8221;][vc_column_text css=&#8221;&#8221;]<\/p>\n<h1 style=\"text-align: center; color: #b20838;\">Ylva Sj\u00f6din<\/h1>\n<p>[\/vc_column_text][vc_column_text css=&#8221;&#8221;]<\/p>\n<p style=\"text-align: center;\"><span style=\"color: #003366;\"><a style=\"color: #003366;\" href=\"mailto:ylva@wool-bed.com\">ylva@wool-bed.com<\/a><\/span><\/p>\n<p>[\/vc_column_text][vc_column_text css=&#8221;&#8221;]Jeg hedder Ylva, jeg kommer fra Stockholm og har boet og arbejdet p\u00e5 Gran Canaria i 28 \u00e5r \u2013 med vores fantastiske uldprodukter, som er blevet en naturlig del af mit liv og min hverdag. Sundhed og god s\u00f8vn har altid v\u00e6ret vigtigt for mig, og det er ogs\u00e5 min st\u00f8rste drivkraft \u2013 at hj\u00e6lpe mennesker med at sove bedre og dermed f\u00e5 det bedre. Hver dag m\u00f8der jeg kunder, der fort\u00e6ller, hvordan ulden har forbedret deres s\u00f8vn og livskvalitet \u2013 og det g\u00f8r mig lige glad hver gang. Mine b\u00f8rn er vokset op med uldsenget\u00f8j og ville aldrig v\u00e6lge noget andet. Det betyder meget for mig, at ulden ogs\u00e5 er blevet en naturlig del af deres liv. Jeg \u00f8nsker virkelig, at flere f\u00e5r mulighed for at opleve den samme fantastiske s\u00f8vnkvalitet, som jeg, min familie og mange af vores venner allerede g\u00f8r. I min fritid holder jeg balancen med tr\u00e6ning, dans og tid med familie og venner \u2013 det giver mig energi b\u00e5de mentalt og fysisk. At sove i uld er ikke kun behageligt \u2013 det er en gave til b\u00e5de kroppen og velv\u00e6ret. Jeg har selv oplevet forskellen, og det er derfor, jeg \u00f8nsker at dele det med dig. Hos os finder du naturlige produkter udvalgt med omhu, baseret p\u00e5 mange \u00e5rs erfaring og en passion for god s\u00f8vn. Jeg er her for at hj\u00e6lpe dig med at finde det, der passer bedst til dig \u2013 s\u00e5 du ogs\u00e5 kan v\u00e5gne veludhvilet og have det godt, hver dag, \u00e5ret rundt.[\/vc_column_text][vc_empty_space height=&#8221;50px&#8221;][\/vc_column_inner][vc_column_inner width=&#8221;1\/3&#8243; css=&#8221;.vc_custom_1761666241174{padding-right: 25px !important;padding-left: 25px !important;}&#8221;][vc_single_image image=&#8221;11111&#8243; img_size=&#8221;full&#8221; alignment=&#8221;center&#8221; style=&#8221;vc_box_shadow_circle&#8221; css=&#8221;&#8221;][vc_empty_space height=&#8221;20px&#8221;][vc_column_text css=&#8221;&#8221;]<\/p>\n<h1 style=\"text-align: center; color: #b20838;\">Siw Martinsen<\/h1>\n<p>[\/vc_column_text][vc_column_text css=&#8221;&#8221;]<\/p>\n<p style=\"text-align: center;\"><span style=\"color: #003366;\"><a style=\"color: #003366;\" href=\"mailto:siw@wool-bed.com\">siw@wool-bed.com<\/a><\/span><\/p>\n<p>[\/vc_column_text][vc_column_text css=&#8221;&#8221;]<\/p>\n<p align=\"JUSTIFY\">Jeg hedder Siw og kommer fra smukke Holmestrand i Vestfold. Jeg har arbejdet med uld n\u00e6sten hele mit liv.<\/p>\n<p align=\"JUSTIFY\">For mig har uld aldrig blot v\u00e6ret et materiale \u2013 det har v\u00e6ret en livsstil og en l\u00f8sning p\u00e5 b\u00e5de s\u00f8vnproblemer, smerter og forskellige helbredsudfordringer.<\/p>\n<p align=\"JUSTIFY\">Gennem egne helbredsproblemer har jeg selv oplevet, hvor stor forskel de rette uldprodukter kan g\u00f8re. Bedre s\u00f8vn, f\u00e6rre smerter og en helt ny hverdag. Det er grunden til, at jeg stadig g\u00f8r dette \u2013 fordi jeg ser, hvilken enorm v\u00e6rdi ulden giver mine kunder.<\/p>\n<p align=\"JUSTIFY\">I over 30 \u00e5r har jeg arbejdet med f\u00f8rsteklasses uldprodukter, og det giver mig stor gl\u00e6de at kunne dele min erfaring med dig. N\u00e5r kunder fort\u00e6ller, hvordan produkterne har \u00e6ndret deres liv, ved jeg, at jeg er p\u00e5 rette vej.<\/p>\n<p align=\"JUSTIFY\">I min fritid nyder jeg tiden med familie og gode venner, strandture og lange samtaler \u2013 men passionen for uld og sundhed tager jeg med mig overalt.<\/p>\n<p align=\"JUSTIFY\">Velkommen til mig \u2013 jeg hj\u00e6lper dig gerne til en bedre hverdag og \u00f8get livskvalitet.<\/p>\n<p>[\/vc_column_text][vc_empty_space height=&#8221;50px&#8221;][\/vc_column_inner][vc_column_inner width=&#8221;1\/3&#8243; css=&#8221;.vc_custom_1761666248902{padding-right: 25px !important;padding-left: 25px !important;}&#8221;][vc_single_image image=&#8221;11116&#8243; img_size=&#8221;full&#8221; alignment=&#8221;center&#8221; style=&#8221;vc_box_shadow_circle&#8221; css=&#8221;&#8221;][vc_empty_space height=&#8221;20px&#8221;][vc_column_text css=&#8221;&#8221;]<\/p>\n<h1 style=\"text-align: center; color: #b20838;\">Anna Andersson<\/h1>\n<p>[\/vc_column_text][vc_column_text css=&#8221;&#8221;]<\/p>\n<p style=\"text-align: center;\"><span style=\"color: #003366;\"><a style=\"color: #003366;\" href=\"mailto:anna@wool-bed.com\">anna@wool-bed.com<\/a><\/span><\/p>\n<p>[\/vc_column_text][vc_column_text css=&#8221;&#8221;]Jeg hedder Anna og kommer fra Halmstad \u2013 Sveriges egen sommerby p\u00e5 vestkysten! Jeg rejste f\u00f8rste gang til De Kanariske \u00d8er som barn, og det var k\u00e6rlighed ved f\u00f8rste solstr\u00e5le. Siden da har \u00f8erne v\u00e6ret et naturligt rejsem\u00e5l for mig og min familie \u2013 vi kunne simpelthen ikke f\u00e5 nok af solen, varmen og den afslappede livsstil. Da jeg fyldte 22, besluttede jeg at f\u00f8lge mit hjerte og flytte til Gran Canaria, og det er en af de bedste beslutninger, jeg nogensinde har truffet. Her fandt jeg ikke kun et hjem, men ogs\u00e5 et arbejde, jeg virkelig br\u00e6nder for \u2013 hos Woolbed. Jeg har arbejdet hos Woolbed siden 2019 og ved, hvilken utrolig forskel naturmaterialer kan g\u00f8re for b\u00e5de s\u00f8vn og livskvalitet. Jeg er vokset op med uld i b\u00e5de t\u00f8j og hjemmet og har altid forst\u00e5et dets unikke egenskaber \u2013 varmeregulerende, allergivenlige og helt naturlige. Det, vi omgiver os med \u2013 is\u00e6r n\u00e5r vi sover \u2013 p\u00e5virker b\u00e5de vores velbefindende og vores liv. At sove godt er ikke en luksus \u2013 det er en investering i din sundhed. Vil du vide, hvordan uld kan \u00e6ndre din s\u00f8vn? Kontakt mig endelig \u2013 jeg hj\u00e6lper dig gerne med at finde det, der passer bedst til dig!<\/p>\n<p>[\/vc_column_text][vc_empty_space height=&#8221;50px&#8221;][\/vc_column_inner][\/vc_row_inner][\/vc_column][\/vc_row][vc_row content_width=&#8221;grid&#8221; css=&#8221;.vc_custom_1761665857820{background-color: #F4F4F4 !important;}&#8221;][vc_column][vc_empty_space height=&#8221;20px&#8221;][vc_column_text css=&#8221;&#8221;]<\/p>\n<h2 style=\"text-align: center; color: #b20838;\">BES\u00d8G VORES BUTIK &amp; UDFORSK VORES KOLLEKTIONER &amp; TILBUD<\/h2>\n<p>[\/vc_column_text][vc_empty_space height=&#8221;20px&#8221;][vc_btn title=&#8221;Butik&#8221; style=&#8221;custom&#8221; custom_background=&#8221;#B20838&#8243; custom_text=&#8221;#FFFFFF&#8221; shape=&#8221;round&#8221; align=&#8221;center&#8221; i_align=&#8221;right&#8221; i_icon_fontawesome=&#8221;fas fa-shopping-cart&#8221; css=&#8221;&#8221; add_icon=&#8221;true&#8221; link=&#8221;url:https%3A%2F%2Fwool-bed.com%2Fda%2Fmerino-ull-kashmir-sang%2F|title:Butik&#8221;][\/vc_column][\/vc_row]<\/p>\n<\/div>","protected":false},"excerpt":{"rendered":"<p>[vc_row row_type=&#8221;parallax&#8221; content_aligment=&#8221;center&#8221; full_screen_section_height=&#8221;yes&#8221; vertically_align_content_in_middle=&#8221;yes&#8221; parallax_background_image=&#8221;8687&#8243; parallax_speed=&#8221;0&#8243; css=&#8221;.vc_custom_1572358540070{margin-top: -80px !important;}&#8221;][vc_column][vc_empty_space][vc_row_inner content_aligment=&#8221;center&#8221; css=&#8221;.vc_custom_1572437539278{border-top-width: 2px !important;border-bottom-width: 2px !important;padding-right: 10% !important;padding-left: 10% !important;background-color: rgba(255,255,255,0.55) !important;*background-color: rgb(255,255,255) !important;border-top-color: #ffffff !important;border-top-style: solid !important;border-bottom-color: #ffffff !important;border-bottom-style: solid !important;}&#8221;][vc_column_inner][vc_empty_space height=&#8221;30px&#8221;][vc_column_text css=&#8221;&#8221;] VI ER WOOLBED Woolbed blev grundlagt i 1995, da virksomheden etablerede&#8230;<\/p>\n","protected":false},"author":1,"featured_media":0,"parent":0,"menu_order":0,"comment_status":"closed","ping_status":"closed","template":"full-width.php","meta":{"footnotes":""},"class_list":["post-11239","page","type-page","status-publish","hentry"],"yoast_head":"<!-- This site is optimized with the Yoast SEO plugin v27.3 - https:\/\/yoast.com\/product\/yoast-seo-wordpress\/ -->\n<title>Hvem er vi? | WoolBed<\/title>\n<meta name=\"description\" content=\"Tack vare det fantastiska klimatet p\u00e5 v\u00e5ra destinationer har vi slutit avtal med researrang\u00f6rer och utflyktsbyr\u00e5er f\u00f6r att kunna erbjuda\" \/>\n<meta name=\"robots\" content=\"index, follow, max-snippet:-1, max-image-preview:large, max-video-preview:-1\" \/>\n<link rel=\"canonical\" href=\"https:\/\/wool-bed.com\/da\/hvem-er-vi\/\" \/>\n<meta property=\"og:locale\" content=\"da_DK\" \/>\n<meta property=\"og:type\" content=\"article\" \/>\n<meta property=\"og:title\" content=\"Hvem er vi? | WoolBed\" \/>\n<meta property=\"og:description\" content=\"Tack vare det fantastiska klimatet p\u00e5 v\u00e5ra destinationer har vi slutit avtal med researrang\u00f6rer och utflyktsbyr\u00e5er f\u00f6r att kunna erbjuda\" \/>\n<meta property=\"og:url\" content=\"https:\/\/wool-bed.com\/da\/hvem-er-vi\/\" \/>\n<meta property=\"og:site_name\" content=\"WoolBed\" \/>\n<meta property=\"article:publisher\" content=\"https:\/\/www.facebook.com\/WoolBed\/\" \/>\n<meta property=\"article:modified_time\" content=\"2025-11-21T15:15:14+00:00\" \/>\n<meta name=\"twitter:card\" content=\"summary_large_image\" \/>\n<meta name=\"twitter:label1\" content=\"Estimeret l\u00e6setid\" \/>\n\t<meta name=\"twitter:data1\" content=\"4 minutter\" \/>\n<script type=\"application\/ld+json\" class=\"yoast-schema-graph\">{\"@context\":\"https:\\\/\\\/schema.org\",\"@graph\":[{\"@type\":\"WebPage\",\"@id\":\"https:\\\/\\\/wool-bed.com\\\/da\\\/hvem-er-vi\\\/\",\"url\":\"https:\\\/\\\/wool-bed.com\\\/da\\\/hvem-er-vi\\\/\",\"name\":\"Hvem er vi? | WoolBed\",\"isPartOf\":{\"@id\":\"https:\\\/\\\/wool-bed.com\\\/da\\\/#website\"},\"datePublished\":\"2025-10-21T12:08:08+00:00\",\"dateModified\":\"2025-11-21T15:15:14+00:00\",\"description\":\"Tack vare det fantastiska klimatet p\u00e5 v\u00e5ra destinationer har vi slutit avtal med researrang\u00f6rer och utflyktsbyr\u00e5er f\u00f6r att kunna erbjuda\",\"breadcrumb\":{\"@id\":\"https:\\\/\\\/wool-bed.com\\\/da\\\/hvem-er-vi\\\/#breadcrumb\"},\"inLanguage\":\"da-DK\",\"potentialAction\":[{\"@type\":\"ReadAction\",\"target\":[\"https:\\\/\\\/wool-bed.com\\\/da\\\/hvem-er-vi\\\/\"]}]},{\"@type\":\"BreadcrumbList\",\"@id\":\"https:\\\/\\\/wool-bed.com\\\/da\\\/hvem-er-vi\\\/#breadcrumb\",\"itemListElement\":[{\"@type\":\"ListItem\",\"position\":1,\"name\":\"Home\",\"item\":\"https:\\\/\\\/wool-bed.com\\\/da\\\/\"},{\"@type\":\"ListItem\",\"position\":2,\"name\":\"Hvem er vi?\"}]},{\"@type\":\"WebSite\",\"@id\":\"https:\\\/\\\/wool-bed.com\\\/da\\\/#website\",\"url\":\"https:\\\/\\\/wool-bed.com\\\/da\\\/\",\"name\":\"WoolBed\",\"description\":\"In Woolbed we labour for your rest. Visit our online shop and discover our memory foam mattresses and Merino and Cashmere wool products with Woolmark quality guarantee.\",\"potentialAction\":[{\"@type\":\"SearchAction\",\"target\":{\"@type\":\"EntryPoint\",\"urlTemplate\":\"https:\\\/\\\/wool-bed.com\\\/da\\\/?s={search_term_string}\"},\"query-input\":{\"@type\":\"PropertyValueSpecification\",\"valueRequired\":true,\"valueName\":\"search_term_string\"}}],\"inLanguage\":\"da-DK\"}]}<\/script>\n<!-- \/ Yoast SEO plugin. -->","yoast_head_json":{"title":"Hvem er vi? | WoolBed","description":"Tack vare det fantastiska klimatet p\u00e5 v\u00e5ra destinationer har vi slutit avtal med researrang\u00f6rer och utflyktsbyr\u00e5er f\u00f6r att kunna erbjuda","robots":{"index":"index","follow":"follow","max-snippet":"max-snippet:-1","max-image-preview":"max-image-preview:large","max-video-preview":"max-video-preview:-1"},"canonical":"https:\/\/wool-bed.com\/da\/hvem-er-vi\/","og_locale":"da_DK","og_type":"article","og_title":"Hvem er vi? | WoolBed","og_description":"Tack vare det fantastiska klimatet p\u00e5 v\u00e5ra destinationer har vi slutit avtal med researrang\u00f6rer och utflyktsbyr\u00e5er f\u00f6r att kunna erbjuda","og_url":"https:\/\/wool-bed.com\/da\/hvem-er-vi\/","og_site_name":"WoolBed","article_publisher":"https:\/\/www.facebook.com\/WoolBed\/","article_modified_time":"2025-11-21T15:15:14+00:00","twitter_card":"summary_large_image","twitter_misc":{"Estimeret l\u00e6setid":"4 minutter"},"schema":{"@context":"https:\/\/schema.org","@graph":[{"@type":"WebPage","@id":"https:\/\/wool-bed.com\/da\/hvem-er-vi\/","url":"https:\/\/wool-bed.com\/da\/hvem-er-vi\/","name":"Hvem er vi? | WoolBed","isPartOf":{"@id":"https:\/\/wool-bed.com\/da\/#website"},"datePublished":"2025-10-21T12:08:08+00:00","dateModified":"2025-11-21T15:15:14+00:00","description":"Tack vare det fantastiska klimatet p\u00e5 v\u00e5ra destinationer har vi slutit avtal med researrang\u00f6rer och utflyktsbyr\u00e5er f\u00f6r att kunna erbjuda","breadcrumb":{"@id":"https:\/\/wool-bed.com\/da\/hvem-er-vi\/#breadcrumb"},"inLanguage":"da-DK","potentialAction":[{"@type":"ReadAction","target":["https:\/\/wool-bed.com\/da\/hvem-er-vi\/"]}]},{"@type":"BreadcrumbList","@id":"https:\/\/wool-bed.com\/da\/hvem-er-vi\/#breadcrumb","itemListElement":[{"@type":"ListItem","position":1,"name":"Home","item":"https:\/\/wool-bed.com\/da\/"},{"@type":"ListItem","position":2,"name":"Hvem er vi?"}]},{"@type":"WebSite","@id":"https:\/\/wool-bed.com\/da\/#website","url":"https:\/\/wool-bed.com\/da\/","name":"WoolBed","description":"In Woolbed we labour for your rest. Visit our online shop and discover our memory foam mattresses and Merino and Cashmere wool products with Woolmark quality guarantee.","potentialAction":[{"@type":"SearchAction","target":{"@type":"EntryPoint","urlTemplate":"https:\/\/wool-bed.com\/da\/?s={search_term_string}"},"query-input":{"@type":"PropertyValueSpecification","valueRequired":true,"valueName":"search_term_string"}}],"inLanguage":"da-DK"}]}},"_links":{"self":[{"href":"https:\/\/wool-bed.com\/da\/wp-json\/wp\/v2\/pages\/11239","targetHints":{"allow":["GET"]}}],"collection":[{"href":"https:\/\/wool-bed.com\/da\/wp-json\/wp\/v2\/pages"}],"about":[{"href":"https:\/\/wool-bed.com\/da\/wp-json\/wp\/v2\/types\/page"}],"author":[{"embeddable":true,"href":"https:\/\/wool-bed.com\/da\/wp-json\/wp\/v2\/users\/1"}],"replies":[{"embeddable":true,"href":"https:\/\/wool-bed.com\/da\/wp-json\/wp\/v2\/comments?post=11239"}],"version-history":[{"count":6,"href":"https:\/\/wool-bed.com\/da\/wp-json\/wp\/v2\/pages\/11239\/revisions"}],"predecessor-version":[{"id":11262,"href":"https:\/\/wool-bed.com\/da\/wp-json\/wp\/v2\/pages\/11239\/revisions\/11262"}],"wp:attachment":[{"href":"https:\/\/wool-bed.com\/da\/wp-json\/wp\/v2\/media?parent=11239"}],"curies":[{"name":"wp","href":"https:\/\/api.w.org\/{rel}","templated":true}]}}