{"id":10658,"date":"2015-08-03T16:50:49","date_gmt":"2015-08-03T15:50:49","guid":{"rendered":"https:\/\/wool-bed.com\/woolbed-och-var-ull\/"},"modified":"2025-11-21T16:25:52","modified_gmt":"2025-11-21T16:25:52","slug":"woolbed-og-vores-uld","status":"publish","type":"page","link":"https:\/\/wool-bed.com\/da\/woolbed-og-vores-uld\/","title":{"rendered":"Woolbed og vores uld"},"content":{"rendered":"<div class=\"wpb-content-wrapper\"><p>[vc_row row_type=&#8221;parallax&#8221; content_aligment=&#8221;center&#8221; full_screen_section_height=&#8221;no&#8221; parallax_background_image=&#8221;8687&#8243; parallax_speed=&#8221;0&#8243;][vc_column][vc_row_inner content_aligment=&#8221;center&#8221; css=&#8221;.vc_custom_1572437509863{border-top-width: 2px !important;border-bottom-width: 2px !important;padding-right: 10% !important;padding-left: 10% !important;background-color: rgba(255,255,255,0.55) !important;*background-color: rgb(255,255,255) !important;border-top-color: #ffffff !important;border-top-style: solid !important;border-bottom-color: #ffffff !important;border-bottom-style: solid !important;}&#8221;][vc_column_inner][vc_empty_space height=&#8221;100px&#8221;][vc_text_separator title=&#8221;Om vores uld&#8221; color=&#8221;custom&#8221; css=&#8221;.vc_custom_1515409855654{padding-bottom: 30px !important;}&#8221; accent_color=&#8221;#b20838&#8243;][vc_column_text css=&#8221;&#8221;]<\/p>\n<h2 style=\"text-align: center;\">V\u00e6lg at sove rent og i et allergivenligt materiale<\/h2>\n<p>Mennesket har sovet i uld siden oldtiden. Uld indeholder et naturligt fedt, der kaldes lanolin. Lanolin er en unik blanding af naturlige voksarter, som har en fantastisk evne til at lade fugt og snavs fordampe fra ulden. P\u00e5 den m\u00e5de forbliver ulden altid t\u00f8r og dermed fri for bakterier, da bakterier trives bedst i et fugtigt milj\u00f8.<\/p>\n<p>Hos Woolbed anbefaler vi alle med husst\u00f8vmideallergi at sove i uld, da uldens t\u00f8rre milj\u00f8 er det eneste, der virkelig hj\u00e6lper i kampen mod miderne. Husst\u00f8vmider er mikroskopiske, edderkoppelignende dyr, der lever i vores senge og regnes som nogle af de mest skadelige skadedyr for mennesker. Disse sm\u00e5 skadedyr for\u00e5rsager st\u00f8rstedelen af alle astma- og allergitilf\u00e6lde hvert \u00e5r. Uld er det reneste og mest allergivenlige materiale, vi kan sove i. Yderligere fordele ved uld er, at det regulerer kropstemperaturen og forbedrer blodcirkulationen. N\u00e5r uld er i kontakt med huden, skabes en let friktion, kaldet \u201cmikromassage\u201d, som stimulerer blodcirkulationen.<\/p>\n<p>Merinolammeuld kommer fra merinolammet. Lammene opdr\u00e6ttes udelukkende for deres uld og klippes, n\u00e5r de er 9\u201312 m\u00e5neder gamle. Hos Woolbed importerer vi kun merinolammeuld fra New Zealand. Den utroligt bl\u00f8de og silkefine kashmir kommer fra kashmirgeden. Den lever i meget kolde klimaer i Tibet, Kina, Pakistan og Indien. Kashmiren redes og sorteres i h\u00e5nden, da fibrene er meget sarte. Hver ged giver ca. 120 gram kashmir, hvilket forklarer de h\u00f8je priser p\u00e5 grund af det meget lave udbytte.<\/p>\n<p>[\/vc_column_text][vc_empty_space height=&#8221;100px&#8221;][\/vc_column_inner][\/vc_row_inner][\/vc_column][\/vc_row]<\/p>\n<p>[vc_row row_type=&#8221;parallax&#8221; content_aligment=&#8221;center&#8221; full_screen_section_height=&#8221;no&#8221; parallax_background_image=&#8221;8687&#8243; parallax_speed=&#8221;0&#8243; el_id=&#8221;care&#8221;][vc_column][vc_row_inner content_aligment=&#8221;center&#8221; css=&#8221;.vc_custom_1761139118466{border-top-width: 2px !important;padding-right: 10% !important;padding-left: 10% !important;background-color: rgba(255,255,255,0.55) !important;*background-color: rgb(255,255,255) !important;}&#8221;][vc_column_inner][vc_empty_space height=&#8221;100px&#8221;][vc_text_separator title=&#8221;Vaske- &#038; plejeanvisninger \u2013 vores madrasbetr\u00e6k&#8221; color=&#8221;custom&#8221; css=&#8221;.vc_custom_1761138650561{padding-bottom: 30px !important;}&#8221; accent_color=&#8221;#b20838&#8243;][vc_empty_space height=&#8221;20px&#8221;][vc_column_text css=&#8221;.vc_custom_1761138773628{margin-bottom: 0px !important;}&#8221; disable_pattern=&#8221;true&#8221; align=&#8221;left&#8221; margin_bottom=&#8221;0&#8243;]Madrasbetr\u00e6kket er testet og godkendt i henhold til \u00d8ko Standard 100. Det er aftageligt og kan vaskes ved 40 grader i vaskemaskine.<\/p>\n<p style=\"text-align: left;\"><strong><span style=\"color: #b20838;\">1.<\/span><\/strong> Start med at tage madrasbetr\u00e6kket af madrassen og luk lynl\u00e5sen helt.<\/p>\n<p style=\"text-align: left;\"><strong><span style=\"color: #b20838;\">2.<\/span><\/strong> Vask madrasbetr\u00e6kket med lukket lynl\u00e5s ved 40 grader i vaskemaskinen.<\/p>\n<p style=\"text-align: left;\"><span style=\"color: #b20838;\"><strong>3.<\/strong><\/span> Lad madrasbetr\u00e6kket t\u00f8rre helt, f\u00f8r det s\u00e6ttes p\u00e5 igen.<\/p>\n<p>[\/vc_column_text][vc_empty_space height=&#8221;100px&#8221;][\/vc_column_inner][\/vc_row_inner][\/vc_column][\/vc_row]<\/p>\n<p>[vc_row row_type=&#8221;parallax&#8221; content_aligment=&#8221;center&#8221; full_screen_section_height=&#8221;no&#8221; parallax_background_image=&#8221;8687&#8243; parallax_speed=&#8221;0&#8243;][vc_column][vc_row_inner content_aligment=&#8221;center&#8221; css=&#8221;.vc_custom_1761139129887{border-top-width: 2px !important;padding-right: 10% !important;padding-left: 10% !important;background-color: rgba(255,255,255,0.55) !important;*background-color: rgb(255,255,255) !important;}&#8221;][vc_column_inner][vc_text_separator title=&#8221;Vaske- &#038; plejeanvisninger \u2013 vores uldprodukter&#8221; color=&#8221;custom&#8221; css=&#8221;.vc_custom_1761138788555{padding-bottom: 30px !important;}&#8221; accent_color=&#8221;#b20838&#8243;][vc_empty_space height=&#8221;20px&#8221;][vc_column_text css=&#8221;.vc_custom_1762184945846{margin-bottom: 0px !important;}&#8221; disable_pattern=&#8221;true&#8221; align=&#8221;left&#8221; margin_bottom=&#8221;0&#8243;]<\/p>\n<p style=\"text-align: left;\"><strong><span style=\"color: #b20838;\">1.<\/span><\/strong> Ryst og luft uldprodukterne f\u00f8r brug; ved behov kan produkterne st\u00f8vsuges.<\/p>\n<p style=\"text-align: left;\"><strong><span style=\"color: #b20838;\">2.<\/span><\/strong> Luft uldprodukterne efter behov. Uld har bedst af frisk og let fugtig luft; direkte sollys b\u00f8r undg\u00e5s. Ved at h\u00e6nge ulden ud i fugtigt vejr renses og friskes fibrene naturligt op, og eventuel d\u00e5rlig lugt fjernes.<\/p>\n<p style=\"text-align: left;\"><span style=\"color: #b20838;\"><strong>3.<\/strong><\/span> Uld kan vaskes ved maks. 30 grader eller i koldt vand med fortyndet gr\u00f8n s\u00e6be eller uldshampoo. Hvis der opst\u00e5r pletter, vask da kun pletten i h\u00e5nden \u2013 ikke hele produktet.<\/p>\n<p style=\"text-align: left;\"><span style=\"color: #b20838;\"><strong>4.<\/strong><\/span> Uld b\u00f8r ikke ligge i bl\u00f8d i l\u00e6ngere tid, vrides eller b\u00f8rstes. Efter vask presses overskydende vand forsigtigt ud.<\/p>\n<p style=\"text-align: left;\"><span style=\"color: #b20838;\"><strong>5.<\/strong><\/span> Ved velbrugte uldprodukter kan nyt lanolin tilf\u00f8res efter flere vaske. Dette kan k\u00f8bes p\u00e5 apoteket i sprayform.<\/p>\n<p style=\"text-align: left;\"><span style=\"color: #b20838;\"><strong>6.<\/strong><\/span> Om n\u00f8dvendigt kan produktet efter ca. 5 \u00e5r indleveres til en grundig specialrensning for naturh\u00e5rprodukter.<\/p>\n<p>[\/vc_column_text][vc_empty_space height=&#8221;100px&#8221;][\/vc_column_inner][\/vc_row_inner]<\/p>\n<p>[vc_column_text css=&#8221;.vc_custom_1572946484222{margin-right: -15px !important;margin-left: -15px !important;padding-top: 15px !important;padding-right: 30px !important;padding-bottom: 15px !important;padding-left: 30px !important;background-color: #b20838 !important;}&#8221; disable_pattern=&#8221;false&#8221; align=&#8221;center&#8221; margin_bottom=&#8221;0&#8243;]<\/p>\n<h5 style=\"text-align: center;\"><span style=\"color: #ffffff;\">10 \u00e5rs garanti g\u00e6lder, n\u00e5r ovenst\u00e5ende plejeanvisninger er fulgt<\/span><\/h5>\n<p>[\/vc_column_text][\/vc_column][\/vc_row]<\/p>\n<\/div>","protected":false},"excerpt":{"rendered":"<p>[vc_row row_type=&#8221;parallax&#8221; content_aligment=&#8221;center&#8221; full_screen_section_height=&#8221;no&#8221; parallax_background_image=&#8221;8687&#8243; parallax_speed=&#8221;0&#8243;][vc_column][vc_row_inner content_aligment=&#8221;center&#8221; css=&#8221;.vc_custom_1572437509863{border-top-width: 2px !important;border-bottom-width: 2px !important;padding-right: 10% !important;padding-left: 10% !important;background-color: rgba(255,255,255,0.55) !important;*background-color: rgb(255,255,255) !important;border-top-color: #ffffff !important;border-top-style: solid !important;border-bottom-color: #ffffff !important;border-bottom-style: solid !important;}&#8221;][vc_column_inner][vc_empty_space height=&#8221;100px&#8221;][vc_text_separator title=&#8221;Om vores uld&#8221; color=&#8221;custom&#8221; css=&#8221;.vc_custom_1515409855654{padding-bottom: 30px !important;}&#8221; accent_color=&#8221;#b20838&#8243;][vc_column_text css=&#8221;&#8221;] V\u00e6lg at sove rent og i et&#8230;<\/p>\n","protected":false},"author":1,"featured_media":0,"parent":0,"menu_order":0,"comment_status":"closed","ping_status":"closed","template":"full-width.php","meta":{"footnotes":""},"class_list":["post-10658","page","type-page","status-publish","hentry"],"yoast_head":"<!-- This site is optimized with the Yoast SEO plugin v27.3 - https:\/\/yoast.com\/product\/yoast-seo-wordpress\/ -->\n<title>Woolbed og vores uld | WoolBed<\/title>\n<meta name=\"description\" content=\"Tack vare det fantastiska klimatet p\u00e5 v\u00e5ra destinationer har vi slutit avtal med researrang\u00f6rer och utflyktsbyr\u00e5er f\u00f6r att kunna erbjuda\" \/>\n<meta name=\"robots\" content=\"index, follow, max-snippet:-1, max-image-preview:large, max-video-preview:-1\" \/>\n<link rel=\"canonical\" href=\"https:\/\/wool-bed.com\/da\/woolbed-og-vores-uld\/\" \/>\n<meta property=\"og:locale\" content=\"da_DK\" \/>\n<meta property=\"og:type\" content=\"article\" \/>\n<meta property=\"og:title\" content=\"Woolbed og vores uld | WoolBed\" \/>\n<meta property=\"og:description\" content=\"Tack vare det fantastiska klimatet p\u00e5 v\u00e5ra destinationer har vi slutit avtal med researrang\u00f6rer och utflyktsbyr\u00e5er f\u00f6r att kunna erbjuda\" \/>\n<meta property=\"og:url\" content=\"https:\/\/wool-bed.com\/da\/woolbed-og-vores-uld\/\" \/>\n<meta property=\"og:site_name\" content=\"WoolBed\" \/>\n<meta property=\"article:publisher\" content=\"https:\/\/www.facebook.com\/WoolBed\/\" \/>\n<meta property=\"article:modified_time\" content=\"2025-11-21T16:25:52+00:00\" \/>\n<meta name=\"twitter:card\" content=\"summary_large_image\" \/>\n<meta name=\"twitter:label1\" content=\"Estimeret l\u00e6setid\" \/>\n\t<meta name=\"twitter:data1\" content=\"4 minutter\" \/>\n<script type=\"application\/ld+json\" class=\"yoast-schema-graph\">{\"@context\":\"https:\\\/\\\/schema.org\",\"@graph\":[{\"@type\":\"WebPage\",\"@id\":\"https:\\\/\\\/wool-bed.com\\\/da\\\/woolbed-og-vores-uld\\\/\",\"url\":\"https:\\\/\\\/wool-bed.com\\\/da\\\/woolbed-og-vores-uld\\\/\",\"name\":\"Woolbed og vores uld | WoolBed\",\"isPartOf\":{\"@id\":\"https:\\\/\\\/wool-bed.com\\\/da\\\/#website\"},\"datePublished\":\"2015-08-03T15:50:49+00:00\",\"dateModified\":\"2025-11-21T16:25:52+00:00\",\"description\":\"Tack vare det fantastiska klimatet p\u00e5 v\u00e5ra destinationer har vi slutit avtal med researrang\u00f6rer och utflyktsbyr\u00e5er f\u00f6r att kunna erbjuda\",\"breadcrumb\":{\"@id\":\"https:\\\/\\\/wool-bed.com\\\/da\\\/woolbed-og-vores-uld\\\/#breadcrumb\"},\"inLanguage\":\"da-DK\",\"potentialAction\":[{\"@type\":\"ReadAction\",\"target\":[\"https:\\\/\\\/wool-bed.com\\\/da\\\/woolbed-og-vores-uld\\\/\"]}]},{\"@type\":\"BreadcrumbList\",\"@id\":\"https:\\\/\\\/wool-bed.com\\\/da\\\/woolbed-og-vores-uld\\\/#breadcrumb\",\"itemListElement\":[{\"@type\":\"ListItem\",\"position\":1,\"name\":\"Home\",\"item\":\"https:\\\/\\\/wool-bed.com\\\/da\\\/\"},{\"@type\":\"ListItem\",\"position\":2,\"name\":\"Woolbed og vores uld\"}]},{\"@type\":\"WebSite\",\"@id\":\"https:\\\/\\\/wool-bed.com\\\/da\\\/#website\",\"url\":\"https:\\\/\\\/wool-bed.com\\\/da\\\/\",\"name\":\"WoolBed\",\"description\":\"In Woolbed we labour for your rest. Visit our online shop and discover our memory foam mattresses and Merino and Cashmere wool products with Woolmark quality guarantee.\",\"potentialAction\":[{\"@type\":\"SearchAction\",\"target\":{\"@type\":\"EntryPoint\",\"urlTemplate\":\"https:\\\/\\\/wool-bed.com\\\/da\\\/?s={search_term_string}\"},\"query-input\":{\"@type\":\"PropertyValueSpecification\",\"valueRequired\":true,\"valueName\":\"search_term_string\"}}],\"inLanguage\":\"da-DK\"}]}<\/script>\n<!-- \/ Yoast SEO plugin. -->","yoast_head_json":{"title":"Woolbed og vores uld | WoolBed","description":"Tack vare det fantastiska klimatet p\u00e5 v\u00e5ra destinationer har vi slutit avtal med researrang\u00f6rer och utflyktsbyr\u00e5er f\u00f6r att kunna erbjuda","robots":{"index":"index","follow":"follow","max-snippet":"max-snippet:-1","max-image-preview":"max-image-preview:large","max-video-preview":"max-video-preview:-1"},"canonical":"https:\/\/wool-bed.com\/da\/woolbed-og-vores-uld\/","og_locale":"da_DK","og_type":"article","og_title":"Woolbed og vores uld | WoolBed","og_description":"Tack vare det fantastiska klimatet p\u00e5 v\u00e5ra destinationer har vi slutit avtal med researrang\u00f6rer och utflyktsbyr\u00e5er f\u00f6r att kunna erbjuda","og_url":"https:\/\/wool-bed.com\/da\/woolbed-og-vores-uld\/","og_site_name":"WoolBed","article_publisher":"https:\/\/www.facebook.com\/WoolBed\/","article_modified_time":"2025-11-21T16:25:52+00:00","twitter_card":"summary_large_image","twitter_misc":{"Estimeret l\u00e6setid":"4 minutter"},"schema":{"@context":"https:\/\/schema.org","@graph":[{"@type":"WebPage","@id":"https:\/\/wool-bed.com\/da\/woolbed-og-vores-uld\/","url":"https:\/\/wool-bed.com\/da\/woolbed-og-vores-uld\/","name":"Woolbed og vores uld | WoolBed","isPartOf":{"@id":"https:\/\/wool-bed.com\/da\/#website"},"datePublished":"2015-08-03T15:50:49+00:00","dateModified":"2025-11-21T16:25:52+00:00","description":"Tack vare det fantastiska klimatet p\u00e5 v\u00e5ra destinationer har vi slutit avtal med researrang\u00f6rer och utflyktsbyr\u00e5er f\u00f6r att kunna erbjuda","breadcrumb":{"@id":"https:\/\/wool-bed.com\/da\/woolbed-og-vores-uld\/#breadcrumb"},"inLanguage":"da-DK","potentialAction":[{"@type":"ReadAction","target":["https:\/\/wool-bed.com\/da\/woolbed-og-vores-uld\/"]}]},{"@type":"BreadcrumbList","@id":"https:\/\/wool-bed.com\/da\/woolbed-og-vores-uld\/#breadcrumb","itemListElement":[{"@type":"ListItem","position":1,"name":"Home","item":"https:\/\/wool-bed.com\/da\/"},{"@type":"ListItem","position":2,"name":"Woolbed og vores uld"}]},{"@type":"WebSite","@id":"https:\/\/wool-bed.com\/da\/#website","url":"https:\/\/wool-bed.com\/da\/","name":"WoolBed","description":"In Woolbed we labour for your rest. Visit our online shop and discover our memory foam mattresses and Merino and Cashmere wool products with Woolmark quality guarantee.","potentialAction":[{"@type":"SearchAction","target":{"@type":"EntryPoint","urlTemplate":"https:\/\/wool-bed.com\/da\/?s={search_term_string}"},"query-input":{"@type":"PropertyValueSpecification","valueRequired":true,"valueName":"search_term_string"}}],"inLanguage":"da-DK"}]}},"_links":{"self":[{"href":"https:\/\/wool-bed.com\/da\/wp-json\/wp\/v2\/pages\/10658","targetHints":{"allow":["GET"]}}],"collection":[{"href":"https:\/\/wool-bed.com\/da\/wp-json\/wp\/v2\/pages"}],"about":[{"href":"https:\/\/wool-bed.com\/da\/wp-json\/wp\/v2\/types\/page"}],"author":[{"embeddable":true,"href":"https:\/\/wool-bed.com\/da\/wp-json\/wp\/v2\/users\/1"}],"replies":[{"embeddable":true,"href":"https:\/\/wool-bed.com\/da\/wp-json\/wp\/v2\/comments?post=10658"}],"version-history":[{"count":4,"href":"https:\/\/wool-bed.com\/da\/wp-json\/wp\/v2\/pages\/10658\/revisions"}],"predecessor-version":[{"id":11310,"href":"https:\/\/wool-bed.com\/da\/wp-json\/wp\/v2\/pages\/10658\/revisions\/11310"}],"wp:attachment":[{"href":"https:\/\/wool-bed.com\/da\/wp-json\/wp\/v2\/media?parent=10658"}],"curies":[{"name":"wp","href":"https:\/\/api.w.org\/{rel}","templated":true}]}}