{"id":10627,"date":"2015-04-15T13:33:57","date_gmt":"2015-04-15T12:33:57","guid":{"rendered":"https:\/\/wool-bed.com\/hemsida\/"},"modified":"2025-11-21T15:55:57","modified_gmt":"2025-11-21T15:55:57","slug":"hemsida","status":"publish","type":"page","link":"https:\/\/wool-bed.com\/da\/","title":{"rendered":"Hjemmeside"},"content":{"rendered":"<div class=\"wpb-content-wrapper\"><p>[vc_row css=&#8221;.vc_custom_1572347627556{margin-top: -80px !important;}&#8221;][vc_column offset=&#8221;vc_hidden-sm vc_hidden-xs&#8221;][rev_slider_vc alias=&#8221;Home&#8221;][\/vc_column][\/vc_row][vc_row][vc_column offset=&#8221;vc_hidden-lg vc_hidden-md&#8221;][rev_slider_vc alias=&#8221;Home&#8221;][\/vc_column][\/vc_row][vc_row css=&#8221;.vc_custom_1517492999024{padding-top: 50px !important;}&#8221;][vc_column][vc_row_inner][vc_column_inner][vc_column_text css=&#8221;.vc_custom_1761045520389{padding-top: 10px !important;padding-right: 10% !important;padding-bottom: 50px !important;padding-left: 10% !important;}&#8221;]<\/p>\n<h1 style=\"text-align: center;\">Velkommen til Woolbed, eksperter i s\u00f8vn<\/h1>\n<p>&nbsp;<\/p>\n<p><strong>I en tid hvor en god nats s\u00f8vn er blevet en luksus,<\/strong> arbejder vi hos Woolbed konstant p\u00e5 at udvikle vores produkter for at kunne tilbyde det allerbedste p\u00e5 markedet. <strong>En god nats s\u00f8vn er fundamentalt for vores velv\u00e6re og for en bedre livskvalitet.<\/strong> Hemmeligheden ligger i at v\u00e6lge de <strong>rigtige produkter<\/strong> og forst\u00e5, hvad der passer bedst til dine individuelle behov for at opn\u00e5 maksimal hvile og afslapning.<\/p>\n<p>Woolbeds s\u00f8vneksperter har <strong>lanceret en silkebl\u00f8d uldkollektion<\/strong> af h\u00f8jeste kvalitet \u2013 en kollektion, som vi er de eneste p\u00e5 markedet, der kan tilbyde. Vi har mere end 30 \u00e5rs erfaring med <strong>kvalitets sengeprodukter i merino- og kashmiruld samt vores ergonomiske viskoelastiske madrasser.<\/strong><\/p>\n<p>G\u00e5 ind under fanen <strong>\u201cVores butik\u201d<\/strong> for at se hele vores sortiment og f\u00e5 de bedste foruds\u00e6tninger for at forbedre din s\u00f8vn og livskvalitet.<\/p>\n<p>[\/vc_column_text][\/vc_column_inner][\/vc_row_inner][\/vc_column][\/vc_row][vc_row][vc_column][vc_column_text]<\/p>\n<p>[\/vc_column_text][\/vc_column][\/vc_row][vc_row][vc_column][vc_text_separator title=&#8221;Hvorfor b\u00f8r man sove i uld&#8221; css=&#8221;.vc_custom_1761045655312{padding-top: 20px !important;padding-bottom: 35px !important;}&#8221;][vc_row_inner css=&#8221;.vc_custom_1572347762045{padding-top: 20px !important;padding-right: 10% !important;padding-bottom: 10px !important;padding-left: 10% !important;}&#8221;][vc_column_inner width=&#8221;1\/5&#8243; css=&#8221;.vc_custom_1510228719597{padding-right: 20px !important;padding-left: 20px !important;}&#8221;]<div class=\"qodef-iwt clearfix qodef-iwt-icon-top qodef-iwt-icon-small\">\n    <div class=\"qodef-iwt-icon-holder\">\n                    \n    <span class=\"qodef-icon-shortcode normal qodef-icon-small\"  data-color=\"#81d742\">\n        \n        <i class=\"qodef-icon-font-awesome fa fa-tint qodef-icon-element\" style=\"color: #81d742\" ><\/i>\n            <\/span>\n\n            <\/div>\n    <div class=\"qodef-iwt-content-holder\" >\n        <div class=\"qodef-iwt-title-holder\">\n            <h6 >Naturmateriale<\/h6>\n        <\/div>\n        <div class=\"qodef-iwt-text-holder\">\n            <p >Uld er et af verdens \u00e6ldste naturmaterialer og regulerer kropstemperaturen som ingen andre materialer. Det kan bruges hele \u00e5ret rundt, uanset klima \u2013 uld holder dig k\u00f8lig, n\u00e5r det er varmt, og varm, n\u00e5r det er k\u00f8ligt.<\/p>\n\n                    <\/div>\n    <\/div>\n<\/div>[vc_empty_space height=&#8221;50px&#8221;][\/vc_column_inner][vc_column_inner width=&#8221;1\/5&#8243; css=&#8221;.vc_custom_1510228737253{padding-right: 20px !important;padding-left: 20px !important;}&#8221;]<div class=\"qodef-iwt clearfix qodef-iwt-icon-top qodef-iwt-icon-small\">\n    <div class=\"qodef-iwt-icon-holder\">\n                    \n    <span class=\"qodef-icon-shortcode normal qodef-icon-small\"  data-color=\"#81d742\">\n        \n        <i class=\"qodef-icon-font-awesome fa fa-tint qodef-icon-element\" style=\"color: #81d742\" ><\/i>\n            <\/span>\n\n            <\/div>\n    <div class=\"qodef-iwt-content-holder\" >\n        <div class=\"qodef-iwt-title-holder\">\n            <h6 >T\u00f8rt milj\u00f8<\/h6>\n        <\/div>\n        <div class=\"qodef-iwt-text-holder\">\n            <p >Uld forbliver t\u00f8rt, hvilket modvirker udviklingen af husst\u00f8vmider.<\/p>\n\n                    <\/div>\n    <\/div>\n<\/div>[vc_empty_space height=&#8221;50px&#8221;][\/vc_column_inner][vc_column_inner width=&#8221;1\/5&#8243;]<div class=\"qodef-iwt clearfix qodef-iwt-icon-top qodef-iwt-icon-small\">\n    <div class=\"qodef-iwt-icon-holder\">\n                    \n    <span class=\"qodef-icon-shortcode normal qodef-icon-small\"  data-color=\"#81d742\">\n        \n        <i class=\"qodef-icon-font-awesome fa fa-heartbeat qodef-icon-element\" style=\"color: #81d742\" ><\/i>\n            <\/span>\n\n            <\/div>\n    <div class=\"qodef-iwt-content-holder\" >\n        <div class=\"qodef-iwt-title-holder\">\n            <h6 >Blodcirkulation<\/h6>\n        <\/div>\n        <div class=\"qodef-iwt-text-holder\">\n            <p >Uld giver kroppen en mikromassage, mens vi sover, hvilket stimulerer og forbedrer blodcirkulationen.<\/p>\n\n                    <\/div>\n    <\/div>\n<\/div>[vc_empty_space height=&#8221;50px&#8221;][\/vc_column_inner][vc_column_inner width=&#8221;1\/5&#8243;]<div class=\"qodef-iwt clearfix qodef-iwt-icon-top qodef-iwt-icon-small\">\n    <div class=\"qodef-iwt-icon-holder\">\n                    \n    <span class=\"qodef-icon-shortcode normal qodef-icon-small\"  data-color=\"#81d742\">\n        \n        <i class=\"qodef-icon-font-awesome fa fa-check qodef-icon-element\" style=\"color: #81d742\" ><\/i>\n            <\/span>\n\n            <\/div>\n    <div class=\"qodef-iwt-content-holder\" >\n        <div class=\"qodef-iwt-title-holder\">\n            <h6 >Hypoallergen<\/h6>\n        <\/div>\n        <div class=\"qodef-iwt-text-holder\">\n            <p >Det er et allergivenligt naturmateriale, der holder sig rent takket v\u00e6re dets naturlige lanolin.<\/p>\n\n                    <\/div>\n    <\/div>\n<\/div>[vc_empty_space height=&#8221;50px&#8221;][\/vc_column_inner][vc_column_inner width=&#8221;1\/5&#8243;]<div class=\"qodef-iwt clearfix qodef-iwt-icon-top qodef-iwt-icon-small\">\n    <div class=\"qodef-iwt-icon-holder\">\n                    \n    <span class=\"qodef-icon-shortcode normal qodef-icon-small\"  data-color=\"#81d742\">\n        \n        <i class=\"qodef-icon-font-awesome fa fa-area-chart qodef-icon-element\" style=\"color: #81d742\" ><\/i>\n            <\/span>\n\n            <\/div>\n    <div class=\"qodef-iwt-content-holder\" >\n        <div class=\"qodef-iwt-title-holder\">\n            <h6 >Naturlig termisk regulator<\/h6>\n        <\/div>\n        <div class=\"qodef-iwt-text-holder\">\n            <p >Uld regulerer kropstemperaturen gennem alle \u00e5rstider.<\/p>\n\n                    <\/div>\n    <\/div>\n<\/div>[vc_empty_space height=&#8221;50px&#8221;][\/vc_column_inner][\/vc_row_inner][\/vc_column][\/vc_row][vc_row][vc_column][vc_column_text]<\/p>\n<p>[\/vc_column_text][\/vc_column][\/vc_row][vc_row row_type=&#8221;parallax&#8221; content_aligment=&#8221;center&#8221; full_screen_section_height=&#8221;no&#8221; parallax_background_image=&#8221;8719&#8243; parallax_speed=&#8221;0&#8243; css=&#8221;.vc_custom_1731675269624{border-top-width: 2px !important;border-bottom-width: 2px !important;border-top-color: #ffffff !important;border-top-style: solid !important;border-bottom-color: #ffffff !important;border-bottom-style: solid !important;}&#8221;][vc_column][vc_empty_space height=&#8221;150px&#8221;][vc_row_inner content_aligment=&#8221;center&#8221; css=&#8221;.vc_custom_1763739237396{border-bottom-width: 2px !important;background-color: rgba(255,255,255,0.94) !important;*background-color: rgb(255,255,255) !important;border-bottom-style: solid !important;border-color: #A40000 !important;}&#8221;][vc_column_inner][vc_empty_space height=&#8221;20px&#8221;][vc_single_image image=&#8221;10643&#8243; img_size=&#8221;150&#215;150&#8243; alignment=&#8221;center&#8221;][vc_column_text]<\/p>\n<h1 style=\"text-align: center;\"><span style=\"color: #000000;\">Vi fejrer vores 30-\u00e5rs jubil\u00e6um!!!<\/span><\/h1>\n<p>[\/vc_column_text][vc_empty_space height=&#8221;30px&#8221;]<a href=\"https:\/\/wool-bed.com\/da\/merino-ull-kashmir-sang\/\" target=\"_self\"  class=\"qodef-btn qodef-btn-medium qodef-btn-outline\"  >\n    <span  class=\"qodef-btn-text\">Woolbed original<\/span>\n    <\/a>[vc_empty_space height=&#8221;50px&#8221;][\/vc_column_inner][\/vc_row_inner][vc_row_inner content_aligment=&#8221;center&#8221; css=&#8221;.vc_custom_1763739088618{background-color: rgba(255,255,255,0.94) !important;*background-color: rgb(255,255,255) !important;border-color: #b20838 !important;}&#8221;][vc_column_inner][vc_column_text css=&#8221;.vc_custom_1763739114869{padding-top: 50px !important;padding-bottom: 10px !important;}&#8221;]<\/p>\n<h1 style=\"text-align: center;\"><span style=\"color: #000000; font-family: 'Cinzel Decorative'; font-size: 46px; font-weight: 500; letter-spacing: -3px;\">WOOLBED LYX<\/span><\/h1>\n<h1 style=\"text-align: center;\"><strong><span style=\"color: #000000; font-family: 'Cinzel Decorative';\">LUXURY COLLECTION<\/span><\/strong><\/h1>\n<p>[\/vc_column_text][vc_column_text]<\/p>\n<h3 align=\"CENTER\"><span style=\"color: #a40000;\"><b>VORES MEST EKSKLUSIVE OG LUKSURI\u00d8SE KOLLEKTION.<\/b><\/span><\/h3>\n<p style=\"text-align: center;\">Nu er vores originalkollektion blevet endnu bedre.<\/p>\n<p>[\/vc_column_text][vc_empty_space height=&#8221;30px&#8221;]<a href=\"https:\/\/wool-bed.com\/da\/lyx-shop\/\" target=\"_self\"  class=\"qodef-btn qodef-btn-medium qodef-btn-outline\"  >\n    <span  class=\"qodef-btn-text\">Woolbed LYXKOLLEKTION<\/span>\n    <\/a>[vc_empty_space height=&#8221;50px&#8221;][\/vc_column_inner][\/vc_row_inner][vc_empty_space height=&#8221;150px&#8221;][\/vc_column][\/vc_row][vc_row][vc_column][vc_column_text]<\/p>\n<p>[\/vc_column_text][\/vc_column][\/vc_row][vc_row row_type=&#8221;parallax&#8221; content_aligment=&#8221;center&#8221; full_screen_section_height=&#8221;no&#8221; parallax_background_image=&#8221;7838&#8243; parallax_speed=&#8221;0&#8243;][vc_column width=&#8221;1\/2&#8243;][vc_empty_space height=&#8221;150px&#8221;][vc_column_text]<\/p>\n<h1 style=\"text-align: center;\">Opdag vores kollektion til de sm\u00e5<\/h1>\n<p>[\/vc_column_text][vc_empty_space height=&#8221;20px&#8221;][vc_single_image image=&#8221;10653&#8243; img_size=&#8221;full&#8221; alignment=&#8221;center&#8221; onclick=&#8221;custom_link&#8221; img_link_target=&#8221;_blank&#8221; link=&#8221;https:\/\/www.woolmark.com\/&#8221;][vc_empty_space height=&#8221;30px&#8221;]<a href=\"https:\/\/wool-bed.com\/da\/babywool\/\" target=\"_self\"  class=\"qodef-btn qodef-btn-medium qodef-btn-outline\"  >\n    <span  class=\"qodef-btn-text\">Klik for at se vores kollektion<\/span>\n    <\/a>[vc_empty_space height=&#8221;150px&#8221;][\/vc_column][vc_column width=&#8221;1\/2&#8243;][\/vc_column][\/vc_row][vc_row][vc_column][vc_column_text]<\/p>\n<p>[\/vc_column_text][\/vc_column][\/vc_row][vc_row css=&#8221;.vc_custom_1571846575649{padding-right: 10% !important;padding-left: 10% !important;background-color: #ffffff !important;}&#8221;][vc_column width=&#8221;2\/3&#8243;][vc_empty_space height=&#8221;50px&#8221;][vc_column_text css=&#8221;.vc_custom_1513163868732{padding-top: 30px !important;padding-bottom: 10px !important;}&#8221;]<\/p>\n<h4 style=\"text-align: center;\">WOOLMARK, ET SYMBOL P\u00c5 KVALITET OG OMSORG<\/h4>\n<p>[\/vc_column_text][vc_column_text css=&#8221;&#8221; disable_pattern=&#8221;false&#8221; align=&#8221;left&#8221; margin_bottom=&#8221;0&#8243;]<\/p>\n<p>Woolmark er en global organisation, der garanterer brugeren, at produktet indeholder ren, ny uld. Det er et af verdens mest kendte tekstilm\u00e6rker, og symbolet st\u00e5r for kvalitet og p\u00e5lidelighed.<\/p>\n<p>Alle vores produkter er godkendt af <strong>\u201cThe Woolmark Company\u201d<\/strong>, hvilket betyder, at de har gennemg\u00e5et <strong>strenge kvalitetskontroller<\/strong> og opfylder alle krav fra organisationen. P\u00e5 denne m\u00e5de kan vi garantere vores kunder <strong>den h\u00f8jest mulige uldkvalitet \u2013 verden over.<\/strong><br \/>\n[\/vc_column_text][vc_empty_space height=&#8221;20px&#8221;][vc_single_image image=&#8221;10635&#8243; img_size=&#8221;125&#215;131&#8243; alignment=&#8221;center&#8221; onclick=&#8221;custom_link&#8221; img_link_target=&#8221;_blank&#8221; link=&#8221;https:\/\/www.woolmark.com\/&#8221;][vc_empty_space height=&#8221;50px&#8221;][\/vc_column][vc_column width=&#8221;1\/3&#8243;][vc_empty_space height=&#8221;100px&#8221;][vc_video link=&#8221;https:\/\/vimeo.com\/169612787&#8243; align=&#8221;center&#8221;][vc_empty_space height=&#8221;100px&#8221;][\/vc_column][\/vc_row]<\/p>\n<\/div>","protected":false},"excerpt":{"rendered":"<p>[vc_row css=&#8221;.vc_custom_1572347627556{margin-top: -80px !important;}&#8221;][vc_column offset=&#8221;vc_hidden-sm vc_hidden-xs&#8221;][rev_slider_vc alias=&#8221;Home&#8221;][\/vc_column][\/vc_row][vc_row][vc_column offset=&#8221;vc_hidden-lg vc_hidden-md&#8221;][rev_slider_vc alias=&#8221;Home&#8221;][\/vc_column][\/vc_row][vc_row css=&#8221;.vc_custom_1517492999024{padding-top: 50px !important;}&#8221;][vc_column][vc_row_inner][vc_column_inner][vc_column_text css=&#8221;.vc_custom_1761045520389{padding-top: 10px !important;padding-right: 10% !important;padding-bottom: 50px !important;padding-left: 10% !important;}&#8221;] Velkommen til Woolbed, eksperter i s\u00f8vn &nbsp; I en tid hvor en god nats s\u00f8vn er blevet en luksus, arbejder vi hos Woolbed&#8230;<\/p>\n","protected":false},"author":1,"featured_media":10629,"parent":0,"menu_order":0,"comment_status":"closed","ping_status":"closed","template":"full-width.php","meta":{"footnotes":""},"class_list":["post-10627","page","type-page","status-publish","has-post-thumbnail","hentry"],"yoast_head":"<!-- This site is optimized with the Yoast SEO plugin v27.3 - https:\/\/yoast.com\/product\/yoast-seo-wordpress\/ -->\n<title>Woolbed | Experter i s\u00f6mnen | SANG MADR\u00c4SS ULL TACK\u00cb KUDDE KASHMIR<\/title>\n<meta name=\"description\" content=\"P\u00e5 Woolbed jobbar vi f\u00f6r din vila. Bes\u00f6k v\u00e5r web-shop och bekanta dig med v\u00e5ra viscoelastiska madrasser och v\u00e5ra produkter i merino- och kashmirull med Wollmarks garantist\u00e4mpel.\" \/>\n<meta name=\"robots\" content=\"index, follow, max-snippet:-1, max-image-preview:large, max-video-preview:-1\" \/>\n<link rel=\"canonical\" href=\"https:\/\/wool-bed.com\/da\/\" \/>\n<meta property=\"og:locale\" content=\"da_DK\" \/>\n<meta property=\"og:type\" content=\"article\" \/>\n<meta property=\"og:title\" content=\"Woolbed | Experter i s\u00f6mnen | SANG MADR\u00c4SS ULL TACK\u00cb KUDDE KASHMIR\" \/>\n<meta property=\"og:description\" content=\"P\u00e5 Woolbed jobbar vi f\u00f6r din vila. Bes\u00f6k v\u00e5r web-shop och bekanta dig med v\u00e5ra viscoelastiska madrasser och v\u00e5ra produkter i merino- och kashmirull med Wollmarks garantist\u00e4mpel.\" \/>\n<meta property=\"og:url\" content=\"https:\/\/wool-bed.com\/da\/\" \/>\n<meta property=\"og:site_name\" content=\"WoolBed\" \/>\n<meta property=\"article:publisher\" content=\"https:\/\/www.facebook.com\/WoolBed\/\" \/>\n<meta property=\"article:modified_time\" content=\"2025-11-21T15:55:57+00:00\" \/>\n<meta property=\"og:image\" content=\"https:\/\/wool-bed.com\/wp-content\/uploads\/woolbed_family.jpg\" \/>\n\t<meta property=\"og:image:width\" content=\"1920\" \/>\n\t<meta property=\"og:image:height\" content=\"1080\" \/>\n\t<meta property=\"og:image:type\" content=\"image\/jpeg\" \/>\n<meta name=\"twitter:card\" content=\"summary_large_image\" \/>\n<meta name=\"twitter:label1\" content=\"Estimeret l\u00e6setid\" \/>\n\t<meta name=\"twitter:data1\" content=\"3 minutter\" \/>\n<script type=\"application\/ld+json\" class=\"yoast-schema-graph\">{\"@context\":\"https:\\\/\\\/schema.org\",\"@graph\":[{\"@type\":\"WebPage\",\"@id\":\"https:\\\/\\\/wool-bed.com\\\/da\\\/\",\"url\":\"https:\\\/\\\/wool-bed.com\\\/da\\\/\",\"name\":\"Woolbed | Experter i s\u00f6mnen | SANG MADR\u00c4SS ULL TACK\u00cb KUDDE KASHMIR\",\"isPartOf\":{\"@id\":\"https:\\\/\\\/wool-bed.com\\\/da\\\/#website\"},\"primaryImageOfPage\":{\"@id\":\"https:\\\/\\\/wool-bed.com\\\/da\\\/#primaryimage\"},\"image\":{\"@id\":\"https:\\\/\\\/wool-bed.com\\\/da\\\/#primaryimage\"},\"thumbnailUrl\":\"https:\\\/\\\/wool-bed.com\\\/wp-content\\\/uploads\\\/woolbed_family.jpg\",\"datePublished\":\"2015-04-15T12:33:57+00:00\",\"dateModified\":\"2025-11-21T15:55:57+00:00\",\"description\":\"P\u00e5 Woolbed jobbar vi f\u00f6r din vila. Bes\u00f6k v\u00e5r web-shop och bekanta dig med v\u00e5ra viscoelastiska madrasser och v\u00e5ra produkter i merino- och kashmirull med Wollmarks garantist\u00e4mpel.\",\"breadcrumb\":{\"@id\":\"https:\\\/\\\/wool-bed.com\\\/da\\\/#breadcrumb\"},\"inLanguage\":\"da-DK\",\"potentialAction\":[{\"@type\":\"ReadAction\",\"target\":[\"https:\\\/\\\/wool-bed.com\\\/da\\\/\"]}]},{\"@type\":\"ImageObject\",\"inLanguage\":\"da-DK\",\"@id\":\"https:\\\/\\\/wool-bed.com\\\/da\\\/#primaryimage\",\"url\":\"https:\\\/\\\/wool-bed.com\\\/wp-content\\\/uploads\\\/woolbed_family.jpg\",\"contentUrl\":\"https:\\\/\\\/wool-bed.com\\\/wp-content\\\/uploads\\\/woolbed_family.jpg\",\"width\":1920,\"height\":1080},{\"@type\":\"BreadcrumbList\",\"@id\":\"https:\\\/\\\/wool-bed.com\\\/da\\\/#breadcrumb\",\"itemListElement\":[{\"@type\":\"ListItem\",\"position\":1,\"name\":\"Home\",\"item\":\"https:\\\/\\\/wool-bed.com\\\/da\\\/\"},{\"@type\":\"ListItem\",\"position\":2,\"name\":\"Hjemmeside\"}]},{\"@type\":\"WebSite\",\"@id\":\"https:\\\/\\\/wool-bed.com\\\/da\\\/#website\",\"url\":\"https:\\\/\\\/wool-bed.com\\\/da\\\/\",\"name\":\"WoolBed\",\"description\":\"In Woolbed we labour for your rest. Visit our online shop and discover our memory foam mattresses and Merino and Cashmere wool products with Woolmark quality guarantee.\",\"potentialAction\":[{\"@type\":\"SearchAction\",\"target\":{\"@type\":\"EntryPoint\",\"urlTemplate\":\"https:\\\/\\\/wool-bed.com\\\/da\\\/?s={search_term_string}\"},\"query-input\":{\"@type\":\"PropertyValueSpecification\",\"valueRequired\":true,\"valueName\":\"search_term_string\"}}],\"inLanguage\":\"da-DK\"}]}<\/script>\n<!-- \/ Yoast SEO plugin. -->","yoast_head_json":{"title":"Woolbed | Experter i s\u00f6mnen | SANG MADR\u00c4SS ULL TACK\u00cb KUDDE KASHMIR","description":"P\u00e5 Woolbed jobbar vi f\u00f6r din vila. Bes\u00f6k v\u00e5r web-shop och bekanta dig med v\u00e5ra viscoelastiska madrasser och v\u00e5ra produkter i merino- och kashmirull med Wollmarks garantist\u00e4mpel.","robots":{"index":"index","follow":"follow","max-snippet":"max-snippet:-1","max-image-preview":"max-image-preview:large","max-video-preview":"max-video-preview:-1"},"canonical":"https:\/\/wool-bed.com\/da\/","og_locale":"da_DK","og_type":"article","og_title":"Woolbed | Experter i s\u00f6mnen | SANG MADR\u00c4SS ULL TACK\u00cb KUDDE KASHMIR","og_description":"P\u00e5 Woolbed jobbar vi f\u00f6r din vila. Bes\u00f6k v\u00e5r web-shop och bekanta dig med v\u00e5ra viscoelastiska madrasser och v\u00e5ra produkter i merino- och kashmirull med Wollmarks garantist\u00e4mpel.","og_url":"https:\/\/wool-bed.com\/da\/","og_site_name":"WoolBed","article_publisher":"https:\/\/www.facebook.com\/WoolBed\/","article_modified_time":"2025-11-21T15:55:57+00:00","og_image":[{"width":1920,"height":1080,"url":"https:\/\/wool-bed.com\/wp-content\/uploads\/woolbed_family.jpg","type":"image\/jpeg"}],"twitter_card":"summary_large_image","twitter_misc":{"Estimeret l\u00e6setid":"3 minutter"},"schema":{"@context":"https:\/\/schema.org","@graph":[{"@type":"WebPage","@id":"https:\/\/wool-bed.com\/da\/","url":"https:\/\/wool-bed.com\/da\/","name":"Woolbed | Experter i s\u00f6mnen | SANG MADR\u00c4SS ULL TACK\u00cb KUDDE KASHMIR","isPartOf":{"@id":"https:\/\/wool-bed.com\/da\/#website"},"primaryImageOfPage":{"@id":"https:\/\/wool-bed.com\/da\/#primaryimage"},"image":{"@id":"https:\/\/wool-bed.com\/da\/#primaryimage"},"thumbnailUrl":"https:\/\/wool-bed.com\/wp-content\/uploads\/woolbed_family.jpg","datePublished":"2015-04-15T12:33:57+00:00","dateModified":"2025-11-21T15:55:57+00:00","description":"P\u00e5 Woolbed jobbar vi f\u00f6r din vila. Bes\u00f6k v\u00e5r web-shop och bekanta dig med v\u00e5ra viscoelastiska madrasser och v\u00e5ra produkter i merino- och kashmirull med Wollmarks garantist\u00e4mpel.","breadcrumb":{"@id":"https:\/\/wool-bed.com\/da\/#breadcrumb"},"inLanguage":"da-DK","potentialAction":[{"@type":"ReadAction","target":["https:\/\/wool-bed.com\/da\/"]}]},{"@type":"ImageObject","inLanguage":"da-DK","@id":"https:\/\/wool-bed.com\/da\/#primaryimage","url":"https:\/\/wool-bed.com\/wp-content\/uploads\/woolbed_family.jpg","contentUrl":"https:\/\/wool-bed.com\/wp-content\/uploads\/woolbed_family.jpg","width":1920,"height":1080},{"@type":"BreadcrumbList","@id":"https:\/\/wool-bed.com\/da\/#breadcrumb","itemListElement":[{"@type":"ListItem","position":1,"name":"Home","item":"https:\/\/wool-bed.com\/da\/"},{"@type":"ListItem","position":2,"name":"Hjemmeside"}]},{"@type":"WebSite","@id":"https:\/\/wool-bed.com\/da\/#website","url":"https:\/\/wool-bed.com\/da\/","name":"WoolBed","description":"In Woolbed we labour for your rest. Visit our online shop and discover our memory foam mattresses and Merino and Cashmere wool products with Woolmark quality guarantee.","potentialAction":[{"@type":"SearchAction","target":{"@type":"EntryPoint","urlTemplate":"https:\/\/wool-bed.com\/da\/?s={search_term_string}"},"query-input":{"@type":"PropertyValueSpecification","valueRequired":true,"valueName":"search_term_string"}}],"inLanguage":"da-DK"}]}},"_links":{"self":[{"href":"https:\/\/wool-bed.com\/da\/wp-json\/wp\/v2\/pages\/10627","targetHints":{"allow":["GET"]}}],"collection":[{"href":"https:\/\/wool-bed.com\/da\/wp-json\/wp\/v2\/pages"}],"about":[{"href":"https:\/\/wool-bed.com\/da\/wp-json\/wp\/v2\/types\/page"}],"author":[{"embeddable":true,"href":"https:\/\/wool-bed.com\/da\/wp-json\/wp\/v2\/users\/1"}],"replies":[{"embeddable":true,"href":"https:\/\/wool-bed.com\/da\/wp-json\/wp\/v2\/comments?post=10627"}],"version-history":[{"count":4,"href":"https:\/\/wool-bed.com\/da\/wp-json\/wp\/v2\/pages\/10627\/revisions"}],"predecessor-version":[{"id":11284,"href":"https:\/\/wool-bed.com\/da\/wp-json\/wp\/v2\/pages\/10627\/revisions\/11284"}],"wp:featuredmedia":[{"embeddable":true,"href":"https:\/\/wool-bed.com\/da\/wp-json\/wp\/v2\/media\/10629"}],"wp:attachment":[{"href":"https:\/\/wool-bed.com\/da\/wp-json\/wp\/v2\/media?parent=10627"}],"curies":[{"name":"wp","href":"https:\/\/api.w.org\/{rel}","templated":true}]}}